{"id":114059,"date":"2022-05-15T20:09:35","date_gmt":"2022-05-15T18:09:35","guid":{"rendered":"https:\/\/rallyekrumlov.cz\/?page_id=114059"},"modified":"2022-05-15T21:37:16","modified_gmt":"2022-05-15T19:37:16","slug":"spectators-place-f","status":"publish","type":"page","link":"https:\/\/rallyekrumlov.cz\/en\/rck2022\/spectators\/spectators-place-f\/","title":{"rendered":"Spectators place &#8211; F"},"content":{"rendered":"\n<h4 class=\"wp-block-heading\" id=\"h-licov\">Li\u010dov<\/h4>\n\n\n\n<p>Handbrake turn at a place with unobstructed views.<\/p>\n\n\n\n<p>Parking in and ahead of Li\u010dov.&nbsp;<strong>The road from Li\u010dov will be closed \u2013 it is an evacuation route, thus accessible only on foot!<\/strong><\/p>\n\n\n\n<ul class=\"wp-block-list\"><li>Special Stage:<strong> SM produkt Kohout<\/strong><\/li><li>Stage lenght: <strong>10,76 km<\/strong><\/li><li>Date: <strong>Saturday 21 May 2022<\/strong><\/li><li>GPS: <strong><a href=\"https:\/\/mapy.cz\/s\/nefelefabo\" target=\"_blank\" rel=\"noreferrer noopener\">N&nbsp;48\u00b044.193&#8242;, E&nbsp;14\u00b034.256&#8242;<\/a><\/strong><\/li><\/ul>\n\n\n\n<p class=\"has-black-color has-text-color\"><strong>FIA European Rally Trophy | <strong>SONAX Czech Rally Championship<\/strong><\/strong><br><strong>SS 7<\/strong> | 1st car: <strong>9:05<\/strong><br><strong>SS 11<\/strong> | 1st car: <strong>14:00<\/strong><\/p>\n\n\n\n<p class=\"has-black-color has-text-color\"><strong><strong><strong><strong>AUTOKLUB Czech Historic Sporting Rally Championship<\/strong><\/strong><\/strong><\/strong><br>1st car starts immediately after the FIA ERT \/ Czech Rally Championship!<\/p>\n\n\n\n<p><strong>XIV. Rallye Legend Show<\/strong><br>The exhibition run of legends will take place after the Czech Rally Championship in historic cars only at SS 7.<\/p>\n\n\n\n<figure class=\"wp-block-image size-large\"><img loading=\"lazy\" decoding=\"async\" width=\"1012\" height=\"1200\" src=\"https:\/\/rallyekrumlov.cz\/wp-content\/uploads\/2021\/11\/rck2021_dm-f-1012x1200.png\" alt=\"\" class=\"wp-image-77346\" srcset=\"https:\/\/rallyekrumlov.cz\/wp-content\/uploads\/2021\/11\/rck2021_dm-f-1012x1200.png 1012w, https:\/\/rallyekrumlov.cz\/wp-content\/uploads\/2021\/11\/rck2021_dm-f-768x911.png 768w, https:\/\/rallyekrumlov.cz\/wp-content\/uploads\/2021\/11\/rck2021_dm-f-1295x1536.png 1295w, https:\/\/rallyekrumlov.cz\/wp-content\/uploads\/2021\/11\/rck2021_dm-f-1727x2048.png 1727w, https:\/\/rallyekrumlov.cz\/wp-content\/uploads\/2021\/11\/rck2021_dm-f-67x80.png 67w, https:\/\/rallyekrumlov.cz\/wp-content\/uploads\/2021\/11\/rck2021_dm-f.png 2032w\" sizes=\"auto, (max-width: 1012px) 100vw, 1012px\" \/><\/figure>\n","protected":false},"excerpt":{"rendered":"<p>Li\u010dov Handbrake turn at a place with unobstructed views. Parking in and ahead of Li\u010dov.&nbsp;The road from Li\u010dov will be&#8230;<\/p>\n","protected":false},"author":3,"featured_media":0,"parent":93230,"menu_order":219,"comment_status":"closed","ping_status":"closed","template":"","meta":{"_acf_changed":false,"footnotes":""},"class_list":["post-114059","page","type-page","status-publish","hentry"],"acf":[],"yoast_head":"<!-- This site is optimized with the Yoast SEO Premium plugin v18.3 (Yoast SEO v27.3) - https:\/\/yoast.com\/product\/yoast-seo-premium-wordpress\/ -->\n<title>Spectators place - F - Rallye \u010cesk\u00fd Krumlov<\/title>\n<meta name=\"robots\" content=\"index, follow, max-snippet:-1, max-image-preview:large, max-video-preview:-1\" \/>\n<link rel=\"canonical\" href=\"https:\/\/rallyekrumlov.cz\/en\/rck2022\/spectators\/spectators-place-f\/\" \/>\n<meta property=\"og:locale\" content=\"en_US\" \/>\n<meta property=\"og:type\" content=\"article\" \/>\n<meta property=\"og:title\" content=\"Spectators place - F\" \/>\n<meta property=\"og:description\" content=\"Li\u010dov Handbrake turn at a place with unobstructed views. Parking in and ahead of Li\u010dov.&nbsp;The road from Li\u010dov will be...\" \/>\n<meta property=\"og:url\" content=\"https:\/\/rallyekrumlov.cz\/en\/rck2022\/spectators\/spectators-place-f\/\" \/>\n<meta property=\"og:site_name\" content=\"Rallye \u010cesk\u00fd Krumlov\" \/>\n<meta property=\"article:modified_time\" content=\"2022-05-15T19:37:16+00:00\" \/>\n<meta property=\"og:image\" content=\"https:\/\/rallyekrumlov.cz\/wp-content\/uploads\/2021\/11\/rck2021_dm-f-1012x1200.png\" \/>\n<meta name=\"twitter:card\" content=\"summary_large_image\" \/>\n<meta name=\"twitter:label1\" content=\"Est. reading time\" \/>\n\t<meta name=\"twitter:data1\" content=\"1 minute\" \/>\n<script type=\"application\/ld+json\" class=\"yoast-schema-graph\">{\"@context\":\"https:\\\/\\\/schema.org\",\"@graph\":[{\"@type\":\"WebPage\",\"@id\":\"https:\\\/\\\/rallyekrumlov.cz\\\/en\\\/rck2022\\\/spectators\\\/spectators-place-f\\\/\",\"url\":\"https:\\\/\\\/rallyekrumlov.cz\\\/en\\\/rck2022\\\/spectators\\\/spectators-place-f\\\/\",\"name\":\"Spectators place - F - Rallye \u010cesk\u00fd Krumlov\",\"isPartOf\":{\"@id\":\"https:\\\/\\\/rallyekrumlov.cz\\\/#website\"},\"primaryImageOfPage\":{\"@id\":\"https:\\\/\\\/rallyekrumlov.cz\\\/en\\\/rck2022\\\/spectators\\\/spectators-place-f\\\/#primaryimage\"},\"image\":{\"@id\":\"https:\\\/\\\/rallyekrumlov.cz\\\/en\\\/rck2022\\\/spectators\\\/spectators-place-f\\\/#primaryimage\"},\"thumbnailUrl\":\"https:\\\/\\\/rallyekrumlov.cz\\\/wp-content\\\/uploads\\\/2021\\\/11\\\/rck2021_dm-f-1012x1200.png\",\"datePublished\":\"2022-05-15T18:09:35+00:00\",\"dateModified\":\"2022-05-15T19:37:16+00:00\",\"breadcrumb\":{\"@id\":\"https:\\\/\\\/rallyekrumlov.cz\\\/en\\\/rck2022\\\/spectators\\\/spectators-place-f\\\/#breadcrumb\"},\"inLanguage\":\"en-US\",\"potentialAction\":[{\"@type\":\"ReadAction\",\"target\":[\"https:\\\/\\\/rallyekrumlov.cz\\\/en\\\/rck2022\\\/spectators\\\/spectators-place-f\\\/\"]}]},{\"@type\":\"ImageObject\",\"inLanguage\":\"en-US\",\"@id\":\"https:\\\/\\\/rallyekrumlov.cz\\\/en\\\/rck2022\\\/spectators\\\/spectators-place-f\\\/#primaryimage\",\"url\":\"https:\\\/\\\/rallyekrumlov.cz\\\/wp-content\\\/uploads\\\/2021\\\/11\\\/rck2021_dm-f-1012x1200.png\",\"contentUrl\":\"https:\\\/\\\/rallyekrumlov.cz\\\/wp-content\\\/uploads\\\/2021\\\/11\\\/rck2021_dm-f-1012x1200.png\"},{\"@type\":\"BreadcrumbList\",\"@id\":\"https:\\\/\\\/rallyekrumlov.cz\\\/en\\\/rck2022\\\/spectators\\\/spectators-place-f\\\/#breadcrumb\",\"itemListElement\":[{\"@type\":\"ListItem\",\"position\":1,\"name\":\"Home\",\"item\":\"https:\\\/\\\/rallyekrumlov.cz\\\/en\\\/\"},{\"@type\":\"ListItem\",\"position\":2,\"name\":\"49th Rallye \u010cesk\u00fd Krumlov 2022\",\"item\":\"https:\\\/\\\/rallyekrumlov.cz\\\/en\\\/rck2022\\\/\"},{\"@type\":\"ListItem\",\"position\":3,\"name\":\"Spectators\",\"item\":\"https:\\\/\\\/rallyekrumlov.cz\\\/en\\\/rck2022\\\/spectators\\\/\"},{\"@type\":\"ListItem\",\"position\":4,\"name\":\"Spectators place &#8211; F\"}]},{\"@type\":\"WebSite\",\"@id\":\"https:\\\/\\\/rallyekrumlov.cz\\\/#website\",\"url\":\"https:\\\/\\\/rallyekrumlov.cz\\\/\",\"name\":\"Rallye \u010cesk\u00fd Krumlov\",\"description\":\"\",\"potentialAction\":[{\"@type\":\"SearchAction\",\"target\":{\"@type\":\"EntryPoint\",\"urlTemplate\":\"https:\\\/\\\/rallyekrumlov.cz\\\/?s={search_term_string}\"},\"query-input\":{\"@type\":\"PropertyValueSpecification\",\"valueRequired\":true,\"valueName\":\"search_term_string\"}}],\"inLanguage\":\"en-US\"}]}<\/script>\n<!-- \/ Yoast SEO Premium plugin. -->","yoast_head_json":{"title":"Spectators place - F - Rallye \u010cesk\u00fd Krumlov","robots":{"index":"index","follow":"follow","max-snippet":"max-snippet:-1","max-image-preview":"max-image-preview:large","max-video-preview":"max-video-preview:-1"},"canonical":"https:\/\/rallyekrumlov.cz\/en\/rck2022\/spectators\/spectators-place-f\/","og_locale":"en_US","og_type":"article","og_title":"Spectators place - F","og_description":"Li\u010dov Handbrake turn at a place with unobstructed views. Parking in and ahead of Li\u010dov.&nbsp;The road from Li\u010dov will be...","og_url":"https:\/\/rallyekrumlov.cz\/en\/rck2022\/spectators\/spectators-place-f\/","og_site_name":"Rallye \u010cesk\u00fd Krumlov","article_modified_time":"2022-05-15T19:37:16+00:00","og_image":[{"url":"https:\/\/rallyekrumlov.cz\/wp-content\/uploads\/2021\/11\/rck2021_dm-f-1012x1200.png","type":"","width":"","height":""}],"twitter_card":"summary_large_image","twitter_misc":{"Est. reading time":"1 minute"},"schema":{"@context":"https:\/\/schema.org","@graph":[{"@type":"WebPage","@id":"https:\/\/rallyekrumlov.cz\/en\/rck2022\/spectators\/spectators-place-f\/","url":"https:\/\/rallyekrumlov.cz\/en\/rck2022\/spectators\/spectators-place-f\/","name":"Spectators place - F - Rallye \u010cesk\u00fd Krumlov","isPartOf":{"@id":"https:\/\/rallyekrumlov.cz\/#website"},"primaryImageOfPage":{"@id":"https:\/\/rallyekrumlov.cz\/en\/rck2022\/spectators\/spectators-place-f\/#primaryimage"},"image":{"@id":"https:\/\/rallyekrumlov.cz\/en\/rck2022\/spectators\/spectators-place-f\/#primaryimage"},"thumbnailUrl":"https:\/\/rallyekrumlov.cz\/wp-content\/uploads\/2021\/11\/rck2021_dm-f-1012x1200.png","datePublished":"2022-05-15T18:09:35+00:00","dateModified":"2022-05-15T19:37:16+00:00","breadcrumb":{"@id":"https:\/\/rallyekrumlov.cz\/en\/rck2022\/spectators\/spectators-place-f\/#breadcrumb"},"inLanguage":"en-US","potentialAction":[{"@type":"ReadAction","target":["https:\/\/rallyekrumlov.cz\/en\/rck2022\/spectators\/spectators-place-f\/"]}]},{"@type":"ImageObject","inLanguage":"en-US","@id":"https:\/\/rallyekrumlov.cz\/en\/rck2022\/spectators\/spectators-place-f\/#primaryimage","url":"https:\/\/rallyekrumlov.cz\/wp-content\/uploads\/2021\/11\/rck2021_dm-f-1012x1200.png","contentUrl":"https:\/\/rallyekrumlov.cz\/wp-content\/uploads\/2021\/11\/rck2021_dm-f-1012x1200.png"},{"@type":"BreadcrumbList","@id":"https:\/\/rallyekrumlov.cz\/en\/rck2022\/spectators\/spectators-place-f\/#breadcrumb","itemListElement":[{"@type":"ListItem","position":1,"name":"Home","item":"https:\/\/rallyekrumlov.cz\/en\/"},{"@type":"ListItem","position":2,"name":"49th Rallye \u010cesk\u00fd Krumlov 2022","item":"https:\/\/rallyekrumlov.cz\/en\/rck2022\/"},{"@type":"ListItem","position":3,"name":"Spectators","item":"https:\/\/rallyekrumlov.cz\/en\/rck2022\/spectators\/"},{"@type":"ListItem","position":4,"name":"Spectators place &#8211; F"}]},{"@type":"WebSite","@id":"https:\/\/rallyekrumlov.cz\/#website","url":"https:\/\/rallyekrumlov.cz\/","name":"Rallye \u010cesk\u00fd Krumlov","description":"","potentialAction":[{"@type":"SearchAction","target":{"@type":"EntryPoint","urlTemplate":"https:\/\/rallyekrumlov.cz\/?s={search_term_string}"},"query-input":{"@type":"PropertyValueSpecification","valueRequired":true,"valueName":"search_term_string"}}],"inLanguage":"en-US"}]}},"_links":{"self":[{"href":"https:\/\/rallyekrumlov.cz\/en\/wp-json\/wp\/v2\/pages\/114059","targetHints":{"allow":["GET"]}}],"collection":[{"href":"https:\/\/rallyekrumlov.cz\/en\/wp-json\/wp\/v2\/pages"}],"about":[{"href":"https:\/\/rallyekrumlov.cz\/en\/wp-json\/wp\/v2\/types\/page"}],"author":[{"embeddable":true,"href":"https:\/\/rallyekrumlov.cz\/en\/wp-json\/wp\/v2\/users\/3"}],"replies":[{"embeddable":true,"href":"https:\/\/rallyekrumlov.cz\/en\/wp-json\/wp\/v2\/comments?post=114059"}],"version-history":[{"count":2,"href":"https:\/\/rallyekrumlov.cz\/en\/wp-json\/wp\/v2\/pages\/114059\/revisions"}],"predecessor-version":[{"id":114090,"href":"https:\/\/rallyekrumlov.cz\/en\/wp-json\/wp\/v2\/pages\/114059\/revisions\/114090"}],"up":[{"embeddable":true,"href":"https:\/\/rallyekrumlov.cz\/en\/wp-json\/wp\/v2\/pages\/93230"}],"wp:attachment":[{"href":"https:\/\/rallyekrumlov.cz\/en\/wp-json\/wp\/v2\/media?parent=114059"}],"curies":[{"name":"wp","href":"https:\/\/api.w.org\/{rel}","templated":true}]}}