{"id":141090,"date":"2023-05-11T21:41:56","date_gmt":"2023-05-11T19:41:56","guid":{"rendered":"https:\/\/rallyekrumlov.cz\/?page_id=141090"},"modified":"2023-05-12T23:37:57","modified_gmt":"2023-05-12T21:37:57","slug":"map-and-spectator-places","status":"publish","type":"page","link":"https:\/\/rallyekrumlov.cz\/en\/rck2023\/map-and-spectator-places\/","title":{"rendered":"Map and spectator places"},"content":{"rendered":"\n<p>We have prepared an interactive map of the 50. Rallye \u010cesk\u00fd Krumlov 2023 with the route of the stages and other important points of the competition. Detailed information about individual spectator places can be found below.<\/p>\n\n\n\n<iframe loading=\"lazy\" width=\"100%\" height=\"550\" frameborder=\"0\" scrolling=\"no\" marginheight=\"0\" marginwidth=\"0\" src=\"https:\/\/www.google.com\/maps\/d\/embed?mid=1q_CtMkrDMxBIpQ9z-0SPxfrBvx6Y9pY&#038;ehbc=2E312F\"><\/iframe>\n\n\n\n<div style=\"height:30px\" aria-hidden=\"true\" class=\"wp-block-spacer\"><\/div>\n\n\n\n<h4 class=\"wp-block-heading\" id=\"h-spectator-places\">Spectator places<\/h4>\n\n\n\n<ul class=\"wp-block-list\">\n<li><a href=\"https:\/\/rallyekrumlov.cz\/en\/rck2023\/cb-auto-rallye-arena\/\"><strong>Super SS CB Auto Rallye Ar\u00e9na<\/strong><\/a><\/li>\n\n\n\n<li><strong><a href=\"https:\/\/rallyekrumlov.cz\/en\/rck2023\/spectator-place-a\/\">A \u2013 Pr\u00e1\u010dov<\/a><\/strong><\/li>\n\n\n\n<li><strong><a href=\"https:\/\/rallyekrumlov.cz\/en\/rck2023\/spectator-place-b\/\">B &#8211; Bukovsko<\/a><\/strong><\/li>\n\n\n\n<li><strong><a href=\"https:\/\/rallyekrumlov.cz\/en\/rck2023\/spectator-place-c\/\">C \u2013\u00a0PLATINUM ORLEN OIL Rallye Ar\u00e9na \/ Blansko<\/a><\/strong><\/li>\n\n\n\n<li><strong><a href=\"https:\/\/rallyekrumlov.cz\/en\/rck2023\/spectator-place-d\/\">D \u2013 Mal\u010de<\/a><\/strong><\/li>\n\n\n\n<li><strong><a href=\"https:\/\/rallyekrumlov.cz\/en\/rck2023\/spectator-place-e\/\">E \u2013 Col de J\u00e1n \/ Svat\u00fd Jan nad Mal\u0161\u00ed<\/a><\/strong><\/li>\n\n\n\n<li><strong><a href=\"https:\/\/rallyekrumlov.cz\/en\/rck2023\/spectator-place-f\/\">F &#8211; V\u011btrn\u00e1<\/a><\/strong><\/li>\n\n\n\n<li><strong><a href=\"https:\/\/rallyekrumlov.cz\/en\/rck2023\/spectator-place-g\/\">G &#8211; Mal\u0161\u00edn<\/a><\/strong><\/li>\n\n\n\n<li><strong><a href=\"https:\/\/rallyekrumlov.cz\/en\/rck2023\/spectator-place-h\/\">H &#8211; Rychnov nad Mal\u0161\u00ed<\/a><\/strong><\/li>\n\n\n\n<li><strong><a href=\"https:\/\/rallyekrumlov.cz\/en\/rck2023\/spectator-place-i\/\">I &#8211; Cetviny<\/a><\/strong><\/li>\n\n\n\n<li><strong><a href=\"https:\/\/rallyekrumlov.cz\/en\/rck2023\/spectator-place-j\/\">J \u2013 Malonty<\/a><\/strong><\/li>\n\n\n\n<li><strong><a href=\"https:\/\/rallyekrumlov.cz\/en\/rck2023\/spectator-place-k\/\">K &#8211; Li\u010dov<\/a><\/strong><\/li>\n\n\n\n<li><strong><a href=\"https:\/\/rallyekrumlov.cz\/en\/rck2023\/spectator-place-l\/\">L &#8211; SM produkt Rallye Ar\u00e9na \/ Sob\u011bnov<\/a><\/strong><\/li>\n<\/ul>\n","protected":false},"excerpt":{"rendered":"<p>We have prepared an interactive map of the 50. Rallye \u010cesk\u00fd Krumlov 2023 with the route of the stages and&#8230;<\/p>\n","protected":false},"author":3,"featured_media":0,"parent":127829,"menu_order":140,"comment_status":"closed","ping_status":"closed","template":"","meta":{"_acf_changed":false,"footnotes":""},"class_list":["post-141090","page","type-page","status-publish","hentry"],"acf":[],"yoast_head":"<!-- This site is optimized with the Yoast SEO Premium plugin v18.3 (Yoast SEO v27.3) - https:\/\/yoast.com\/product\/yoast-seo-premium-wordpress\/ -->\n<title>Map and spectator places - Rallye \u010cesk\u00fd Krumlov<\/title>\n<meta name=\"robots\" content=\"index, follow, max-snippet:-1, max-image-preview:large, max-video-preview:-1\" \/>\n<link rel=\"canonical\" href=\"https:\/\/rallyekrumlov.cz\/en\/rck2023\/map-and-spectator-places\/\" \/>\n<meta property=\"og:locale\" content=\"en_US\" \/>\n<meta property=\"og:type\" content=\"article\" \/>\n<meta property=\"og:title\" content=\"Map and spectator places\" \/>\n<meta property=\"og:description\" content=\"We have prepared an interactive map of the 50. Rallye \u010cesk\u00fd Krumlov 2023 with the route of the stages and...\" \/>\n<meta property=\"og:url\" content=\"https:\/\/rallyekrumlov.cz\/en\/rck2023\/map-and-spectator-places\/\" \/>\n<meta property=\"og:site_name\" content=\"Rallye \u010cesk\u00fd Krumlov\" \/>\n<meta property=\"article:modified_time\" content=\"2023-05-12T21:37:57+00:00\" \/>\n<meta name=\"twitter:card\" content=\"summary_large_image\" \/>\n<meta name=\"twitter:label1\" content=\"Est. reading time\" \/>\n\t<meta name=\"twitter:data1\" content=\"1 minute\" \/>\n<script type=\"application\/ld+json\" class=\"yoast-schema-graph\">{\"@context\":\"https:\\\/\\\/schema.org\",\"@graph\":[{\"@type\":\"WebPage\",\"@id\":\"https:\\\/\\\/rallyekrumlov.cz\\\/en\\\/rck2023\\\/map-and-spectator-places\\\/\",\"url\":\"https:\\\/\\\/rallyekrumlov.cz\\\/en\\\/rck2023\\\/map-and-spectator-places\\\/\",\"name\":\"Map and spectator places - Rallye \u010cesk\u00fd Krumlov\",\"isPartOf\":{\"@id\":\"https:\\\/\\\/rallyekrumlov.cz\\\/#website\"},\"datePublished\":\"2023-05-11T19:41:56+00:00\",\"dateModified\":\"2023-05-12T21:37:57+00:00\",\"breadcrumb\":{\"@id\":\"https:\\\/\\\/rallyekrumlov.cz\\\/en\\\/rck2023\\\/map-and-spectator-places\\\/#breadcrumb\"},\"inLanguage\":\"en-US\",\"potentialAction\":[{\"@type\":\"ReadAction\",\"target\":[\"https:\\\/\\\/rallyekrumlov.cz\\\/en\\\/rck2023\\\/map-and-spectator-places\\\/\"]}]},{\"@type\":\"BreadcrumbList\",\"@id\":\"https:\\\/\\\/rallyekrumlov.cz\\\/en\\\/rck2023\\\/map-and-spectator-places\\\/#breadcrumb\",\"itemListElement\":[{\"@type\":\"ListItem\",\"position\":1,\"name\":\"Home\",\"item\":\"https:\\\/\\\/rallyekrumlov.cz\\\/en\\\/\"},{\"@type\":\"ListItem\",\"position\":2,\"name\":\"50. Rallye \u010cesk\u00fd Krumlov 2023\",\"item\":\"https:\\\/\\\/rallyekrumlov.cz\\\/en\\\/rck2023\\\/\"},{\"@type\":\"ListItem\",\"position\":3,\"name\":\"Map and spectator places\"}]},{\"@type\":\"WebSite\",\"@id\":\"https:\\\/\\\/rallyekrumlov.cz\\\/#website\",\"url\":\"https:\\\/\\\/rallyekrumlov.cz\\\/\",\"name\":\"Rallye \u010cesk\u00fd Krumlov\",\"description\":\"\",\"potentialAction\":[{\"@type\":\"SearchAction\",\"target\":{\"@type\":\"EntryPoint\",\"urlTemplate\":\"https:\\\/\\\/rallyekrumlov.cz\\\/?s={search_term_string}\"},\"query-input\":{\"@type\":\"PropertyValueSpecification\",\"valueRequired\":true,\"valueName\":\"search_term_string\"}}],\"inLanguage\":\"en-US\"}]}<\/script>\n<!-- \/ Yoast SEO Premium plugin. -->","yoast_head_json":{"title":"Map and spectator places - Rallye \u010cesk\u00fd Krumlov","robots":{"index":"index","follow":"follow","max-snippet":"max-snippet:-1","max-image-preview":"max-image-preview:large","max-video-preview":"max-video-preview:-1"},"canonical":"https:\/\/rallyekrumlov.cz\/en\/rck2023\/map-and-spectator-places\/","og_locale":"en_US","og_type":"article","og_title":"Map and spectator places","og_description":"We have prepared an interactive map of the 50. Rallye \u010cesk\u00fd Krumlov 2023 with the route of the stages and...","og_url":"https:\/\/rallyekrumlov.cz\/en\/rck2023\/map-and-spectator-places\/","og_site_name":"Rallye \u010cesk\u00fd Krumlov","article_modified_time":"2023-05-12T21:37:57+00:00","twitter_card":"summary_large_image","twitter_misc":{"Est. reading time":"1 minute"},"schema":{"@context":"https:\/\/schema.org","@graph":[{"@type":"WebPage","@id":"https:\/\/rallyekrumlov.cz\/en\/rck2023\/map-and-spectator-places\/","url":"https:\/\/rallyekrumlov.cz\/en\/rck2023\/map-and-spectator-places\/","name":"Map and spectator places - Rallye \u010cesk\u00fd Krumlov","isPartOf":{"@id":"https:\/\/rallyekrumlov.cz\/#website"},"datePublished":"2023-05-11T19:41:56+00:00","dateModified":"2023-05-12T21:37:57+00:00","breadcrumb":{"@id":"https:\/\/rallyekrumlov.cz\/en\/rck2023\/map-and-spectator-places\/#breadcrumb"},"inLanguage":"en-US","potentialAction":[{"@type":"ReadAction","target":["https:\/\/rallyekrumlov.cz\/en\/rck2023\/map-and-spectator-places\/"]}]},{"@type":"BreadcrumbList","@id":"https:\/\/rallyekrumlov.cz\/en\/rck2023\/map-and-spectator-places\/#breadcrumb","itemListElement":[{"@type":"ListItem","position":1,"name":"Home","item":"https:\/\/rallyekrumlov.cz\/en\/"},{"@type":"ListItem","position":2,"name":"50. Rallye \u010cesk\u00fd Krumlov 2023","item":"https:\/\/rallyekrumlov.cz\/en\/rck2023\/"},{"@type":"ListItem","position":3,"name":"Map and spectator places"}]},{"@type":"WebSite","@id":"https:\/\/rallyekrumlov.cz\/#website","url":"https:\/\/rallyekrumlov.cz\/","name":"Rallye \u010cesk\u00fd Krumlov","description":"","potentialAction":[{"@type":"SearchAction","target":{"@type":"EntryPoint","urlTemplate":"https:\/\/rallyekrumlov.cz\/?s={search_term_string}"},"query-input":{"@type":"PropertyValueSpecification","valueRequired":true,"valueName":"search_term_string"}}],"inLanguage":"en-US"}]}},"_links":{"self":[{"href":"https:\/\/rallyekrumlov.cz\/en\/wp-json\/wp\/v2\/pages\/141090","targetHints":{"allow":["GET"]}}],"collection":[{"href":"https:\/\/rallyekrumlov.cz\/en\/wp-json\/wp\/v2\/pages"}],"about":[{"href":"https:\/\/rallyekrumlov.cz\/en\/wp-json\/wp\/v2\/types\/page"}],"author":[{"embeddable":true,"href":"https:\/\/rallyekrumlov.cz\/en\/wp-json\/wp\/v2\/users\/3"}],"replies":[{"embeddable":true,"href":"https:\/\/rallyekrumlov.cz\/en\/wp-json\/wp\/v2\/comments?post=141090"}],"version-history":[{"count":3,"href":"https:\/\/rallyekrumlov.cz\/en\/wp-json\/wp\/v2\/pages\/141090\/revisions"}],"predecessor-version":[{"id":141186,"href":"https:\/\/rallyekrumlov.cz\/en\/wp-json\/wp\/v2\/pages\/141090\/revisions\/141186"}],"up":[{"embeddable":true,"href":"https:\/\/rallyekrumlov.cz\/en\/wp-json\/wp\/v2\/pages\/127829"}],"wp:attachment":[{"href":"https:\/\/rallyekrumlov.cz\/en\/wp-json\/wp\/v2\/media?parent=141090"}],"curies":[{"name":"wp","href":"https:\/\/api.w.org\/{rel}","templated":true}]}}