{"id":141097,"date":"2023-05-11T22:03:00","date_gmt":"2023-05-11T20:03:00","guid":{"rendered":"https:\/\/rallyekrumlov.cz\/?page_id=141097"},"modified":"2023-05-12T23:32:17","modified_gmt":"2023-05-12T21:32:17","slug":"cb-auto-rallye-arena","status":"publish","type":"page","link":"https:\/\/rallyekrumlov.cz\/en\/rck2023\/cb-auto-rallye-arena\/","title":{"rendered":"CB Auto Rallye Ar\u00e9na"},"content":{"rendered":"\n<h4 class=\"wp-block-heading\" id=\"h-exhibition-area-vystaviste-ceske-budejovice\"><strong>Exhibition area V\u00fdstavi\u0161t\u011b \u010cesk\u00e9 Bud\u011bjovice<\/strong><\/h4>\n\n\n\n<p>Spectator special stage in the centre of the South Bohemian regional town. Measured test takes place in the area of V\u00fdstavi\u0161t\u011b \u010cesk\u00e9 Bud\u011bjovice in the immediate vicinity of the service area.<\/p>\n\n\n\n<ul class=\"wp-block-list\">\n<li>Special stage:<strong> Super SS CB Auto Rallye Ar\u00e9na<\/strong><\/li>\n\n\n\n<li>Stage lenght: <strong>2,75 km<\/strong><\/li>\n\n\n\n<li>Date: <strong>p\u00e1tek 19. kv\u011btna 2023<\/strong><\/li>\n\n\n\n<li>GPS: <strong><a href=\"https:\/\/mapy.cz\/s\/fatovalacu\" target=\"_blank\" rel=\"noreferrer noopener\">N 48\u00b058.85092&#8242;, E 14\u00b027.58720&#8242;<\/a><\/strong><\/li>\n<\/ul>\n\n\n\n<p><strong>FIA European Rally Trophy | PSG <strong><strong>Czech Rally Championship<\/strong><\/strong><\/strong><br><strong>SS 4<\/strong>&nbsp;| 1st car:&nbsp;<strong>19:04<\/strong><\/p>\n\n\n\n<p><strong><strong>AUTOKLUB Czech Historic Sporting Rally Championship<\/strong><\/strong><br>1st car starts immediately after the FIA ERT \/ Czech Rally Championship!<\/p>\n\n\n\n<p><strong>XV. Rallye Legendy Show<\/strong><br>The exhibition run of legends will traditionally start the programme at the \u010cesk\u00e9 Bud\u011bjovice Exhibition Centre at 17:20. For the second time, the legends will present themselves after the Czech Historic Sporting Rally Championship.<\/p>\n\n\n\n<hr class=\"wp-block-separator has-css-opacity\"\/>\n\n\n\n<ul class=\"wp-block-list\">\n<li>Special stage:<strong> Super RZ CB Auto Rallye Ar\u00e9na<\/strong><\/li>\n\n\n\n<li>Stage lenght: <strong>2,75 km<\/strong><\/li>\n\n\n\n<li>Date: <strong>sobota 20. kv\u011btna 2023<\/strong><\/li>\n\n\n\n<li>GPS: <strong><a href=\"https:\/\/mapy.cz\/s\/fatovalacu\" target=\"_blank\" rel=\"noreferrer noopener\">N 48\u00b058.85092&#8242;, E 14\u00b027.58720&#8242;<\/a><\/strong><\/li>\n<\/ul>\n\n\n\n<p class=\"has-black-color has-text-color\"><strong>FIA European Rally Trophy | PSG <strong><strong>Czech Rally Championship<\/strong><\/strong><\/strong><br><strong>SS 11<\/strong> | 1st car: <strong>12:14<\/strong><br><strong>SS 12<\/strong> | 1st car: <strong>14:36<\/strong><\/p>\n\n\n\n<p class=\"has-black-color has-text-color\"><strong><strong><strong><strong>AUTOKLUB Czech Historic Sporting Rally Championship<\/strong><\/strong><br><\/strong><\/strong>1st car starts immediately after the FIA ERT \/ Czech Rally Championship!<\/p>\n\n\n\n<p><strong>XV. Rallye Legendy Show<\/strong><br>The exhibition run of legends will start the programme at the \u010cesk\u00e9 Bud\u011bjovice Exhibition Centre at 10:03 on Saturday.<\/p>\n\n\n\n<hr class=\"wp-block-separator has-css-opacity\"\/>\n\n\n\n<h4 class=\"wp-block-heading\" id=\"h-tickets\">Tickets<\/h4>\n\n\n\n<ul class=\"wp-block-list\">\n<li>Adults \u2013 Friday \u2013 200 CZK<\/li>\n\n\n\n<li>Adults \u2013 Saturday \u2013 200 CZK<\/li>\n\n\n\n<li>children under 12 accompanied by an adult \u2013 free<\/li>\n<\/ul>\n\n\n\n<p><strong><strong>Tickets to Exhibition area \u010cesk\u00e9 Bud\u011bjovice are raffle tickets.<\/strong><\/strong> <\/p>\n\n\n\n<p><strong>The main price is renting a SEAT car for a weekend with a full tank!<\/strong> <br>The collection point for the competition tickets can be found in the CB Auto stand in the service zone next to the Rallye \u010cesk\u00fd Krumlov souvenir stand.<\/p>\n\n\n\n<p>VIP tickets: e-mail: vip@rallyekrumlov.cz | telephone: +420 777 739 733 (Jana Trojanov\u00e1)<\/p>\n\n\n\n<div style=\"height:30px\" aria-hidden=\"true\" class=\"wp-block-spacer\"><\/div>\n\n\n\n<h4 class=\"wp-block-heading\" id=\"h-programme-at-the-exhibition-area-in-ceske-budejovice\">Programme at the Exhibition area in \u010cesk\u00e9 Bud\u011bjovice<\/h4>\n\n\n\n<p><strong>Thursday 18 Mai 2023<\/strong><\/p>\n\n\n\n<ul class=\"wp-block-list\">\n<li>19:00 &#8211; Celebration of the 50th Rally \u010cesk\u00fd Krumlov \/ Hall Z<\/li>\n<\/ul>\n\n\n\n<p><strong>Friday 19 Mai 2023<\/strong><\/p>\n\n\n\n<ul class=\"wp-block-list\">\n<li>07:00 &#8211; Administrative checks and scrutineering \/ hall Z<\/li>\n\n\n\n<li>11:30 &#8211; Shakedown<\/li>\n\n\n\n<li>15:00 &#8211; Exhibition rides<\/li>\n\n\n\n<li>17:20 &#8211; XV. Rallye Legendy Show<\/li>\n\n\n\n<li><strong>19:04 &#8211; Super SS CB Auto Rallye Ar\u00e9na<\/strong><\/li>\n\n\n\n<li>19:11 &#8211; Regrouping \/ hall Z<\/li>\n\n\n\n<li>19:41 &#8211; Service (30 minutes)<\/li>\n\n\n\n<li>21:13 &#8211; XV. Rallye Legendy Show<\/li>\n<\/ul>\n\n\n\n<p><strong>Saturday 20 Mai 2023<\/strong><\/p>\n\n\n\n<ul class=\"wp-block-list\">\n<li>07:30 &#8211; Service (45 minutes)<\/li>\n\n\n\n<li>10:03 &#8211; XV. Rallye Legendy Show<\/li>\n\n\n\n<li><strong>12:14 &#8211; Super SS CB Auto Rallye Ar\u00e9na<\/strong><\/li>\n\n\n\n<li>12:21 &#8211; Regrouping \/ hall Z<\/li>\n\n\n\n<li>13:51 &#8211; Service (30 minutes)<\/li>\n\n\n\n<li><strong>14:36 &#8211; Super SS CB Auto Rallye Ar\u00e9na<\/strong><\/li>\n<\/ul>\n\n\n\n<figure class=\"wp-block-image size-large\"><img loading=\"lazy\" decoding=\"async\" width=\"1200\" height=\"600\" src=\"https:\/\/rallyekrumlov.cz\/wp-content\/uploads\/2023\/05\/RCK2023DM-vystaviste-plan-1200x600.jpg\" alt=\"\" class=\"wp-image-139991\" srcset=\"https:\/\/rallyekrumlov.cz\/wp-content\/uploads\/2023\/05\/RCK2023DM-vystaviste-plan-1200x600.jpg 1200w, https:\/\/rallyekrumlov.cz\/wp-content\/uploads\/2023\/05\/RCK2023DM-vystaviste-plan-768x384.jpg 768w, https:\/\/rallyekrumlov.cz\/wp-content\/uploads\/2023\/05\/RCK2023DM-vystaviste-plan-1536x768.jpg 1536w, https:\/\/rallyekrumlov.cz\/wp-content\/uploads\/2023\/05\/RCK2023DM-vystaviste-plan-160x80.jpg 160w, https:\/\/rallyekrumlov.cz\/wp-content\/uploads\/2023\/05\/RCK2023DM-vystaviste-plan.jpg 1615w\" sizes=\"auto, (max-width: 1200px) 100vw, 1200px\" \/><\/figure>\n\n\n\n<figure class=\"wp-block-image size-large\"><img loading=\"lazy\" decoding=\"async\" width=\"1200\" height=\"801\" src=\"https:\/\/rallyekrumlov.cz\/wp-content\/uploads\/2023\/05\/RCK2023DM-vystaviste-foto6-1200x801.jpg\" alt=\"\" class=\"wp-image-139993\" srcset=\"https:\/\/rallyekrumlov.cz\/wp-content\/uploads\/2023\/05\/RCK2023DM-vystaviste-foto6-1200x801.jpg 1200w, https:\/\/rallyekrumlov.cz\/wp-content\/uploads\/2023\/05\/RCK2023DM-vystaviste-foto6-768x513.jpg 768w, https:\/\/rallyekrumlov.cz\/wp-content\/uploads\/2023\/05\/RCK2023DM-vystaviste-foto6-1536x1025.jpg 1536w, https:\/\/rallyekrumlov.cz\/wp-content\/uploads\/2023\/05\/RCK2023DM-vystaviste-foto6-120x80.jpg 120w, https:\/\/rallyekrumlov.cz\/wp-content\/uploads\/2023\/05\/RCK2023DM-vystaviste-foto6.jpg 2000w\" sizes=\"auto, (max-width: 1200px) 100vw, 1200px\" \/><\/figure>\n\n\n\n<figure class=\"wp-block-image size-large\"><img loading=\"lazy\" decoding=\"async\" width=\"1200\" height=\"800\" src=\"https:\/\/rallyekrumlov.cz\/wp-content\/uploads\/2023\/05\/RCK2023DM-vystaviste-foto5-1200x800.jpg\" alt=\"\" class=\"wp-image-139995\" srcset=\"https:\/\/rallyekrumlov.cz\/wp-content\/uploads\/2023\/05\/RCK2023DM-vystaviste-foto5-1200x800.jpg 1200w, https:\/\/rallyekrumlov.cz\/wp-content\/uploads\/2023\/05\/RCK2023DM-vystaviste-foto5-768x512.jpg 768w, https:\/\/rallyekrumlov.cz\/wp-content\/uploads\/2023\/05\/RCK2023DM-vystaviste-foto5-1536x1024.jpg 1536w, https:\/\/rallyekrumlov.cz\/wp-content\/uploads\/2023\/05\/RCK2023DM-vystaviste-foto5-120x80.jpg 120w, https:\/\/rallyekrumlov.cz\/wp-content\/uploads\/2023\/05\/RCK2023DM-vystaviste-foto5.jpg 2000w\" sizes=\"auto, (max-width: 1200px) 100vw, 1200px\" \/><\/figure>\n\n\n\n<figure class=\"wp-block-image size-large\"><img loading=\"lazy\" decoding=\"async\" width=\"1200\" height=\"800\" src=\"https:\/\/rallyekrumlov.cz\/wp-content\/uploads\/2023\/05\/RCK2023DM-vystaviste-foto4-1200x800.jpg\" alt=\"\" class=\"wp-image-139997\" srcset=\"https:\/\/rallyekrumlov.cz\/wp-content\/uploads\/2023\/05\/RCK2023DM-vystaviste-foto4-1200x800.jpg 1200w, https:\/\/rallyekrumlov.cz\/wp-content\/uploads\/2023\/05\/RCK2023DM-vystaviste-foto4-768x512.jpg 768w, https:\/\/rallyekrumlov.cz\/wp-content\/uploads\/2023\/05\/RCK2023DM-vystaviste-foto4-1536x1024.jpg 1536w, https:\/\/rallyekrumlov.cz\/wp-content\/uploads\/2023\/05\/RCK2023DM-vystaviste-foto4-120x80.jpg 120w, https:\/\/rallyekrumlov.cz\/wp-content\/uploads\/2023\/05\/RCK2023DM-vystaviste-foto4.jpg 2000w\" sizes=\"auto, (max-width: 1200px) 100vw, 1200px\" \/><\/figure>\n\n\n\n<figure class=\"wp-block-image size-large\"><img loading=\"lazy\" decoding=\"async\" width=\"1200\" height=\"800\" src=\"https:\/\/rallyekrumlov.cz\/wp-content\/uploads\/2023\/05\/RCK2023DM-vystaviste-foto3-1200x800.jpg\" alt=\"\" class=\"wp-image-139999\" srcset=\"https:\/\/rallyekrumlov.cz\/wp-content\/uploads\/2023\/05\/RCK2023DM-vystaviste-foto3-1200x800.jpg 1200w, https:\/\/rallyekrumlov.cz\/wp-content\/uploads\/2023\/05\/RCK2023DM-vystaviste-foto3-768x512.jpg 768w, https:\/\/rallyekrumlov.cz\/wp-content\/uploads\/2023\/05\/RCK2023DM-vystaviste-foto3-1536x1024.jpg 1536w, https:\/\/rallyekrumlov.cz\/wp-content\/uploads\/2023\/05\/RCK2023DM-vystaviste-foto3-120x80.jpg 120w, https:\/\/rallyekrumlov.cz\/wp-content\/uploads\/2023\/05\/RCK2023DM-vystaviste-foto3.jpg 2000w\" sizes=\"auto, (max-width: 1200px) 100vw, 1200px\" \/><\/figure>\n\n\n\n<figure class=\"wp-block-image size-large\"><img loading=\"lazy\" decoding=\"async\" width=\"1200\" height=\"800\" src=\"https:\/\/rallyekrumlov.cz\/wp-content\/uploads\/2023\/05\/RCK2023DM-vystaviste-foto2-1200x800.jpg\" alt=\"\" class=\"wp-image-140001\" srcset=\"https:\/\/rallyekrumlov.cz\/wp-content\/uploads\/2023\/05\/RCK2023DM-vystaviste-foto2-1200x800.jpg 1200w, https:\/\/rallyekrumlov.cz\/wp-content\/uploads\/2023\/05\/RCK2023DM-vystaviste-foto2-768x512.jpg 768w, https:\/\/rallyekrumlov.cz\/wp-content\/uploads\/2023\/05\/RCK2023DM-vystaviste-foto2-1536x1024.jpg 1536w, https:\/\/rallyekrumlov.cz\/wp-content\/uploads\/2023\/05\/RCK2023DM-vystaviste-foto2-120x80.jpg 120w, https:\/\/rallyekrumlov.cz\/wp-content\/uploads\/2023\/05\/RCK2023DM-vystaviste-foto2.jpg 2000w\" sizes=\"auto, (max-width: 1200px) 100vw, 1200px\" \/><\/figure>\n\n\n\n<figure class=\"wp-block-image size-large\"><img loading=\"lazy\" decoding=\"async\" width=\"1200\" height=\"800\" src=\"https:\/\/rallyekrumlov.cz\/wp-content\/uploads\/2023\/05\/RCK2023DM-vystaviste-foto1-1200x800.jpg\" alt=\"\" class=\"wp-image-140003\" srcset=\"https:\/\/rallyekrumlov.cz\/wp-content\/uploads\/2023\/05\/RCK2023DM-vystaviste-foto1-1200x800.jpg 1200w, https:\/\/rallyekrumlov.cz\/wp-content\/uploads\/2023\/05\/RCK2023DM-vystaviste-foto1-768x512.jpg 768w, https:\/\/rallyekrumlov.cz\/wp-content\/uploads\/2023\/05\/RCK2023DM-vystaviste-foto1-1536x1024.jpg 1536w, https:\/\/rallyekrumlov.cz\/wp-content\/uploads\/2023\/05\/RCK2023DM-vystaviste-foto1-120x80.jpg 120w, https:\/\/rallyekrumlov.cz\/wp-content\/uploads\/2023\/05\/RCK2023DM-vystaviste-foto1.jpg 2000w\" sizes=\"auto, (max-width: 1200px) 100vw, 1200px\" \/><\/figure>\n","protected":false},"excerpt":{"rendered":"<p>Exhibition area V\u00fdstavi\u0161t\u011b \u010cesk\u00e9 Bud\u011bjovice Spectator special stage in the centre of the South Bohemian regional town. Measured test takes&#8230;<\/p>\n","protected":false},"author":3,"featured_media":0,"parent":127829,"menu_order":145,"comment_status":"closed","ping_status":"closed","template":"","meta":{"_acf_changed":false,"footnotes":""},"class_list":["post-141097","page","type-page","status-publish","hentry"],"acf":[],"yoast_head":"<!-- This site is optimized with the Yoast SEO Premium plugin v18.3 (Yoast SEO v27.3) - https:\/\/yoast.com\/product\/yoast-seo-premium-wordpress\/ -->\n<title>CB Auto Rallye Ar\u00e9na - Rallye \u010cesk\u00fd Krumlov<\/title>\n<meta name=\"robots\" content=\"index, follow, max-snippet:-1, max-image-preview:large, max-video-preview:-1\" \/>\n<link rel=\"canonical\" href=\"https:\/\/rallyekrumlov.cz\/en\/rck2023\/cb-auto-rallye-arena\/\" \/>\n<meta property=\"og:locale\" content=\"en_US\" \/>\n<meta property=\"og:type\" content=\"article\" \/>\n<meta property=\"og:title\" content=\"CB Auto Rallye Ar\u00e9na\" \/>\n<meta property=\"og:description\" content=\"Exhibition area V\u00fdstavi\u0161t\u011b \u010cesk\u00e9 Bud\u011bjovice Spectator special stage in the centre of the South Bohemian regional town. Measured test takes...\" \/>\n<meta property=\"og:url\" content=\"https:\/\/rallyekrumlov.cz\/en\/rck2023\/cb-auto-rallye-arena\/\" \/>\n<meta property=\"og:site_name\" content=\"Rallye \u010cesk\u00fd Krumlov\" \/>\n<meta property=\"article:modified_time\" content=\"2023-05-12T21:32:17+00:00\" \/>\n<meta property=\"og:image\" content=\"https:\/\/rallyekrumlov.cz\/wp-content\/uploads\/2023\/05\/RCK2023DM-vystaviste-plan-1200x600.jpg\" \/>\n<meta name=\"twitter:card\" content=\"summary_large_image\" \/>\n<meta name=\"twitter:label1\" content=\"Est. reading time\" \/>\n\t<meta name=\"twitter:data1\" content=\"4 minutes\" \/>\n<script type=\"application\/ld+json\" class=\"yoast-schema-graph\">{\"@context\":\"https:\\\/\\\/schema.org\",\"@graph\":[{\"@type\":\"WebPage\",\"@id\":\"https:\\\/\\\/rallyekrumlov.cz\\\/en\\\/rck2023\\\/cb-auto-rallye-arena\\\/\",\"url\":\"https:\\\/\\\/rallyekrumlov.cz\\\/en\\\/rck2023\\\/cb-auto-rallye-arena\\\/\",\"name\":\"CB Auto Rallye Ar\u00e9na - Rallye \u010cesk\u00fd Krumlov\",\"isPartOf\":{\"@id\":\"https:\\\/\\\/rallyekrumlov.cz\\\/#website\"},\"primaryImageOfPage\":{\"@id\":\"https:\\\/\\\/rallyekrumlov.cz\\\/en\\\/rck2023\\\/cb-auto-rallye-arena\\\/#primaryimage\"},\"image\":{\"@id\":\"https:\\\/\\\/rallyekrumlov.cz\\\/en\\\/rck2023\\\/cb-auto-rallye-arena\\\/#primaryimage\"},\"thumbnailUrl\":\"https:\\\/\\\/rallyekrumlov.cz\\\/wp-content\\\/uploads\\\/2023\\\/05\\\/RCK2023DM-vystaviste-plan-1200x600.jpg\",\"datePublished\":\"2023-05-11T20:03:00+00:00\",\"dateModified\":\"2023-05-12T21:32:17+00:00\",\"breadcrumb\":{\"@id\":\"https:\\\/\\\/rallyekrumlov.cz\\\/en\\\/rck2023\\\/cb-auto-rallye-arena\\\/#breadcrumb\"},\"inLanguage\":\"en-US\",\"potentialAction\":[{\"@type\":\"ReadAction\",\"target\":[\"https:\\\/\\\/rallyekrumlov.cz\\\/en\\\/rck2023\\\/cb-auto-rallye-arena\\\/\"]}]},{\"@type\":\"ImageObject\",\"inLanguage\":\"en-US\",\"@id\":\"https:\\\/\\\/rallyekrumlov.cz\\\/en\\\/rck2023\\\/cb-auto-rallye-arena\\\/#primaryimage\",\"url\":\"https:\\\/\\\/rallyekrumlov.cz\\\/wp-content\\\/uploads\\\/2023\\\/05\\\/RCK2023DM-vystaviste-plan-1200x600.jpg\",\"contentUrl\":\"https:\\\/\\\/rallyekrumlov.cz\\\/wp-content\\\/uploads\\\/2023\\\/05\\\/RCK2023DM-vystaviste-plan-1200x600.jpg\"},{\"@type\":\"BreadcrumbList\",\"@id\":\"https:\\\/\\\/rallyekrumlov.cz\\\/en\\\/rck2023\\\/cb-auto-rallye-arena\\\/#breadcrumb\",\"itemListElement\":[{\"@type\":\"ListItem\",\"position\":1,\"name\":\"Home\",\"item\":\"https:\\\/\\\/rallyekrumlov.cz\\\/en\\\/\"},{\"@type\":\"ListItem\",\"position\":2,\"name\":\"50. Rallye \u010cesk\u00fd Krumlov 2023\",\"item\":\"https:\\\/\\\/rallyekrumlov.cz\\\/en\\\/rck2023\\\/\"},{\"@type\":\"ListItem\",\"position\":3,\"name\":\"CB Auto Rallye Ar\u00e9na\"}]},{\"@type\":\"WebSite\",\"@id\":\"https:\\\/\\\/rallyekrumlov.cz\\\/#website\",\"url\":\"https:\\\/\\\/rallyekrumlov.cz\\\/\",\"name\":\"Rallye \u010cesk\u00fd Krumlov\",\"description\":\"\",\"potentialAction\":[{\"@type\":\"SearchAction\",\"target\":{\"@type\":\"EntryPoint\",\"urlTemplate\":\"https:\\\/\\\/rallyekrumlov.cz\\\/?s={search_term_string}\"},\"query-input\":{\"@type\":\"PropertyValueSpecification\",\"valueRequired\":true,\"valueName\":\"search_term_string\"}}],\"inLanguage\":\"en-US\"}]}<\/script>\n<!-- \/ Yoast SEO Premium plugin. -->","yoast_head_json":{"title":"CB Auto Rallye Ar\u00e9na - Rallye \u010cesk\u00fd Krumlov","robots":{"index":"index","follow":"follow","max-snippet":"max-snippet:-1","max-image-preview":"max-image-preview:large","max-video-preview":"max-video-preview:-1"},"canonical":"https:\/\/rallyekrumlov.cz\/en\/rck2023\/cb-auto-rallye-arena\/","og_locale":"en_US","og_type":"article","og_title":"CB Auto Rallye Ar\u00e9na","og_description":"Exhibition area V\u00fdstavi\u0161t\u011b \u010cesk\u00e9 Bud\u011bjovice Spectator special stage in the centre of the South Bohemian regional town. Measured test takes...","og_url":"https:\/\/rallyekrumlov.cz\/en\/rck2023\/cb-auto-rallye-arena\/","og_site_name":"Rallye \u010cesk\u00fd Krumlov","article_modified_time":"2023-05-12T21:32:17+00:00","og_image":[{"url":"https:\/\/rallyekrumlov.cz\/wp-content\/uploads\/2023\/05\/RCK2023DM-vystaviste-plan-1200x600.jpg","type":"","width":"","height":""}],"twitter_card":"summary_large_image","twitter_misc":{"Est. reading time":"4 minutes"},"schema":{"@context":"https:\/\/schema.org","@graph":[{"@type":"WebPage","@id":"https:\/\/rallyekrumlov.cz\/en\/rck2023\/cb-auto-rallye-arena\/","url":"https:\/\/rallyekrumlov.cz\/en\/rck2023\/cb-auto-rallye-arena\/","name":"CB Auto Rallye Ar\u00e9na - Rallye \u010cesk\u00fd Krumlov","isPartOf":{"@id":"https:\/\/rallyekrumlov.cz\/#website"},"primaryImageOfPage":{"@id":"https:\/\/rallyekrumlov.cz\/en\/rck2023\/cb-auto-rallye-arena\/#primaryimage"},"image":{"@id":"https:\/\/rallyekrumlov.cz\/en\/rck2023\/cb-auto-rallye-arena\/#primaryimage"},"thumbnailUrl":"https:\/\/rallyekrumlov.cz\/wp-content\/uploads\/2023\/05\/RCK2023DM-vystaviste-plan-1200x600.jpg","datePublished":"2023-05-11T20:03:00+00:00","dateModified":"2023-05-12T21:32:17+00:00","breadcrumb":{"@id":"https:\/\/rallyekrumlov.cz\/en\/rck2023\/cb-auto-rallye-arena\/#breadcrumb"},"inLanguage":"en-US","potentialAction":[{"@type":"ReadAction","target":["https:\/\/rallyekrumlov.cz\/en\/rck2023\/cb-auto-rallye-arena\/"]}]},{"@type":"ImageObject","inLanguage":"en-US","@id":"https:\/\/rallyekrumlov.cz\/en\/rck2023\/cb-auto-rallye-arena\/#primaryimage","url":"https:\/\/rallyekrumlov.cz\/wp-content\/uploads\/2023\/05\/RCK2023DM-vystaviste-plan-1200x600.jpg","contentUrl":"https:\/\/rallyekrumlov.cz\/wp-content\/uploads\/2023\/05\/RCK2023DM-vystaviste-plan-1200x600.jpg"},{"@type":"BreadcrumbList","@id":"https:\/\/rallyekrumlov.cz\/en\/rck2023\/cb-auto-rallye-arena\/#breadcrumb","itemListElement":[{"@type":"ListItem","position":1,"name":"Home","item":"https:\/\/rallyekrumlov.cz\/en\/"},{"@type":"ListItem","position":2,"name":"50. Rallye \u010cesk\u00fd Krumlov 2023","item":"https:\/\/rallyekrumlov.cz\/en\/rck2023\/"},{"@type":"ListItem","position":3,"name":"CB Auto Rallye Ar\u00e9na"}]},{"@type":"WebSite","@id":"https:\/\/rallyekrumlov.cz\/#website","url":"https:\/\/rallyekrumlov.cz\/","name":"Rallye \u010cesk\u00fd Krumlov","description":"","potentialAction":[{"@type":"SearchAction","target":{"@type":"EntryPoint","urlTemplate":"https:\/\/rallyekrumlov.cz\/?s={search_term_string}"},"query-input":{"@type":"PropertyValueSpecification","valueRequired":true,"valueName":"search_term_string"}}],"inLanguage":"en-US"}]}},"_links":{"self":[{"href":"https:\/\/rallyekrumlov.cz\/en\/wp-json\/wp\/v2\/pages\/141097","targetHints":{"allow":["GET"]}}],"collection":[{"href":"https:\/\/rallyekrumlov.cz\/en\/wp-json\/wp\/v2\/pages"}],"about":[{"href":"https:\/\/rallyekrumlov.cz\/en\/wp-json\/wp\/v2\/types\/page"}],"author":[{"embeddable":true,"href":"https:\/\/rallyekrumlov.cz\/en\/wp-json\/wp\/v2\/users\/3"}],"replies":[{"embeddable":true,"href":"https:\/\/rallyekrumlov.cz\/en\/wp-json\/wp\/v2\/comments?post=141097"}],"version-history":[{"count":2,"href":"https:\/\/rallyekrumlov.cz\/en\/wp-json\/wp\/v2\/pages\/141097\/revisions"}],"predecessor-version":[{"id":141184,"href":"https:\/\/rallyekrumlov.cz\/en\/wp-json\/wp\/v2\/pages\/141097\/revisions\/141184"}],"up":[{"embeddable":true,"href":"https:\/\/rallyekrumlov.cz\/en\/wp-json\/wp\/v2\/pages\/127829"}],"wp:attachment":[{"href":"https:\/\/rallyekrumlov.cz\/en\/wp-json\/wp\/v2\/media?parent=141097"}],"curies":[{"name":"wp","href":"https:\/\/api.w.org\/{rel}","templated":true}]}}