{"id":141157,"date":"2023-05-12T22:54:31","date_gmt":"2023-05-12T20:54:31","guid":{"rendered":"https:\/\/rallyekrumlov.cz\/?page_id=141157"},"modified":"2023-05-12T22:54:31","modified_gmt":"2023-05-12T20:54:31","slug":"spectator-place-e","status":"publish","type":"page","link":"https:\/\/rallyekrumlov.cz\/en\/rck2023\/spectator-place-e\/","title":{"rendered":"Spectator place E"},"content":{"rendered":"\n<h4 class=\"wp-block-heading\" id=\"h-e1-col-de-jan-svaty-jan-nad-malsi-farm\"><strong>E1 &#8211; Col de J\u00e1n \/ Svat\u00fd Jan nad Mal\u0161\u00ed &#8211; farm<\/strong><\/h4>\n\n\n\n<p>Cult spectator place of the Rallye \u010cesk\u00fd Krumlov in Svat\u00fd Jan nad Mal\u0161\u00ed. The crews will appear on the outskirts of the village and after passing the deceleration retarder at the end of the fast section in an avenue of trees, they will turn left around the pack between farm buildings. The famous ace exit past the warehouse will be attractive, as will the legendary downhill run and sharp turn onto the main road.<\/p>\n\n\n\n<p>Access from Vele\u0161\u00edn with parking on the road. On the approach from Lo\u010denice there is a parking lot on the meadow behind the village, <strong>parking on the road is forbidden!<\/strong><\/p>\n\n\n\n<ul class=\"wp-block-list\">\n<li>Special stage:<strong> PLATINUM ORLEN OIL J\u00e1n<\/strong><\/li>\n\n\n\n<li>Stage lenght: <strong>13,66 km<\/strong><\/li>\n\n\n\n<li>Date: <strong>Friday 19 Mai 2023<\/strong><\/li>\n\n\n\n<li>GPS: <strong><a href=\"https:\/\/mapy.cz\/s\/fuvapukuve\" target=\"_blank\" rel=\"noreferrer noopener\">N 48\u00b049.254&#8242;, E 014\u00b030.460<\/a><\/strong><\/li>\n<\/ul>\n\n\n\n<p class=\"has-black-color has-text-color\"><strong>FIA European Rally Trophy | <strong><strong>PSG\u00a0Czech Rally Championship<\/strong><\/strong><\/strong><br><strong>SS 3<\/strong> | 1st car: <strong>18:11<\/strong><br><strong>SS 7<\/strong> | 1st car: <strong>22:14<\/strong><\/p>\n\n\n\n<p class=\"has-black-color has-text-color\"><strong><strong>AUTOKLUB Czech Historic Sporting Rally Championship<\/strong><\/strong><br>1st car starts immediately after the FIA ERT \/ Czech Rally Championship!<\/p>\n\n\n\n<p><strong>XV. Rallye Legendy Show<\/strong><br>The exhibition run of legends will take place after the Czech Historic Sporting Rally Championship only at SS 3.<\/p>\n\n\n\n<figure class=\"wp-block-image size-large\"><img loading=\"lazy\" decoding=\"async\" width=\"1200\" height=\"1124\" src=\"https:\/\/rallyekrumlov.cz\/wp-content\/uploads\/2023\/05\/RCK2023DME1plan-1200x1124.jpg\" alt=\"\" class=\"wp-image-139868\" srcset=\"https:\/\/rallyekrumlov.cz\/wp-content\/uploads\/2023\/05\/RCK2023DME1plan-1200x1124.jpg 1200w, https:\/\/rallyekrumlov.cz\/wp-content\/uploads\/2023\/05\/RCK2023DME1plan-768x720.jpg 768w, https:\/\/rallyekrumlov.cz\/wp-content\/uploads\/2023\/05\/RCK2023DME1plan-1536x1439.jpg 1536w, https:\/\/rallyekrumlov.cz\/wp-content\/uploads\/2023\/05\/RCK2023DME1plan-85x80.jpg 85w, https:\/\/rallyekrumlov.cz\/wp-content\/uploads\/2023\/05\/RCK2023DME1plan.jpg 2000w\" sizes=\"auto, (max-width: 1200px) 100vw, 1200px\" \/><\/figure>\n\n\n\n<figure class=\"wp-block-image size-large\"><img loading=\"lazy\" decoding=\"async\" width=\"1200\" height=\"800\" src=\"https:\/\/rallyekrumlov.cz\/wp-content\/uploads\/2023\/05\/RCK2023DMEfoto1-1200x800.jpg\" alt=\"\" class=\"wp-image-139890\" srcset=\"https:\/\/rallyekrumlov.cz\/wp-content\/uploads\/2023\/05\/RCK2023DMEfoto1-1200x800.jpg 1200w, https:\/\/rallyekrumlov.cz\/wp-content\/uploads\/2023\/05\/RCK2023DMEfoto1-768x512.jpg 768w, https:\/\/rallyekrumlov.cz\/wp-content\/uploads\/2023\/05\/RCK2023DMEfoto1-1536x1024.jpg 1536w, https:\/\/rallyekrumlov.cz\/wp-content\/uploads\/2023\/05\/RCK2023DMEfoto1-120x80.jpg 120w, https:\/\/rallyekrumlov.cz\/wp-content\/uploads\/2023\/05\/RCK2023DMEfoto1.jpg 2000w\" sizes=\"auto, (max-width: 1200px) 100vw, 1200px\" \/><\/figure>\n\n\n\n<figure class=\"wp-block-image size-large is-resized\"><img loading=\"lazy\" decoding=\"async\" src=\"https:\/\/rallyekrumlov.cz\/wp-content\/uploads\/2023\/05\/RCK2023DMEfoto2-1200x800.jpg\" alt=\"\" class=\"wp-image-139892\" width=\"900\" height=\"600\" srcset=\"https:\/\/rallyekrumlov.cz\/wp-content\/uploads\/2023\/05\/RCK2023DMEfoto2-1200x800.jpg 1200w, https:\/\/rallyekrumlov.cz\/wp-content\/uploads\/2023\/05\/RCK2023DMEfoto2-768x512.jpg 768w, https:\/\/rallyekrumlov.cz\/wp-content\/uploads\/2023\/05\/RCK2023DMEfoto2-1536x1024.jpg 1536w, https:\/\/rallyekrumlov.cz\/wp-content\/uploads\/2023\/05\/RCK2023DMEfoto2-120x80.jpg 120w, https:\/\/rallyekrumlov.cz\/wp-content\/uploads\/2023\/05\/RCK2023DMEfoto2.jpg 2000w\" sizes=\"auto, (max-width: 900px) 100vw, 900px\" \/><\/figure>\n\n\n\n<figure class=\"wp-block-image size-large\"><img loading=\"lazy\" decoding=\"async\" width=\"1200\" height=\"800\" src=\"https:\/\/rallyekrumlov.cz\/wp-content\/uploads\/2023\/05\/RCK2023DMEfoto3-1200x800.jpg\" alt=\"\" class=\"wp-image-139894\" srcset=\"https:\/\/rallyekrumlov.cz\/wp-content\/uploads\/2023\/05\/RCK2023DMEfoto3-1200x800.jpg 1200w, https:\/\/rallyekrumlov.cz\/wp-content\/uploads\/2023\/05\/RCK2023DMEfoto3-768x512.jpg 768w, https:\/\/rallyekrumlov.cz\/wp-content\/uploads\/2023\/05\/RCK2023DMEfoto3-1536x1024.jpg 1536w, https:\/\/rallyekrumlov.cz\/wp-content\/uploads\/2023\/05\/RCK2023DMEfoto3-120x80.jpg 120w, https:\/\/rallyekrumlov.cz\/wp-content\/uploads\/2023\/05\/RCK2023DMEfoto3.jpg 2000w\" sizes=\"auto, (max-width: 1200px) 100vw, 1200px\" \/><\/figure>\n\n\n\n<hr class=\"wp-block-separator has-alpha-channel-opacity\"\/>\n\n\n\n<h4 class=\"wp-block-heading\" id=\"h-e2-col-de-jan-svaty-jan-nad-malsi-turn-right\"><strong>E2 &#8211; Col de J\u00e1n \/ Svat\u00fd Jan nad Mal\u0161\u00ed &#8211; turn right<\/strong><\/h4>\n\n\n\n<p>Cult spectator place of the Rallye \u010cesk\u00fd Krumlov in Svat\u00fd Jan nad Mal\u0161\u00ed. The crews will appear on the outskirts of the village and after passing the deceleration retarder at the end of the fast section in an avenue of trees, they will turn left around the pack between farm buildings. The famous ace exit past the warehouse will be attractive, as will the legendary downhill run and sharp turn onto the main road.<\/p>\n\n\n\n<p>Access from Vele\u0161\u00edn with parking on the road. On the approach from Lo\u010denice there is a parking lot on the meadow behind the village, <strong>parking on the road is forbidden!<\/strong><\/p>\n\n\n\n<ul class=\"wp-block-list\">\n<li>Special stage:<strong> PLATINUM ORLEN OIL J\u00e1n<\/strong><\/li>\n\n\n\n<li>Stage lenght: <strong>13,66 km<\/strong><\/li>\n\n\n\n<li>Date: <strong>Friday 19 Mai 2023<\/strong><\/li>\n\n\n\n<li>GPS: <a href=\"https:\/\/mapy.cz\/s\/hogocefabu\" target=\"_blank\" rel=\"noreferrer noopener\"><strong>N 48\u00b049.42502&#8242;, E 14\u00b030.21088&#8242;<\/strong><\/a><\/li>\n<\/ul>\n\n\n\n<p class=\"has-black-color has-text-color\"><strong>FIA European Rally Trophy | <strong><strong>PSG\u00a0Czech Rally Championship<\/strong><\/strong><\/strong><br><strong>SS 3<\/strong> | 1st car: <strong>18:11<\/strong><br><strong>SS 7<\/strong> | 1st car: <strong>22:14<\/strong><\/p>\n\n\n\n<p class=\"has-black-color has-text-color\"><strong><strong>AUTOKLUB Czech Historic Sporting Rally Championship<\/strong><\/strong><br>1st car starts immediately after the FIA ERT \/ Czech Rally Championship!<\/p>\n\n\n\n<p><strong>XV. Rallye Legendy Show<\/strong><br>The exhibition run of legends will take place after the Czech Historic Sporting Rally Championship only at SS 3.<\/p>\n\n\n\n<figure class=\"wp-block-image size-large\"><img loading=\"lazy\" decoding=\"async\" width=\"972\" height=\"1200\" src=\"https:\/\/rallyekrumlov.cz\/wp-content\/uploads\/2023\/05\/RCK2023DME2plan-972x1200.jpg\" alt=\"\" class=\"wp-image-139870\" srcset=\"https:\/\/rallyekrumlov.cz\/wp-content\/uploads\/2023\/05\/RCK2023DME2plan-972x1200.jpg 972w, https:\/\/rallyekrumlov.cz\/wp-content\/uploads\/2023\/05\/RCK2023DME2plan-768x948.jpg 768w, https:\/\/rallyekrumlov.cz\/wp-content\/uploads\/2023\/05\/RCK2023DME2plan-1244x1536.jpg 1244w, https:\/\/rallyekrumlov.cz\/wp-content\/uploads\/2023\/05\/RCK2023DME2plan-1659x2048.jpg 1659w, https:\/\/rallyekrumlov.cz\/wp-content\/uploads\/2023\/05\/RCK2023DME2plan-65x80.jpg 65w, https:\/\/rallyekrumlov.cz\/wp-content\/uploads\/2023\/05\/RCK2023DME2plan.jpg 2000w\" sizes=\"auto, (max-width: 972px) 100vw, 972px\" \/><\/figure>\n\n\n\n<figure class=\"wp-block-image size-large\"><img loading=\"lazy\" decoding=\"async\" width=\"1200\" height=\"800\" src=\"https:\/\/rallyekrumlov.cz\/wp-content\/uploads\/2023\/05\/RCK2023DMEfoto4-1200x800.jpg\" alt=\"\" class=\"wp-image-139896\" srcset=\"https:\/\/rallyekrumlov.cz\/wp-content\/uploads\/2023\/05\/RCK2023DMEfoto4-1200x800.jpg 1200w, https:\/\/rallyekrumlov.cz\/wp-content\/uploads\/2023\/05\/RCK2023DMEfoto4-768x512.jpg 768w, https:\/\/rallyekrumlov.cz\/wp-content\/uploads\/2023\/05\/RCK2023DMEfoto4-1536x1024.jpg 1536w, https:\/\/rallyekrumlov.cz\/wp-content\/uploads\/2023\/05\/RCK2023DMEfoto4-120x80.jpg 120w, https:\/\/rallyekrumlov.cz\/wp-content\/uploads\/2023\/05\/RCK2023DMEfoto4.jpg 2000w\" sizes=\"auto, (max-width: 1200px) 100vw, 1200px\" \/><\/figure>\n\n\n\n<figure class=\"wp-block-image size-large\"><img loading=\"lazy\" decoding=\"async\" width=\"1200\" height=\"800\" src=\"https:\/\/rallyekrumlov.cz\/wp-content\/uploads\/2023\/05\/RCK2023DMEfoto5-1200x800.jpg\" alt=\"\" class=\"wp-image-139898\" srcset=\"https:\/\/rallyekrumlov.cz\/wp-content\/uploads\/2023\/05\/RCK2023DMEfoto5-1200x800.jpg 1200w, https:\/\/rallyekrumlov.cz\/wp-content\/uploads\/2023\/05\/RCK2023DMEfoto5-768x512.jpg 768w, https:\/\/rallyekrumlov.cz\/wp-content\/uploads\/2023\/05\/RCK2023DMEfoto5-1536x1024.jpg 1536w, https:\/\/rallyekrumlov.cz\/wp-content\/uploads\/2023\/05\/RCK2023DMEfoto5-120x80.jpg 120w, https:\/\/rallyekrumlov.cz\/wp-content\/uploads\/2023\/05\/RCK2023DMEfoto5.jpg 2000w\" sizes=\"auto, (max-width: 1200px) 100vw, 1200px\" \/><\/figure>\n\n\n\n<figure class=\"wp-block-image size-large\"><img loading=\"lazy\" decoding=\"async\" width=\"1200\" height=\"800\" src=\"https:\/\/rallyekrumlov.cz\/wp-content\/uploads\/2023\/05\/RCK2023DMEfoto6-1200x800.jpg\" alt=\"\" class=\"wp-image-139900\" srcset=\"https:\/\/rallyekrumlov.cz\/wp-content\/uploads\/2023\/05\/RCK2023DMEfoto6-1200x800.jpg 1200w, https:\/\/rallyekrumlov.cz\/wp-content\/uploads\/2023\/05\/RCK2023DMEfoto6-768x512.jpg 768w, https:\/\/rallyekrumlov.cz\/wp-content\/uploads\/2023\/05\/RCK2023DMEfoto6-1536x1024.jpg 1536w, https:\/\/rallyekrumlov.cz\/wp-content\/uploads\/2023\/05\/RCK2023DMEfoto6-120x80.jpg 120w, https:\/\/rallyekrumlov.cz\/wp-content\/uploads\/2023\/05\/RCK2023DMEfoto6.jpg 2000w\" sizes=\"auto, (max-width: 1200px) 100vw, 1200px\" \/><\/figure>\n","protected":false},"excerpt":{"rendered":"<p>E1 &#8211; Col de J\u00e1n \/ Svat\u00fd Jan nad Mal\u0161\u00ed &#8211; farm Cult spectator place of the Rallye \u010cesk\u00fd Krumlov&#8230;<\/p>\n","protected":false},"author":3,"featured_media":0,"parent":127829,"menu_order":161,"comment_status":"closed","ping_status":"closed","template":"","meta":{"_acf_changed":false,"footnotes":""},"class_list":["post-141157","page","type-page","status-publish","hentry"],"acf":[],"yoast_head":"<!-- This site is optimized with the Yoast SEO Premium plugin v18.3 (Yoast SEO v27.3) - https:\/\/yoast.com\/product\/yoast-seo-premium-wordpress\/ -->\n<title>Spectator place E - Rallye \u010cesk\u00fd Krumlov<\/title>\n<meta name=\"robots\" content=\"index, follow, max-snippet:-1, max-image-preview:large, max-video-preview:-1\" \/>\n<link rel=\"canonical\" href=\"https:\/\/rallyekrumlov.cz\/en\/rck2023\/spectator-place-e\/\" \/>\n<meta property=\"og:locale\" content=\"en_US\" \/>\n<meta property=\"og:type\" content=\"article\" \/>\n<meta property=\"og:title\" content=\"Spectator place E\" \/>\n<meta property=\"og:description\" content=\"E1 &#8211; Col de J\u00e1n \/ Svat\u00fd Jan nad Mal\u0161\u00ed &#8211; farm Cult spectator place of the Rallye \u010cesk\u00fd Krumlov...\" \/>\n<meta property=\"og:url\" content=\"https:\/\/rallyekrumlov.cz\/en\/rck2023\/spectator-place-e\/\" \/>\n<meta property=\"og:site_name\" content=\"Rallye \u010cesk\u00fd Krumlov\" \/>\n<meta property=\"og:image\" content=\"https:\/\/rallyekrumlov.cz\/wp-content\/uploads\/2023\/05\/RCK2023DME1plan-1200x1124.jpg\" \/>\n<meta name=\"twitter:card\" content=\"summary_large_image\" \/>\n<meta name=\"twitter:label1\" content=\"Est. reading time\" \/>\n\t<meta name=\"twitter:data1\" content=\"4 minutes\" \/>\n<script type=\"application\/ld+json\" class=\"yoast-schema-graph\">{\"@context\":\"https:\\\/\\\/schema.org\",\"@graph\":[{\"@type\":\"WebPage\",\"@id\":\"https:\\\/\\\/rallyekrumlov.cz\\\/en\\\/rck2023\\\/spectator-place-e\\\/\",\"url\":\"https:\\\/\\\/rallyekrumlov.cz\\\/en\\\/rck2023\\\/spectator-place-e\\\/\",\"name\":\"Spectator place E - Rallye \u010cesk\u00fd Krumlov\",\"isPartOf\":{\"@id\":\"https:\\\/\\\/rallyekrumlov.cz\\\/#website\"},\"primaryImageOfPage\":{\"@id\":\"https:\\\/\\\/rallyekrumlov.cz\\\/en\\\/rck2023\\\/spectator-place-e\\\/#primaryimage\"},\"image\":{\"@id\":\"https:\\\/\\\/rallyekrumlov.cz\\\/en\\\/rck2023\\\/spectator-place-e\\\/#primaryimage\"},\"thumbnailUrl\":\"https:\\\/\\\/rallyekrumlov.cz\\\/wp-content\\\/uploads\\\/2023\\\/05\\\/RCK2023DME1plan-1200x1124.jpg\",\"datePublished\":\"2023-05-12T20:54:31+00:00\",\"breadcrumb\":{\"@id\":\"https:\\\/\\\/rallyekrumlov.cz\\\/en\\\/rck2023\\\/spectator-place-e\\\/#breadcrumb\"},\"inLanguage\":\"en-US\",\"potentialAction\":[{\"@type\":\"ReadAction\",\"target\":[\"https:\\\/\\\/rallyekrumlov.cz\\\/en\\\/rck2023\\\/spectator-place-e\\\/\"]}]},{\"@type\":\"ImageObject\",\"inLanguage\":\"en-US\",\"@id\":\"https:\\\/\\\/rallyekrumlov.cz\\\/en\\\/rck2023\\\/spectator-place-e\\\/#primaryimage\",\"url\":\"https:\\\/\\\/rallyekrumlov.cz\\\/wp-content\\\/uploads\\\/2023\\\/05\\\/RCK2023DME1plan-1200x1124.jpg\",\"contentUrl\":\"https:\\\/\\\/rallyekrumlov.cz\\\/wp-content\\\/uploads\\\/2023\\\/05\\\/RCK2023DME1plan-1200x1124.jpg\"},{\"@type\":\"BreadcrumbList\",\"@id\":\"https:\\\/\\\/rallyekrumlov.cz\\\/en\\\/rck2023\\\/spectator-place-e\\\/#breadcrumb\",\"itemListElement\":[{\"@type\":\"ListItem\",\"position\":1,\"name\":\"Home\",\"item\":\"https:\\\/\\\/rallyekrumlov.cz\\\/en\\\/\"},{\"@type\":\"ListItem\",\"position\":2,\"name\":\"50. Rallye \u010cesk\u00fd Krumlov 2023\",\"item\":\"https:\\\/\\\/rallyekrumlov.cz\\\/en\\\/rck2023\\\/\"},{\"@type\":\"ListItem\",\"position\":3,\"name\":\"Spectator place E\"}]},{\"@type\":\"WebSite\",\"@id\":\"https:\\\/\\\/rallyekrumlov.cz\\\/#website\",\"url\":\"https:\\\/\\\/rallyekrumlov.cz\\\/\",\"name\":\"Rallye \u010cesk\u00fd Krumlov\",\"description\":\"\",\"potentialAction\":[{\"@type\":\"SearchAction\",\"target\":{\"@type\":\"EntryPoint\",\"urlTemplate\":\"https:\\\/\\\/rallyekrumlov.cz\\\/?s={search_term_string}\"},\"query-input\":{\"@type\":\"PropertyValueSpecification\",\"valueRequired\":true,\"valueName\":\"search_term_string\"}}],\"inLanguage\":\"en-US\"}]}<\/script>\n<!-- \/ Yoast SEO Premium plugin. -->","yoast_head_json":{"title":"Spectator place E - Rallye \u010cesk\u00fd Krumlov","robots":{"index":"index","follow":"follow","max-snippet":"max-snippet:-1","max-image-preview":"max-image-preview:large","max-video-preview":"max-video-preview:-1"},"canonical":"https:\/\/rallyekrumlov.cz\/en\/rck2023\/spectator-place-e\/","og_locale":"en_US","og_type":"article","og_title":"Spectator place E","og_description":"E1 &#8211; Col de J\u00e1n \/ Svat\u00fd Jan nad Mal\u0161\u00ed &#8211; farm Cult spectator place of the Rallye \u010cesk\u00fd Krumlov...","og_url":"https:\/\/rallyekrumlov.cz\/en\/rck2023\/spectator-place-e\/","og_site_name":"Rallye \u010cesk\u00fd Krumlov","og_image":[{"url":"https:\/\/rallyekrumlov.cz\/wp-content\/uploads\/2023\/05\/RCK2023DME1plan-1200x1124.jpg","type":"","width":"","height":""}],"twitter_card":"summary_large_image","twitter_misc":{"Est. reading time":"4 minutes"},"schema":{"@context":"https:\/\/schema.org","@graph":[{"@type":"WebPage","@id":"https:\/\/rallyekrumlov.cz\/en\/rck2023\/spectator-place-e\/","url":"https:\/\/rallyekrumlov.cz\/en\/rck2023\/spectator-place-e\/","name":"Spectator place E - Rallye \u010cesk\u00fd Krumlov","isPartOf":{"@id":"https:\/\/rallyekrumlov.cz\/#website"},"primaryImageOfPage":{"@id":"https:\/\/rallyekrumlov.cz\/en\/rck2023\/spectator-place-e\/#primaryimage"},"image":{"@id":"https:\/\/rallyekrumlov.cz\/en\/rck2023\/spectator-place-e\/#primaryimage"},"thumbnailUrl":"https:\/\/rallyekrumlov.cz\/wp-content\/uploads\/2023\/05\/RCK2023DME1plan-1200x1124.jpg","datePublished":"2023-05-12T20:54:31+00:00","breadcrumb":{"@id":"https:\/\/rallyekrumlov.cz\/en\/rck2023\/spectator-place-e\/#breadcrumb"},"inLanguage":"en-US","potentialAction":[{"@type":"ReadAction","target":["https:\/\/rallyekrumlov.cz\/en\/rck2023\/spectator-place-e\/"]}]},{"@type":"ImageObject","inLanguage":"en-US","@id":"https:\/\/rallyekrumlov.cz\/en\/rck2023\/spectator-place-e\/#primaryimage","url":"https:\/\/rallyekrumlov.cz\/wp-content\/uploads\/2023\/05\/RCK2023DME1plan-1200x1124.jpg","contentUrl":"https:\/\/rallyekrumlov.cz\/wp-content\/uploads\/2023\/05\/RCK2023DME1plan-1200x1124.jpg"},{"@type":"BreadcrumbList","@id":"https:\/\/rallyekrumlov.cz\/en\/rck2023\/spectator-place-e\/#breadcrumb","itemListElement":[{"@type":"ListItem","position":1,"name":"Home","item":"https:\/\/rallyekrumlov.cz\/en\/"},{"@type":"ListItem","position":2,"name":"50. Rallye \u010cesk\u00fd Krumlov 2023","item":"https:\/\/rallyekrumlov.cz\/en\/rck2023\/"},{"@type":"ListItem","position":3,"name":"Spectator place E"}]},{"@type":"WebSite","@id":"https:\/\/rallyekrumlov.cz\/#website","url":"https:\/\/rallyekrumlov.cz\/","name":"Rallye \u010cesk\u00fd Krumlov","description":"","potentialAction":[{"@type":"SearchAction","target":{"@type":"EntryPoint","urlTemplate":"https:\/\/rallyekrumlov.cz\/?s={search_term_string}"},"query-input":{"@type":"PropertyValueSpecification","valueRequired":true,"valueName":"search_term_string"}}],"inLanguage":"en-US"}]}},"_links":{"self":[{"href":"https:\/\/rallyekrumlov.cz\/en\/wp-json\/wp\/v2\/pages\/141157","targetHints":{"allow":["GET"]}}],"collection":[{"href":"https:\/\/rallyekrumlov.cz\/en\/wp-json\/wp\/v2\/pages"}],"about":[{"href":"https:\/\/rallyekrumlov.cz\/en\/wp-json\/wp\/v2\/types\/page"}],"author":[{"embeddable":true,"href":"https:\/\/rallyekrumlov.cz\/en\/wp-json\/wp\/v2\/users\/3"}],"replies":[{"embeddable":true,"href":"https:\/\/rallyekrumlov.cz\/en\/wp-json\/wp\/v2\/comments?post=141157"}],"version-history":[{"count":1,"href":"https:\/\/rallyekrumlov.cz\/en\/wp-json\/wp\/v2\/pages\/141157\/revisions"}],"predecessor-version":[{"id":141159,"href":"https:\/\/rallyekrumlov.cz\/en\/wp-json\/wp\/v2\/pages\/141157\/revisions\/141159"}],"up":[{"embeddable":true,"href":"https:\/\/rallyekrumlov.cz\/en\/wp-json\/wp\/v2\/pages\/127829"}],"wp:attachment":[{"href":"https:\/\/rallyekrumlov.cz\/en\/wp-json\/wp\/v2\/media?parent=141157"}],"curies":[{"name":"wp","href":"https:\/\/api.w.org\/{rel}","templated":true}]}}