{"id":141173,"date":"2023-05-12T23:15:55","date_gmt":"2023-05-12T21:15:55","guid":{"rendered":"https:\/\/rallyekrumlov.cz\/?page_id=141173"},"modified":"2023-05-12T23:16:45","modified_gmt":"2023-05-12T21:16:45","slug":"spectator-place-j","status":"publish","type":"page","link":"https:\/\/rallyekrumlov.cz\/en\/rck2023\/spectator-place-j\/","title":{"rendered":"Spectator place J"},"content":{"rendered":"\n<h4 class=\"wp-block-heading\" id=\"h-malonty\"><strong><strong><strong><strong>Malonty<\/strong><\/strong><\/strong><\/strong><\/h4>\n\n\n\n<p>A brand new look of the cult spectator place of the Rallye \u010cesk\u00fd Krumlov known for its great atmosphere and interesting passages pleasing to the eyes of the spectators. The approach to the village square in the opposite direction than has been usual in the past quarter of a century, this year with a detour around the island around the bus stop.<\/p>\n\n\n\n<p>Access from Kaplice on road number 158, or from Mezi\u0159\u00ed\u010d\u00ed on road 1589. Parking on the roads in the village.<\/p>\n\n\n\n<ul class=\"wp-block-list\">\n<li>Special stage:<strong> INOTECH electronic Malonty<\/strong><\/li>\n\n\n\n<li>Stage lenght: <strong>25,70 km<\/strong><\/li>\n\n\n\n<li>Date: <strong>Saturday 20 Mai 2023<\/strong><\/li>\n\n\n\n<li>GPS: <strong><a href=\"https:\/\/mapy.cz\/s\/povaturaza\" target=\"_blank\" rel=\"noreferrer noopener\">N 48\u00b041.18375&#8242;, E 14\u00b034.71657&#8242;<\/a><\/strong><\/li>\n<\/ul>\n\n\n\n<p class=\"has-black-color has-text-color\"><strong>FIA European Rally Trophy | <strong><strong>PSG\u00a0Czech Rally Championship<\/strong><\/strong><\/strong><br><strong>SS 9<\/strong> | 1st car: <strong>10:02<\/strong><br><strong>SS 13<\/strong> | 1st car: <strong>15:37<\/strong><\/p>\n\n\n\n<p class=\"has-black-color has-text-color\"><strong><strong>AUTOKLUB Czech Historic Sporting Rally Championship<\/strong><\/strong><br>1st car starts immediately after the FIA ERT \/ Czech Rally Championship!<\/p>\n\n\n\n<p><strong>XV. Rallye Legendy Show<\/strong><br>The exhibition run of legends will take place after the Czech Historic Sporting Rally Championship only at SS 9.<\/p>\n\n\n\n<figure class=\"wp-block-image size-large\"><img loading=\"lazy\" decoding=\"async\" width=\"1200\" height=\"898\" src=\"https:\/\/rallyekrumlov.cz\/wp-content\/uploads\/2023\/05\/RCK2023DMJplan-1200x898.jpg\" alt=\"\" class=\"wp-image-139880\" srcset=\"https:\/\/rallyekrumlov.cz\/wp-content\/uploads\/2023\/05\/RCK2023DMJplan-1200x898.jpg 1200w, https:\/\/rallyekrumlov.cz\/wp-content\/uploads\/2023\/05\/RCK2023DMJplan-768x575.jpg 768w, https:\/\/rallyekrumlov.cz\/wp-content\/uploads\/2023\/05\/RCK2023DMJplan-1536x1150.jpg 1536w, https:\/\/rallyekrumlov.cz\/wp-content\/uploads\/2023\/05\/RCK2023DMJplan-107x80.jpg 107w, https:\/\/rallyekrumlov.cz\/wp-content\/uploads\/2023\/05\/RCK2023DMJplan.jpg 2000w\" sizes=\"auto, (max-width: 1200px) 100vw, 1200px\" \/><\/figure>\n\n\n\n<figure class=\"wp-block-image size-large\"><img loading=\"lazy\" decoding=\"async\" width=\"1200\" height=\"800\" src=\"https:\/\/rallyekrumlov.cz\/wp-content\/uploads\/2023\/05\/RCK2023DMJfoto1-1200x800.jpg\" alt=\"\" class=\"wp-image-139928\" srcset=\"https:\/\/rallyekrumlov.cz\/wp-content\/uploads\/2023\/05\/RCK2023DMJfoto1-1200x800.jpg 1200w, https:\/\/rallyekrumlov.cz\/wp-content\/uploads\/2023\/05\/RCK2023DMJfoto1-768x512.jpg 768w, https:\/\/rallyekrumlov.cz\/wp-content\/uploads\/2023\/05\/RCK2023DMJfoto1-1536x1024.jpg 1536w, https:\/\/rallyekrumlov.cz\/wp-content\/uploads\/2023\/05\/RCK2023DMJfoto1-120x80.jpg 120w, https:\/\/rallyekrumlov.cz\/wp-content\/uploads\/2023\/05\/RCK2023DMJfoto1.jpg 2000w\" sizes=\"auto, (max-width: 1200px) 100vw, 1200px\" \/><\/figure>\n\n\n\n<figure class=\"wp-block-image size-large\"><img loading=\"lazy\" decoding=\"async\" width=\"1200\" height=\"800\" src=\"https:\/\/rallyekrumlov.cz\/wp-content\/uploads\/2023\/05\/RCK2023DMJfoto2-1200x800.jpg\" alt=\"\" class=\"wp-image-139930\" srcset=\"https:\/\/rallyekrumlov.cz\/wp-content\/uploads\/2023\/05\/RCK2023DMJfoto2-1200x800.jpg 1200w, https:\/\/rallyekrumlov.cz\/wp-content\/uploads\/2023\/05\/RCK2023DMJfoto2-768x512.jpg 768w, https:\/\/rallyekrumlov.cz\/wp-content\/uploads\/2023\/05\/RCK2023DMJfoto2-1536x1024.jpg 1536w, https:\/\/rallyekrumlov.cz\/wp-content\/uploads\/2023\/05\/RCK2023DMJfoto2-120x80.jpg 120w, https:\/\/rallyekrumlov.cz\/wp-content\/uploads\/2023\/05\/RCK2023DMJfoto2.jpg 2000w\" sizes=\"auto, (max-width: 1200px) 100vw, 1200px\" \/><\/figure>\n\n\n\n<figure class=\"wp-block-image size-large\"><img loading=\"lazy\" decoding=\"async\" width=\"1200\" height=\"800\" src=\"https:\/\/rallyekrumlov.cz\/wp-content\/uploads\/2023\/05\/RCK2023DMJfoto3-1200x800.jpg\" alt=\"\" class=\"wp-image-139932\" srcset=\"https:\/\/rallyekrumlov.cz\/wp-content\/uploads\/2023\/05\/RCK2023DMJfoto3-1200x800.jpg 1200w, https:\/\/rallyekrumlov.cz\/wp-content\/uploads\/2023\/05\/RCK2023DMJfoto3-768x512.jpg 768w, https:\/\/rallyekrumlov.cz\/wp-content\/uploads\/2023\/05\/RCK2023DMJfoto3-1536x1024.jpg 1536w, https:\/\/rallyekrumlov.cz\/wp-content\/uploads\/2023\/05\/RCK2023DMJfoto3-120x80.jpg 120w, https:\/\/rallyekrumlov.cz\/wp-content\/uploads\/2023\/05\/RCK2023DMJfoto3.jpg 2000w\" sizes=\"auto, (max-width: 1200px) 100vw, 1200px\" \/><\/figure>\n\n\n\n<figure class=\"wp-block-image size-large\"><img loading=\"lazy\" decoding=\"async\" width=\"1200\" height=\"800\" src=\"https:\/\/rallyekrumlov.cz\/wp-content\/uploads\/2023\/05\/RCK2023DMJfoto4-1200x800.jpg\" alt=\"\" class=\"wp-image-139934\" srcset=\"https:\/\/rallyekrumlov.cz\/wp-content\/uploads\/2023\/05\/RCK2023DMJfoto4-1200x800.jpg 1200w, https:\/\/rallyekrumlov.cz\/wp-content\/uploads\/2023\/05\/RCK2023DMJfoto4-768x512.jpg 768w, https:\/\/rallyekrumlov.cz\/wp-content\/uploads\/2023\/05\/RCK2023DMJfoto4-1536x1024.jpg 1536w, https:\/\/rallyekrumlov.cz\/wp-content\/uploads\/2023\/05\/RCK2023DMJfoto4-120x80.jpg 120w, https:\/\/rallyekrumlov.cz\/wp-content\/uploads\/2023\/05\/RCK2023DMJfoto4.jpg 2000w\" sizes=\"auto, (max-width: 1200px) 100vw, 1200px\" \/><\/figure>\n\n\n\n<figure class=\"wp-block-image size-large\"><img loading=\"lazy\" decoding=\"async\" width=\"1200\" height=\"800\" src=\"https:\/\/rallyekrumlov.cz\/wp-content\/uploads\/2023\/05\/RCK2023DMJfoto5-1200x800.jpg\" alt=\"\" class=\"wp-image-139936\" srcset=\"https:\/\/rallyekrumlov.cz\/wp-content\/uploads\/2023\/05\/RCK2023DMJfoto5-1200x800.jpg 1200w, https:\/\/rallyekrumlov.cz\/wp-content\/uploads\/2023\/05\/RCK2023DMJfoto5-768x512.jpg 768w, https:\/\/rallyekrumlov.cz\/wp-content\/uploads\/2023\/05\/RCK2023DMJfoto5-1536x1024.jpg 1536w, https:\/\/rallyekrumlov.cz\/wp-content\/uploads\/2023\/05\/RCK2023DMJfoto5-120x80.jpg 120w, https:\/\/rallyekrumlov.cz\/wp-content\/uploads\/2023\/05\/RCK2023DMJfoto5.jpg 2000w\" sizes=\"auto, (max-width: 1200px) 100vw, 1200px\" \/><\/figure>\n","protected":false},"excerpt":{"rendered":"<p>Malonty A brand new look of the cult spectator place of the Rallye \u010cesk\u00fd Krumlov known for its great atmosphere&#8230;<\/p>\n","protected":false},"author":3,"featured_media":0,"parent":127829,"menu_order":151,"comment_status":"closed","ping_status":"closed","template":"","meta":{"_acf_changed":false,"footnotes":""},"class_list":["post-141173","page","type-page","status-publish","hentry"],"acf":[],"yoast_head":"<!-- This site is optimized with the Yoast SEO Premium plugin v18.3 (Yoast SEO v27.3) - https:\/\/yoast.com\/product\/yoast-seo-premium-wordpress\/ -->\n<title>Spectator place J - Rallye \u010cesk\u00fd Krumlov<\/title>\n<meta name=\"robots\" content=\"index, follow, max-snippet:-1, max-image-preview:large, max-video-preview:-1\" \/>\n<link rel=\"canonical\" href=\"https:\/\/rallyekrumlov.cz\/en\/rck2023\/spectator-place-j\/\" \/>\n<meta property=\"og:locale\" content=\"en_US\" \/>\n<meta property=\"og:type\" content=\"article\" \/>\n<meta property=\"og:title\" content=\"Spectator place J\" \/>\n<meta property=\"og:description\" content=\"Malonty A brand new look of the cult spectator place of the Rallye \u010cesk\u00fd Krumlov known for its great atmosphere...\" \/>\n<meta property=\"og:url\" content=\"https:\/\/rallyekrumlov.cz\/en\/rck2023\/spectator-place-j\/\" \/>\n<meta property=\"og:site_name\" content=\"Rallye \u010cesk\u00fd Krumlov\" \/>\n<meta property=\"article:modified_time\" content=\"2023-05-12T21:16:45+00:00\" \/>\n<meta property=\"og:image\" content=\"https:\/\/rallyekrumlov.cz\/wp-content\/uploads\/2023\/05\/RCK2023DMJplan-1200x898.jpg\" \/>\n<meta name=\"twitter:card\" content=\"summary_large_image\" \/>\n<meta name=\"twitter:label1\" content=\"Est. reading time\" \/>\n\t<meta name=\"twitter:data1\" content=\"3 minutes\" \/>\n<script type=\"application\/ld+json\" class=\"yoast-schema-graph\">{\"@context\":\"https:\\\/\\\/schema.org\",\"@graph\":[{\"@type\":\"WebPage\",\"@id\":\"https:\\\/\\\/rallyekrumlov.cz\\\/en\\\/rck2023\\\/spectator-place-j\\\/\",\"url\":\"https:\\\/\\\/rallyekrumlov.cz\\\/en\\\/rck2023\\\/spectator-place-j\\\/\",\"name\":\"Spectator place J - Rallye \u010cesk\u00fd Krumlov\",\"isPartOf\":{\"@id\":\"https:\\\/\\\/rallyekrumlov.cz\\\/#website\"},\"primaryImageOfPage\":{\"@id\":\"https:\\\/\\\/rallyekrumlov.cz\\\/en\\\/rck2023\\\/spectator-place-j\\\/#primaryimage\"},\"image\":{\"@id\":\"https:\\\/\\\/rallyekrumlov.cz\\\/en\\\/rck2023\\\/spectator-place-j\\\/#primaryimage\"},\"thumbnailUrl\":\"https:\\\/\\\/rallyekrumlov.cz\\\/wp-content\\\/uploads\\\/2023\\\/05\\\/RCK2023DMJplan-1200x898.jpg\",\"datePublished\":\"2023-05-12T21:15:55+00:00\",\"dateModified\":\"2023-05-12T21:16:45+00:00\",\"breadcrumb\":{\"@id\":\"https:\\\/\\\/rallyekrumlov.cz\\\/en\\\/rck2023\\\/spectator-place-j\\\/#breadcrumb\"},\"inLanguage\":\"en-US\",\"potentialAction\":[{\"@type\":\"ReadAction\",\"target\":[\"https:\\\/\\\/rallyekrumlov.cz\\\/en\\\/rck2023\\\/spectator-place-j\\\/\"]}]},{\"@type\":\"ImageObject\",\"inLanguage\":\"en-US\",\"@id\":\"https:\\\/\\\/rallyekrumlov.cz\\\/en\\\/rck2023\\\/spectator-place-j\\\/#primaryimage\",\"url\":\"https:\\\/\\\/rallyekrumlov.cz\\\/wp-content\\\/uploads\\\/2023\\\/05\\\/RCK2023DMJplan-1200x898.jpg\",\"contentUrl\":\"https:\\\/\\\/rallyekrumlov.cz\\\/wp-content\\\/uploads\\\/2023\\\/05\\\/RCK2023DMJplan-1200x898.jpg\"},{\"@type\":\"BreadcrumbList\",\"@id\":\"https:\\\/\\\/rallyekrumlov.cz\\\/en\\\/rck2023\\\/spectator-place-j\\\/#breadcrumb\",\"itemListElement\":[{\"@type\":\"ListItem\",\"position\":1,\"name\":\"Home\",\"item\":\"https:\\\/\\\/rallyekrumlov.cz\\\/en\\\/\"},{\"@type\":\"ListItem\",\"position\":2,\"name\":\"50. Rallye \u010cesk\u00fd Krumlov 2023\",\"item\":\"https:\\\/\\\/rallyekrumlov.cz\\\/en\\\/rck2023\\\/\"},{\"@type\":\"ListItem\",\"position\":3,\"name\":\"Spectator place J\"}]},{\"@type\":\"WebSite\",\"@id\":\"https:\\\/\\\/rallyekrumlov.cz\\\/#website\",\"url\":\"https:\\\/\\\/rallyekrumlov.cz\\\/\",\"name\":\"Rallye \u010cesk\u00fd Krumlov\",\"description\":\"\",\"potentialAction\":[{\"@type\":\"SearchAction\",\"target\":{\"@type\":\"EntryPoint\",\"urlTemplate\":\"https:\\\/\\\/rallyekrumlov.cz\\\/?s={search_term_string}\"},\"query-input\":{\"@type\":\"PropertyValueSpecification\",\"valueRequired\":true,\"valueName\":\"search_term_string\"}}],\"inLanguage\":\"en-US\"}]}<\/script>\n<!-- \/ Yoast SEO Premium plugin. -->","yoast_head_json":{"title":"Spectator place J - Rallye \u010cesk\u00fd Krumlov","robots":{"index":"index","follow":"follow","max-snippet":"max-snippet:-1","max-image-preview":"max-image-preview:large","max-video-preview":"max-video-preview:-1"},"canonical":"https:\/\/rallyekrumlov.cz\/en\/rck2023\/spectator-place-j\/","og_locale":"en_US","og_type":"article","og_title":"Spectator place J","og_description":"Malonty A brand new look of the cult spectator place of the Rallye \u010cesk\u00fd Krumlov known for its great atmosphere...","og_url":"https:\/\/rallyekrumlov.cz\/en\/rck2023\/spectator-place-j\/","og_site_name":"Rallye \u010cesk\u00fd Krumlov","article_modified_time":"2023-05-12T21:16:45+00:00","og_image":[{"url":"https:\/\/rallyekrumlov.cz\/wp-content\/uploads\/2023\/05\/RCK2023DMJplan-1200x898.jpg","type":"","width":"","height":""}],"twitter_card":"summary_large_image","twitter_misc":{"Est. reading time":"3 minutes"},"schema":{"@context":"https:\/\/schema.org","@graph":[{"@type":"WebPage","@id":"https:\/\/rallyekrumlov.cz\/en\/rck2023\/spectator-place-j\/","url":"https:\/\/rallyekrumlov.cz\/en\/rck2023\/spectator-place-j\/","name":"Spectator place J - Rallye \u010cesk\u00fd Krumlov","isPartOf":{"@id":"https:\/\/rallyekrumlov.cz\/#website"},"primaryImageOfPage":{"@id":"https:\/\/rallyekrumlov.cz\/en\/rck2023\/spectator-place-j\/#primaryimage"},"image":{"@id":"https:\/\/rallyekrumlov.cz\/en\/rck2023\/spectator-place-j\/#primaryimage"},"thumbnailUrl":"https:\/\/rallyekrumlov.cz\/wp-content\/uploads\/2023\/05\/RCK2023DMJplan-1200x898.jpg","datePublished":"2023-05-12T21:15:55+00:00","dateModified":"2023-05-12T21:16:45+00:00","breadcrumb":{"@id":"https:\/\/rallyekrumlov.cz\/en\/rck2023\/spectator-place-j\/#breadcrumb"},"inLanguage":"en-US","potentialAction":[{"@type":"ReadAction","target":["https:\/\/rallyekrumlov.cz\/en\/rck2023\/spectator-place-j\/"]}]},{"@type":"ImageObject","inLanguage":"en-US","@id":"https:\/\/rallyekrumlov.cz\/en\/rck2023\/spectator-place-j\/#primaryimage","url":"https:\/\/rallyekrumlov.cz\/wp-content\/uploads\/2023\/05\/RCK2023DMJplan-1200x898.jpg","contentUrl":"https:\/\/rallyekrumlov.cz\/wp-content\/uploads\/2023\/05\/RCK2023DMJplan-1200x898.jpg"},{"@type":"BreadcrumbList","@id":"https:\/\/rallyekrumlov.cz\/en\/rck2023\/spectator-place-j\/#breadcrumb","itemListElement":[{"@type":"ListItem","position":1,"name":"Home","item":"https:\/\/rallyekrumlov.cz\/en\/"},{"@type":"ListItem","position":2,"name":"50. Rallye \u010cesk\u00fd Krumlov 2023","item":"https:\/\/rallyekrumlov.cz\/en\/rck2023\/"},{"@type":"ListItem","position":3,"name":"Spectator place J"}]},{"@type":"WebSite","@id":"https:\/\/rallyekrumlov.cz\/#website","url":"https:\/\/rallyekrumlov.cz\/","name":"Rallye \u010cesk\u00fd Krumlov","description":"","potentialAction":[{"@type":"SearchAction","target":{"@type":"EntryPoint","urlTemplate":"https:\/\/rallyekrumlov.cz\/?s={search_term_string}"},"query-input":{"@type":"PropertyValueSpecification","valueRequired":true,"valueName":"search_term_string"}}],"inLanguage":"en-US"}]}},"_links":{"self":[{"href":"https:\/\/rallyekrumlov.cz\/en\/wp-json\/wp\/v2\/pages\/141173","targetHints":{"allow":["GET"]}}],"collection":[{"href":"https:\/\/rallyekrumlov.cz\/en\/wp-json\/wp\/v2\/pages"}],"about":[{"href":"https:\/\/rallyekrumlov.cz\/en\/wp-json\/wp\/v2\/types\/page"}],"author":[{"embeddable":true,"href":"https:\/\/rallyekrumlov.cz\/en\/wp-json\/wp\/v2\/users\/3"}],"replies":[{"embeddable":true,"href":"https:\/\/rallyekrumlov.cz\/en\/wp-json\/wp\/v2\/comments?post=141173"}],"version-history":[{"count":2,"href":"https:\/\/rallyekrumlov.cz\/en\/wp-json\/wp\/v2\/pages\/141173\/revisions"}],"predecessor-version":[{"id":141176,"href":"https:\/\/rallyekrumlov.cz\/en\/wp-json\/wp\/v2\/pages\/141173\/revisions\/141176"}],"up":[{"embeddable":true,"href":"https:\/\/rallyekrumlov.cz\/en\/wp-json\/wp\/v2\/pages\/127829"}],"wp:attachment":[{"href":"https:\/\/rallyekrumlov.cz\/en\/wp-json\/wp\/v2\/media?parent=141173"}],"curies":[{"name":"wp","href":"https:\/\/api.w.org\/{rel}","templated":true}]}}