{"id":141177,"date":"2023-05-12T23:21:45","date_gmt":"2023-05-12T21:21:45","guid":{"rendered":"https:\/\/rallyekrumlov.cz\/?page_id=141177"},"modified":"2023-05-12T23:21:46","modified_gmt":"2023-05-12T21:21:46","slug":"spectator-place-k","status":"publish","type":"page","link":"https:\/\/rallyekrumlov.cz\/en\/rck2023\/spectator-place-k\/","title":{"rendered":"Spectator place K"},"content":{"rendered":"\n<h4 class=\"wp-block-heading\" id=\"h-licov\"><strong><strong><strong><strong><strong>Li\u010dov<\/strong><\/strong><\/strong><\/strong><\/strong><\/h4>\n\n\n\n<p>After turning the direction of the stage Kohout this time the right scythe from the narrow local road to the handbrake.<\/p>\n\n\n\n<p>Arrival from Kaplice or Bene\u0161ov nad \u010cernou on the road number 154. Parking directly in Li\u010dov or in front of it. <strong>Road from the settlement closed &#8211; evacuation route of ambulance, access only on foot!<\/strong><\/p>\n\n\n\n<ul class=\"wp-block-list\">\n<li>Special stage:<strong> SM produkt Kohout<\/strong><\/li>\n\n\n\n<li>Stage lenght: <strong>11,80 km<\/strong><\/li>\n\n\n\n<li>Date: <strong>Saturday 20 Mai 2023<\/strong><\/li>\n\n\n\n<li>GPS: <strong><a href=\"https:\/\/mapy.cz\/s\/catejagavo\" target=\"_blank\" rel=\"noreferrer noopener\">N 48\u00b044.19750&#8242;, E 14\u00b034.25533&#8242;<\/a><\/strong><\/li>\n<\/ul>\n\n\n\n<p class=\"has-black-color has-text-color\"><strong>FIA European Rally Trophy | <strong><strong>PSG\u00a0Czech Rally Championship<\/strong><\/strong><\/strong><br><strong>SS 10<\/strong> | 1st car: <strong>10:57<\/strong><br><strong>SS 14<\/strong> | 1st car: <strong>16:27<\/strong><\/p>\n\n\n\n<p class=\"has-black-color has-text-color\"><strong><strong>AUTOKLUB Czech Historic Sporting Rally Championship<\/strong><\/strong><br>1st car starts immediately after the FIA ERT \/ Czech Rally Championship!<\/p>\n\n\n\n<p><strong>XV. Rallye Legendy Show<\/strong><br>The exhibition run of legends will take place after the Czech Historic Sporting Rally Championship only at SS 10.<\/p>\n\n\n\n<figure class=\"wp-block-image size-large\"><img loading=\"lazy\" decoding=\"async\" width=\"1200\" height=\"978\" src=\"https:\/\/rallyekrumlov.cz\/wp-content\/uploads\/2023\/05\/RCK2023DMKplan-1200x978.jpg\" alt=\"\" class=\"wp-image-139882\" srcset=\"https:\/\/rallyekrumlov.cz\/wp-content\/uploads\/2023\/05\/RCK2023DMKplan-1200x978.jpg 1200w, https:\/\/rallyekrumlov.cz\/wp-content\/uploads\/2023\/05\/RCK2023DMKplan-768x626.jpg 768w, https:\/\/rallyekrumlov.cz\/wp-content\/uploads\/2023\/05\/RCK2023DMKplan-1536x1252.jpg 1536w, https:\/\/rallyekrumlov.cz\/wp-content\/uploads\/2023\/05\/RCK2023DMKplan-98x80.jpg 98w, https:\/\/rallyekrumlov.cz\/wp-content\/uploads\/2023\/05\/RCK2023DMKplan.jpg 2000w\" sizes=\"auto, (max-width: 1200px) 100vw, 1200px\" \/><\/figure>\n\n\n\n<figure class=\"wp-block-image size-large\"><img loading=\"lazy\" decoding=\"async\" width=\"1200\" height=\"800\" src=\"https:\/\/rallyekrumlov.cz\/wp-content\/uploads\/2023\/05\/RCK2023DMKfoto1-1200x800.jpg\" alt=\"\" class=\"wp-image-139888\" srcset=\"https:\/\/rallyekrumlov.cz\/wp-content\/uploads\/2023\/05\/RCK2023DMKfoto1-1200x800.jpg 1200w, https:\/\/rallyekrumlov.cz\/wp-content\/uploads\/2023\/05\/RCK2023DMKfoto1-768x512.jpg 768w, https:\/\/rallyekrumlov.cz\/wp-content\/uploads\/2023\/05\/RCK2023DMKfoto1-1536x1024.jpg 1536w, https:\/\/rallyekrumlov.cz\/wp-content\/uploads\/2023\/05\/RCK2023DMKfoto1-120x80.jpg 120w, https:\/\/rallyekrumlov.cz\/wp-content\/uploads\/2023\/05\/RCK2023DMKfoto1.jpg 2000w\" sizes=\"auto, (max-width: 1200px) 100vw, 1200px\" \/><\/figure>\n","protected":false},"excerpt":{"rendered":"<p>Li\u010dov After turning the direction of the stage Kohout this time the right scythe from the narrow local road to&#8230;<\/p>\n","protected":false},"author":3,"featured_media":0,"parent":127829,"menu_order":149,"comment_status":"closed","ping_status":"closed","template":"","meta":{"_acf_changed":false,"footnotes":""},"class_list":["post-141177","page","type-page","status-publish","hentry"],"acf":[],"yoast_head":"<!-- This site is optimized with the Yoast SEO Premium plugin v18.3 (Yoast SEO v27.3) - https:\/\/yoast.com\/product\/yoast-seo-premium-wordpress\/ -->\n<title>Spectator place K - Rallye \u010cesk\u00fd Krumlov<\/title>\n<meta name=\"robots\" content=\"index, follow, max-snippet:-1, max-image-preview:large, max-video-preview:-1\" \/>\n<link rel=\"canonical\" href=\"https:\/\/rallyekrumlov.cz\/en\/rck2023\/spectator-place-k\/\" \/>\n<meta property=\"og:locale\" content=\"en_US\" \/>\n<meta property=\"og:type\" content=\"article\" \/>\n<meta property=\"og:title\" content=\"Spectator place K\" \/>\n<meta property=\"og:description\" content=\"Li\u010dov After turning the direction of the stage Kohout this time the right scythe from the narrow local road to...\" \/>\n<meta property=\"og:url\" content=\"https:\/\/rallyekrumlov.cz\/en\/rck2023\/spectator-place-k\/\" \/>\n<meta property=\"og:site_name\" content=\"Rallye \u010cesk\u00fd Krumlov\" \/>\n<meta property=\"article:modified_time\" content=\"2023-05-12T21:21:46+00:00\" \/>\n<meta property=\"og:image\" content=\"https:\/\/rallyekrumlov.cz\/wp-content\/uploads\/2023\/05\/RCK2023DMKplan-1200x978.jpg\" \/>\n<meta name=\"twitter:card\" content=\"summary_large_image\" \/>\n<meta name=\"twitter:label1\" content=\"Est. reading time\" \/>\n\t<meta name=\"twitter:data1\" content=\"2 minutes\" \/>\n<script type=\"application\/ld+json\" class=\"yoast-schema-graph\">{\"@context\":\"https:\\\/\\\/schema.org\",\"@graph\":[{\"@type\":\"WebPage\",\"@id\":\"https:\\\/\\\/rallyekrumlov.cz\\\/en\\\/rck2023\\\/spectator-place-k\\\/\",\"url\":\"https:\\\/\\\/rallyekrumlov.cz\\\/en\\\/rck2023\\\/spectator-place-k\\\/\",\"name\":\"Spectator place K - Rallye \u010cesk\u00fd Krumlov\",\"isPartOf\":{\"@id\":\"https:\\\/\\\/rallyekrumlov.cz\\\/#website\"},\"primaryImageOfPage\":{\"@id\":\"https:\\\/\\\/rallyekrumlov.cz\\\/en\\\/rck2023\\\/spectator-place-k\\\/#primaryimage\"},\"image\":{\"@id\":\"https:\\\/\\\/rallyekrumlov.cz\\\/en\\\/rck2023\\\/spectator-place-k\\\/#primaryimage\"},\"thumbnailUrl\":\"https:\\\/\\\/rallyekrumlov.cz\\\/wp-content\\\/uploads\\\/2023\\\/05\\\/RCK2023DMKplan-1200x978.jpg\",\"datePublished\":\"2023-05-12T21:21:45+00:00\",\"dateModified\":\"2023-05-12T21:21:46+00:00\",\"breadcrumb\":{\"@id\":\"https:\\\/\\\/rallyekrumlov.cz\\\/en\\\/rck2023\\\/spectator-place-k\\\/#breadcrumb\"},\"inLanguage\":\"en-US\",\"potentialAction\":[{\"@type\":\"ReadAction\",\"target\":[\"https:\\\/\\\/rallyekrumlov.cz\\\/en\\\/rck2023\\\/spectator-place-k\\\/\"]}]},{\"@type\":\"ImageObject\",\"inLanguage\":\"en-US\",\"@id\":\"https:\\\/\\\/rallyekrumlov.cz\\\/en\\\/rck2023\\\/spectator-place-k\\\/#primaryimage\",\"url\":\"https:\\\/\\\/rallyekrumlov.cz\\\/wp-content\\\/uploads\\\/2023\\\/05\\\/RCK2023DMKplan-1200x978.jpg\",\"contentUrl\":\"https:\\\/\\\/rallyekrumlov.cz\\\/wp-content\\\/uploads\\\/2023\\\/05\\\/RCK2023DMKplan-1200x978.jpg\"},{\"@type\":\"BreadcrumbList\",\"@id\":\"https:\\\/\\\/rallyekrumlov.cz\\\/en\\\/rck2023\\\/spectator-place-k\\\/#breadcrumb\",\"itemListElement\":[{\"@type\":\"ListItem\",\"position\":1,\"name\":\"Home\",\"item\":\"https:\\\/\\\/rallyekrumlov.cz\\\/en\\\/\"},{\"@type\":\"ListItem\",\"position\":2,\"name\":\"50. Rallye \u010cesk\u00fd Krumlov 2023\",\"item\":\"https:\\\/\\\/rallyekrumlov.cz\\\/en\\\/rck2023\\\/\"},{\"@type\":\"ListItem\",\"position\":3,\"name\":\"Spectator place K\"}]},{\"@type\":\"WebSite\",\"@id\":\"https:\\\/\\\/rallyekrumlov.cz\\\/#website\",\"url\":\"https:\\\/\\\/rallyekrumlov.cz\\\/\",\"name\":\"Rallye \u010cesk\u00fd Krumlov\",\"description\":\"\",\"potentialAction\":[{\"@type\":\"SearchAction\",\"target\":{\"@type\":\"EntryPoint\",\"urlTemplate\":\"https:\\\/\\\/rallyekrumlov.cz\\\/?s={search_term_string}\"},\"query-input\":{\"@type\":\"PropertyValueSpecification\",\"valueRequired\":true,\"valueName\":\"search_term_string\"}}],\"inLanguage\":\"en-US\"}]}<\/script>\n<!-- \/ Yoast SEO Premium plugin. -->","yoast_head_json":{"title":"Spectator place K - Rallye \u010cesk\u00fd Krumlov","robots":{"index":"index","follow":"follow","max-snippet":"max-snippet:-1","max-image-preview":"max-image-preview:large","max-video-preview":"max-video-preview:-1"},"canonical":"https:\/\/rallyekrumlov.cz\/en\/rck2023\/spectator-place-k\/","og_locale":"en_US","og_type":"article","og_title":"Spectator place K","og_description":"Li\u010dov After turning the direction of the stage Kohout this time the right scythe from the narrow local road to...","og_url":"https:\/\/rallyekrumlov.cz\/en\/rck2023\/spectator-place-k\/","og_site_name":"Rallye \u010cesk\u00fd Krumlov","article_modified_time":"2023-05-12T21:21:46+00:00","og_image":[{"url":"https:\/\/rallyekrumlov.cz\/wp-content\/uploads\/2023\/05\/RCK2023DMKplan-1200x978.jpg","type":"","width":"","height":""}],"twitter_card":"summary_large_image","twitter_misc":{"Est. reading time":"2 minutes"},"schema":{"@context":"https:\/\/schema.org","@graph":[{"@type":"WebPage","@id":"https:\/\/rallyekrumlov.cz\/en\/rck2023\/spectator-place-k\/","url":"https:\/\/rallyekrumlov.cz\/en\/rck2023\/spectator-place-k\/","name":"Spectator place K - Rallye \u010cesk\u00fd Krumlov","isPartOf":{"@id":"https:\/\/rallyekrumlov.cz\/#website"},"primaryImageOfPage":{"@id":"https:\/\/rallyekrumlov.cz\/en\/rck2023\/spectator-place-k\/#primaryimage"},"image":{"@id":"https:\/\/rallyekrumlov.cz\/en\/rck2023\/spectator-place-k\/#primaryimage"},"thumbnailUrl":"https:\/\/rallyekrumlov.cz\/wp-content\/uploads\/2023\/05\/RCK2023DMKplan-1200x978.jpg","datePublished":"2023-05-12T21:21:45+00:00","dateModified":"2023-05-12T21:21:46+00:00","breadcrumb":{"@id":"https:\/\/rallyekrumlov.cz\/en\/rck2023\/spectator-place-k\/#breadcrumb"},"inLanguage":"en-US","potentialAction":[{"@type":"ReadAction","target":["https:\/\/rallyekrumlov.cz\/en\/rck2023\/spectator-place-k\/"]}]},{"@type":"ImageObject","inLanguage":"en-US","@id":"https:\/\/rallyekrumlov.cz\/en\/rck2023\/spectator-place-k\/#primaryimage","url":"https:\/\/rallyekrumlov.cz\/wp-content\/uploads\/2023\/05\/RCK2023DMKplan-1200x978.jpg","contentUrl":"https:\/\/rallyekrumlov.cz\/wp-content\/uploads\/2023\/05\/RCK2023DMKplan-1200x978.jpg"},{"@type":"BreadcrumbList","@id":"https:\/\/rallyekrumlov.cz\/en\/rck2023\/spectator-place-k\/#breadcrumb","itemListElement":[{"@type":"ListItem","position":1,"name":"Home","item":"https:\/\/rallyekrumlov.cz\/en\/"},{"@type":"ListItem","position":2,"name":"50. Rallye \u010cesk\u00fd Krumlov 2023","item":"https:\/\/rallyekrumlov.cz\/en\/rck2023\/"},{"@type":"ListItem","position":3,"name":"Spectator place K"}]},{"@type":"WebSite","@id":"https:\/\/rallyekrumlov.cz\/#website","url":"https:\/\/rallyekrumlov.cz\/","name":"Rallye \u010cesk\u00fd Krumlov","description":"","potentialAction":[{"@type":"SearchAction","target":{"@type":"EntryPoint","urlTemplate":"https:\/\/rallyekrumlov.cz\/?s={search_term_string}"},"query-input":{"@type":"PropertyValueSpecification","valueRequired":true,"valueName":"search_term_string"}}],"inLanguage":"en-US"}]}},"_links":{"self":[{"href":"https:\/\/rallyekrumlov.cz\/en\/wp-json\/wp\/v2\/pages\/141177","targetHints":{"allow":["GET"]}}],"collection":[{"href":"https:\/\/rallyekrumlov.cz\/en\/wp-json\/wp\/v2\/pages"}],"about":[{"href":"https:\/\/rallyekrumlov.cz\/en\/wp-json\/wp\/v2\/types\/page"}],"author":[{"embeddable":true,"href":"https:\/\/rallyekrumlov.cz\/en\/wp-json\/wp\/v2\/users\/3"}],"replies":[{"embeddable":true,"href":"https:\/\/rallyekrumlov.cz\/en\/wp-json\/wp\/v2\/comments?post=141177"}],"version-history":[{"count":1,"href":"https:\/\/rallyekrumlov.cz\/en\/wp-json\/wp\/v2\/pages\/141177\/revisions"}],"predecessor-version":[{"id":141179,"href":"https:\/\/rallyekrumlov.cz\/en\/wp-json\/wp\/v2\/pages\/141177\/revisions\/141179"}],"up":[{"embeddable":true,"href":"https:\/\/rallyekrumlov.cz\/en\/wp-json\/wp\/v2\/pages\/127829"}],"wp:attachment":[{"href":"https:\/\/rallyekrumlov.cz\/en\/wp-json\/wp\/v2\/media?parent=141177"}],"curies":[{"name":"wp","href":"https:\/\/api.w.org\/{rel}","templated":true}]}}