{"id":151514,"date":"2024-04-01T21:46:45","date_gmt":"2024-04-01T19:46:45","guid":{"rendered":"https:\/\/rallyekrumlov.cz\/?page_id=151514"},"modified":"2024-05-10T12:48:11","modified_gmt":"2024-05-10T10:48:11","slug":"media","status":"publish","type":"page","link":"https:\/\/rallyekrumlov.cz\/en\/rck2024\/media\/","title":{"rendered":"Media"},"content":{"rendered":"\n<h4 class=\"wp-block-heading\" id=\"h-media-accreditation\">Media accreditation<\/h4>\n\n\n\n<p>Applications for accreditation must only be submitted via email to <a href=\"mailto:akreditace@mediadelegat.cz\" target=\"_blank\" rel=\"noreferrer noopener\">akreditace@mediadelegat.cz<\/a>.<\/p>\n\n\n\n<p><strong><a href=\"https:\/\/rallyekrumlov.cz\/wp-content\/uploads\/2024\/04\/media-2024.pdf\" target=\"_blank\" rel=\"noreferrer noopener\">Uniform principles for the accreditation of journallists<\/a><\/strong><\/p>\n\n\n\n<p><strong>The deadline for applications for accreditation for the 51th Rally \u010cesk\u00fd Krumlov is 3 May 2024.<\/strong><\/p>\n\n\n\n<div style=\"height:5px\" aria-hidden=\"true\" class=\"wp-block-spacer\"><\/div>\n\n\n\n<h4 class=\"wp-block-heading\" id=\"h-contact\">Contact<\/h4>\n\n\n\n<p><strong>Autoklub \u010cesk\u00e9 republiky<\/strong><br>Opletalova 1337\/29<br>110 00 Praha 1<br>Email:&nbsp;<a href=\"mailto:akreditace@mediadelegat.cz\" target=\"_blank\" rel=\"noreferrer noopener\">akreditace@mediadelegat.cz<\/a> <\/p>\n\n\n\n<p><strong>\u00daAMK Automotoklub Rallye \u010cesk\u00fd Krumlov<\/strong><br>Franti\u0161ek Fo\u0161um<br>Press Relations Officer<br>P. O. Box 26<br>381 01 \u010cesk\u00fd Krumlov<br>Email:&nbsp;<a rel=\"noreferrer noopener\" href=\"mailto:frantisek.fosum@rallyekrumlov.cz\" target=\"_blank\">frantisek.fosum@rallyekrumlov.cz<\/a><br>Phone: +420 724 027 671<\/p>\n\n\n\n<h4 class=\"wp-block-heading\" id=\"h-press-centre\"><strong>Press centre<\/strong><\/h4>\n\n\n\n<p><strong>Location: \u010cesk\u00e9 Bud\u011bjovice, Exhibition area &#8211; hall Z<\/strong><br>GPS: N 48\u00b059.11447&#8242;, E 14\u00b027.61623&#8242;<\/p>\n\n\n\n<ul class=\"wp-block-list\">\n<li>Friday 17. 5. 2024 | 07:00 &#8211; 23:00<\/li>\n\n\n\n<li>Saturday 18. 5. 2024 | 07:00 &#8211; 15:00<\/li>\n<\/ul>\n\n\n\n<p><strong>Location: \u010cesk\u00fd Krumlov, Deer garden parking (tent)<\/strong><br>GPS: N 48\u00b081.384458&#8242;, E 14\u00b031.33939&#8242;<\/p>\n\n\n\n<ul class=\"wp-block-list\">\n<li>Saturday 18. 5. 2024 | 16:30 &#8211; 17:30<\/li>\n<\/ul>\n\n\n\n<hr class=\"wp-block-separator has-css-opacity\"\/>\n\n\n\n<p><strong><a href=\"https:\/\/rallyekrumlov.cz\/wp-content\/uploads\/2024\/05\/MEDIA_SAFETY_BOOK_2024.pdf\" target=\"_blank\" rel=\"noreferrer noopener\">Media Safety Book (9 MB, Password protected)<\/a><\/strong><\/p>\n\n\n\n<p><strong><a href=\"https:\/\/rallyekrumlov.cz\/wp-content\/uploads\/2024\/03\/RallyGuide_1_ENG_2024_v1.pdf\" target=\"_blank\" rel=\"noreferrer noopener\">Rally Guide<\/a><\/strong><\/p>\n\n\n\n<p><strong><a href=\"https:\/\/rallyekrumlov.cz\/en\/map-and-spectator-places\/\">Map and spectator places<\/a><\/strong><\/p>\n\n\n\n<p><strong><a href=\"https:\/\/rallyekrumlov.cz\/en\/rck2024\/road-closures\/\">Road closures<\/a><\/strong><\/p>\n","protected":false},"excerpt":{"rendered":"<p>Media accreditation Applications for accreditation must only be submitted via email to akreditace@mediadelegat.cz. Uniform principles for the accreditation of journallists&#8230;<\/p>\n","protected":false},"author":3,"featured_media":6085,"parent":151316,"menu_order":127,"comment_status":"closed","ping_status":"closed","template":"","meta":{"_acf_changed":false,"footnotes":""},"class_list":["post-151514","page","type-page","status-publish","has-post-thumbnail","hentry"],"acf":[],"yoast_head":"<!-- This site is optimized with the Yoast SEO Premium plugin v18.3 (Yoast SEO v27.4) - https:\/\/yoast.com\/product\/yoast-seo-premium-wordpress\/ -->\n<title>Media - Rallye \u010cesk\u00fd Krumlov<\/title>\n<meta name=\"robots\" content=\"index, follow, max-snippet:-1, max-image-preview:large, max-video-preview:-1\" \/>\n<link rel=\"canonical\" href=\"https:\/\/rallyekrumlov.cz\/en\/rck2024\/media\/\" \/>\n<meta property=\"og:locale\" content=\"en_US\" \/>\n<meta property=\"og:type\" content=\"article\" \/>\n<meta property=\"og:title\" content=\"Media\" \/>\n<meta property=\"og:description\" content=\"Media accreditation Applications for accreditation must only be submitted via email to akreditace@mediadelegat.cz. Uniform principles for the accreditation of journallists...\" \/>\n<meta property=\"og:url\" content=\"https:\/\/rallyekrumlov.cz\/en\/rck2024\/media\/\" \/>\n<meta property=\"og:site_name\" content=\"Rallye \u010cesk\u00fd Krumlov\" \/>\n<meta property=\"article:modified_time\" content=\"2024-05-10T10:48:11+00:00\" \/>\n<meta property=\"og:image\" content=\"https:\/\/rallyekrumlov.cz\/wp-content\/uploads\/2020\/04\/hlavicka_media.jpg\" \/>\n\t<meta property=\"og:image:width\" content=\"1920\" \/>\n\t<meta property=\"og:image:height\" content=\"400\" \/>\n\t<meta property=\"og:image:type\" content=\"image\/jpeg\" \/>\n<meta name=\"twitter:card\" content=\"summary_large_image\" \/>\n<meta name=\"twitter:label1\" content=\"Est. reading time\" \/>\n\t<meta name=\"twitter:data1\" content=\"1 minute\" \/>\n<script type=\"application\/ld+json\" class=\"yoast-schema-graph\">{\"@context\":\"https:\\\/\\\/schema.org\",\"@graph\":[{\"@type\":\"WebPage\",\"@id\":\"https:\\\/\\\/rallyekrumlov.cz\\\/en\\\/rck2024\\\/media\\\/\",\"url\":\"https:\\\/\\\/rallyekrumlov.cz\\\/en\\\/rck2024\\\/media\\\/\",\"name\":\"Media - Rallye \u010cesk\u00fd Krumlov\",\"isPartOf\":{\"@id\":\"https:\\\/\\\/rallyekrumlov.cz\\\/#website\"},\"primaryImageOfPage\":{\"@id\":\"https:\\\/\\\/rallyekrumlov.cz\\\/en\\\/rck2024\\\/media\\\/#primaryimage\"},\"image\":{\"@id\":\"https:\\\/\\\/rallyekrumlov.cz\\\/en\\\/rck2024\\\/media\\\/#primaryimage\"},\"thumbnailUrl\":\"https:\\\/\\\/rallyekrumlov.cz\\\/wp-content\\\/uploads\\\/2020\\\/04\\\/hlavicka_media.jpg\",\"datePublished\":\"2024-04-01T19:46:45+00:00\",\"dateModified\":\"2024-05-10T10:48:11+00:00\",\"breadcrumb\":{\"@id\":\"https:\\\/\\\/rallyekrumlov.cz\\\/en\\\/rck2024\\\/media\\\/#breadcrumb\"},\"inLanguage\":\"en-US\",\"potentialAction\":[{\"@type\":\"ReadAction\",\"target\":[\"https:\\\/\\\/rallyekrumlov.cz\\\/en\\\/rck2024\\\/media\\\/\"]}]},{\"@type\":\"ImageObject\",\"inLanguage\":\"en-US\",\"@id\":\"https:\\\/\\\/rallyekrumlov.cz\\\/en\\\/rck2024\\\/media\\\/#primaryimage\",\"url\":\"https:\\\/\\\/rallyekrumlov.cz\\\/wp-content\\\/uploads\\\/2020\\\/04\\\/hlavicka_media.jpg\",\"contentUrl\":\"https:\\\/\\\/rallyekrumlov.cz\\\/wp-content\\\/uploads\\\/2020\\\/04\\\/hlavicka_media.jpg\",\"width\":1920,\"height\":400},{\"@type\":\"BreadcrumbList\",\"@id\":\"https:\\\/\\\/rallyekrumlov.cz\\\/en\\\/rck2024\\\/media\\\/#breadcrumb\",\"itemListElement\":[{\"@type\":\"ListItem\",\"position\":1,\"name\":\"Home\",\"item\":\"https:\\\/\\\/rallyekrumlov.cz\\\/en\\\/\"},{\"@type\":\"ListItem\",\"position\":2,\"name\":\"51. Rallye \u010cesk\u00fd Krumlov 2024\",\"item\":\"https:\\\/\\\/rallyekrumlov.cz\\\/en\\\/rck2024\\\/\"},{\"@type\":\"ListItem\",\"position\":3,\"name\":\"Media\"}]},{\"@type\":\"WebSite\",\"@id\":\"https:\\\/\\\/rallyekrumlov.cz\\\/#website\",\"url\":\"https:\\\/\\\/rallyekrumlov.cz\\\/\",\"name\":\"Rallye \u010cesk\u00fd Krumlov\",\"description\":\"\",\"potentialAction\":[{\"@type\":\"SearchAction\",\"target\":{\"@type\":\"EntryPoint\",\"urlTemplate\":\"https:\\\/\\\/rallyekrumlov.cz\\\/?s={search_term_string}\"},\"query-input\":{\"@type\":\"PropertyValueSpecification\",\"valueRequired\":true,\"valueName\":\"search_term_string\"}}],\"inLanguage\":\"en-US\"}]}<\/script>\n<!-- \/ Yoast SEO Premium plugin. -->","yoast_head_json":{"title":"Media - Rallye \u010cesk\u00fd Krumlov","robots":{"index":"index","follow":"follow","max-snippet":"max-snippet:-1","max-image-preview":"max-image-preview:large","max-video-preview":"max-video-preview:-1"},"canonical":"https:\/\/rallyekrumlov.cz\/en\/rck2024\/media\/","og_locale":"en_US","og_type":"article","og_title":"Media","og_description":"Media accreditation Applications for accreditation must only be submitted via email to akreditace@mediadelegat.cz. Uniform principles for the accreditation of journallists...","og_url":"https:\/\/rallyekrumlov.cz\/en\/rck2024\/media\/","og_site_name":"Rallye \u010cesk\u00fd Krumlov","article_modified_time":"2024-05-10T10:48:11+00:00","og_image":[{"width":1920,"height":400,"url":"https:\/\/rallyekrumlov.cz\/wp-content\/uploads\/2020\/04\/hlavicka_media.jpg","type":"image\/jpeg"}],"twitter_card":"summary_large_image","twitter_misc":{"Est. reading time":"1 minute"},"schema":{"@context":"https:\/\/schema.org","@graph":[{"@type":"WebPage","@id":"https:\/\/rallyekrumlov.cz\/en\/rck2024\/media\/","url":"https:\/\/rallyekrumlov.cz\/en\/rck2024\/media\/","name":"Media - Rallye \u010cesk\u00fd Krumlov","isPartOf":{"@id":"https:\/\/rallyekrumlov.cz\/#website"},"primaryImageOfPage":{"@id":"https:\/\/rallyekrumlov.cz\/en\/rck2024\/media\/#primaryimage"},"image":{"@id":"https:\/\/rallyekrumlov.cz\/en\/rck2024\/media\/#primaryimage"},"thumbnailUrl":"https:\/\/rallyekrumlov.cz\/wp-content\/uploads\/2020\/04\/hlavicka_media.jpg","datePublished":"2024-04-01T19:46:45+00:00","dateModified":"2024-05-10T10:48:11+00:00","breadcrumb":{"@id":"https:\/\/rallyekrumlov.cz\/en\/rck2024\/media\/#breadcrumb"},"inLanguage":"en-US","potentialAction":[{"@type":"ReadAction","target":["https:\/\/rallyekrumlov.cz\/en\/rck2024\/media\/"]}]},{"@type":"ImageObject","inLanguage":"en-US","@id":"https:\/\/rallyekrumlov.cz\/en\/rck2024\/media\/#primaryimage","url":"https:\/\/rallyekrumlov.cz\/wp-content\/uploads\/2020\/04\/hlavicka_media.jpg","contentUrl":"https:\/\/rallyekrumlov.cz\/wp-content\/uploads\/2020\/04\/hlavicka_media.jpg","width":1920,"height":400},{"@type":"BreadcrumbList","@id":"https:\/\/rallyekrumlov.cz\/en\/rck2024\/media\/#breadcrumb","itemListElement":[{"@type":"ListItem","position":1,"name":"Home","item":"https:\/\/rallyekrumlov.cz\/en\/"},{"@type":"ListItem","position":2,"name":"51. Rallye \u010cesk\u00fd Krumlov 2024","item":"https:\/\/rallyekrumlov.cz\/en\/rck2024\/"},{"@type":"ListItem","position":3,"name":"Media"}]},{"@type":"WebSite","@id":"https:\/\/rallyekrumlov.cz\/#website","url":"https:\/\/rallyekrumlov.cz\/","name":"Rallye \u010cesk\u00fd Krumlov","description":"","potentialAction":[{"@type":"SearchAction","target":{"@type":"EntryPoint","urlTemplate":"https:\/\/rallyekrumlov.cz\/?s={search_term_string}"},"query-input":{"@type":"PropertyValueSpecification","valueRequired":true,"valueName":"search_term_string"}}],"inLanguage":"en-US"}]}},"_links":{"self":[{"href":"https:\/\/rallyekrumlov.cz\/en\/wp-json\/wp\/v2\/pages\/151514","targetHints":{"allow":["GET"]}}],"collection":[{"href":"https:\/\/rallyekrumlov.cz\/en\/wp-json\/wp\/v2\/pages"}],"about":[{"href":"https:\/\/rallyekrumlov.cz\/en\/wp-json\/wp\/v2\/types\/page"}],"author":[{"embeddable":true,"href":"https:\/\/rallyekrumlov.cz\/en\/wp-json\/wp\/v2\/users\/3"}],"replies":[{"embeddable":true,"href":"https:\/\/rallyekrumlov.cz\/en\/wp-json\/wp\/v2\/comments?post=151514"}],"version-history":[{"count":7,"href":"https:\/\/rallyekrumlov.cz\/en\/wp-json\/wp\/v2\/pages\/151514\/revisions"}],"predecessor-version":[{"id":152112,"href":"https:\/\/rallyekrumlov.cz\/en\/wp-json\/wp\/v2\/pages\/151514\/revisions\/152112"}],"up":[{"embeddable":true,"href":"https:\/\/rallyekrumlov.cz\/en\/wp-json\/wp\/v2\/pages\/151316"}],"wp:featuredmedia":[{"embeddable":true,"href":"https:\/\/rallyekrumlov.cz\/en\/wp-json\/wp\/v2\/media\/6085"}],"wp:attachment":[{"href":"https:\/\/rallyekrumlov.cz\/en\/wp-json\/wp\/v2\/media?parent=151514"}],"curies":[{"name":"wp","href":"https:\/\/api.w.org\/{rel}","templated":true}]}}