{"id":151983,"date":"2024-05-08T11:47:35","date_gmt":"2024-05-08T09:47:35","guid":{"rendered":"https:\/\/rallyekrumlov.cz\/?page_id=151983"},"modified":"2024-05-09T20:30:01","modified_gmt":"2024-05-09T18:30:01","slug":"spectators-place-e","status":"publish","type":"page","link":"https:\/\/rallyekrumlov.cz\/en\/spectators-place-e\/","title":{"rendered":"Spectators place \u2013 E"},"content":{"rendered":"\n<h4 class=\"wp-block-heading\" id=\"h-vetrna\"><strong><strong>V\u011btrn\u00e1<\/strong><\/strong><\/h4>\n\n\n\n<p>After last year&#8217;s return to the historically known sections, the Mal\u0161\u00edn insert will be run in two passes this time. After starting from the valley of the Vltava River, the special stage ascends through serpentines on a good asphalt surface to Mal\u0161\u00edn, but before that the crews must make a sharp right turn onto V\u011btrn\u00e1.<\/p>\n\n\n\n<p>The venue is easily accessible from Ro\u017emberk nad Vltavou (<strong>parking on the right on the access road &#8211; evacuation route of the ambulance!<\/strong>) and Vy\u0161\u0161\u00ed Brod.<\/p>\n\n\n\n<ul class=\"wp-block-list\">\n<li>Special Stage:<strong> \u010cPP Mal\u0161\u00edn<\/strong><\/li>\n\n\n\n<li>SS lenght: <strong>10,04 km<\/strong><\/li>\n\n\n\n<li>Date: <strong>Saturday 18 May 2024<\/strong><\/li>\n\n\n\n<li>GPS: <strong><a href=\"https:\/\/mapy.cz\/s\/nofakufaza\" target=\"_blank\" rel=\"noreferrer noopener\">N 48\u00b040.43000&#8242;, E 14\u00b018.49810&#8242;<\/a><\/strong><\/li>\n<\/ul>\n\n\n\n<p class=\"has-black-color has-text-color\"><strong><strong>FIA European Rally Trophy | Czech Rally Championship | Autoklub Rally Challenge<\/strong><\/strong><br><strong>SS 9<\/strong> | 1st car: <strong>9:17<\/strong><br><strong>SS 13<\/strong> | 1st car: <strong>14:23<\/strong><\/p>\n\n\n\n<p class=\"has-black-color has-text-color\"><strong><strong><strong><strong>Autoklub Czech Historic Sporting Rally Championship<\/strong><\/strong><\/strong><\/strong><br>1st car starts immediately after the FIA ERT \/ Czech Rally Championship! \/ Autoklub Rally Challenge!<\/p>\n\n\n\n<p><strong>XVI. Rallye Legend Show<\/strong><br>The exhibition run of legends will take place after the Czech Rally Championship in historic cars only at SS 9.<\/p>\n\n\n\n<figure class=\"wp-block-image size-large\"><img loading=\"lazy\" decoding=\"async\" width=\"998\" height=\"1200\" src=\"https:\/\/rallyekrumlov.cz\/wp-content\/uploads\/2024\/04\/RCK2024DMEplan-998x1200.jpg\" alt=\"\" class=\"wp-image-151700\" srcset=\"https:\/\/rallyekrumlov.cz\/wp-content\/uploads\/2024\/04\/RCK2024DMEplan-998x1200.jpg 998w, https:\/\/rallyekrumlov.cz\/wp-content\/uploads\/2024\/04\/RCK2024DMEplan-768x924.jpg 768w, https:\/\/rallyekrumlov.cz\/wp-content\/uploads\/2024\/04\/RCK2024DMEplan-1277x1536.jpg 1277w, https:\/\/rallyekrumlov.cz\/wp-content\/uploads\/2024\/04\/RCK2024DMEplan-1702x2048.jpg 1702w, https:\/\/rallyekrumlov.cz\/wp-content\/uploads\/2024\/04\/RCK2024DMEplan-67x80.jpg 67w, https:\/\/rallyekrumlov.cz\/wp-content\/uploads\/2024\/04\/RCK2024DMEplan.jpg 2000w\" sizes=\"auto, (max-width: 998px) 100vw, 998px\" \/><\/figure>\n\n\n\n<figure class=\"wp-block-embed is-type-video is-provider-youtube wp-block-embed-youtube wp-embed-aspect-16-9 wp-has-aspect-ratio\"><div class=\"wp-block-embed__wrapper\">\n<iframe loading=\"lazy\" title=\"Div\u00e1ck\u00e9 m\u00edsto RZ 9\/12 Mal\u0161\u00edn - V\u011btrn\u00e1 - E\" width=\"500\" height=\"281\" src=\"https:\/\/www.youtube.com\/embed\/p6DUk1V5NCQ?feature=oembed\" frameborder=\"0\" allow=\"accelerometer; autoplay; clipboard-write; encrypted-media; gyroscope; picture-in-picture; web-share\" referrerpolicy=\"strict-origin-when-cross-origin\" allowfullscreen><\/iframe>\n<\/div><\/figure>\n\n\n\n<figure class=\"wp-block-image size-large\"><img loading=\"lazy\" decoding=\"async\" width=\"1200\" height=\"800\" src=\"https:\/\/rallyekrumlov.cz\/wp-content\/uploads\/2023\/05\/RCK2023DMFfoto1-1200x800.jpg\" alt=\"\" class=\"wp-image-139950\" srcset=\"https:\/\/rallyekrumlov.cz\/wp-content\/uploads\/2023\/05\/RCK2023DMFfoto1-1200x800.jpg 1200w, https:\/\/rallyekrumlov.cz\/wp-content\/uploads\/2023\/05\/RCK2023DMFfoto1-768x512.jpg 768w, https:\/\/rallyekrumlov.cz\/wp-content\/uploads\/2023\/05\/RCK2023DMFfoto1-1536x1024.jpg 1536w, https:\/\/rallyekrumlov.cz\/wp-content\/uploads\/2023\/05\/RCK2023DMFfoto1-120x80.jpg 120w, https:\/\/rallyekrumlov.cz\/wp-content\/uploads\/2023\/05\/RCK2023DMFfoto1.jpg 2000w\" sizes=\"auto, (max-width: 1200px) 100vw, 1200px\" \/><\/figure>\n","protected":false},"excerpt":{"rendered":"<p>V\u011btrn\u00e1 After last year&#8217;s return to the historically known sections, the Mal\u0161\u00edn insert will be run in two passes this&#8230;<\/p>\n","protected":false},"author":3,"featured_media":0,"parent":0,"menu_order":109,"comment_status":"closed","ping_status":"closed","template":"","meta":{"_acf_changed":false,"footnotes":""},"class_list":["post-151983","page","type-page","status-publish","hentry"],"acf":[],"yoast_head":"<!-- This site is optimized with the Yoast SEO Premium plugin v18.3 (Yoast SEO v27.4) - https:\/\/yoast.com\/product\/yoast-seo-premium-wordpress\/ -->\n<title>Spectators place \u2013 E - Rallye \u010cesk\u00fd Krumlov<\/title>\n<meta name=\"robots\" content=\"index, follow, max-snippet:-1, max-image-preview:large, max-video-preview:-1\" \/>\n<link rel=\"canonical\" href=\"https:\/\/rallyekrumlov.cz\/en\/spectators-place-e\/\" \/>\n<meta property=\"og:locale\" content=\"en_US\" \/>\n<meta property=\"og:type\" content=\"article\" \/>\n<meta property=\"og:title\" content=\"Spectators place \u2013 E\" \/>\n<meta property=\"og:description\" content=\"V\u011btrn\u00e1 After last year&#8217;s return to the historically known sections, the Mal\u0161\u00edn insert will be run in two passes this...\" \/>\n<meta property=\"og:url\" content=\"https:\/\/rallyekrumlov.cz\/en\/spectators-place-e\/\" \/>\n<meta property=\"og:site_name\" content=\"Rallye \u010cesk\u00fd Krumlov\" \/>\n<meta property=\"article:modified_time\" content=\"2024-05-09T18:30:01+00:00\" \/>\n<meta property=\"og:image\" content=\"https:\/\/rallyekrumlov.cz\/wp-content\/uploads\/2024\/04\/RCK2024DMEplan-998x1200.jpg\" \/>\n<meta name=\"twitter:card\" content=\"summary_large_image\" \/>\n<meta name=\"twitter:label1\" content=\"Est. reading time\" \/>\n\t<meta name=\"twitter:data1\" content=\"2 minutes\" \/>\n<script type=\"application\/ld+json\" class=\"yoast-schema-graph\">{\"@context\":\"https:\\\/\\\/schema.org\",\"@graph\":[{\"@type\":\"WebPage\",\"@id\":\"https:\\\/\\\/rallyekrumlov.cz\\\/en\\\/spectators-place-e\\\/\",\"url\":\"https:\\\/\\\/rallyekrumlov.cz\\\/en\\\/spectators-place-e\\\/\",\"name\":\"Spectators place \u2013 E - Rallye \u010cesk\u00fd Krumlov\",\"isPartOf\":{\"@id\":\"https:\\\/\\\/rallyekrumlov.cz\\\/#website\"},\"primaryImageOfPage\":{\"@id\":\"https:\\\/\\\/rallyekrumlov.cz\\\/en\\\/spectators-place-e\\\/#primaryimage\"},\"image\":{\"@id\":\"https:\\\/\\\/rallyekrumlov.cz\\\/en\\\/spectators-place-e\\\/#primaryimage\"},\"thumbnailUrl\":\"https:\\\/\\\/rallyekrumlov.cz\\\/wp-content\\\/uploads\\\/2024\\\/04\\\/RCK2024DMEplan-998x1200.jpg\",\"datePublished\":\"2024-05-08T09:47:35+00:00\",\"dateModified\":\"2024-05-09T18:30:01+00:00\",\"breadcrumb\":{\"@id\":\"https:\\\/\\\/rallyekrumlov.cz\\\/en\\\/spectators-place-e\\\/#breadcrumb\"},\"inLanguage\":\"en-US\",\"potentialAction\":[{\"@type\":\"ReadAction\",\"target\":[\"https:\\\/\\\/rallyekrumlov.cz\\\/en\\\/spectators-place-e\\\/\"]}]},{\"@type\":\"ImageObject\",\"inLanguage\":\"en-US\",\"@id\":\"https:\\\/\\\/rallyekrumlov.cz\\\/en\\\/spectators-place-e\\\/#primaryimage\",\"url\":\"https:\\\/\\\/rallyekrumlov.cz\\\/wp-content\\\/uploads\\\/2024\\\/04\\\/RCK2024DMEplan-998x1200.jpg\",\"contentUrl\":\"https:\\\/\\\/rallyekrumlov.cz\\\/wp-content\\\/uploads\\\/2024\\\/04\\\/RCK2024DMEplan-998x1200.jpg\"},{\"@type\":\"BreadcrumbList\",\"@id\":\"https:\\\/\\\/rallyekrumlov.cz\\\/en\\\/spectators-place-e\\\/#breadcrumb\",\"itemListElement\":[{\"@type\":\"ListItem\",\"position\":1,\"name\":\"Home\",\"item\":\"https:\\\/\\\/rallyekrumlov.cz\\\/en\\\/\"},{\"@type\":\"ListItem\",\"position\":2,\"name\":\"Spectators place \u2013 E\"}]},{\"@type\":\"WebSite\",\"@id\":\"https:\\\/\\\/rallyekrumlov.cz\\\/#website\",\"url\":\"https:\\\/\\\/rallyekrumlov.cz\\\/\",\"name\":\"Rallye \u010cesk\u00fd Krumlov\",\"description\":\"\",\"potentialAction\":[{\"@type\":\"SearchAction\",\"target\":{\"@type\":\"EntryPoint\",\"urlTemplate\":\"https:\\\/\\\/rallyekrumlov.cz\\\/?s={search_term_string}\"},\"query-input\":{\"@type\":\"PropertyValueSpecification\",\"valueRequired\":true,\"valueName\":\"search_term_string\"}}],\"inLanguage\":\"en-US\"}]}<\/script>\n<!-- \/ Yoast SEO Premium plugin. -->","yoast_head_json":{"title":"Spectators place \u2013 E - Rallye \u010cesk\u00fd Krumlov","robots":{"index":"index","follow":"follow","max-snippet":"max-snippet:-1","max-image-preview":"max-image-preview:large","max-video-preview":"max-video-preview:-1"},"canonical":"https:\/\/rallyekrumlov.cz\/en\/spectators-place-e\/","og_locale":"en_US","og_type":"article","og_title":"Spectators place \u2013 E","og_description":"V\u011btrn\u00e1 After last year&#8217;s return to the historically known sections, the Mal\u0161\u00edn insert will be run in two passes this...","og_url":"https:\/\/rallyekrumlov.cz\/en\/spectators-place-e\/","og_site_name":"Rallye \u010cesk\u00fd Krumlov","article_modified_time":"2024-05-09T18:30:01+00:00","og_image":[{"url":"https:\/\/rallyekrumlov.cz\/wp-content\/uploads\/2024\/04\/RCK2024DMEplan-998x1200.jpg","type":"","width":"","height":""}],"twitter_card":"summary_large_image","twitter_misc":{"Est. reading time":"2 minutes"},"schema":{"@context":"https:\/\/schema.org","@graph":[{"@type":"WebPage","@id":"https:\/\/rallyekrumlov.cz\/en\/spectators-place-e\/","url":"https:\/\/rallyekrumlov.cz\/en\/spectators-place-e\/","name":"Spectators place \u2013 E - Rallye \u010cesk\u00fd Krumlov","isPartOf":{"@id":"https:\/\/rallyekrumlov.cz\/#website"},"primaryImageOfPage":{"@id":"https:\/\/rallyekrumlov.cz\/en\/spectators-place-e\/#primaryimage"},"image":{"@id":"https:\/\/rallyekrumlov.cz\/en\/spectators-place-e\/#primaryimage"},"thumbnailUrl":"https:\/\/rallyekrumlov.cz\/wp-content\/uploads\/2024\/04\/RCK2024DMEplan-998x1200.jpg","datePublished":"2024-05-08T09:47:35+00:00","dateModified":"2024-05-09T18:30:01+00:00","breadcrumb":{"@id":"https:\/\/rallyekrumlov.cz\/en\/spectators-place-e\/#breadcrumb"},"inLanguage":"en-US","potentialAction":[{"@type":"ReadAction","target":["https:\/\/rallyekrumlov.cz\/en\/spectators-place-e\/"]}]},{"@type":"ImageObject","inLanguage":"en-US","@id":"https:\/\/rallyekrumlov.cz\/en\/spectators-place-e\/#primaryimage","url":"https:\/\/rallyekrumlov.cz\/wp-content\/uploads\/2024\/04\/RCK2024DMEplan-998x1200.jpg","contentUrl":"https:\/\/rallyekrumlov.cz\/wp-content\/uploads\/2024\/04\/RCK2024DMEplan-998x1200.jpg"},{"@type":"BreadcrumbList","@id":"https:\/\/rallyekrumlov.cz\/en\/spectators-place-e\/#breadcrumb","itemListElement":[{"@type":"ListItem","position":1,"name":"Home","item":"https:\/\/rallyekrumlov.cz\/en\/"},{"@type":"ListItem","position":2,"name":"Spectators place \u2013 E"}]},{"@type":"WebSite","@id":"https:\/\/rallyekrumlov.cz\/#website","url":"https:\/\/rallyekrumlov.cz\/","name":"Rallye \u010cesk\u00fd Krumlov","description":"","potentialAction":[{"@type":"SearchAction","target":{"@type":"EntryPoint","urlTemplate":"https:\/\/rallyekrumlov.cz\/?s={search_term_string}"},"query-input":{"@type":"PropertyValueSpecification","valueRequired":true,"valueName":"search_term_string"}}],"inLanguage":"en-US"}]}},"_links":{"self":[{"href":"https:\/\/rallyekrumlov.cz\/en\/wp-json\/wp\/v2\/pages\/151983","targetHints":{"allow":["GET"]}}],"collection":[{"href":"https:\/\/rallyekrumlov.cz\/en\/wp-json\/wp\/v2\/pages"}],"about":[{"href":"https:\/\/rallyekrumlov.cz\/en\/wp-json\/wp\/v2\/types\/page"}],"author":[{"embeddable":true,"href":"https:\/\/rallyekrumlov.cz\/en\/wp-json\/wp\/v2\/users\/3"}],"replies":[{"embeddable":true,"href":"https:\/\/rallyekrumlov.cz\/en\/wp-json\/wp\/v2\/comments?post=151983"}],"version-history":[{"count":2,"href":"https:\/\/rallyekrumlov.cz\/en\/wp-json\/wp\/v2\/pages\/151983\/revisions"}],"predecessor-version":[{"id":152054,"href":"https:\/\/rallyekrumlov.cz\/en\/wp-json\/wp\/v2\/pages\/151983\/revisions\/152054"}],"wp:attachment":[{"href":"https:\/\/rallyekrumlov.cz\/en\/wp-json\/wp\/v2\/media?parent=151983"}],"curies":[{"name":"wp","href":"https:\/\/api.w.org\/{rel}","templated":true}]}}