{"id":151986,"date":"2024-05-08T12:12:29","date_gmt":"2024-05-08T10:12:29","guid":{"rendered":"https:\/\/rallyekrumlov.cz\/?page_id=151986"},"modified":"2024-05-09T20:32:41","modified_gmt":"2024-05-09T18:32:41","slug":"spectators-place-f","status":"publish","type":"page","link":"https:\/\/rallyekrumlov.cz\/en\/spectators-place-f\/","title":{"rendered":"Spectators place \u2013 F"},"content":{"rendered":"\n<h4 class=\"wp-block-heading\" id=\"h-malsin\"><strong><strong><strong>Mal\u0161\u00edn<\/strong><\/strong><\/strong><\/h4>\n\n\n\n<p>With an altitude of over 800 metres, Mal\u0161\u00edn is the highest spectator spot on the Rallye \u010cesk\u00fd Krumlov route. After arriving at the formerly heavily visited village, the competing cars will circle the bus stop and head past the pub in the direction of Kyselov.<\/p>\n\n\n\n<p><strong>Strictly forbidden to enter the cemetery wall!<\/strong> Arrival from Frymburk with parking on the meadow in front of the village.<\/p>\n\n\n\n<ul class=\"wp-block-list\">\n<li>Special Stage:<strong> \u010cPP Mal\u0161\u00edn<\/strong><\/li>\n\n\n\n<li>SS lenght: <strong>10,04 km<\/strong><\/li>\n\n\n\n<li>Date: <strong>Saturday 18 May 2024<\/strong><\/li>\n\n\n\n<li>GPS: <strong><a href=\"https:\/\/mapy.cz\/s\/lobukutaru\" target=\"_blank\" rel=\"noreferrer noopener\">N 48\u00b040.63233&#8242;, E 14\u00b017.27448&#8242;<\/a><\/strong><\/li>\n<\/ul>\n\n\n\n<p class=\"has-black-color has-text-color\"><strong><strong>FIA European Rally Trophy | Czech Rally Championship | Autoklub Rally Challenge<\/strong><\/strong><br><strong>SS 9<\/strong> | 1st car: <strong>9:17<\/strong><br><strong>SS 13<\/strong> | 1st car: <strong>14:23<\/strong><\/p>\n\n\n\n<p class=\"has-black-color has-text-color\"><strong><strong><strong><strong>Autoklub Czech Historic Sporting Rally Championship<\/strong><\/strong><\/strong><\/strong><br>1st car starts immediately after the FIA ERT \/ Czech Rally Championship \/ Autoklub Rally Challenge!<\/p>\n\n\n\n<p><strong>XVI. Rallye Legend Show<\/strong><br>The exhibition run of legends will take place after the Czech Rally Championship in historic cars only at SS 9.<\/p>\n\n\n\n<figure class=\"wp-block-image size-large\"><img loading=\"lazy\" decoding=\"async\" width=\"1200\" height=\"1138\" src=\"https:\/\/rallyekrumlov.cz\/wp-content\/uploads\/2024\/05\/RCK2024DMFplan1-1200x1138.jpg\" alt=\"\" class=\"wp-image-151933\" srcset=\"https:\/\/rallyekrumlov.cz\/wp-content\/uploads\/2024\/05\/RCK2024DMFplan1-1200x1138.jpg 1200w, https:\/\/rallyekrumlov.cz\/wp-content\/uploads\/2024\/05\/RCK2024DMFplan1-768x728.jpg 768w, https:\/\/rallyekrumlov.cz\/wp-content\/uploads\/2024\/05\/RCK2024DMFplan1-1536x1457.jpg 1536w, https:\/\/rallyekrumlov.cz\/wp-content\/uploads\/2024\/05\/RCK2024DMFplan1-84x80.jpg 84w, https:\/\/rallyekrumlov.cz\/wp-content\/uploads\/2024\/05\/RCK2024DMFplan1.jpg 2000w\" sizes=\"auto, (max-width: 1200px) 100vw, 1200px\" \/><\/figure>\n\n\n\n<figure class=\"wp-block-embed is-type-video is-provider-youtube wp-block-embed-youtube wp-embed-aspect-16-9 wp-has-aspect-ratio\"><div class=\"wp-block-embed__wrapper\">\n<iframe loading=\"lazy\" title=\"Div\u00e1ck\u00e9 m\u00edsto RZ 9\/13 Mal\u0161\u00edn - obec - F\" width=\"500\" height=\"281\" src=\"https:\/\/www.youtube.com\/embed\/o2qlU-ffQoM?feature=oembed\" frameborder=\"0\" allow=\"accelerometer; autoplay; clipboard-write; encrypted-media; gyroscope; picture-in-picture; web-share\" referrerpolicy=\"strict-origin-when-cross-origin\" allowfullscreen><\/iframe>\n<\/div><\/figure>\n\n\n\n<figure class=\"wp-block-image size-large\"><img loading=\"lazy\" decoding=\"async\" width=\"1200\" height=\"800\" src=\"https:\/\/rallyekrumlov.cz\/wp-content\/uploads\/2023\/05\/RCK2023DMGfoto1-1200x800.jpg\" alt=\"\" class=\"wp-image-139944\" srcset=\"https:\/\/rallyekrumlov.cz\/wp-content\/uploads\/2023\/05\/RCK2023DMGfoto1-1200x800.jpg 1200w, https:\/\/rallyekrumlov.cz\/wp-content\/uploads\/2023\/05\/RCK2023DMGfoto1-768x512.jpg 768w, https:\/\/rallyekrumlov.cz\/wp-content\/uploads\/2023\/05\/RCK2023DMGfoto1-1536x1024.jpg 1536w, https:\/\/rallyekrumlov.cz\/wp-content\/uploads\/2023\/05\/RCK2023DMGfoto1-120x80.jpg 120w, https:\/\/rallyekrumlov.cz\/wp-content\/uploads\/2023\/05\/RCK2023DMGfoto1.jpg 2000w\" sizes=\"auto, (max-width: 1200px) 100vw, 1200px\" \/><\/figure>\n\n\n\n<figure class=\"wp-block-image size-large\"><img loading=\"lazy\" decoding=\"async\" width=\"1200\" height=\"800\" src=\"https:\/\/rallyekrumlov.cz\/wp-content\/uploads\/2023\/05\/RCK2023DMGfoto2-1200x800.jpg\" alt=\"\" class=\"wp-image-139946\" srcset=\"https:\/\/rallyekrumlov.cz\/wp-content\/uploads\/2023\/05\/RCK2023DMGfoto2-1200x800.jpg 1200w, https:\/\/rallyekrumlov.cz\/wp-content\/uploads\/2023\/05\/RCK2023DMGfoto2-768x512.jpg 768w, https:\/\/rallyekrumlov.cz\/wp-content\/uploads\/2023\/05\/RCK2023DMGfoto2-1536x1024.jpg 1536w, https:\/\/rallyekrumlov.cz\/wp-content\/uploads\/2023\/05\/RCK2023DMGfoto2-120x80.jpg 120w, https:\/\/rallyekrumlov.cz\/wp-content\/uploads\/2023\/05\/RCK2023DMGfoto2.jpg 2000w\" sizes=\"auto, (max-width: 1200px) 100vw, 1200px\" \/><\/figure>\n\n\n\n<figure class=\"wp-block-image size-large\"><img loading=\"lazy\" decoding=\"async\" width=\"1200\" height=\"800\" src=\"https:\/\/rallyekrumlov.cz\/wp-content\/uploads\/2023\/05\/RCK2023DMGfoto3-1200x800.jpg\" alt=\"\" class=\"wp-image-139948\" srcset=\"https:\/\/rallyekrumlov.cz\/wp-content\/uploads\/2023\/05\/RCK2023DMGfoto3-1200x800.jpg 1200w, https:\/\/rallyekrumlov.cz\/wp-content\/uploads\/2023\/05\/RCK2023DMGfoto3-768x512.jpg 768w, https:\/\/rallyekrumlov.cz\/wp-content\/uploads\/2023\/05\/RCK2023DMGfoto3-1536x1024.jpg 1536w, https:\/\/rallyekrumlov.cz\/wp-content\/uploads\/2023\/05\/RCK2023DMGfoto3-120x80.jpg 120w, https:\/\/rallyekrumlov.cz\/wp-content\/uploads\/2023\/05\/RCK2023DMGfoto3.jpg 2000w\" sizes=\"auto, (max-width: 1200px) 100vw, 1200px\" \/><\/figure>\n","protected":false},"excerpt":{"rendered":"<p>Mal\u0161\u00edn With an altitude of over 800 metres, Mal\u0161\u00edn is the highest spectator spot on the Rallye \u010cesk\u00fd Krumlov route&#8230;.<\/p>\n","protected":false},"author":3,"featured_media":0,"parent":0,"menu_order":106,"comment_status":"closed","ping_status":"closed","template":"","meta":{"_acf_changed":false,"footnotes":""},"class_list":["post-151986","page","type-page","status-publish","hentry"],"acf":[],"yoast_head":"<!-- This site is optimized with the Yoast SEO Premium plugin v18.3 (Yoast SEO v27.4) - https:\/\/yoast.com\/product\/yoast-seo-premium-wordpress\/ -->\n<title>Spectators place \u2013 F - Rallye \u010cesk\u00fd Krumlov<\/title>\n<meta name=\"robots\" content=\"index, follow, max-snippet:-1, max-image-preview:large, max-video-preview:-1\" \/>\n<link rel=\"canonical\" href=\"https:\/\/rallyekrumlov.cz\/en\/spectators-place-f\/\" \/>\n<meta property=\"og:locale\" content=\"en_US\" \/>\n<meta property=\"og:type\" content=\"article\" \/>\n<meta property=\"og:title\" content=\"Spectators place \u2013 F\" \/>\n<meta property=\"og:description\" content=\"Mal\u0161\u00edn With an altitude of over 800 metres, Mal\u0161\u00edn is the highest spectator spot on the Rallye \u010cesk\u00fd Krumlov route....\" \/>\n<meta property=\"og:url\" content=\"https:\/\/rallyekrumlov.cz\/en\/spectators-place-f\/\" \/>\n<meta property=\"og:site_name\" content=\"Rallye \u010cesk\u00fd Krumlov\" \/>\n<meta property=\"article:modified_time\" content=\"2024-05-09T18:32:41+00:00\" \/>\n<meta property=\"og:image\" content=\"https:\/\/rallyekrumlov.cz\/wp-content\/uploads\/2024\/05\/RCK2024DMFplan1-1200x1138.jpg\" \/>\n<meta name=\"twitter:card\" content=\"summary_large_image\" \/>\n<meta name=\"twitter:label1\" content=\"Est. reading time\" \/>\n\t<meta name=\"twitter:data1\" content=\"2 minutes\" \/>\n<script type=\"application\/ld+json\" class=\"yoast-schema-graph\">{\"@context\":\"https:\\\/\\\/schema.org\",\"@graph\":[{\"@type\":\"WebPage\",\"@id\":\"https:\\\/\\\/rallyekrumlov.cz\\\/en\\\/spectators-place-f\\\/\",\"url\":\"https:\\\/\\\/rallyekrumlov.cz\\\/en\\\/spectators-place-f\\\/\",\"name\":\"Spectators place \u2013 F - Rallye \u010cesk\u00fd Krumlov\",\"isPartOf\":{\"@id\":\"https:\\\/\\\/rallyekrumlov.cz\\\/#website\"},\"primaryImageOfPage\":{\"@id\":\"https:\\\/\\\/rallyekrumlov.cz\\\/en\\\/spectators-place-f\\\/#primaryimage\"},\"image\":{\"@id\":\"https:\\\/\\\/rallyekrumlov.cz\\\/en\\\/spectators-place-f\\\/#primaryimage\"},\"thumbnailUrl\":\"https:\\\/\\\/rallyekrumlov.cz\\\/wp-content\\\/uploads\\\/2024\\\/05\\\/RCK2024DMFplan1-1200x1138.jpg\",\"datePublished\":\"2024-05-08T10:12:29+00:00\",\"dateModified\":\"2024-05-09T18:32:41+00:00\",\"breadcrumb\":{\"@id\":\"https:\\\/\\\/rallyekrumlov.cz\\\/en\\\/spectators-place-f\\\/#breadcrumb\"},\"inLanguage\":\"en-US\",\"potentialAction\":[{\"@type\":\"ReadAction\",\"target\":[\"https:\\\/\\\/rallyekrumlov.cz\\\/en\\\/spectators-place-f\\\/\"]}]},{\"@type\":\"ImageObject\",\"inLanguage\":\"en-US\",\"@id\":\"https:\\\/\\\/rallyekrumlov.cz\\\/en\\\/spectators-place-f\\\/#primaryimage\",\"url\":\"https:\\\/\\\/rallyekrumlov.cz\\\/wp-content\\\/uploads\\\/2024\\\/05\\\/RCK2024DMFplan1-1200x1138.jpg\",\"contentUrl\":\"https:\\\/\\\/rallyekrumlov.cz\\\/wp-content\\\/uploads\\\/2024\\\/05\\\/RCK2024DMFplan1-1200x1138.jpg\"},{\"@type\":\"BreadcrumbList\",\"@id\":\"https:\\\/\\\/rallyekrumlov.cz\\\/en\\\/spectators-place-f\\\/#breadcrumb\",\"itemListElement\":[{\"@type\":\"ListItem\",\"position\":1,\"name\":\"Home\",\"item\":\"https:\\\/\\\/rallyekrumlov.cz\\\/en\\\/\"},{\"@type\":\"ListItem\",\"position\":2,\"name\":\"Spectators place \u2013 F\"}]},{\"@type\":\"WebSite\",\"@id\":\"https:\\\/\\\/rallyekrumlov.cz\\\/#website\",\"url\":\"https:\\\/\\\/rallyekrumlov.cz\\\/\",\"name\":\"Rallye \u010cesk\u00fd Krumlov\",\"description\":\"\",\"potentialAction\":[{\"@type\":\"SearchAction\",\"target\":{\"@type\":\"EntryPoint\",\"urlTemplate\":\"https:\\\/\\\/rallyekrumlov.cz\\\/?s={search_term_string}\"},\"query-input\":{\"@type\":\"PropertyValueSpecification\",\"valueRequired\":true,\"valueName\":\"search_term_string\"}}],\"inLanguage\":\"en-US\"}]}<\/script>\n<!-- \/ Yoast SEO Premium plugin. -->","yoast_head_json":{"title":"Spectators place \u2013 F - Rallye \u010cesk\u00fd Krumlov","robots":{"index":"index","follow":"follow","max-snippet":"max-snippet:-1","max-image-preview":"max-image-preview:large","max-video-preview":"max-video-preview:-1"},"canonical":"https:\/\/rallyekrumlov.cz\/en\/spectators-place-f\/","og_locale":"en_US","og_type":"article","og_title":"Spectators place \u2013 F","og_description":"Mal\u0161\u00edn With an altitude of over 800 metres, Mal\u0161\u00edn is the highest spectator spot on the Rallye \u010cesk\u00fd Krumlov route....","og_url":"https:\/\/rallyekrumlov.cz\/en\/spectators-place-f\/","og_site_name":"Rallye \u010cesk\u00fd Krumlov","article_modified_time":"2024-05-09T18:32:41+00:00","og_image":[{"url":"https:\/\/rallyekrumlov.cz\/wp-content\/uploads\/2024\/05\/RCK2024DMFplan1-1200x1138.jpg","type":"","width":"","height":""}],"twitter_card":"summary_large_image","twitter_misc":{"Est. reading time":"2 minutes"},"schema":{"@context":"https:\/\/schema.org","@graph":[{"@type":"WebPage","@id":"https:\/\/rallyekrumlov.cz\/en\/spectators-place-f\/","url":"https:\/\/rallyekrumlov.cz\/en\/spectators-place-f\/","name":"Spectators place \u2013 F - Rallye \u010cesk\u00fd Krumlov","isPartOf":{"@id":"https:\/\/rallyekrumlov.cz\/#website"},"primaryImageOfPage":{"@id":"https:\/\/rallyekrumlov.cz\/en\/spectators-place-f\/#primaryimage"},"image":{"@id":"https:\/\/rallyekrumlov.cz\/en\/spectators-place-f\/#primaryimage"},"thumbnailUrl":"https:\/\/rallyekrumlov.cz\/wp-content\/uploads\/2024\/05\/RCK2024DMFplan1-1200x1138.jpg","datePublished":"2024-05-08T10:12:29+00:00","dateModified":"2024-05-09T18:32:41+00:00","breadcrumb":{"@id":"https:\/\/rallyekrumlov.cz\/en\/spectators-place-f\/#breadcrumb"},"inLanguage":"en-US","potentialAction":[{"@type":"ReadAction","target":["https:\/\/rallyekrumlov.cz\/en\/spectators-place-f\/"]}]},{"@type":"ImageObject","inLanguage":"en-US","@id":"https:\/\/rallyekrumlov.cz\/en\/spectators-place-f\/#primaryimage","url":"https:\/\/rallyekrumlov.cz\/wp-content\/uploads\/2024\/05\/RCK2024DMFplan1-1200x1138.jpg","contentUrl":"https:\/\/rallyekrumlov.cz\/wp-content\/uploads\/2024\/05\/RCK2024DMFplan1-1200x1138.jpg"},{"@type":"BreadcrumbList","@id":"https:\/\/rallyekrumlov.cz\/en\/spectators-place-f\/#breadcrumb","itemListElement":[{"@type":"ListItem","position":1,"name":"Home","item":"https:\/\/rallyekrumlov.cz\/en\/"},{"@type":"ListItem","position":2,"name":"Spectators place \u2013 F"}]},{"@type":"WebSite","@id":"https:\/\/rallyekrumlov.cz\/#website","url":"https:\/\/rallyekrumlov.cz\/","name":"Rallye \u010cesk\u00fd Krumlov","description":"","potentialAction":[{"@type":"SearchAction","target":{"@type":"EntryPoint","urlTemplate":"https:\/\/rallyekrumlov.cz\/?s={search_term_string}"},"query-input":{"@type":"PropertyValueSpecification","valueRequired":true,"valueName":"search_term_string"}}],"inLanguage":"en-US"}]}},"_links":{"self":[{"href":"https:\/\/rallyekrumlov.cz\/en\/wp-json\/wp\/v2\/pages\/151986","targetHints":{"allow":["GET"]}}],"collection":[{"href":"https:\/\/rallyekrumlov.cz\/en\/wp-json\/wp\/v2\/pages"}],"about":[{"href":"https:\/\/rallyekrumlov.cz\/en\/wp-json\/wp\/v2\/types\/page"}],"author":[{"embeddable":true,"href":"https:\/\/rallyekrumlov.cz\/en\/wp-json\/wp\/v2\/users\/3"}],"replies":[{"embeddable":true,"href":"https:\/\/rallyekrumlov.cz\/en\/wp-json\/wp\/v2\/comments?post=151986"}],"version-history":[{"count":2,"href":"https:\/\/rallyekrumlov.cz\/en\/wp-json\/wp\/v2\/pages\/151986\/revisions"}],"predecessor-version":[{"id":152056,"href":"https:\/\/rallyekrumlov.cz\/en\/wp-json\/wp\/v2\/pages\/151986\/revisions\/152056"}],"wp:attachment":[{"href":"https:\/\/rallyekrumlov.cz\/en\/wp-json\/wp\/v2\/media?parent=151986"}],"curies":[{"name":"wp","href":"https:\/\/api.w.org\/{rel}","templated":true}]}}