{"id":151992,"date":"2024-05-08T12:23:36","date_gmt":"2024-05-08T10:23:36","guid":{"rendered":"https:\/\/rallyekrumlov.cz\/?page_id=151992"},"modified":"2024-05-09T20:39:12","modified_gmt":"2024-05-09T18:39:12","slug":"spectators-place-h","status":"publish","type":"page","link":"https:\/\/rallyekrumlov.cz\/en\/spectators-place-h\/","title":{"rendered":"Spectators place \u2013 H"},"content":{"rendered":"\n<h4 class=\"wp-block-heading\" id=\"h-cetviny\"><strong><strong><strong>Cetviny<\/strong><\/strong><\/strong><\/h4>\n\n\n\n<p>A preferred viewing place especially for Austrian fans. The left turn after a very quick approach to the former border guard company is accessible on foot from our southern neighbours.<\/p>\n\n\n\n<p>Access is possible either via Leopoldschlag or Windhaag. Parking in Hammern along Maltschstra\u00dfe. From there it is only a five-minute walk across the border to the Malonty stage.<\/p>\n\n\n\n<ul class=\"wp-block-list\">\n<li>Special Stage:<strong> INOTECH electronic Malonty<\/strong><\/li>\n\n\n\n<li>SS lenght: <strong>26,15 km<\/strong><\/li>\n\n\n\n<li>Date: <strong>Saturday 18 May 2024<\/strong><\/li>\n\n\n\n<li>GPS: <strong><a href=\"https:\/\/mapy.cz\/s\/kuzajodacu\" target=\"_blank\" rel=\"noreferrer noopener\">N 48\u00b036.96375&#8242;, E 14\u00b032.74147&#8242;<\/a><\/strong><\/li>\n<\/ul>\n\n\n\n<p class=\"has-black-color has-text-color\"><strong><strong>FIA European Rally Trophy | Czech Rally Championship | Autoklub Rally Challenge<\/strong><\/strong><br><strong>SS 10<\/strong> | 1st car: <strong>10:03<\/strong><br><strong>SS 14<\/strong> | 1st car: <strong>15:09<\/strong><\/p>\n\n\n\n<p class=\"has-black-color has-text-color\"><strong><strong><strong><strong>Autoklub Czech Historic Sporting Rally Championship<\/strong><\/strong><\/strong><\/strong><br>1st car starts immediately after the FIA ERT \/ Czech Rally Championship \/ Autoklub Rally Challenge!<\/p>\n\n\n\n<p><strong>XVI. Rallye Legend Show<\/strong><br>The exhibition run of legends will take place after the Czech Rally Championship in historic cars only at SS 10.<\/p>\n\n\n\n<figure class=\"wp-block-image size-large\"><img loading=\"lazy\" decoding=\"async\" width=\"976\" height=\"1200\" src=\"https:\/\/rallyekrumlov.cz\/wp-content\/uploads\/2024\/04\/RCK2024DMHplan-976x1200.jpg\" alt=\"\" class=\"wp-image-151714\" srcset=\"https:\/\/rallyekrumlov.cz\/wp-content\/uploads\/2024\/04\/RCK2024DMHplan-976x1200.jpg 976w, https:\/\/rallyekrumlov.cz\/wp-content\/uploads\/2024\/04\/RCK2024DMHplan-768x944.jpg 768w, https:\/\/rallyekrumlov.cz\/wp-content\/uploads\/2024\/04\/RCK2024DMHplan-1250x1536.jpg 1250w, https:\/\/rallyekrumlov.cz\/wp-content\/uploads\/2024\/04\/RCK2024DMHplan-1666x2048.jpg 1666w, https:\/\/rallyekrumlov.cz\/wp-content\/uploads\/2024\/04\/RCK2024DMHplan-65x80.jpg 65w, https:\/\/rallyekrumlov.cz\/wp-content\/uploads\/2024\/04\/RCK2024DMHplan.jpg 2000w\" sizes=\"auto, (max-width: 976px) 100vw, 976px\" \/><\/figure>\n\n\n\n<figure class=\"wp-block-embed is-type-video is-provider-youtube wp-block-embed-youtube wp-embed-aspect-16-9 wp-has-aspect-ratio\"><div class=\"wp-block-embed__wrapper\">\n<iframe loading=\"lazy\" title=\"Div\u00e1ck\u00e9 m\u00edsto RZ 10\/14 Malonty - Cetviny - H\" width=\"500\" height=\"281\" src=\"https:\/\/www.youtube.com\/embed\/ZNiVSw3ptGE?feature=oembed\" frameborder=\"0\" allow=\"accelerometer; autoplay; clipboard-write; encrypted-media; gyroscope; picture-in-picture; web-share\" referrerpolicy=\"strict-origin-when-cross-origin\" allowfullscreen><\/iframe>\n<\/div><\/figure>\n\n\n\n<figure class=\"wp-block-image size-large\"><img loading=\"lazy\" decoding=\"async\" width=\"1200\" height=\"800\" src=\"https:\/\/rallyekrumlov.cz\/wp-content\/uploads\/2023\/05\/RCK2023DMIfoto1-1200x800.jpg\" alt=\"\" class=\"wp-image-139938\" srcset=\"https:\/\/rallyekrumlov.cz\/wp-content\/uploads\/2023\/05\/RCK2023DMIfoto1-1200x800.jpg 1200w, https:\/\/rallyekrumlov.cz\/wp-content\/uploads\/2023\/05\/RCK2023DMIfoto1-768x512.jpg 768w, https:\/\/rallyekrumlov.cz\/wp-content\/uploads\/2023\/05\/RCK2023DMIfoto1-1536x1024.jpg 1536w, https:\/\/rallyekrumlov.cz\/wp-content\/uploads\/2023\/05\/RCK2023DMIfoto1-120x80.jpg 120w, https:\/\/rallyekrumlov.cz\/wp-content\/uploads\/2023\/05\/RCK2023DMIfoto1.jpg 2000w\" sizes=\"auto, (max-width: 1200px) 100vw, 1200px\" \/><\/figure>\n\n\n\n<figure class=\"wp-block-image size-large\"><img loading=\"lazy\" decoding=\"async\" width=\"1200\" height=\"800\" src=\"https:\/\/rallyekrumlov.cz\/wp-content\/uploads\/2023\/05\/RCK2023DMIfoto2-1200x800.jpg\" alt=\"\" class=\"wp-image-139940\" srcset=\"https:\/\/rallyekrumlov.cz\/wp-content\/uploads\/2023\/05\/RCK2023DMIfoto2-1200x800.jpg 1200w, https:\/\/rallyekrumlov.cz\/wp-content\/uploads\/2023\/05\/RCK2023DMIfoto2-768x512.jpg 768w, https:\/\/rallyekrumlov.cz\/wp-content\/uploads\/2023\/05\/RCK2023DMIfoto2-1536x1024.jpg 1536w, https:\/\/rallyekrumlov.cz\/wp-content\/uploads\/2023\/05\/RCK2023DMIfoto2-120x80.jpg 120w, https:\/\/rallyekrumlov.cz\/wp-content\/uploads\/2023\/05\/RCK2023DMIfoto2.jpg 2000w\" sizes=\"auto, (max-width: 1200px) 100vw, 1200px\" \/><\/figure>\n","protected":false},"excerpt":{"rendered":"<p>Cetviny A preferred viewing place especially for Austrian fans. The left turn after a very quick approach to the former&#8230;<\/p>\n","protected":false},"author":3,"featured_media":0,"parent":0,"menu_order":103,"comment_status":"closed","ping_status":"closed","template":"","meta":{"_acf_changed":false,"footnotes":""},"class_list":["post-151992","page","type-page","status-publish","hentry"],"acf":[],"yoast_head":"<!-- This site is optimized with the Yoast SEO Premium plugin v18.3 (Yoast SEO v27.4) - https:\/\/yoast.com\/product\/yoast-seo-premium-wordpress\/ -->\n<title>Spectators place \u2013 H - Rallye \u010cesk\u00fd Krumlov<\/title>\n<meta name=\"robots\" content=\"index, follow, max-snippet:-1, max-image-preview:large, max-video-preview:-1\" \/>\n<link rel=\"canonical\" href=\"https:\/\/rallyekrumlov.cz\/en\/spectators-place-h\/\" \/>\n<meta property=\"og:locale\" content=\"en_US\" \/>\n<meta property=\"og:type\" content=\"article\" \/>\n<meta property=\"og:title\" content=\"Spectators place \u2013 H\" \/>\n<meta property=\"og:description\" content=\"Cetviny A preferred viewing place especially for Austrian fans. The left turn after a very quick approach to the former...\" \/>\n<meta property=\"og:url\" content=\"https:\/\/rallyekrumlov.cz\/en\/spectators-place-h\/\" \/>\n<meta property=\"og:site_name\" content=\"Rallye \u010cesk\u00fd Krumlov\" \/>\n<meta property=\"article:modified_time\" content=\"2024-05-09T18:39:12+00:00\" \/>\n<meta property=\"og:image\" content=\"https:\/\/rallyekrumlov.cz\/wp-content\/uploads\/2024\/04\/RCK2024DMHplan-976x1200.jpg\" \/>\n<meta name=\"twitter:card\" content=\"summary_large_image\" \/>\n<meta name=\"twitter:label1\" content=\"Est. reading time\" \/>\n\t<meta name=\"twitter:data1\" content=\"2 minutes\" \/>\n<script type=\"application\/ld+json\" class=\"yoast-schema-graph\">{\"@context\":\"https:\\\/\\\/schema.org\",\"@graph\":[{\"@type\":\"WebPage\",\"@id\":\"https:\\\/\\\/rallyekrumlov.cz\\\/en\\\/spectators-place-h\\\/\",\"url\":\"https:\\\/\\\/rallyekrumlov.cz\\\/en\\\/spectators-place-h\\\/\",\"name\":\"Spectators place \u2013 H - Rallye \u010cesk\u00fd Krumlov\",\"isPartOf\":{\"@id\":\"https:\\\/\\\/rallyekrumlov.cz\\\/#website\"},\"primaryImageOfPage\":{\"@id\":\"https:\\\/\\\/rallyekrumlov.cz\\\/en\\\/spectators-place-h\\\/#primaryimage\"},\"image\":{\"@id\":\"https:\\\/\\\/rallyekrumlov.cz\\\/en\\\/spectators-place-h\\\/#primaryimage\"},\"thumbnailUrl\":\"https:\\\/\\\/rallyekrumlov.cz\\\/wp-content\\\/uploads\\\/2024\\\/04\\\/RCK2024DMHplan-976x1200.jpg\",\"datePublished\":\"2024-05-08T10:23:36+00:00\",\"dateModified\":\"2024-05-09T18:39:12+00:00\",\"breadcrumb\":{\"@id\":\"https:\\\/\\\/rallyekrumlov.cz\\\/en\\\/spectators-place-h\\\/#breadcrumb\"},\"inLanguage\":\"en-US\",\"potentialAction\":[{\"@type\":\"ReadAction\",\"target\":[\"https:\\\/\\\/rallyekrumlov.cz\\\/en\\\/spectators-place-h\\\/\"]}]},{\"@type\":\"ImageObject\",\"inLanguage\":\"en-US\",\"@id\":\"https:\\\/\\\/rallyekrumlov.cz\\\/en\\\/spectators-place-h\\\/#primaryimage\",\"url\":\"https:\\\/\\\/rallyekrumlov.cz\\\/wp-content\\\/uploads\\\/2024\\\/04\\\/RCK2024DMHplan-976x1200.jpg\",\"contentUrl\":\"https:\\\/\\\/rallyekrumlov.cz\\\/wp-content\\\/uploads\\\/2024\\\/04\\\/RCK2024DMHplan-976x1200.jpg\"},{\"@type\":\"BreadcrumbList\",\"@id\":\"https:\\\/\\\/rallyekrumlov.cz\\\/en\\\/spectators-place-h\\\/#breadcrumb\",\"itemListElement\":[{\"@type\":\"ListItem\",\"position\":1,\"name\":\"Home\",\"item\":\"https:\\\/\\\/rallyekrumlov.cz\\\/en\\\/\"},{\"@type\":\"ListItem\",\"position\":2,\"name\":\"Spectators place \u2013 H\"}]},{\"@type\":\"WebSite\",\"@id\":\"https:\\\/\\\/rallyekrumlov.cz\\\/#website\",\"url\":\"https:\\\/\\\/rallyekrumlov.cz\\\/\",\"name\":\"Rallye \u010cesk\u00fd Krumlov\",\"description\":\"\",\"potentialAction\":[{\"@type\":\"SearchAction\",\"target\":{\"@type\":\"EntryPoint\",\"urlTemplate\":\"https:\\\/\\\/rallyekrumlov.cz\\\/?s={search_term_string}\"},\"query-input\":{\"@type\":\"PropertyValueSpecification\",\"valueRequired\":true,\"valueName\":\"search_term_string\"}}],\"inLanguage\":\"en-US\"}]}<\/script>\n<!-- \/ Yoast SEO Premium plugin. -->","yoast_head_json":{"title":"Spectators place \u2013 H - Rallye \u010cesk\u00fd Krumlov","robots":{"index":"index","follow":"follow","max-snippet":"max-snippet:-1","max-image-preview":"max-image-preview:large","max-video-preview":"max-video-preview:-1"},"canonical":"https:\/\/rallyekrumlov.cz\/en\/spectators-place-h\/","og_locale":"en_US","og_type":"article","og_title":"Spectators place \u2013 H","og_description":"Cetviny A preferred viewing place especially for Austrian fans. The left turn after a very quick approach to the former...","og_url":"https:\/\/rallyekrumlov.cz\/en\/spectators-place-h\/","og_site_name":"Rallye \u010cesk\u00fd Krumlov","article_modified_time":"2024-05-09T18:39:12+00:00","og_image":[{"url":"https:\/\/rallyekrumlov.cz\/wp-content\/uploads\/2024\/04\/RCK2024DMHplan-976x1200.jpg","type":"","width":"","height":""}],"twitter_card":"summary_large_image","twitter_misc":{"Est. reading time":"2 minutes"},"schema":{"@context":"https:\/\/schema.org","@graph":[{"@type":"WebPage","@id":"https:\/\/rallyekrumlov.cz\/en\/spectators-place-h\/","url":"https:\/\/rallyekrumlov.cz\/en\/spectators-place-h\/","name":"Spectators place \u2013 H - Rallye \u010cesk\u00fd Krumlov","isPartOf":{"@id":"https:\/\/rallyekrumlov.cz\/#website"},"primaryImageOfPage":{"@id":"https:\/\/rallyekrumlov.cz\/en\/spectators-place-h\/#primaryimage"},"image":{"@id":"https:\/\/rallyekrumlov.cz\/en\/spectators-place-h\/#primaryimage"},"thumbnailUrl":"https:\/\/rallyekrumlov.cz\/wp-content\/uploads\/2024\/04\/RCK2024DMHplan-976x1200.jpg","datePublished":"2024-05-08T10:23:36+00:00","dateModified":"2024-05-09T18:39:12+00:00","breadcrumb":{"@id":"https:\/\/rallyekrumlov.cz\/en\/spectators-place-h\/#breadcrumb"},"inLanguage":"en-US","potentialAction":[{"@type":"ReadAction","target":["https:\/\/rallyekrumlov.cz\/en\/spectators-place-h\/"]}]},{"@type":"ImageObject","inLanguage":"en-US","@id":"https:\/\/rallyekrumlov.cz\/en\/spectators-place-h\/#primaryimage","url":"https:\/\/rallyekrumlov.cz\/wp-content\/uploads\/2024\/04\/RCK2024DMHplan-976x1200.jpg","contentUrl":"https:\/\/rallyekrumlov.cz\/wp-content\/uploads\/2024\/04\/RCK2024DMHplan-976x1200.jpg"},{"@type":"BreadcrumbList","@id":"https:\/\/rallyekrumlov.cz\/en\/spectators-place-h\/#breadcrumb","itemListElement":[{"@type":"ListItem","position":1,"name":"Home","item":"https:\/\/rallyekrumlov.cz\/en\/"},{"@type":"ListItem","position":2,"name":"Spectators place \u2013 H"}]},{"@type":"WebSite","@id":"https:\/\/rallyekrumlov.cz\/#website","url":"https:\/\/rallyekrumlov.cz\/","name":"Rallye \u010cesk\u00fd Krumlov","description":"","potentialAction":[{"@type":"SearchAction","target":{"@type":"EntryPoint","urlTemplate":"https:\/\/rallyekrumlov.cz\/?s={search_term_string}"},"query-input":{"@type":"PropertyValueSpecification","valueRequired":true,"valueName":"search_term_string"}}],"inLanguage":"en-US"}]}},"_links":{"self":[{"href":"https:\/\/rallyekrumlov.cz\/en\/wp-json\/wp\/v2\/pages\/151992","targetHints":{"allow":["GET"]}}],"collection":[{"href":"https:\/\/rallyekrumlov.cz\/en\/wp-json\/wp\/v2\/pages"}],"about":[{"href":"https:\/\/rallyekrumlov.cz\/en\/wp-json\/wp\/v2\/types\/page"}],"author":[{"embeddable":true,"href":"https:\/\/rallyekrumlov.cz\/en\/wp-json\/wp\/v2\/users\/3"}],"replies":[{"embeddable":true,"href":"https:\/\/rallyekrumlov.cz\/en\/wp-json\/wp\/v2\/comments?post=151992"}],"version-history":[{"count":2,"href":"https:\/\/rallyekrumlov.cz\/en\/wp-json\/wp\/v2\/pages\/151992\/revisions"}],"predecessor-version":[{"id":152060,"href":"https:\/\/rallyekrumlov.cz\/en\/wp-json\/wp\/v2\/pages\/151992\/revisions\/152060"}],"wp:attachment":[{"href":"https:\/\/rallyekrumlov.cz\/en\/wp-json\/wp\/v2\/media?parent=151992"}],"curies":[{"name":"wp","href":"https:\/\/api.w.org\/{rel}","templated":true}]}}