{"id":151995,"date":"2024-05-08T15:40:37","date_gmt":"2024-05-08T13:40:37","guid":{"rendered":"https:\/\/rallyekrumlov.cz\/?page_id=151995"},"modified":"2024-05-09T20:41:31","modified_gmt":"2024-05-09T18:41:31","slug":"spectators-place-i","status":"publish","type":"page","link":"https:\/\/rallyekrumlov.cz\/en\/spectators-place-i\/","title":{"rendered":"Spectators place \u2013 I"},"content":{"rendered":"\n<h4 class=\"wp-block-heading\" id=\"h-malonty\"><strong><strong><strong><strong>Malonty<\/strong><\/strong><\/strong><\/strong><\/h4>\n\n\n\n<p>A new look of the well-known spectator venue of the Rallye \u010cesk\u00fd Krumlov, which is famous for its great atmosphere and interesting passages. Arrival of the competition cars at village square in the opposite direction than was usual in the past quarter of a century, since last year with a detour around the island around the bus stop.<\/p>\n\n\n\n<p>Access from Kaplice on road number 158, or from Mezi\u0159\u00ed\u010d\u00ed on road 1589. Parking on the roads in the village.<\/p>\n\n\n\n<ul class=\"wp-block-list\">\n<li>Special Stage:<strong> INOTECH electronic Malonty<\/strong><\/li>\n\n\n\n<li>SS lenght: <strong>26,15 km<\/strong><\/li>\n\n\n\n<li>Date: <strong>Saturday 18 May 2024<\/strong><\/li>\n\n\n\n<li>GPS: <strong><a href=\"https:\/\/mapy.cz\/s\/povaturaza\" target=\"_blank\" rel=\"noreferrer noopener\">N 48\u00b041.18375&#8242;, E 14\u00b034.71657&#8242;<\/a><\/strong><\/li>\n<\/ul>\n\n\n\n<p class=\"has-black-color has-text-color\"><strong><strong>FIA European Rally Trophy | Czech Rally Championship | Autoklub Rally Challenge<\/strong><\/strong><br><strong>SS 10<\/strong> | 1st car: <strong>10:03<\/strong><br><strong>SS 14<\/strong> | 1st car: <strong>15:09<\/strong><\/p>\n\n\n\n<p class=\"has-black-color has-text-color\"><strong><strong><strong><strong>Autoklub Czech Historic Sporting Rally Championship<\/strong><\/strong><\/strong><\/strong><br>1st car starts immediately after the FIA ERT \/ Czech Rally Championship \/ Autoklub Rally Challenge!<\/p>\n\n\n\n<p><strong>XVI. Rallye Legend Show<\/strong><br>The exhibition run of legends will take place after the Czech Rally Championship in historic cars only at SS 10.<\/p>\n\n\n\n<figure class=\"wp-block-image size-large\"><img loading=\"lazy\" decoding=\"async\" width=\"1200\" height=\"919\" src=\"https:\/\/rallyekrumlov.cz\/wp-content\/uploads\/2024\/05\/RCK2024DMIplan1-1200x919.jpg\" alt=\"\" class=\"wp-image-151935\" srcset=\"https:\/\/rallyekrumlov.cz\/wp-content\/uploads\/2024\/05\/RCK2024DMIplan1-1200x919.jpg 1200w, https:\/\/rallyekrumlov.cz\/wp-content\/uploads\/2024\/05\/RCK2024DMIplan1-768x588.jpg 768w, https:\/\/rallyekrumlov.cz\/wp-content\/uploads\/2024\/05\/RCK2024DMIplan1-1536x1177.jpg 1536w, https:\/\/rallyekrumlov.cz\/wp-content\/uploads\/2024\/05\/RCK2024DMIplan1-104x80.jpg 104w, https:\/\/rallyekrumlov.cz\/wp-content\/uploads\/2024\/05\/RCK2024DMIplan1.jpg 2000w\" sizes=\"auto, (max-width: 1200px) 100vw, 1200px\" \/><\/figure>\n\n\n\n<figure class=\"wp-block-embed is-type-video is-provider-youtube wp-block-embed-youtube wp-embed-aspect-16-9 wp-has-aspect-ratio\"><div class=\"wp-block-embed__wrapper\">\n<iframe loading=\"lazy\" title=\"Div\u00e1ck\u00e9 m\u00edsto RZ 10\/14 Malonty - Malonty n\u00e1ves - I\" width=\"500\" height=\"281\" src=\"https:\/\/www.youtube.com\/embed\/S04-400BHNc?feature=oembed\" frameborder=\"0\" allow=\"accelerometer; autoplay; clipboard-write; encrypted-media; gyroscope; picture-in-picture; web-share\" referrerpolicy=\"strict-origin-when-cross-origin\" allowfullscreen><\/iframe>\n<\/div><\/figure>\n\n\n\n<figure class=\"wp-block-image size-large\"><img loading=\"lazy\" decoding=\"async\" width=\"1200\" height=\"800\" src=\"https:\/\/rallyekrumlov.cz\/wp-content\/uploads\/2023\/05\/RCK2023DMJfoto1-1200x800.jpg\" alt=\"\" class=\"wp-image-139928\" srcset=\"https:\/\/rallyekrumlov.cz\/wp-content\/uploads\/2023\/05\/RCK2023DMJfoto1-1200x800.jpg 1200w, https:\/\/rallyekrumlov.cz\/wp-content\/uploads\/2023\/05\/RCK2023DMJfoto1-768x512.jpg 768w, https:\/\/rallyekrumlov.cz\/wp-content\/uploads\/2023\/05\/RCK2023DMJfoto1-1536x1024.jpg 1536w, https:\/\/rallyekrumlov.cz\/wp-content\/uploads\/2023\/05\/RCK2023DMJfoto1-120x80.jpg 120w, https:\/\/rallyekrumlov.cz\/wp-content\/uploads\/2023\/05\/RCK2023DMJfoto1.jpg 2000w\" sizes=\"auto, (max-width: 1200px) 100vw, 1200px\" \/><\/figure>\n\n\n\n<figure class=\"wp-block-image size-large\"><img loading=\"lazy\" decoding=\"async\" width=\"1200\" height=\"800\" src=\"https:\/\/rallyekrumlov.cz\/wp-content\/uploads\/2023\/05\/RCK2023DMJfoto2-1200x800.jpg\" alt=\"\" class=\"wp-image-139930\" srcset=\"https:\/\/rallyekrumlov.cz\/wp-content\/uploads\/2023\/05\/RCK2023DMJfoto2-1200x800.jpg 1200w, https:\/\/rallyekrumlov.cz\/wp-content\/uploads\/2023\/05\/RCK2023DMJfoto2-768x512.jpg 768w, https:\/\/rallyekrumlov.cz\/wp-content\/uploads\/2023\/05\/RCK2023DMJfoto2-1536x1024.jpg 1536w, https:\/\/rallyekrumlov.cz\/wp-content\/uploads\/2023\/05\/RCK2023DMJfoto2-120x80.jpg 120w, https:\/\/rallyekrumlov.cz\/wp-content\/uploads\/2023\/05\/RCK2023DMJfoto2.jpg 2000w\" sizes=\"auto, (max-width: 1200px) 100vw, 1200px\" \/><\/figure>\n\n\n\n<figure class=\"wp-block-image size-large\"><img loading=\"lazy\" decoding=\"async\" width=\"1200\" height=\"800\" src=\"https:\/\/rallyekrumlov.cz\/wp-content\/uploads\/2023\/05\/RCK2023DMJfoto3-1200x800.jpg\" alt=\"\" class=\"wp-image-139932\" srcset=\"https:\/\/rallyekrumlov.cz\/wp-content\/uploads\/2023\/05\/RCK2023DMJfoto3-1200x800.jpg 1200w, https:\/\/rallyekrumlov.cz\/wp-content\/uploads\/2023\/05\/RCK2023DMJfoto3-768x512.jpg 768w, https:\/\/rallyekrumlov.cz\/wp-content\/uploads\/2023\/05\/RCK2023DMJfoto3-1536x1024.jpg 1536w, https:\/\/rallyekrumlov.cz\/wp-content\/uploads\/2023\/05\/RCK2023DMJfoto3-120x80.jpg 120w, https:\/\/rallyekrumlov.cz\/wp-content\/uploads\/2023\/05\/RCK2023DMJfoto3.jpg 2000w\" sizes=\"auto, (max-width: 1200px) 100vw, 1200px\" \/><\/figure>\n\n\n\n<figure class=\"wp-block-image size-large\"><img loading=\"lazy\" decoding=\"async\" width=\"1200\" height=\"800\" src=\"https:\/\/rallyekrumlov.cz\/wp-content\/uploads\/2023\/05\/RCK2023DMJfoto4-1200x800.jpg\" alt=\"\" class=\"wp-image-139934\" srcset=\"https:\/\/rallyekrumlov.cz\/wp-content\/uploads\/2023\/05\/RCK2023DMJfoto4-1200x800.jpg 1200w, https:\/\/rallyekrumlov.cz\/wp-content\/uploads\/2023\/05\/RCK2023DMJfoto4-768x512.jpg 768w, https:\/\/rallyekrumlov.cz\/wp-content\/uploads\/2023\/05\/RCK2023DMJfoto4-1536x1024.jpg 1536w, https:\/\/rallyekrumlov.cz\/wp-content\/uploads\/2023\/05\/RCK2023DMJfoto4-120x80.jpg 120w, https:\/\/rallyekrumlov.cz\/wp-content\/uploads\/2023\/05\/RCK2023DMJfoto4.jpg 2000w\" sizes=\"auto, (max-width: 1200px) 100vw, 1200px\" \/><\/figure>\n\n\n\n<figure class=\"wp-block-image size-large\"><img loading=\"lazy\" decoding=\"async\" width=\"1200\" height=\"800\" src=\"https:\/\/rallyekrumlov.cz\/wp-content\/uploads\/2023\/05\/RCK2023DMJfoto5-1200x800.jpg\" alt=\"\" class=\"wp-image-139936\" srcset=\"https:\/\/rallyekrumlov.cz\/wp-content\/uploads\/2023\/05\/RCK2023DMJfoto5-1200x800.jpg 1200w, https:\/\/rallyekrumlov.cz\/wp-content\/uploads\/2023\/05\/RCK2023DMJfoto5-768x512.jpg 768w, https:\/\/rallyekrumlov.cz\/wp-content\/uploads\/2023\/05\/RCK2023DMJfoto5-1536x1024.jpg 1536w, https:\/\/rallyekrumlov.cz\/wp-content\/uploads\/2023\/05\/RCK2023DMJfoto5-120x80.jpg 120w, https:\/\/rallyekrumlov.cz\/wp-content\/uploads\/2023\/05\/RCK2023DMJfoto5.jpg 2000w\" sizes=\"auto, (max-width: 1200px) 100vw, 1200px\" \/><\/figure>\n","protected":false},"excerpt":{"rendered":"<p>Malonty A new look of the well-known spectator venue of the Rallye \u010cesk\u00fd Krumlov, which is famous for its great&#8230;<\/p>\n","protected":false},"author":3,"featured_media":0,"parent":0,"menu_order":101,"comment_status":"closed","ping_status":"closed","template":"","meta":{"_acf_changed":false,"footnotes":""},"class_list":["post-151995","page","type-page","status-publish","hentry"],"acf":[],"yoast_head":"<!-- This site is optimized with the Yoast SEO Premium plugin v18.3 (Yoast SEO v27.4) - https:\/\/yoast.com\/product\/yoast-seo-premium-wordpress\/ -->\n<title>Spectators place \u2013 I - Rallye \u010cesk\u00fd Krumlov<\/title>\n<meta name=\"robots\" content=\"index, follow, max-snippet:-1, max-image-preview:large, max-video-preview:-1\" \/>\n<link rel=\"canonical\" href=\"https:\/\/rallyekrumlov.cz\/en\/spectators-place-i\/\" \/>\n<meta property=\"og:locale\" content=\"en_US\" \/>\n<meta property=\"og:type\" content=\"article\" \/>\n<meta property=\"og:title\" content=\"Spectators place \u2013 I\" \/>\n<meta property=\"og:description\" content=\"Malonty A new look of the well-known spectator venue of the Rallye \u010cesk\u00fd Krumlov, which is famous for its great...\" \/>\n<meta property=\"og:url\" content=\"https:\/\/rallyekrumlov.cz\/en\/spectators-place-i\/\" \/>\n<meta property=\"og:site_name\" content=\"Rallye \u010cesk\u00fd Krumlov\" \/>\n<meta property=\"article:modified_time\" content=\"2024-05-09T18:41:31+00:00\" \/>\n<meta property=\"og:image\" content=\"https:\/\/rallyekrumlov.cz\/wp-content\/uploads\/2024\/05\/RCK2024DMIplan1-1200x919.jpg\" \/>\n<meta name=\"twitter:card\" content=\"summary_large_image\" \/>\n<meta name=\"twitter:label1\" content=\"Est. reading time\" \/>\n\t<meta name=\"twitter:data1\" content=\"3 minutes\" \/>\n<script type=\"application\/ld+json\" class=\"yoast-schema-graph\">{\"@context\":\"https:\\\/\\\/schema.org\",\"@graph\":[{\"@type\":\"WebPage\",\"@id\":\"https:\\\/\\\/rallyekrumlov.cz\\\/en\\\/spectators-place-i\\\/\",\"url\":\"https:\\\/\\\/rallyekrumlov.cz\\\/en\\\/spectators-place-i\\\/\",\"name\":\"Spectators place \u2013 I - Rallye \u010cesk\u00fd Krumlov\",\"isPartOf\":{\"@id\":\"https:\\\/\\\/rallyekrumlov.cz\\\/#website\"},\"primaryImageOfPage\":{\"@id\":\"https:\\\/\\\/rallyekrumlov.cz\\\/en\\\/spectators-place-i\\\/#primaryimage\"},\"image\":{\"@id\":\"https:\\\/\\\/rallyekrumlov.cz\\\/en\\\/spectators-place-i\\\/#primaryimage\"},\"thumbnailUrl\":\"https:\\\/\\\/rallyekrumlov.cz\\\/wp-content\\\/uploads\\\/2024\\\/05\\\/RCK2024DMIplan1-1200x919.jpg\",\"datePublished\":\"2024-05-08T13:40:37+00:00\",\"dateModified\":\"2024-05-09T18:41:31+00:00\",\"breadcrumb\":{\"@id\":\"https:\\\/\\\/rallyekrumlov.cz\\\/en\\\/spectators-place-i\\\/#breadcrumb\"},\"inLanguage\":\"en-US\",\"potentialAction\":[{\"@type\":\"ReadAction\",\"target\":[\"https:\\\/\\\/rallyekrumlov.cz\\\/en\\\/spectators-place-i\\\/\"]}]},{\"@type\":\"ImageObject\",\"inLanguage\":\"en-US\",\"@id\":\"https:\\\/\\\/rallyekrumlov.cz\\\/en\\\/spectators-place-i\\\/#primaryimage\",\"url\":\"https:\\\/\\\/rallyekrumlov.cz\\\/wp-content\\\/uploads\\\/2024\\\/05\\\/RCK2024DMIplan1-1200x919.jpg\",\"contentUrl\":\"https:\\\/\\\/rallyekrumlov.cz\\\/wp-content\\\/uploads\\\/2024\\\/05\\\/RCK2024DMIplan1-1200x919.jpg\"},{\"@type\":\"BreadcrumbList\",\"@id\":\"https:\\\/\\\/rallyekrumlov.cz\\\/en\\\/spectators-place-i\\\/#breadcrumb\",\"itemListElement\":[{\"@type\":\"ListItem\",\"position\":1,\"name\":\"Home\",\"item\":\"https:\\\/\\\/rallyekrumlov.cz\\\/en\\\/\"},{\"@type\":\"ListItem\",\"position\":2,\"name\":\"Spectators place \u2013 I\"}]},{\"@type\":\"WebSite\",\"@id\":\"https:\\\/\\\/rallyekrumlov.cz\\\/#website\",\"url\":\"https:\\\/\\\/rallyekrumlov.cz\\\/\",\"name\":\"Rallye \u010cesk\u00fd Krumlov\",\"description\":\"\",\"potentialAction\":[{\"@type\":\"SearchAction\",\"target\":{\"@type\":\"EntryPoint\",\"urlTemplate\":\"https:\\\/\\\/rallyekrumlov.cz\\\/?s={search_term_string}\"},\"query-input\":{\"@type\":\"PropertyValueSpecification\",\"valueRequired\":true,\"valueName\":\"search_term_string\"}}],\"inLanguage\":\"en-US\"}]}<\/script>\n<!-- \/ Yoast SEO Premium plugin. -->","yoast_head_json":{"title":"Spectators place \u2013 I - Rallye \u010cesk\u00fd Krumlov","robots":{"index":"index","follow":"follow","max-snippet":"max-snippet:-1","max-image-preview":"max-image-preview:large","max-video-preview":"max-video-preview:-1"},"canonical":"https:\/\/rallyekrumlov.cz\/en\/spectators-place-i\/","og_locale":"en_US","og_type":"article","og_title":"Spectators place \u2013 I","og_description":"Malonty A new look of the well-known spectator venue of the Rallye \u010cesk\u00fd Krumlov, which is famous for its great...","og_url":"https:\/\/rallyekrumlov.cz\/en\/spectators-place-i\/","og_site_name":"Rallye \u010cesk\u00fd Krumlov","article_modified_time":"2024-05-09T18:41:31+00:00","og_image":[{"url":"https:\/\/rallyekrumlov.cz\/wp-content\/uploads\/2024\/05\/RCK2024DMIplan1-1200x919.jpg","type":"","width":"","height":""}],"twitter_card":"summary_large_image","twitter_misc":{"Est. reading time":"3 minutes"},"schema":{"@context":"https:\/\/schema.org","@graph":[{"@type":"WebPage","@id":"https:\/\/rallyekrumlov.cz\/en\/spectators-place-i\/","url":"https:\/\/rallyekrumlov.cz\/en\/spectators-place-i\/","name":"Spectators place \u2013 I - Rallye \u010cesk\u00fd Krumlov","isPartOf":{"@id":"https:\/\/rallyekrumlov.cz\/#website"},"primaryImageOfPage":{"@id":"https:\/\/rallyekrumlov.cz\/en\/spectators-place-i\/#primaryimage"},"image":{"@id":"https:\/\/rallyekrumlov.cz\/en\/spectators-place-i\/#primaryimage"},"thumbnailUrl":"https:\/\/rallyekrumlov.cz\/wp-content\/uploads\/2024\/05\/RCK2024DMIplan1-1200x919.jpg","datePublished":"2024-05-08T13:40:37+00:00","dateModified":"2024-05-09T18:41:31+00:00","breadcrumb":{"@id":"https:\/\/rallyekrumlov.cz\/en\/spectators-place-i\/#breadcrumb"},"inLanguage":"en-US","potentialAction":[{"@type":"ReadAction","target":["https:\/\/rallyekrumlov.cz\/en\/spectators-place-i\/"]}]},{"@type":"ImageObject","inLanguage":"en-US","@id":"https:\/\/rallyekrumlov.cz\/en\/spectators-place-i\/#primaryimage","url":"https:\/\/rallyekrumlov.cz\/wp-content\/uploads\/2024\/05\/RCK2024DMIplan1-1200x919.jpg","contentUrl":"https:\/\/rallyekrumlov.cz\/wp-content\/uploads\/2024\/05\/RCK2024DMIplan1-1200x919.jpg"},{"@type":"BreadcrumbList","@id":"https:\/\/rallyekrumlov.cz\/en\/spectators-place-i\/#breadcrumb","itemListElement":[{"@type":"ListItem","position":1,"name":"Home","item":"https:\/\/rallyekrumlov.cz\/en\/"},{"@type":"ListItem","position":2,"name":"Spectators place \u2013 I"}]},{"@type":"WebSite","@id":"https:\/\/rallyekrumlov.cz\/#website","url":"https:\/\/rallyekrumlov.cz\/","name":"Rallye \u010cesk\u00fd Krumlov","description":"","potentialAction":[{"@type":"SearchAction","target":{"@type":"EntryPoint","urlTemplate":"https:\/\/rallyekrumlov.cz\/?s={search_term_string}"},"query-input":{"@type":"PropertyValueSpecification","valueRequired":true,"valueName":"search_term_string"}}],"inLanguage":"en-US"}]}},"_links":{"self":[{"href":"https:\/\/rallyekrumlov.cz\/en\/wp-json\/wp\/v2\/pages\/151995","targetHints":{"allow":["GET"]}}],"collection":[{"href":"https:\/\/rallyekrumlov.cz\/en\/wp-json\/wp\/v2\/pages"}],"about":[{"href":"https:\/\/rallyekrumlov.cz\/en\/wp-json\/wp\/v2\/types\/page"}],"author":[{"embeddable":true,"href":"https:\/\/rallyekrumlov.cz\/en\/wp-json\/wp\/v2\/users\/3"}],"replies":[{"embeddable":true,"href":"https:\/\/rallyekrumlov.cz\/en\/wp-json\/wp\/v2\/comments?post=151995"}],"version-history":[{"count":2,"href":"https:\/\/rallyekrumlov.cz\/en\/wp-json\/wp\/v2\/pages\/151995\/revisions"}],"predecessor-version":[{"id":152062,"href":"https:\/\/rallyekrumlov.cz\/en\/wp-json\/wp\/v2\/pages\/151995\/revisions\/152062"}],"wp:attachment":[{"href":"https:\/\/rallyekrumlov.cz\/en\/wp-json\/wp\/v2\/media?parent=151995"}],"curies":[{"name":"wp","href":"https:\/\/api.w.org\/{rel}","templated":true}]}}