{"id":152003,"date":"2024-05-08T15:58:37","date_gmt":"2024-05-08T13:58:37","guid":{"rendered":"https:\/\/rallyekrumlov.cz\/?page_id=152003"},"modified":"2024-05-09T20:47:21","modified_gmt":"2024-05-09T18:47:21","slug":"spectators-place-k","status":"publish","type":"page","link":"https:\/\/rallyekrumlov.cz\/en\/spectators-place-k\/","title":{"rendered":"Spectators place \u2013 K"},"content":{"rendered":"\n<h4 class=\"wp-block-heading\" id=\"h-k1-sm-produkt-rallye-arena-sobenov-village-square\"><strong>K1 &#8211; <strong>SM produkt Rallye Ar\u00e9na<\/strong><\/strong> (<strong>Sob\u011bnov &#8211; Village square<\/strong>)<\/h4>\n\n\n\n<p><strong>SUPERTIP of Saturday&#8217;s leg!<\/strong><\/p>\n\n\n\n<p>Sob\u011bnov inherently belongs among the villages promised to rallyesport. As in previous years, fans will have a choice of several spectator places. After arriving at the village, the crews will turn sharply to the right, circle the local grocery store at a brisk pace and head past the firehouse onto the dusty roads of the local farmhouse. The right turn onto the road to Besednice will also be attractive.<\/p>\n\n\n\n<p>Arrival from Kaplice on the road number 154 through Blansko, parking on the meadow in front of Sob\u011bnov.<\/p>\n\n\n\n<ul class=\"wp-block-list\">\n<li>Special Stage:<strong> SM produkt Kohout<\/strong><\/li>\n\n\n\n<li>SS lenght: <strong>13,78 km<\/strong><\/li>\n\n\n\n<li>Date: <strong>Saturday 18 May 2024<\/strong><\/li>\n\n\n\n<li>GPS: <strong><a href=\"https:\/\/mapy.cz\/s\/najatapofa\" target=\"_blank\" rel=\"noreferrer noopener\">N 48\u00b045.75550&#8242;, E 014\u00b032.72490<\/a><\/strong><\/li>\n<\/ul>\n\n\n\n<p class=\"has-black-color has-text-color\"><strong><strong>FIA European Rally Trophy | Czech Rally Championship | Autoklub Rally Challenge<\/strong><\/strong><br><strong>SS 11<\/strong> | 1st car: <strong>10:56<\/strong><br><strong>SS 15<\/strong> | 1st car: <strong>16:02<\/strong><\/p>\n\n\n\n<p class=\"has-black-color has-text-color\"><strong><strong><strong><strong>Autoklub Czech Historic Sporting Rally Championship<\/strong><\/strong><\/strong><\/strong><br>1st car starts immediately after the FIA ERT \/ Czech Rally Championship \/ Autoklub Rally Challenge!<\/p>\n\n\n\n<p><strong>XVI. Rallye Legend Show<\/strong><br>The exhibition run of legends will take place after the Czech Rally Championship in historic cars only at SS 11.<\/p>\n\n\n\n<figure class=\"wp-block-image size-large\"><img loading=\"lazy\" decoding=\"async\" width=\"929\" height=\"1200\" src=\"https:\/\/rallyekrumlov.cz\/wp-content\/uploads\/2024\/04\/RCK2024DMK1plan-929x1200.jpg\" alt=\"\" class=\"wp-image-151720\" srcset=\"https:\/\/rallyekrumlov.cz\/wp-content\/uploads\/2024\/04\/RCK2024DMK1plan-929x1200.jpg 929w, https:\/\/rallyekrumlov.cz\/wp-content\/uploads\/2024\/04\/RCK2024DMK1plan-768x992.jpg 768w, https:\/\/rallyekrumlov.cz\/wp-content\/uploads\/2024\/04\/RCK2024DMK1plan-1189x1536.jpg 1189w, https:\/\/rallyekrumlov.cz\/wp-content\/uploads\/2024\/04\/RCK2024DMK1plan-1586x2048.jpg 1586w, https:\/\/rallyekrumlov.cz\/wp-content\/uploads\/2024\/04\/RCK2024DMK1plan-62x80.jpg 62w, https:\/\/rallyekrumlov.cz\/wp-content\/uploads\/2024\/04\/RCK2024DMK1plan-scaled.jpg 1982w\" sizes=\"auto, (max-width: 929px) 100vw, 929px\" \/><\/figure>\n\n\n\n<figure class=\"wp-block-embed is-type-video is-provider-youtube wp-block-embed-youtube wp-embed-aspect-16-9 wp-has-aspect-ratio\"><div class=\"wp-block-embed__wrapper\">\n<iframe loading=\"lazy\" title=\"Div\u00e1ck\u00e9 m\u00edsto RZ 11\/15 Kohout - SM produkt Rallye Ar\u00e9na - K1\" width=\"500\" height=\"281\" src=\"https:\/\/www.youtube.com\/embed\/ZKjU-B3gydo?feature=oembed\" frameborder=\"0\" allow=\"accelerometer; autoplay; clipboard-write; encrypted-media; gyroscope; picture-in-picture; web-share\" referrerpolicy=\"strict-origin-when-cross-origin\" allowfullscreen><\/iframe>\n<\/div><\/figure>\n\n\n\n<figure class=\"wp-block-image size-large\"><img loading=\"lazy\" decoding=\"async\" width=\"1200\" height=\"800\" src=\"https:\/\/rallyekrumlov.cz\/wp-content\/uploads\/2024\/04\/RCK2024DMKfoto1-1200x800.jpg\" alt=\"\" class=\"wp-image-151724\" srcset=\"https:\/\/rallyekrumlov.cz\/wp-content\/uploads\/2024\/04\/RCK2024DMKfoto1-1200x800.jpg 1200w, https:\/\/rallyekrumlov.cz\/wp-content\/uploads\/2024\/04\/RCK2024DMKfoto1-768x512.jpg 768w, https:\/\/rallyekrumlov.cz\/wp-content\/uploads\/2024\/04\/RCK2024DMKfoto1-1536x1024.jpg 1536w, https:\/\/rallyekrumlov.cz\/wp-content\/uploads\/2024\/04\/RCK2024DMKfoto1-120x80.jpg 120w, https:\/\/rallyekrumlov.cz\/wp-content\/uploads\/2024\/04\/RCK2024DMKfoto1.jpg 2000w\" sizes=\"auto, (max-width: 1200px) 100vw, 1200px\" \/><\/figure>\n\n\n\n<figure class=\"wp-block-image size-large\"><img loading=\"lazy\" decoding=\"async\" width=\"1200\" height=\"800\" src=\"https:\/\/rallyekrumlov.cz\/wp-content\/uploads\/2024\/04\/RCK2024DMKfoto2-1200x800.jpg\" alt=\"\" class=\"wp-image-151726\" srcset=\"https:\/\/rallyekrumlov.cz\/wp-content\/uploads\/2024\/04\/RCK2024DMKfoto2-1200x800.jpg 1200w, https:\/\/rallyekrumlov.cz\/wp-content\/uploads\/2024\/04\/RCK2024DMKfoto2-768x512.jpg 768w, https:\/\/rallyekrumlov.cz\/wp-content\/uploads\/2024\/04\/RCK2024DMKfoto2-1536x1024.jpg 1536w, https:\/\/rallyekrumlov.cz\/wp-content\/uploads\/2024\/04\/RCK2024DMKfoto2-120x80.jpg 120w, https:\/\/rallyekrumlov.cz\/wp-content\/uploads\/2024\/04\/RCK2024DMKfoto2.jpg 2000w\" sizes=\"auto, (max-width: 1200px) 100vw, 1200px\" \/><\/figure>\n\n\n\n<figure class=\"wp-block-image size-large\"><img loading=\"lazy\" decoding=\"async\" width=\"1200\" height=\"800\" src=\"https:\/\/rallyekrumlov.cz\/wp-content\/uploads\/2024\/04\/RCK2024DMKfoto3-1200x800.jpg\" alt=\"\" class=\"wp-image-151728\" srcset=\"https:\/\/rallyekrumlov.cz\/wp-content\/uploads\/2024\/04\/RCK2024DMKfoto3-1200x800.jpg 1200w, https:\/\/rallyekrumlov.cz\/wp-content\/uploads\/2024\/04\/RCK2024DMKfoto3-768x512.jpg 768w, https:\/\/rallyekrumlov.cz\/wp-content\/uploads\/2024\/04\/RCK2024DMKfoto3-1536x1024.jpg 1536w, https:\/\/rallyekrumlov.cz\/wp-content\/uploads\/2024\/04\/RCK2024DMKfoto3-120x80.jpg 120w, https:\/\/rallyekrumlov.cz\/wp-content\/uploads\/2024\/04\/RCK2024DMKfoto3.jpg 2000w\" sizes=\"auto, (max-width: 1200px) 100vw, 1200px\" \/><\/figure>\n\n\n\n<figure class=\"wp-block-image size-large\"><img loading=\"lazy\" decoding=\"async\" width=\"1200\" height=\"800\" src=\"https:\/\/rallyekrumlov.cz\/wp-content\/uploads\/2024\/04\/RCK2024DMKfoto4-1200x800.jpg\" alt=\"\" class=\"wp-image-151730\" srcset=\"https:\/\/rallyekrumlov.cz\/wp-content\/uploads\/2024\/04\/RCK2024DMKfoto4-1200x800.jpg 1200w, https:\/\/rallyekrumlov.cz\/wp-content\/uploads\/2024\/04\/RCK2024DMKfoto4-768x512.jpg 768w, https:\/\/rallyekrumlov.cz\/wp-content\/uploads\/2024\/04\/RCK2024DMKfoto4-1536x1024.jpg 1536w, https:\/\/rallyekrumlov.cz\/wp-content\/uploads\/2024\/04\/RCK2024DMKfoto4-120x80.jpg 120w, https:\/\/rallyekrumlov.cz\/wp-content\/uploads\/2024\/04\/RCK2024DMKfoto4.jpg 2000w\" sizes=\"auto, (max-width: 1200px) 100vw, 1200px\" \/><\/figure>\n\n\n\n<figure class=\"wp-block-image size-large\"><img loading=\"lazy\" decoding=\"async\" width=\"1200\" height=\"800\" src=\"https:\/\/rallyekrumlov.cz\/wp-content\/uploads\/2024\/04\/RCK2024DMKfoto5-1200x800.jpg\" alt=\"\" class=\"wp-image-151732\" srcset=\"https:\/\/rallyekrumlov.cz\/wp-content\/uploads\/2024\/04\/RCK2024DMKfoto5-1200x800.jpg 1200w, https:\/\/rallyekrumlov.cz\/wp-content\/uploads\/2024\/04\/RCK2024DMKfoto5-768x512.jpg 768w, https:\/\/rallyekrumlov.cz\/wp-content\/uploads\/2024\/04\/RCK2024DMKfoto5-1536x1024.jpg 1536w, https:\/\/rallyekrumlov.cz\/wp-content\/uploads\/2024\/04\/RCK2024DMKfoto5-120x80.jpg 120w, https:\/\/rallyekrumlov.cz\/wp-content\/uploads\/2024\/04\/RCK2024DMKfoto5.jpg 2000w\" sizes=\"auto, (max-width: 1200px) 100vw, 1200px\" \/><\/figure>\n\n\n\n<figure class=\"wp-block-image size-large\"><img loading=\"lazy\" decoding=\"async\" width=\"1200\" height=\"800\" src=\"https:\/\/rallyekrumlov.cz\/wp-content\/uploads\/2024\/04\/RCK2024DMKfoto6-1200x800.jpg\" alt=\"\" class=\"wp-image-151734\" srcset=\"https:\/\/rallyekrumlov.cz\/wp-content\/uploads\/2024\/04\/RCK2024DMKfoto6-1200x800.jpg 1200w, https:\/\/rallyekrumlov.cz\/wp-content\/uploads\/2024\/04\/RCK2024DMKfoto6-768x512.jpg 768w, https:\/\/rallyekrumlov.cz\/wp-content\/uploads\/2024\/04\/RCK2024DMKfoto6-1536x1024.jpg 1536w, https:\/\/rallyekrumlov.cz\/wp-content\/uploads\/2024\/04\/RCK2024DMKfoto6-120x80.jpg 120w, https:\/\/rallyekrumlov.cz\/wp-content\/uploads\/2024\/04\/RCK2024DMKfoto6.jpg 2000w\" sizes=\"auto, (max-width: 1200px) 100vw, 1200px\" \/><\/figure>\n\n\n\n<figure class=\"wp-block-image size-large\"><img loading=\"lazy\" decoding=\"async\" width=\"1200\" height=\"800\" src=\"https:\/\/rallyekrumlov.cz\/wp-content\/uploads\/2024\/04\/RCK2024DMKfoto7-1200x800.jpg\" alt=\"\" class=\"wp-image-151736\" srcset=\"https:\/\/rallyekrumlov.cz\/wp-content\/uploads\/2024\/04\/RCK2024DMKfoto7-1200x800.jpg 1200w, https:\/\/rallyekrumlov.cz\/wp-content\/uploads\/2024\/04\/RCK2024DMKfoto7-768x512.jpg 768w, https:\/\/rallyekrumlov.cz\/wp-content\/uploads\/2024\/04\/RCK2024DMKfoto7-1536x1024.jpg 1536w, https:\/\/rallyekrumlov.cz\/wp-content\/uploads\/2024\/04\/RCK2024DMKfoto7-120x80.jpg 120w, https:\/\/rallyekrumlov.cz\/wp-content\/uploads\/2024\/04\/RCK2024DMKfoto7.jpg 2000w\" sizes=\"auto, (max-width: 1200px) 100vw, 1200px\" \/><\/figure>\n\n\n\n<hr class=\"wp-block-separator has-alpha-channel-opacity\"\/>\n\n\n\n<h4 class=\"wp-block-heading\" id=\"h-k2-sm-produkt-rallye-arena-sobenov-turn-off\"><strong><strong>K2 &#8211; <strong>SM produkt Rallye Ar\u00e9na<\/strong><\/strong><\/strong> (<strong><strong>Sob\u011bnov &#8211; <strong>Turn off<\/strong>)<\/strong><\/strong><\/h4>\n\n\n\n<p>Sob\u011bnov inherently belongs among the villages promised to rallyesport. As in previous years, fans will have a choice of several spectator places. After arriving at the village, the crews will turn sharply to the right, circle the local grocery store at a brisk pace and head past the firehouse onto the dusty roads of the local farmhouse. The right turn onto the road to Besednice will also be attractive.<\/p>\n\n\n\n<p>Arrival from Kaplice on the road number 154 through Blansko, parking on the meadow in front of Sob\u011bnov.<\/p>\n\n\n\n<ul class=\"wp-block-list\">\n<li>Special Stage:<strong> SM produkt Kohout<\/strong><\/li>\n\n\n\n<li>SS lenght: <strong>13,78 km<\/strong><\/li>\n\n\n\n<li>Date: <strong>Saturday 18 May 2024<\/strong><\/li>\n\n\n\n<li>GPS: <strong><a href=\"https:\/\/mapy.cz\/s\/cumamufeze\" target=\"_blank\" rel=\"noreferrer noopener\">N 48\u00b045.86797&#8242;, E 014\u00b032.67372<\/a><\/strong><\/li>\n<\/ul>\n\n\n\n<p class=\"has-black-color has-text-color\"><strong><strong>FIA European Rally Trophy | Czech Rally Championship | Autoklub Rally Challenge<\/strong><\/strong><br><strong>SS 11<\/strong> | 1st car: <strong>10:56<\/strong><br><strong>SS 15<\/strong> | 1st car: <strong>16:02<\/strong><\/p>\n\n\n\n<p class=\"has-black-color has-text-color\"><strong><strong><strong><strong>Autoklub Czech Historic Sporting Rally Championship<\/strong><\/strong><\/strong><\/strong><br>1st car starts immediately after the FIA ERT \/ Czech Rally Championship \/ Autoklub Rally Challenge!<\/p>\n\n\n\n<p><strong>XVI. Rallye Legend Show<\/strong><br>The exhibition run of legends will take place after the Czech Rally Championship in historic cars only at SS 11.<\/p>\n\n\n\n<figure class=\"wp-block-image size-large\"><img loading=\"lazy\" decoding=\"async\" width=\"1200\" height=\"898\" src=\"https:\/\/rallyekrumlov.cz\/wp-content\/uploads\/2024\/04\/RCK2024DMK2plan-1200x898.jpg\" alt=\"\" class=\"wp-image-151722\" srcset=\"https:\/\/rallyekrumlov.cz\/wp-content\/uploads\/2024\/04\/RCK2024DMK2plan-1200x898.jpg 1200w, https:\/\/rallyekrumlov.cz\/wp-content\/uploads\/2024\/04\/RCK2024DMK2plan-768x575.jpg 768w, https:\/\/rallyekrumlov.cz\/wp-content\/uploads\/2024\/04\/RCK2024DMK2plan-1536x1150.jpg 1536w, https:\/\/rallyekrumlov.cz\/wp-content\/uploads\/2024\/04\/RCK2024DMK2plan-107x80.jpg 107w, https:\/\/rallyekrumlov.cz\/wp-content\/uploads\/2024\/04\/RCK2024DMK2plan.jpg 2000w\" sizes=\"auto, (max-width: 1200px) 100vw, 1200px\" \/><\/figure>\n\n\n\n<figure class=\"wp-block-embed is-type-video is-provider-youtube wp-block-embed-youtube wp-embed-aspect-16-9 wp-has-aspect-ratio\"><div class=\"wp-block-embed__wrapper\">\n<iframe loading=\"lazy\" title=\"Div\u00e1ck\u00e9 m\u00edsto RZ 11\/15 Kohout - Sob\u011bnov statek, odbo\u010den\u00ed - K2\" width=\"500\" height=\"281\" src=\"https:\/\/www.youtube.com\/embed\/s-zh7t3wE6s?feature=oembed\" frameborder=\"0\" allow=\"accelerometer; autoplay; clipboard-write; encrypted-media; gyroscope; picture-in-picture; web-share\" referrerpolicy=\"strict-origin-when-cross-origin\" allowfullscreen><\/iframe>\n<\/div><\/figure>\n\n\n\n<figure class=\"wp-block-image size-large\"><img loading=\"lazy\" decoding=\"async\" width=\"1200\" height=\"800\" src=\"https:\/\/rallyekrumlov.cz\/wp-content\/uploads\/2023\/05\/RCK2023DMLfoto3-1200x800.jpg\" alt=\"\" class=\"wp-image-139912\" srcset=\"https:\/\/rallyekrumlov.cz\/wp-content\/uploads\/2023\/05\/RCK2023DMLfoto3-1200x800.jpg 1200w, https:\/\/rallyekrumlov.cz\/wp-content\/uploads\/2023\/05\/RCK2023DMLfoto3-768x512.jpg 768w, https:\/\/rallyekrumlov.cz\/wp-content\/uploads\/2023\/05\/RCK2023DMLfoto3-1536x1024.jpg 1536w, https:\/\/rallyekrumlov.cz\/wp-content\/uploads\/2023\/05\/RCK2023DMLfoto3-120x80.jpg 120w, https:\/\/rallyekrumlov.cz\/wp-content\/uploads\/2023\/05\/RCK2023DMLfoto3.jpg 2000w\" sizes=\"auto, (max-width: 1200px) 100vw, 1200px\" \/><\/figure>\n\n\n\n<figure class=\"wp-block-image size-large is-resized\"><img loading=\"lazy\" decoding=\"async\" width=\"1200\" height=\"800\" src=\"https:\/\/rallyekrumlov.cz\/wp-content\/uploads\/2023\/05\/RCK2023DMLfoto4-1200x800.jpg\" alt=\"\" class=\"wp-image-139914\" style=\"width:900px;height:600px\" srcset=\"https:\/\/rallyekrumlov.cz\/wp-content\/uploads\/2023\/05\/RCK2023DMLfoto4-1200x800.jpg 1200w, https:\/\/rallyekrumlov.cz\/wp-content\/uploads\/2023\/05\/RCK2023DMLfoto4-768x512.jpg 768w, https:\/\/rallyekrumlov.cz\/wp-content\/uploads\/2023\/05\/RCK2023DMLfoto4-1536x1024.jpg 1536w, https:\/\/rallyekrumlov.cz\/wp-content\/uploads\/2023\/05\/RCK2023DMLfoto4-120x80.jpg 120w, https:\/\/rallyekrumlov.cz\/wp-content\/uploads\/2023\/05\/RCK2023DMLfoto4.jpg 2000w\" sizes=\"auto, (max-width: 1200px) 100vw, 1200px\" \/><\/figure>\n\n\n\n<figure class=\"wp-block-image size-large\"><img loading=\"lazy\" decoding=\"async\" width=\"1200\" height=\"800\" src=\"https:\/\/rallyekrumlov.cz\/wp-content\/uploads\/2023\/05\/RCK2023DMLfoto5-1200x800.jpg\" alt=\"\" class=\"wp-image-139916\" srcset=\"https:\/\/rallyekrumlov.cz\/wp-content\/uploads\/2023\/05\/RCK2023DMLfoto5-1200x800.jpg 1200w, https:\/\/rallyekrumlov.cz\/wp-content\/uploads\/2023\/05\/RCK2023DMLfoto5-768x512.jpg 768w, https:\/\/rallyekrumlov.cz\/wp-content\/uploads\/2023\/05\/RCK2023DMLfoto5-1536x1024.jpg 1536w, https:\/\/rallyekrumlov.cz\/wp-content\/uploads\/2023\/05\/RCK2023DMLfoto5-120x80.jpg 120w, https:\/\/rallyekrumlov.cz\/wp-content\/uploads\/2023\/05\/RCK2023DMLfoto5.jpg 2000w\" sizes=\"auto, (max-width: 1200px) 100vw, 1200px\" \/><\/figure>\n\n\n\n<figure class=\"wp-block-image size-large\"><img loading=\"lazy\" decoding=\"async\" width=\"1200\" height=\"800\" src=\"https:\/\/rallyekrumlov.cz\/wp-content\/uploads\/2024\/04\/RCK2024DMKfoto8-1200x800.jpg\" alt=\"\" class=\"wp-image-151738\" srcset=\"https:\/\/rallyekrumlov.cz\/wp-content\/uploads\/2024\/04\/RCK2024DMKfoto8-1200x800.jpg 1200w, https:\/\/rallyekrumlov.cz\/wp-content\/uploads\/2024\/04\/RCK2024DMKfoto8-768x512.jpg 768w, https:\/\/rallyekrumlov.cz\/wp-content\/uploads\/2024\/04\/RCK2024DMKfoto8-1536x1024.jpg 1536w, https:\/\/rallyekrumlov.cz\/wp-content\/uploads\/2024\/04\/RCK2024DMKfoto8-120x80.jpg 120w, https:\/\/rallyekrumlov.cz\/wp-content\/uploads\/2024\/04\/RCK2024DMKfoto8.jpg 2000w\" sizes=\"auto, (max-width: 1200px) 100vw, 1200px\" \/><\/figure>\n\n\n\n<figure class=\"wp-block-image size-large\"><img loading=\"lazy\" decoding=\"async\" width=\"1200\" height=\"800\" src=\"https:\/\/rallyekrumlov.cz\/wp-content\/uploads\/2024\/04\/RCK2024DMKfoto9-1200x800.jpg\" alt=\"\" class=\"wp-image-151740\" srcset=\"https:\/\/rallyekrumlov.cz\/wp-content\/uploads\/2024\/04\/RCK2024DMKfoto9-1200x800.jpg 1200w, https:\/\/rallyekrumlov.cz\/wp-content\/uploads\/2024\/04\/RCK2024DMKfoto9-768x512.jpg 768w, https:\/\/rallyekrumlov.cz\/wp-content\/uploads\/2024\/04\/RCK2024DMKfoto9-1536x1024.jpg 1536w, https:\/\/rallyekrumlov.cz\/wp-content\/uploads\/2024\/04\/RCK2024DMKfoto9-120x80.jpg 120w, https:\/\/rallyekrumlov.cz\/wp-content\/uploads\/2024\/04\/RCK2024DMKfoto9.jpg 2000w\" sizes=\"auto, (max-width: 1200px) 100vw, 1200px\" \/><\/figure>\n","protected":false},"excerpt":{"rendered":"<p>K1 &#8211; SM produkt Rallye Ar\u00e9na (Sob\u011bnov &#8211; Village square) SUPERTIP of Saturday&#8217;s leg! Sob\u011bnov inherently belongs among the villages&#8230;<\/p>\n","protected":false},"author":3,"featured_media":0,"parent":0,"menu_order":96,"comment_status":"closed","ping_status":"closed","template":"","meta":{"_acf_changed":false,"footnotes":""},"class_list":["post-152003","page","type-page","status-publish","hentry"],"acf":[],"yoast_head":"<!-- This site is optimized with the Yoast SEO Premium plugin v18.3 (Yoast SEO v27.4) - https:\/\/yoast.com\/product\/yoast-seo-premium-wordpress\/ -->\n<title>Spectators place \u2013 K - Rallye \u010cesk\u00fd Krumlov<\/title>\n<meta name=\"robots\" content=\"index, follow, max-snippet:-1, max-image-preview:large, max-video-preview:-1\" \/>\n<link rel=\"canonical\" href=\"https:\/\/rallyekrumlov.cz\/en\/spectators-place-k\/\" \/>\n<meta property=\"og:locale\" content=\"en_US\" \/>\n<meta property=\"og:type\" content=\"article\" \/>\n<meta property=\"og:title\" content=\"Spectators place \u2013 K\" \/>\n<meta property=\"og:description\" content=\"K1 &#8211; SM produkt Rallye Ar\u00e9na (Sob\u011bnov &#8211; Village square) SUPERTIP of Saturday&#8217;s leg! Sob\u011bnov inherently belongs among the villages...\" \/>\n<meta property=\"og:url\" content=\"https:\/\/rallyekrumlov.cz\/en\/spectators-place-k\/\" \/>\n<meta property=\"og:site_name\" content=\"Rallye \u010cesk\u00fd Krumlov\" \/>\n<meta property=\"article:modified_time\" content=\"2024-05-09T18:47:21+00:00\" \/>\n<meta property=\"og:image\" content=\"https:\/\/rallyekrumlov.cz\/wp-content\/uploads\/2024\/04\/RCK2024DMK1plan-929x1200.jpg\" \/>\n<meta name=\"twitter:card\" content=\"summary_large_image\" \/>\n<meta name=\"twitter:label1\" content=\"Est. reading time\" \/>\n\t<meta name=\"twitter:data1\" content=\"5 minutes\" \/>\n<script type=\"application\/ld+json\" class=\"yoast-schema-graph\">{\"@context\":\"https:\\\/\\\/schema.org\",\"@graph\":[{\"@type\":\"WebPage\",\"@id\":\"https:\\\/\\\/rallyekrumlov.cz\\\/en\\\/spectators-place-k\\\/\",\"url\":\"https:\\\/\\\/rallyekrumlov.cz\\\/en\\\/spectators-place-k\\\/\",\"name\":\"Spectators place \u2013 K - Rallye \u010cesk\u00fd Krumlov\",\"isPartOf\":{\"@id\":\"https:\\\/\\\/rallyekrumlov.cz\\\/#website\"},\"primaryImageOfPage\":{\"@id\":\"https:\\\/\\\/rallyekrumlov.cz\\\/en\\\/spectators-place-k\\\/#primaryimage\"},\"image\":{\"@id\":\"https:\\\/\\\/rallyekrumlov.cz\\\/en\\\/spectators-place-k\\\/#primaryimage\"},\"thumbnailUrl\":\"https:\\\/\\\/rallyekrumlov.cz\\\/wp-content\\\/uploads\\\/2024\\\/04\\\/RCK2024DMK1plan-929x1200.jpg\",\"datePublished\":\"2024-05-08T13:58:37+00:00\",\"dateModified\":\"2024-05-09T18:47:21+00:00\",\"breadcrumb\":{\"@id\":\"https:\\\/\\\/rallyekrumlov.cz\\\/en\\\/spectators-place-k\\\/#breadcrumb\"},\"inLanguage\":\"en-US\",\"potentialAction\":[{\"@type\":\"ReadAction\",\"target\":[\"https:\\\/\\\/rallyekrumlov.cz\\\/en\\\/spectators-place-k\\\/\"]}]},{\"@type\":\"ImageObject\",\"inLanguage\":\"en-US\",\"@id\":\"https:\\\/\\\/rallyekrumlov.cz\\\/en\\\/spectators-place-k\\\/#primaryimage\",\"url\":\"https:\\\/\\\/rallyekrumlov.cz\\\/wp-content\\\/uploads\\\/2024\\\/04\\\/RCK2024DMK1plan-929x1200.jpg\",\"contentUrl\":\"https:\\\/\\\/rallyekrumlov.cz\\\/wp-content\\\/uploads\\\/2024\\\/04\\\/RCK2024DMK1plan-929x1200.jpg\"},{\"@type\":\"BreadcrumbList\",\"@id\":\"https:\\\/\\\/rallyekrumlov.cz\\\/en\\\/spectators-place-k\\\/#breadcrumb\",\"itemListElement\":[{\"@type\":\"ListItem\",\"position\":1,\"name\":\"Home\",\"item\":\"https:\\\/\\\/rallyekrumlov.cz\\\/en\\\/\"},{\"@type\":\"ListItem\",\"position\":2,\"name\":\"Spectators place \u2013 K\"}]},{\"@type\":\"WebSite\",\"@id\":\"https:\\\/\\\/rallyekrumlov.cz\\\/#website\",\"url\":\"https:\\\/\\\/rallyekrumlov.cz\\\/\",\"name\":\"Rallye \u010cesk\u00fd Krumlov\",\"description\":\"\",\"potentialAction\":[{\"@type\":\"SearchAction\",\"target\":{\"@type\":\"EntryPoint\",\"urlTemplate\":\"https:\\\/\\\/rallyekrumlov.cz\\\/?s={search_term_string}\"},\"query-input\":{\"@type\":\"PropertyValueSpecification\",\"valueRequired\":true,\"valueName\":\"search_term_string\"}}],\"inLanguage\":\"en-US\"}]}<\/script>\n<!-- \/ Yoast SEO Premium plugin. -->","yoast_head_json":{"title":"Spectators place \u2013 K - Rallye \u010cesk\u00fd Krumlov","robots":{"index":"index","follow":"follow","max-snippet":"max-snippet:-1","max-image-preview":"max-image-preview:large","max-video-preview":"max-video-preview:-1"},"canonical":"https:\/\/rallyekrumlov.cz\/en\/spectators-place-k\/","og_locale":"en_US","og_type":"article","og_title":"Spectators place \u2013 K","og_description":"K1 &#8211; SM produkt Rallye Ar\u00e9na (Sob\u011bnov &#8211; Village square) SUPERTIP of Saturday&#8217;s leg! Sob\u011bnov inherently belongs among the villages...","og_url":"https:\/\/rallyekrumlov.cz\/en\/spectators-place-k\/","og_site_name":"Rallye \u010cesk\u00fd Krumlov","article_modified_time":"2024-05-09T18:47:21+00:00","og_image":[{"url":"https:\/\/rallyekrumlov.cz\/wp-content\/uploads\/2024\/04\/RCK2024DMK1plan-929x1200.jpg","type":"","width":"","height":""}],"twitter_card":"summary_large_image","twitter_misc":{"Est. reading time":"5 minutes"},"schema":{"@context":"https:\/\/schema.org","@graph":[{"@type":"WebPage","@id":"https:\/\/rallyekrumlov.cz\/en\/spectators-place-k\/","url":"https:\/\/rallyekrumlov.cz\/en\/spectators-place-k\/","name":"Spectators place \u2013 K - Rallye \u010cesk\u00fd Krumlov","isPartOf":{"@id":"https:\/\/rallyekrumlov.cz\/#website"},"primaryImageOfPage":{"@id":"https:\/\/rallyekrumlov.cz\/en\/spectators-place-k\/#primaryimage"},"image":{"@id":"https:\/\/rallyekrumlov.cz\/en\/spectators-place-k\/#primaryimage"},"thumbnailUrl":"https:\/\/rallyekrumlov.cz\/wp-content\/uploads\/2024\/04\/RCK2024DMK1plan-929x1200.jpg","datePublished":"2024-05-08T13:58:37+00:00","dateModified":"2024-05-09T18:47:21+00:00","breadcrumb":{"@id":"https:\/\/rallyekrumlov.cz\/en\/spectators-place-k\/#breadcrumb"},"inLanguage":"en-US","potentialAction":[{"@type":"ReadAction","target":["https:\/\/rallyekrumlov.cz\/en\/spectators-place-k\/"]}]},{"@type":"ImageObject","inLanguage":"en-US","@id":"https:\/\/rallyekrumlov.cz\/en\/spectators-place-k\/#primaryimage","url":"https:\/\/rallyekrumlov.cz\/wp-content\/uploads\/2024\/04\/RCK2024DMK1plan-929x1200.jpg","contentUrl":"https:\/\/rallyekrumlov.cz\/wp-content\/uploads\/2024\/04\/RCK2024DMK1plan-929x1200.jpg"},{"@type":"BreadcrumbList","@id":"https:\/\/rallyekrumlov.cz\/en\/spectators-place-k\/#breadcrumb","itemListElement":[{"@type":"ListItem","position":1,"name":"Home","item":"https:\/\/rallyekrumlov.cz\/en\/"},{"@type":"ListItem","position":2,"name":"Spectators place \u2013 K"}]},{"@type":"WebSite","@id":"https:\/\/rallyekrumlov.cz\/#website","url":"https:\/\/rallyekrumlov.cz\/","name":"Rallye \u010cesk\u00fd Krumlov","description":"","potentialAction":[{"@type":"SearchAction","target":{"@type":"EntryPoint","urlTemplate":"https:\/\/rallyekrumlov.cz\/?s={search_term_string}"},"query-input":{"@type":"PropertyValueSpecification","valueRequired":true,"valueName":"search_term_string"}}],"inLanguage":"en-US"}]}},"_links":{"self":[{"href":"https:\/\/rallyekrumlov.cz\/en\/wp-json\/wp\/v2\/pages\/152003","targetHints":{"allow":["GET"]}}],"collection":[{"href":"https:\/\/rallyekrumlov.cz\/en\/wp-json\/wp\/v2\/pages"}],"about":[{"href":"https:\/\/rallyekrumlov.cz\/en\/wp-json\/wp\/v2\/types\/page"}],"author":[{"embeddable":true,"href":"https:\/\/rallyekrumlov.cz\/en\/wp-json\/wp\/v2\/users\/3"}],"replies":[{"embeddable":true,"href":"https:\/\/rallyekrumlov.cz\/en\/wp-json\/wp\/v2\/comments?post=152003"}],"version-history":[{"count":3,"href":"https:\/\/rallyekrumlov.cz\/en\/wp-json\/wp\/v2\/pages\/152003\/revisions"}],"predecessor-version":[{"id":152068,"href":"https:\/\/rallyekrumlov.cz\/en\/wp-json\/wp\/v2\/pages\/152003\/revisions\/152068"}],"wp:attachment":[{"href":"https:\/\/rallyekrumlov.cz\/en\/wp-json\/wp\/v2\/media?parent=152003"}],"curies":[{"name":"wp","href":"https:\/\/api.w.org\/{rel}","templated":true}]}}