{"id":152015,"date":"2024-05-08T17:41:52","date_gmt":"2024-05-08T15:41:52","guid":{"rendered":"https:\/\/rallyekrumlov.cz\/?page_id=152015"},"modified":"2024-05-08T17:41:53","modified_gmt":"2024-05-08T15:41:53","slug":"cb-auto-rallye-arena","status":"publish","type":"page","link":"https:\/\/rallyekrumlov.cz\/en\/cb-auto-rallye-arena\/","title":{"rendered":"CB Auto Rallye Arena"},"content":{"rendered":"\n<h4 class=\"wp-block-heading\" id=\"h-exhibition-centre-ceske-budejovice\"><strong>Exhibition centre \u010cesk\u00e9 Bud\u011bjovice<\/strong><\/h4>\n\n\n\n<p>Spectator special stage in the centre of the South Bohemian regional town. Measured test takes place in the area of Exhibition centre \u010cesk\u00e9 Bud\u011bjovice in the immediate vicinity of the service area.<\/p>\n\n\n\n<ul class=\"wp-block-list\">\n<li>Special Stage:<strong> Super SS CB Auto Rallye Arena<\/strong><\/li>\n\n\n\n<li>SS lenght: <strong>2,94 km<\/strong><\/li>\n\n\n\n<li>Date: <strong>Friday 17 May 2024<\/strong><\/li>\n\n\n\n<li>GPS: <strong><a href=\"https:\/\/mapy.cz\/s\/fatovalacu\" target=\"_blank\" rel=\"noreferrer noopener\">N 48\u00b058.85092&#8242;, E 14\u00b027.58720&#8242;<\/a><\/strong><\/li>\n<\/ul>\n\n\n\n<p><strong><strong>FIA European Rally Trophy | Czech Rally Championship | Autoklub Rally Challenge<\/strong><\/strong><br><strong>SS 1<\/strong>\u00a0| 1st car:\u00a0<strong>15:30<\/strong><br><strong>SS 5<\/strong>\u00a0| 1st car:\u00a0<strong>19:15<\/strong><\/p>\n\n\n\n<p><strong><strong><strong><strong>Autoklub Czech Historic Sporting Rally Championship<\/strong><\/strong><\/strong><\/strong><br>1st car starts immediately after the FIA ERT \/ Czech Rally Championship \/ Autoklub Rally Challenge!<\/p>\n\n\n\n<p><strong>XVI. Rallye Legend Show<\/strong><br>The exhibition ride of legends will traditionally start the programme at the \u010cesk\u00e9 Bud\u011bjovice Exhibition centre at 14:45. For the second time, the legends will present themselves after the historic cars at about 17:30. For the last time on Friday, the legends will appear at dusk at 20:51.<\/p>\n\n\n\n<hr class=\"wp-block-separator has-css-opacity\"\/>\n\n\n\n<ul class=\"wp-block-list\">\n<li>Special Stage:<strong> Super SS CB Auto Rallye Arena<\/strong><\/li>\n\n\n\n<li>SS lenght: <strong>2,94 km<\/strong><\/li>\n\n\n\n<li>Date: <strong>Saturday 18 May 2024<\/strong><\/li>\n\n\n\n<li>GPS: <strong><a href=\"https:\/\/mapy.cz\/s\/fatovalacu\" target=\"_blank\" rel=\"noreferrer noopener\">N 48\u00b058.85092&#8242;, E 14\u00b027.58720&#8242;<\/a><\/strong><\/li>\n<\/ul>\n\n\n\n<p class=\"has-black-color has-text-color\"><strong>FIA European Rally Trophy | Mistrovstv\u00ed \u010cR v rally | Autoklub Rallye Challenge<\/strong><br><strong>SS 12<\/strong> | 1st car: <strong>12:44<\/strong><\/p>\n\n\n\n<p class=\"has-black-color has-text-color\"><strong><strong><strong><strong>Autoklub Czech Historic Sporting Rally Championship<\/strong><\/strong><\/strong><\/strong><br>1st car starts immediately after the FIA ERT \/ Czech Rally Championship \/ Autoklub Rally Challenge!<\/p>\n\n\n\n<p><strong>XVI. Rallye Legend Show<\/strong><br>The exhibition ride of legends will be presented on Saturday at the \u010cesk\u00e9 Bud\u011bjovice Exhibition centre for the first time at 13:53 and for the second time at 14:24.<\/p>\n\n\n\n<hr class=\"wp-block-separator has-css-opacity\"\/>\n\n\n\n<h4 class=\"wp-block-heading\" id=\"h-tickets\">Tickets<\/h4>\n\n\n\n<ul class=\"wp-block-list\">\n<li>adults Friday &#8211; 250 CZK<\/li>\n\n\n\n<li>adults Saturday &#8211; 200 CZK<\/li>\n\n\n\n<li>Two-day &#8211; 400 CZK<\/li>\n\n\n\n<li>children under 12 years accompanied by an adult &#8211; free entry<\/li>\n<\/ul>\n\n\n\n<p><strong>Tickets to Exhibition centre \u010cesk\u00e9 Bud\u011bjovice are lottery tickets.<\/strong><\/p>\n\n\n\n<p><strong>The grand prize is the rental of a CUPRA Formentor for the weekend (with a full tank of fuel)!<\/strong> <br>The collection point for the competition tickets can be found in the CB Auto stand in the service zone next to the Rallye \u010cesk\u00fd Krumlov souvenir stand.<\/p>\n\n\n\n<p>VIP tickets: e-mail: vip@rallyekrumlov.cz | phone: 777 739 733 (Jana Trojanov\u00e1)<\/p>\n\n\n\n<div style=\"height:30px\" aria-hidden=\"true\" class=\"wp-block-spacer\"><\/div>\n\n\n\n<h4 class=\"wp-block-heading\" id=\"h-programme-at-the-exhibition-centre-in-ceske-budejovice\">Programme at the Exhibition centre in \u010cesk\u00e9 Bud\u011bjovice<\/h4>\n\n\n\n<p><strong>Thursday 16 May 2024<\/strong><\/p>\n\n\n\n<ul class=\"wp-block-list\">\n<li>07:00 &#8211; Administrative checks \/ Hall Z<\/li>\n\n\n\n<li>19:00 &#8211; Meeting of drivers and fans of Rallye \u010cesk\u00fd Krumlov (free entry) \/ Hall Z<\/li>\n<\/ul>\n\n\n\n<p><strong>Friday 17 May 2024<\/strong><\/p>\n\n\n\n<ul class=\"wp-block-list\">\n<li>07:00 &#8211; Administrative checks and Scrutineering \/ Hall Z<\/li>\n\n\n\n<li>11:00 &#8211; Shakedown<\/li>\n\n\n\n<li>14:00 &#8211; Exhibition rides<\/li>\n\n\n\n<li>14:45 &#8211; XVI. Rallye Legend Show &#8211; first event<\/li>\n\n\n\n<li><strong>15:30 &#8211; Super SS CB Auto Rallye Arena &#8211; first event<\/strong><\/li>\n\n\n\n<li>17:30 &#8211; XVI. Rallye Legend Show &#8211; second event<\/li>\n\n\n\n<li><strong>19:15 &#8211; Super SS CB Auto Rallye Arena &#8211; second event<\/strong><\/li>\n\n\n\n<li>19:22 &#8211; Regrouping<\/li>\n\n\n\n<li>19:52 &#8211; Service (30 minutes)<\/li>\n\n\n\n<li>20:51 &#8211; XVI. Rallye Legend Show &#8211; third event<\/li>\n<\/ul>\n\n\n\n<p><strong>Saturday 18 May 2024<\/strong><\/p>\n\n\n\n<ul class=\"wp-block-list\">\n<li>07:30 &#8211; Service (45 minutes)<\/li>\n\n\n\n<li><strong>12:44 &#8211; Super SS CB Auto Rallye Ar\u00e9na &#8211; third event<\/strong><\/li>\n\n\n\n<li>12:51 &#8211; Service (30 minutes)<\/li>\n\n\n\n<li>13:53 &#8211; XVI. Rallye Legend Show &#8211; fourth event<\/li>\n\n\n\n<li>14:24 &#8211; XVI. Rallye Legend Show &#8211; fifth event<\/li>\n<\/ul>\n\n\n\n<figure class=\"wp-block-image size-large\"><img loading=\"lazy\" decoding=\"async\" width=\"1200\" height=\"591\" src=\"https:\/\/rallyekrumlov.cz\/wp-content\/uploads\/2024\/05\/RCK2024vystaviste-plan-1200x591.jpg\" alt=\"\" class=\"wp-image-151876\" srcset=\"https:\/\/rallyekrumlov.cz\/wp-content\/uploads\/2024\/05\/RCK2024vystaviste-plan-1200x591.jpg 1200w, https:\/\/rallyekrumlov.cz\/wp-content\/uploads\/2024\/05\/RCK2024vystaviste-plan-768x378.jpg 768w, https:\/\/rallyekrumlov.cz\/wp-content\/uploads\/2024\/05\/RCK2024vystaviste-plan-1536x757.jpg 1536w, https:\/\/rallyekrumlov.cz\/wp-content\/uploads\/2024\/05\/RCK2024vystaviste-plan-2048x1009.jpg 2048w, https:\/\/rallyekrumlov.cz\/wp-content\/uploads\/2024\/05\/RCK2024vystaviste-plan-162x80.jpg 162w\" sizes=\"auto, (max-width: 1200px) 100vw, 1200px\" \/><\/figure>\n\n\n\n<p><a href=\"https:\/\/rallyekrumlov.cz\/wp-content\/uploads\/2024\/05\/MHDCB-Schema-01012024.pdf\" target=\"_blank\" rel=\"noreferrer noopener\"><strong>Public transport scheme in \u010cesk\u00e9 Bud\u011bjovice (size 2.80 MB)<\/strong><\/a> &#8211; CB Auto Rallye Arena = bus stop V\u00fdstavi\u0161t\u011b<\/p>\n\n\n\n<p><a href=\"https:\/\/www.dpmcb.cz\/cestovani-mhd\/vyhledat-spojeni.html\" target=\"_blank\" rel=\"noreferrer noopener\"><strong>Search for public transport connections in \u010cesk\u00e9 Bud\u011bjovice<\/strong><\/a> &#8211; CB Auto Rallye Ar\u00e9na = bus stop V\u00fdstavi\u0161t\u011b<\/p>\n\n\n\n<figure class=\"wp-block-image size-large\"><img loading=\"lazy\" decoding=\"async\" width=\"1200\" height=\"801\" src=\"https:\/\/rallyekrumlov.cz\/wp-content\/uploads\/2023\/05\/RCK2023DM-vystaviste-foto6-1200x801.jpg\" alt=\"\" class=\"wp-image-139993\" srcset=\"https:\/\/rallyekrumlov.cz\/wp-content\/uploads\/2023\/05\/RCK2023DM-vystaviste-foto6-1200x801.jpg 1200w, https:\/\/rallyekrumlov.cz\/wp-content\/uploads\/2023\/05\/RCK2023DM-vystaviste-foto6-768x513.jpg 768w, https:\/\/rallyekrumlov.cz\/wp-content\/uploads\/2023\/05\/RCK2023DM-vystaviste-foto6-1536x1025.jpg 1536w, https:\/\/rallyekrumlov.cz\/wp-content\/uploads\/2023\/05\/RCK2023DM-vystaviste-foto6-120x80.jpg 120w, https:\/\/rallyekrumlov.cz\/wp-content\/uploads\/2023\/05\/RCK2023DM-vystaviste-foto6.jpg 2000w\" sizes=\"auto, (max-width: 1200px) 100vw, 1200px\" \/><\/figure>\n\n\n\n<figure class=\"wp-block-image size-large\"><img loading=\"lazy\" decoding=\"async\" width=\"1200\" height=\"800\" src=\"https:\/\/rallyekrumlov.cz\/wp-content\/uploads\/2023\/05\/RCK2023DM-vystaviste-foto5-1200x800.jpg\" alt=\"\" class=\"wp-image-139995\" srcset=\"https:\/\/rallyekrumlov.cz\/wp-content\/uploads\/2023\/05\/RCK2023DM-vystaviste-foto5-1200x800.jpg 1200w, https:\/\/rallyekrumlov.cz\/wp-content\/uploads\/2023\/05\/RCK2023DM-vystaviste-foto5-768x512.jpg 768w, https:\/\/rallyekrumlov.cz\/wp-content\/uploads\/2023\/05\/RCK2023DM-vystaviste-foto5-1536x1024.jpg 1536w, https:\/\/rallyekrumlov.cz\/wp-content\/uploads\/2023\/05\/RCK2023DM-vystaviste-foto5-120x80.jpg 120w, https:\/\/rallyekrumlov.cz\/wp-content\/uploads\/2023\/05\/RCK2023DM-vystaviste-foto5.jpg 2000w\" sizes=\"auto, (max-width: 1200px) 100vw, 1200px\" \/><\/figure>\n\n\n\n<figure class=\"wp-block-image size-large\"><img loading=\"lazy\" decoding=\"async\" width=\"1200\" height=\"800\" src=\"https:\/\/rallyekrumlov.cz\/wp-content\/uploads\/2023\/05\/RCK2023DM-vystaviste-foto4-1200x800.jpg\" alt=\"\" class=\"wp-image-139997\" srcset=\"https:\/\/rallyekrumlov.cz\/wp-content\/uploads\/2023\/05\/RCK2023DM-vystaviste-foto4-1200x800.jpg 1200w, https:\/\/rallyekrumlov.cz\/wp-content\/uploads\/2023\/05\/RCK2023DM-vystaviste-foto4-768x512.jpg 768w, https:\/\/rallyekrumlov.cz\/wp-content\/uploads\/2023\/05\/RCK2023DM-vystaviste-foto4-1536x1024.jpg 1536w, https:\/\/rallyekrumlov.cz\/wp-content\/uploads\/2023\/05\/RCK2023DM-vystaviste-foto4-120x80.jpg 120w, https:\/\/rallyekrumlov.cz\/wp-content\/uploads\/2023\/05\/RCK2023DM-vystaviste-foto4.jpg 2000w\" sizes=\"auto, (max-width: 1200px) 100vw, 1200px\" \/><\/figure>\n\n\n\n<figure class=\"wp-block-image size-large\"><img loading=\"lazy\" decoding=\"async\" width=\"1200\" height=\"800\" src=\"https:\/\/rallyekrumlov.cz\/wp-content\/uploads\/2023\/05\/RCK2023DM-vystaviste-foto3-1200x800.jpg\" alt=\"\" class=\"wp-image-139999\" srcset=\"https:\/\/rallyekrumlov.cz\/wp-content\/uploads\/2023\/05\/RCK2023DM-vystaviste-foto3-1200x800.jpg 1200w, https:\/\/rallyekrumlov.cz\/wp-content\/uploads\/2023\/05\/RCK2023DM-vystaviste-foto3-768x512.jpg 768w, https:\/\/rallyekrumlov.cz\/wp-content\/uploads\/2023\/05\/RCK2023DM-vystaviste-foto3-1536x1024.jpg 1536w, https:\/\/rallyekrumlov.cz\/wp-content\/uploads\/2023\/05\/RCK2023DM-vystaviste-foto3-120x80.jpg 120w, https:\/\/rallyekrumlov.cz\/wp-content\/uploads\/2023\/05\/RCK2023DM-vystaviste-foto3.jpg 2000w\" sizes=\"auto, (max-width: 1200px) 100vw, 1200px\" \/><\/figure>\n\n\n\n<figure class=\"wp-block-image size-large\"><img loading=\"lazy\" decoding=\"async\" width=\"1200\" height=\"800\" src=\"https:\/\/rallyekrumlov.cz\/wp-content\/uploads\/2023\/05\/RCK2023DM-vystaviste-foto2-1200x800.jpg\" alt=\"\" class=\"wp-image-140001\" srcset=\"https:\/\/rallyekrumlov.cz\/wp-content\/uploads\/2023\/05\/RCK2023DM-vystaviste-foto2-1200x800.jpg 1200w, https:\/\/rallyekrumlov.cz\/wp-content\/uploads\/2023\/05\/RCK2023DM-vystaviste-foto2-768x512.jpg 768w, https:\/\/rallyekrumlov.cz\/wp-content\/uploads\/2023\/05\/RCK2023DM-vystaviste-foto2-1536x1024.jpg 1536w, https:\/\/rallyekrumlov.cz\/wp-content\/uploads\/2023\/05\/RCK2023DM-vystaviste-foto2-120x80.jpg 120w, https:\/\/rallyekrumlov.cz\/wp-content\/uploads\/2023\/05\/RCK2023DM-vystaviste-foto2.jpg 2000w\" sizes=\"auto, (max-width: 1200px) 100vw, 1200px\" \/><\/figure>\n\n\n\n<figure class=\"wp-block-image size-large\"><img loading=\"lazy\" decoding=\"async\" width=\"1200\" height=\"800\" src=\"https:\/\/rallyekrumlov.cz\/wp-content\/uploads\/2023\/05\/RCK2023DM-vystaviste-foto1-1200x800.jpg\" alt=\"\" class=\"wp-image-140003\" srcset=\"https:\/\/rallyekrumlov.cz\/wp-content\/uploads\/2023\/05\/RCK2023DM-vystaviste-foto1-1200x800.jpg 1200w, https:\/\/rallyekrumlov.cz\/wp-content\/uploads\/2023\/05\/RCK2023DM-vystaviste-foto1-768x512.jpg 768w, https:\/\/rallyekrumlov.cz\/wp-content\/uploads\/2023\/05\/RCK2023DM-vystaviste-foto1-1536x1024.jpg 1536w, https:\/\/rallyekrumlov.cz\/wp-content\/uploads\/2023\/05\/RCK2023DM-vystaviste-foto1-120x80.jpg 120w, https:\/\/rallyekrumlov.cz\/wp-content\/uploads\/2023\/05\/RCK2023DM-vystaviste-foto1.jpg 2000w\" sizes=\"auto, (max-width: 1200px) 100vw, 1200px\" \/><\/figure>\n\n\n\n<figure class=\"wp-block-image size-large\"><img loading=\"lazy\" decoding=\"async\" width=\"1200\" height=\"800\" src=\"https:\/\/rallyekrumlov.cz\/wp-content\/uploads\/2024\/05\/LR-0520132720-2-1200x800.jpg\" alt=\"\" class=\"wp-image-151885\" srcset=\"https:\/\/rallyekrumlov.cz\/wp-content\/uploads\/2024\/05\/LR-0520132720-2-1200x800.jpg 1200w, https:\/\/rallyekrumlov.cz\/wp-content\/uploads\/2024\/05\/LR-0520132720-2-768x512.jpg 768w, https:\/\/rallyekrumlov.cz\/wp-content\/uploads\/2024\/05\/LR-0520132720-2-1536x1024.jpg 1536w, https:\/\/rallyekrumlov.cz\/wp-content\/uploads\/2024\/05\/LR-0520132720-2-2048x1366.jpg 2048w, https:\/\/rallyekrumlov.cz\/wp-content\/uploads\/2024\/05\/LR-0520132720-2-120x80.jpg 120w\" sizes=\"auto, (max-width: 1200px) 100vw, 1200px\" \/><\/figure>\n\n\n\n<figure class=\"wp-block-image size-large\"><img loading=\"lazy\" decoding=\"async\" width=\"1200\" height=\"800\" src=\"https:\/\/rallyekrumlov.cz\/wp-content\/uploads\/2024\/05\/LR-0519132442-1200x800.jpg\" alt=\"\" class=\"wp-image-151883\" srcset=\"https:\/\/rallyekrumlov.cz\/wp-content\/uploads\/2024\/05\/LR-0519132442-1200x800.jpg 1200w, https:\/\/rallyekrumlov.cz\/wp-content\/uploads\/2024\/05\/LR-0519132442-768x512.jpg 768w, https:\/\/rallyekrumlov.cz\/wp-content\/uploads\/2024\/05\/LR-0519132442-1536x1024.jpg 1536w, https:\/\/rallyekrumlov.cz\/wp-content\/uploads\/2024\/05\/LR-0519132442-2048x1366.jpg 2048w, https:\/\/rallyekrumlov.cz\/wp-content\/uploads\/2024\/05\/LR-0519132442-120x80.jpg 120w\" sizes=\"auto, (max-width: 1200px) 100vw, 1200px\" \/><\/figure>\n","protected":false},"excerpt":{"rendered":"<p>Exhibition centre \u010cesk\u00e9 Bud\u011bjovice Spectator special stage in the centre of the South Bohemian regional town. Measured test takes place&#8230;<\/p>\n","protected":false},"author":3,"featured_media":0,"parent":0,"menu_order":93,"comment_status":"closed","ping_status":"closed","template":"","meta":{"_acf_changed":false,"footnotes":""},"class_list":["post-152015","page","type-page","status-publish","hentry"],"acf":[],"yoast_head":"<!-- This site is optimized with the Yoast SEO Premium plugin v18.3 (Yoast SEO v27.4) - https:\/\/yoast.com\/product\/yoast-seo-premium-wordpress\/ -->\n<title>CB Auto Rallye Arena - Rallye \u010cesk\u00fd Krumlov<\/title>\n<meta name=\"robots\" content=\"index, follow, max-snippet:-1, max-image-preview:large, max-video-preview:-1\" \/>\n<link rel=\"canonical\" href=\"https:\/\/rallyekrumlov.cz\/en\/cb-auto-rallye-arena\/\" \/>\n<meta property=\"og:locale\" content=\"en_US\" \/>\n<meta property=\"og:type\" content=\"article\" \/>\n<meta property=\"og:title\" content=\"CB Auto Rallye Arena\" \/>\n<meta property=\"og:description\" content=\"Exhibition centre \u010cesk\u00e9 Bud\u011bjovice Spectator special stage in the centre of the South Bohemian regional town. Measured test takes place...\" \/>\n<meta property=\"og:url\" content=\"https:\/\/rallyekrumlov.cz\/en\/cb-auto-rallye-arena\/\" \/>\n<meta property=\"og:site_name\" content=\"Rallye \u010cesk\u00fd Krumlov\" \/>\n<meta property=\"article:modified_time\" content=\"2024-05-08T15:41:53+00:00\" \/>\n<meta property=\"og:image\" content=\"https:\/\/rallyekrumlov.cz\/wp-content\/uploads\/2024\/05\/RCK2024vystaviste-plan-1200x591.jpg\" \/>\n<meta name=\"twitter:card\" content=\"summary_large_image\" \/>\n<meta name=\"twitter:label1\" content=\"Est. reading time\" \/>\n\t<meta name=\"twitter:data1\" content=\"5 minutes\" \/>\n<script type=\"application\/ld+json\" class=\"yoast-schema-graph\">{\"@context\":\"https:\\\/\\\/schema.org\",\"@graph\":[{\"@type\":\"WebPage\",\"@id\":\"https:\\\/\\\/rallyekrumlov.cz\\\/en\\\/cb-auto-rallye-arena\\\/\",\"url\":\"https:\\\/\\\/rallyekrumlov.cz\\\/en\\\/cb-auto-rallye-arena\\\/\",\"name\":\"CB Auto Rallye Arena - Rallye \u010cesk\u00fd Krumlov\",\"isPartOf\":{\"@id\":\"https:\\\/\\\/rallyekrumlov.cz\\\/#website\"},\"primaryImageOfPage\":{\"@id\":\"https:\\\/\\\/rallyekrumlov.cz\\\/en\\\/cb-auto-rallye-arena\\\/#primaryimage\"},\"image\":{\"@id\":\"https:\\\/\\\/rallyekrumlov.cz\\\/en\\\/cb-auto-rallye-arena\\\/#primaryimage\"},\"thumbnailUrl\":\"https:\\\/\\\/rallyekrumlov.cz\\\/wp-content\\\/uploads\\\/2024\\\/05\\\/RCK2024vystaviste-plan-1200x591.jpg\",\"datePublished\":\"2024-05-08T15:41:52+00:00\",\"dateModified\":\"2024-05-08T15:41:53+00:00\",\"breadcrumb\":{\"@id\":\"https:\\\/\\\/rallyekrumlov.cz\\\/en\\\/cb-auto-rallye-arena\\\/#breadcrumb\"},\"inLanguage\":\"en-US\",\"potentialAction\":[{\"@type\":\"ReadAction\",\"target\":[\"https:\\\/\\\/rallyekrumlov.cz\\\/en\\\/cb-auto-rallye-arena\\\/\"]}]},{\"@type\":\"ImageObject\",\"inLanguage\":\"en-US\",\"@id\":\"https:\\\/\\\/rallyekrumlov.cz\\\/en\\\/cb-auto-rallye-arena\\\/#primaryimage\",\"url\":\"https:\\\/\\\/rallyekrumlov.cz\\\/wp-content\\\/uploads\\\/2024\\\/05\\\/RCK2024vystaviste-plan-1200x591.jpg\",\"contentUrl\":\"https:\\\/\\\/rallyekrumlov.cz\\\/wp-content\\\/uploads\\\/2024\\\/05\\\/RCK2024vystaviste-plan-1200x591.jpg\"},{\"@type\":\"BreadcrumbList\",\"@id\":\"https:\\\/\\\/rallyekrumlov.cz\\\/en\\\/cb-auto-rallye-arena\\\/#breadcrumb\",\"itemListElement\":[{\"@type\":\"ListItem\",\"position\":1,\"name\":\"Home\",\"item\":\"https:\\\/\\\/rallyekrumlov.cz\\\/en\\\/\"},{\"@type\":\"ListItem\",\"position\":2,\"name\":\"CB Auto Rallye Arena\"}]},{\"@type\":\"WebSite\",\"@id\":\"https:\\\/\\\/rallyekrumlov.cz\\\/#website\",\"url\":\"https:\\\/\\\/rallyekrumlov.cz\\\/\",\"name\":\"Rallye \u010cesk\u00fd Krumlov\",\"description\":\"\",\"potentialAction\":[{\"@type\":\"SearchAction\",\"target\":{\"@type\":\"EntryPoint\",\"urlTemplate\":\"https:\\\/\\\/rallyekrumlov.cz\\\/?s={search_term_string}\"},\"query-input\":{\"@type\":\"PropertyValueSpecification\",\"valueRequired\":true,\"valueName\":\"search_term_string\"}}],\"inLanguage\":\"en-US\"}]}<\/script>\n<!-- \/ Yoast SEO Premium plugin. -->","yoast_head_json":{"title":"CB Auto Rallye Arena - Rallye \u010cesk\u00fd Krumlov","robots":{"index":"index","follow":"follow","max-snippet":"max-snippet:-1","max-image-preview":"max-image-preview:large","max-video-preview":"max-video-preview:-1"},"canonical":"https:\/\/rallyekrumlov.cz\/en\/cb-auto-rallye-arena\/","og_locale":"en_US","og_type":"article","og_title":"CB Auto Rallye Arena","og_description":"Exhibition centre \u010cesk\u00e9 Bud\u011bjovice Spectator special stage in the centre of the South Bohemian regional town. Measured test takes place...","og_url":"https:\/\/rallyekrumlov.cz\/en\/cb-auto-rallye-arena\/","og_site_name":"Rallye \u010cesk\u00fd Krumlov","article_modified_time":"2024-05-08T15:41:53+00:00","og_image":[{"url":"https:\/\/rallyekrumlov.cz\/wp-content\/uploads\/2024\/05\/RCK2024vystaviste-plan-1200x591.jpg","type":"","width":"","height":""}],"twitter_card":"summary_large_image","twitter_misc":{"Est. reading time":"5 minutes"},"schema":{"@context":"https:\/\/schema.org","@graph":[{"@type":"WebPage","@id":"https:\/\/rallyekrumlov.cz\/en\/cb-auto-rallye-arena\/","url":"https:\/\/rallyekrumlov.cz\/en\/cb-auto-rallye-arena\/","name":"CB Auto Rallye Arena - Rallye \u010cesk\u00fd Krumlov","isPartOf":{"@id":"https:\/\/rallyekrumlov.cz\/#website"},"primaryImageOfPage":{"@id":"https:\/\/rallyekrumlov.cz\/en\/cb-auto-rallye-arena\/#primaryimage"},"image":{"@id":"https:\/\/rallyekrumlov.cz\/en\/cb-auto-rallye-arena\/#primaryimage"},"thumbnailUrl":"https:\/\/rallyekrumlov.cz\/wp-content\/uploads\/2024\/05\/RCK2024vystaviste-plan-1200x591.jpg","datePublished":"2024-05-08T15:41:52+00:00","dateModified":"2024-05-08T15:41:53+00:00","breadcrumb":{"@id":"https:\/\/rallyekrumlov.cz\/en\/cb-auto-rallye-arena\/#breadcrumb"},"inLanguage":"en-US","potentialAction":[{"@type":"ReadAction","target":["https:\/\/rallyekrumlov.cz\/en\/cb-auto-rallye-arena\/"]}]},{"@type":"ImageObject","inLanguage":"en-US","@id":"https:\/\/rallyekrumlov.cz\/en\/cb-auto-rallye-arena\/#primaryimage","url":"https:\/\/rallyekrumlov.cz\/wp-content\/uploads\/2024\/05\/RCK2024vystaviste-plan-1200x591.jpg","contentUrl":"https:\/\/rallyekrumlov.cz\/wp-content\/uploads\/2024\/05\/RCK2024vystaviste-plan-1200x591.jpg"},{"@type":"BreadcrumbList","@id":"https:\/\/rallyekrumlov.cz\/en\/cb-auto-rallye-arena\/#breadcrumb","itemListElement":[{"@type":"ListItem","position":1,"name":"Home","item":"https:\/\/rallyekrumlov.cz\/en\/"},{"@type":"ListItem","position":2,"name":"CB Auto Rallye Arena"}]},{"@type":"WebSite","@id":"https:\/\/rallyekrumlov.cz\/#website","url":"https:\/\/rallyekrumlov.cz\/","name":"Rallye \u010cesk\u00fd Krumlov","description":"","potentialAction":[{"@type":"SearchAction","target":{"@type":"EntryPoint","urlTemplate":"https:\/\/rallyekrumlov.cz\/?s={search_term_string}"},"query-input":{"@type":"PropertyValueSpecification","valueRequired":true,"valueName":"search_term_string"}}],"inLanguage":"en-US"}]}},"_links":{"self":[{"href":"https:\/\/rallyekrumlov.cz\/en\/wp-json\/wp\/v2\/pages\/152015","targetHints":{"allow":["GET"]}}],"collection":[{"href":"https:\/\/rallyekrumlov.cz\/en\/wp-json\/wp\/v2\/pages"}],"about":[{"href":"https:\/\/rallyekrumlov.cz\/en\/wp-json\/wp\/v2\/types\/page"}],"author":[{"embeddable":true,"href":"https:\/\/rallyekrumlov.cz\/en\/wp-json\/wp\/v2\/users\/3"}],"replies":[{"embeddable":true,"href":"https:\/\/rallyekrumlov.cz\/en\/wp-json\/wp\/v2\/comments?post=152015"}],"version-history":[{"count":1,"href":"https:\/\/rallyekrumlov.cz\/en\/wp-json\/wp\/v2\/pages\/152015\/revisions"}],"predecessor-version":[{"id":152017,"href":"https:\/\/rallyekrumlov.cz\/en\/wp-json\/wp\/v2\/pages\/152015\/revisions\/152017"}],"wp:attachment":[{"href":"https:\/\/rallyekrumlov.cz\/en\/wp-json\/wp\/v2\/media?parent=152015"}],"curies":[{"name":"wp","href":"https:\/\/api.w.org\/{rel}","templated":true}]}}