{"id":153303,"date":"2024-12-19T22:21:31","date_gmt":"2024-12-19T21:21:31","guid":{"rendered":"https:\/\/rallyekrumlov.cz\/?page_id=153303"},"modified":"2026-01-03T01:12:28","modified_gmt":"2026-01-03T00:12:28","slug":"rrc2025","status":"publish","type":"page","link":"https:\/\/rallyekrumlov.cz\/en\/rck2025\/competitors\/rrc2025\/","title":{"rendered":"Regional Rallye Cup 2025"},"content":{"rendered":"\n<p>The cooperation between the organisers of Rallye \u010cesk\u00fd Krumlov and the Austrian J\u00e4nnerrallye continues. For a discounted combined entry fee, crews can compete in both rallies.<\/p>\n\n\n\n<p>The J\u00e4nnerrallye will take place on 3-5 January, the Rallye \u010cesk\u00fd Krumlov is scheduled for 23 and 24 May. The winners of the RRC will be announced during an awards ceremony on Saturday evening in \u010cesk\u00fd Krumlov.<\/p>\n\n\n\n<p>The entry for the Regional Rallye Cup 2025 includes:<\/p>\n\n\n\n<ul class=\"wp-block-list\">\n<li>Entry fee to 38. LKW FRIENDS on the road J\u00e4nnerrallye powered by WIMBERGER<\/li>\n\n\n\n<li>Entry fee for the 52nd Rallye \u010cesk\u00fd Krumlov<\/li>\n\n\n\n<li>Insurance<\/li>\n\n\n\n<li>Shakedown<\/li>\n\n\n\n<li>Service area 80 m2<\/li>\n\n\n\n<li>230V electricity connection<\/li>\n\n\n\n<li>Branded clothing and other souvenirs from RRC partners<\/li>\n\n\n\n<li>Documents and signage according to the special provisions of both rallies<\/li>\n<\/ul>\n\n\n\n<p><a href=\"https:\/\/rallyekrumlov.cz\/wp-content\/uploads\/2024\/12\/rrc2025_ausschreibung.pdf\" target=\"_blank\" rel=\"noreferrer noopener\">Regulations<\/a>&nbsp;(German version)<\/p>\n\n\n\n<p><strong><a href=\"https:\/\/rallyekrumlov.cz\/wp-content\/uploads\/2025\/01\/rrc2025_rang-jr.pdf\" target=\"_blank\" rel=\"noreferrer noopener\">Final classification<\/a><\/strong><\/p>\n","protected":false},"excerpt":{"rendered":"<p>The cooperation between the organisers of Rallye \u010cesk\u00fd Krumlov and the Austrian J\u00e4nnerrallye continues. For a discounted combined entry fee,&#8230;<\/p>\n","protected":false},"author":2,"featured_media":0,"parent":153305,"menu_order":96,"comment_status":"closed","ping_status":"closed","template":"","meta":{"_acf_changed":false,"footnotes":""},"class_list":["post-153303","page","type-page","status-publish","hentry"],"acf":[],"yoast_head":"<!-- This site is optimized with the Yoast SEO Premium plugin v18.3 (Yoast SEO v27.6) - https:\/\/yoast.com\/product\/yoast-seo-premium-wordpress\/ -->\n<title>Regional Rallye Cup 2025 - Rallye \u010cesk\u00fd Krumlov<\/title>\n<meta name=\"robots\" content=\"index, follow, max-snippet:-1, max-image-preview:large, max-video-preview:-1\" \/>\n<link rel=\"canonical\" href=\"https:\/\/rallyekrumlov.cz\/en\/rck2025\/competitors\/rrc2025\/\" \/>\n<meta property=\"og:locale\" content=\"en_US\" \/>\n<meta property=\"og:type\" content=\"article\" \/>\n<meta property=\"og:title\" content=\"Regional Rallye Cup 2025\" \/>\n<meta property=\"og:description\" content=\"The cooperation between the organisers of Rallye \u010cesk\u00fd Krumlov and the Austrian J\u00e4nnerrallye continues. For a discounted combined entry fee,...\" \/>\n<meta property=\"og:url\" content=\"https:\/\/rallyekrumlov.cz\/en\/rck2025\/competitors\/rrc2025\/\" \/>\n<meta property=\"og:site_name\" content=\"Rallye \u010cesk\u00fd Krumlov\" \/>\n<meta property=\"article:modified_time\" content=\"2026-01-03T00:12:28+00:00\" \/>\n<meta name=\"twitter:card\" content=\"summary_large_image\" \/>\n<meta name=\"twitter:label1\" content=\"Est. reading time\" \/>\n\t<meta name=\"twitter:data1\" content=\"1 minute\" \/>\n<script type=\"application\/ld+json\" class=\"yoast-schema-graph\">{\"@context\":\"https:\\\/\\\/schema.org\",\"@graph\":[{\"@type\":\"WebPage\",\"@id\":\"https:\\\/\\\/rallyekrumlov.cz\\\/en\\\/rck2025\\\/competitors\\\/rrc2025\\\/\",\"url\":\"https:\\\/\\\/rallyekrumlov.cz\\\/en\\\/rck2025\\\/competitors\\\/rrc2025\\\/\",\"name\":\"Regional Rallye Cup 2025 - Rallye \u010cesk\u00fd Krumlov\",\"isPartOf\":{\"@id\":\"https:\\\/\\\/rallyekrumlov.cz\\\/#website\"},\"datePublished\":\"2024-12-19T21:21:31+00:00\",\"dateModified\":\"2026-01-03T00:12:28+00:00\",\"breadcrumb\":{\"@id\":\"https:\\\/\\\/rallyekrumlov.cz\\\/en\\\/rck2025\\\/competitors\\\/rrc2025\\\/#breadcrumb\"},\"inLanguage\":\"en-US\",\"potentialAction\":[{\"@type\":\"ReadAction\",\"target\":[\"https:\\\/\\\/rallyekrumlov.cz\\\/en\\\/rck2025\\\/competitors\\\/rrc2025\\\/\"]}]},{\"@type\":\"BreadcrumbList\",\"@id\":\"https:\\\/\\\/rallyekrumlov.cz\\\/en\\\/rck2025\\\/competitors\\\/rrc2025\\\/#breadcrumb\",\"itemListElement\":[{\"@type\":\"ListItem\",\"position\":1,\"name\":\"Home\",\"item\":\"https:\\\/\\\/rallyekrumlov.cz\\\/en\\\/\"},{\"@type\":\"ListItem\",\"position\":2,\"name\":\"52nd Rallye \u010cesk\u00fd Krumlov 2025\",\"item\":\"https:\\\/\\\/rallyekrumlov.cz\\\/en\\\/rck2025\\\/\"},{\"@type\":\"ListItem\",\"position\":3,\"name\":\"Competitors\",\"item\":\"https:\\\/\\\/rallyekrumlov.cz\\\/en\\\/rck2025\\\/competitors\\\/\"},{\"@type\":\"ListItem\",\"position\":4,\"name\":\"Regional Rallye Cup 2025\"}]},{\"@type\":\"WebSite\",\"@id\":\"https:\\\/\\\/rallyekrumlov.cz\\\/#website\",\"url\":\"https:\\\/\\\/rallyekrumlov.cz\\\/\",\"name\":\"Rallye \u010cesk\u00fd Krumlov\",\"description\":\"\",\"potentialAction\":[{\"@type\":\"SearchAction\",\"target\":{\"@type\":\"EntryPoint\",\"urlTemplate\":\"https:\\\/\\\/rallyekrumlov.cz\\\/?s={search_term_string}\"},\"query-input\":{\"@type\":\"PropertyValueSpecification\",\"valueRequired\":true,\"valueName\":\"search_term_string\"}}],\"inLanguage\":\"en-US\"}]}<\/script>\n<!-- \/ Yoast SEO Premium plugin. -->","yoast_head_json":{"title":"Regional Rallye Cup 2025 - Rallye \u010cesk\u00fd Krumlov","robots":{"index":"index","follow":"follow","max-snippet":"max-snippet:-1","max-image-preview":"max-image-preview:large","max-video-preview":"max-video-preview:-1"},"canonical":"https:\/\/rallyekrumlov.cz\/en\/rck2025\/competitors\/rrc2025\/","og_locale":"en_US","og_type":"article","og_title":"Regional Rallye Cup 2025","og_description":"The cooperation between the organisers of Rallye \u010cesk\u00fd Krumlov and the Austrian J\u00e4nnerrallye continues. For a discounted combined entry fee,...","og_url":"https:\/\/rallyekrumlov.cz\/en\/rck2025\/competitors\/rrc2025\/","og_site_name":"Rallye \u010cesk\u00fd Krumlov","article_modified_time":"2026-01-03T00:12:28+00:00","twitter_card":"summary_large_image","twitter_misc":{"Est. reading time":"1 minute"},"schema":{"@context":"https:\/\/schema.org","@graph":[{"@type":"WebPage","@id":"https:\/\/rallyekrumlov.cz\/en\/rck2025\/competitors\/rrc2025\/","url":"https:\/\/rallyekrumlov.cz\/en\/rck2025\/competitors\/rrc2025\/","name":"Regional Rallye Cup 2025 - Rallye \u010cesk\u00fd Krumlov","isPartOf":{"@id":"https:\/\/rallyekrumlov.cz\/#website"},"datePublished":"2024-12-19T21:21:31+00:00","dateModified":"2026-01-03T00:12:28+00:00","breadcrumb":{"@id":"https:\/\/rallyekrumlov.cz\/en\/rck2025\/competitors\/rrc2025\/#breadcrumb"},"inLanguage":"en-US","potentialAction":[{"@type":"ReadAction","target":["https:\/\/rallyekrumlov.cz\/en\/rck2025\/competitors\/rrc2025\/"]}]},{"@type":"BreadcrumbList","@id":"https:\/\/rallyekrumlov.cz\/en\/rck2025\/competitors\/rrc2025\/#breadcrumb","itemListElement":[{"@type":"ListItem","position":1,"name":"Home","item":"https:\/\/rallyekrumlov.cz\/en\/"},{"@type":"ListItem","position":2,"name":"52nd Rallye \u010cesk\u00fd Krumlov 2025","item":"https:\/\/rallyekrumlov.cz\/en\/rck2025\/"},{"@type":"ListItem","position":3,"name":"Competitors","item":"https:\/\/rallyekrumlov.cz\/en\/rck2025\/competitors\/"},{"@type":"ListItem","position":4,"name":"Regional Rallye Cup 2025"}]},{"@type":"WebSite","@id":"https:\/\/rallyekrumlov.cz\/#website","url":"https:\/\/rallyekrumlov.cz\/","name":"Rallye \u010cesk\u00fd Krumlov","description":"","potentialAction":[{"@type":"SearchAction","target":{"@type":"EntryPoint","urlTemplate":"https:\/\/rallyekrumlov.cz\/?s={search_term_string}"},"query-input":{"@type":"PropertyValueSpecification","valueRequired":true,"valueName":"search_term_string"}}],"inLanguage":"en-US"}]}},"_links":{"self":[{"href":"https:\/\/rallyekrumlov.cz\/en\/wp-json\/wp\/v2\/pages\/153303","targetHints":{"allow":["GET"]}}],"collection":[{"href":"https:\/\/rallyekrumlov.cz\/en\/wp-json\/wp\/v2\/pages"}],"about":[{"href":"https:\/\/rallyekrumlov.cz\/en\/wp-json\/wp\/v2\/types\/page"}],"author":[{"embeddable":true,"href":"https:\/\/rallyekrumlov.cz\/en\/wp-json\/wp\/v2\/users\/2"}],"replies":[{"embeddable":true,"href":"https:\/\/rallyekrumlov.cz\/en\/wp-json\/wp\/v2\/comments?post=153303"}],"version-history":[{"count":3,"href":"https:\/\/rallyekrumlov.cz\/en\/wp-json\/wp\/v2\/pages\/153303\/revisions"}],"predecessor-version":[{"id":156479,"href":"https:\/\/rallyekrumlov.cz\/en\/wp-json\/wp\/v2\/pages\/153303\/revisions\/156479"}],"up":[{"embeddable":true,"href":"https:\/\/rallyekrumlov.cz\/en\/wp-json\/wp\/v2\/pages\/153305"}],"wp:attachment":[{"href":"https:\/\/rallyekrumlov.cz\/en\/wp-json\/wp\/v2\/media?parent=153303"}],"curies":[{"name":"wp","href":"https:\/\/api.w.org\/{rel}","templated":true}]}}