{"id":154025,"date":"2025-03-23T19:48:53","date_gmt":"2025-03-23T18:48:53","guid":{"rendered":"https:\/\/rallyekrumlov.cz\/?page_id=154025"},"modified":"2025-04-18T18:46:42","modified_gmt":"2025-04-18T16:46:42","slug":"legendy2025","status":"publish","type":"page","link":"https:\/\/rallyekrumlov.cz\/en\/rck2025\/legendy2025\/","title":{"rendered":"17th Rally Legends Show 2025"},"content":{"rendered":"\n<p>As in previous years, the 52nd Rallye \u010cesk\u00fd Krumlov will include an exhibition <strong>Rally Legends Show<\/strong>. The seventeenth edition of the show of historic competition cars that drive on the special stages without timing will take place on <strong>23 and 24 May 2025<\/strong>.<\/p>\n\n\n\n<ul class=\"wp-block-list\">\n<li><strong><a href=\"https:\/\/webapp.sportity.com\/event\/Krumlov2025\/d285aca9-5b7f-428b-916e-ad7af4edf1e6\" target=\"_blank\" rel=\"noreferrer noopener\">Official notice board<\/a><\/strong><\/li>\n\n\n\n<li><strong><a href=\"https:\/\/is.autoklub.cz\/en\/user-racing-rally-event-application-draft\/?userRallyEventApplicationDraftIdString=b9dd612c-0529-4c52-acc6-8cc4a9d52e1e\" target=\"_blank\" rel=\"noreferrer noopener\">Entry form<\/a><\/strong><\/li>\n\n\n\n<li><strong><a href=\"https:\/\/is.autoklub.cz\/en\/racing\/entries\/list\/f5a82777-2050-45e0-9985-8f9d9bd1eec1\" target=\"_blank\" rel=\"noreferrer noopener\">Competitors list<\/a><\/strong><\/li>\n<\/ul>\n\n\n\n<p><a href=\"https:\/\/rallyekrumlov.cz\/wp-content\/uploads\/2025\/04\/sr_RCK_Legendy_2025_ENG.pdf\" target=\"_blank\" rel=\"noreferrer noopener\"><strong>Supplementary Regulations<\/strong><\/a><\/p>\n\n\n\n<div style=\"height:10px\" aria-hidden=\"true\" class=\"wp-block-spacer\"><\/div>\n\n\n\n<h3 class=\"wp-block-heading\">Programme<\/h3>\n\n\n\n<div style=\"height:10px\" aria-hidden=\"true\" class=\"wp-block-spacer\"><\/div>\n\n\n\n<h4 class=\"wp-block-heading\" id=\"h-ctvrtek-16-5-2024\">Thursday, May 22, 2025<\/h4>\n\n\n\n<p>7:00 \u2013 10:00<br>Roadbook distribution<br>\u010cesk\u00e9 Bud\u011bjovice, Exhibition area \u2013 hall Z<\/p>\n\n\n\n<p>7:00 \u2013 10:00<br>Administrative checks<br>\u010cesk\u00e9 Bud\u011bjovice, Exhibition area \u2013 hall Z<\/p>\n\n\n\n<p>8:00 \u2013 19:00<br>Reconnaissance<\/p>\n\n\n\n<p>19:00<br>Rallye \u010cesk\u00fd Krumlov drivers and fans party<br>\u010cesk\u00e9 Bud\u011bjovice, Exhibition area \u2013 hall Z<\/p>\n\n\n\n<h4 class=\"wp-block-heading\" id=\"h-patek-17-5-2024\">Friday, May 23, 2025<\/h4>\n\n\n\n<p>7:00 \u2013 11:00<br>Administrative checks and scrutineering<br>\u010cesk\u00e9 Bud\u011bjovice, Exhibition area \u2013 Hall Z<\/p>\n\n\n\n<p>16:12<br>Start of the rally<br>\u010cesk\u00e9 Bud\u011bjovice, Exhibition area<\/p>\n\n\n\n<p>4 special stages (37,19 km) &#8211; tarmac<\/p>\n\n\n\n<p>22:00<br>Finish of leg 1<br>\u010cesk\u00e9 Bud\u011bjovice, Exhibition area<\/p>\n\n\n\n<h4 class=\"wp-block-heading\" id=\"h-sobota-18-5-2024\">Sobota 24. 5. 2025<\/h4>\n\n\n\n<p>9:20<br>Start of leg 2<br>\u010cesk\u00e9 Bud\u011bjovice, Exhibition area<\/p>\n\n\n\n<p>5 special stages (47,24 km) &#8211; tarmac<\/p>\n\n\n\n<p>15:30<br>Prize-giving ceremony<br>\u010cesk\u00fd Krumlov, Deer garden<\/p>\n\n\n\n<hr class=\"wp-block-separator has-alpha-channel-opacity\"\/>\n\n\n\n<p><em><em>Change of programme reserved.<\/em><\/em><\/p>\n\n\n\n<figure class=\"wp-block-image size-large\"><img loading=\"lazy\" decoding=\"async\" width=\"846\" height=\"1200\" src=\"https:\/\/rallyekrumlov.cz\/wp-content\/uploads\/2025\/03\/rck2025_legendy_letak-846x1200.jpg\" alt=\"\" class=\"wp-image-154006\" srcset=\"https:\/\/rallyekrumlov.cz\/wp-content\/uploads\/2025\/03\/rck2025_legendy_letak-846x1200.jpg 846w, https:\/\/rallyekrumlov.cz\/wp-content\/uploads\/2025\/03\/rck2025_legendy_letak-768x1089.jpg 768w, https:\/\/rallyekrumlov.cz\/wp-content\/uploads\/2025\/03\/rck2025_legendy_letak-1083x1536.jpg 1083w, https:\/\/rallyekrumlov.cz\/wp-content\/uploads\/2025\/03\/rck2025_legendy_letak-56x80.jpg 56w, https:\/\/rallyekrumlov.cz\/wp-content\/uploads\/2025\/03\/rck2025_legendy_letak.jpg 1128w\" sizes=\"auto, (max-width: 846px) 100vw, 846px\" \/><\/figure>\n","protected":false},"excerpt":{"rendered":"<p>As in previous years, the 52nd Rallye \u010cesk\u00fd Krumlov will include an exhibition Rally Legends Show. The seventeenth edition of&#8230;<\/p>\n","protected":false},"author":2,"featured_media":151396,"parent":153307,"menu_order":92,"comment_status":"closed","ping_status":"closed","template":"","meta":{"_acf_changed":false,"footnotes":""},"class_list":["post-154025","page","type-page","status-publish","has-post-thumbnail","hentry"],"acf":[],"yoast_head":"<!-- This site is optimized with the Yoast SEO Premium plugin v18.3 (Yoast SEO v27.5) - https:\/\/yoast.com\/product\/yoast-seo-premium-wordpress\/ -->\n<title>17th Rally Legends Show 2025<\/title>\n<meta name=\"description\" content=\"The 17th edition of the show of historic competition cars that drive on the special stages without timing will take place on 23-24 May 2025.\" \/>\n<meta name=\"robots\" content=\"index, follow, max-snippet:-1, max-image-preview:large, max-video-preview:-1\" \/>\n<link rel=\"canonical\" href=\"https:\/\/rallyekrumlov.cz\/en\/rck2025\/legendy2025\/\" \/>\n<meta property=\"og:locale\" content=\"en_US\" \/>\n<meta property=\"og:type\" content=\"article\" \/>\n<meta property=\"og:title\" content=\"17th Rally Legends Show 2025\" \/>\n<meta property=\"og:description\" content=\"The 17th edition of the show of historic competition cars that drive on the special stages without timing will take place on 23-24 May 2025.\" \/>\n<meta property=\"og:url\" content=\"https:\/\/rallyekrumlov.cz\/en\/rck2025\/legendy2025\/\" \/>\n<meta property=\"og:site_name\" content=\"Rallye \u010cesk\u00fd Krumlov\" \/>\n<meta property=\"article:modified_time\" content=\"2025-04-18T16:46:42+00:00\" \/>\n<meta property=\"og:image\" content=\"https:\/\/rallyekrumlov.cz\/wp-content\/uploads\/2023\/11\/rck2024_rallye-legendy-show.jpg\" \/>\n\t<meta property=\"og:image:width\" content=\"1920\" \/>\n\t<meta property=\"og:image:height\" content=\"1280\" \/>\n\t<meta property=\"og:image:type\" content=\"image\/jpeg\" \/>\n<meta name=\"twitter:card\" content=\"summary_large_image\" \/>\n<meta name=\"twitter:title\" content=\"17th Rally Legends Show 2025\" \/>\n<meta name=\"twitter:description\" content=\"The 17th edition of the show of historic competition cars that drive on the special stages without timing will take place on 23-24 May 2025.\" \/>\n<meta name=\"twitter:image\" content=\"https:\/\/rallyekrumlov.cz\/wp-content\/uploads\/2023\/11\/rck2024_rallye-legendy-show.jpg\" \/>\n<meta name=\"twitter:label1\" content=\"Est. reading time\" \/>\n\t<meta name=\"twitter:data1\" content=\"2 minutes\" \/>\n<script type=\"application\/ld+json\" class=\"yoast-schema-graph\">{\"@context\":\"https:\\\/\\\/schema.org\",\"@graph\":[{\"@type\":\"WebPage\",\"@id\":\"https:\\\/\\\/rallyekrumlov.cz\\\/en\\\/rck2025\\\/legendy2025\\\/\",\"url\":\"https:\\\/\\\/rallyekrumlov.cz\\\/en\\\/rck2025\\\/legendy2025\\\/\",\"name\":\"17th Rally Legends Show 2025\",\"isPartOf\":{\"@id\":\"https:\\\/\\\/rallyekrumlov.cz\\\/#website\"},\"primaryImageOfPage\":{\"@id\":\"https:\\\/\\\/rallyekrumlov.cz\\\/en\\\/rck2025\\\/legendy2025\\\/#primaryimage\"},\"image\":{\"@id\":\"https:\\\/\\\/rallyekrumlov.cz\\\/en\\\/rck2025\\\/legendy2025\\\/#primaryimage\"},\"thumbnailUrl\":\"https:\\\/\\\/rallyekrumlov.cz\\\/wp-content\\\/uploads\\\/2023\\\/11\\\/rck2024_rallye-legendy-show.jpg\",\"datePublished\":\"2025-03-23T18:48:53+00:00\",\"dateModified\":\"2025-04-18T16:46:42+00:00\",\"description\":\"The 17th edition of the show of historic competition cars that drive on the special stages without timing will take place on 23-24 May 2025.\",\"breadcrumb\":{\"@id\":\"https:\\\/\\\/rallyekrumlov.cz\\\/en\\\/rck2025\\\/legendy2025\\\/#breadcrumb\"},\"inLanguage\":\"en-US\",\"potentialAction\":[{\"@type\":\"ReadAction\",\"target\":[\"https:\\\/\\\/rallyekrumlov.cz\\\/en\\\/rck2025\\\/legendy2025\\\/\"]}]},{\"@type\":\"ImageObject\",\"inLanguage\":\"en-US\",\"@id\":\"https:\\\/\\\/rallyekrumlov.cz\\\/en\\\/rck2025\\\/legendy2025\\\/#primaryimage\",\"url\":\"https:\\\/\\\/rallyekrumlov.cz\\\/wp-content\\\/uploads\\\/2023\\\/11\\\/rck2024_rallye-legendy-show.jpg\",\"contentUrl\":\"https:\\\/\\\/rallyekrumlov.cz\\\/wp-content\\\/uploads\\\/2023\\\/11\\\/rck2024_rallye-legendy-show.jpg\",\"width\":1920,\"height\":1280},{\"@type\":\"BreadcrumbList\",\"@id\":\"https:\\\/\\\/rallyekrumlov.cz\\\/en\\\/rck2025\\\/legendy2025\\\/#breadcrumb\",\"itemListElement\":[{\"@type\":\"ListItem\",\"position\":1,\"name\":\"Home\",\"item\":\"https:\\\/\\\/rallyekrumlov.cz\\\/en\\\/\"},{\"@type\":\"ListItem\",\"position\":2,\"name\":\"52nd Rallye \u010cesk\u00fd Krumlov 2025\",\"item\":\"https:\\\/\\\/rallyekrumlov.cz\\\/en\\\/rck2025\\\/\"},{\"@type\":\"ListItem\",\"position\":3,\"name\":\"17th Rally Legends Show 2025\"}]},{\"@type\":\"WebSite\",\"@id\":\"https:\\\/\\\/rallyekrumlov.cz\\\/#website\",\"url\":\"https:\\\/\\\/rallyekrumlov.cz\\\/\",\"name\":\"Rallye \u010cesk\u00fd Krumlov\",\"description\":\"\",\"potentialAction\":[{\"@type\":\"SearchAction\",\"target\":{\"@type\":\"EntryPoint\",\"urlTemplate\":\"https:\\\/\\\/rallyekrumlov.cz\\\/?s={search_term_string}\"},\"query-input\":{\"@type\":\"PropertyValueSpecification\",\"valueRequired\":true,\"valueName\":\"search_term_string\"}}],\"inLanguage\":\"en-US\"}]}<\/script>\n<!-- \/ Yoast SEO Premium plugin. -->","yoast_head_json":{"title":"17th Rally Legends Show 2025","description":"The 17th edition of the show of historic competition cars that drive on the special stages without timing will take place on 23-24 May 2025.","robots":{"index":"index","follow":"follow","max-snippet":"max-snippet:-1","max-image-preview":"max-image-preview:large","max-video-preview":"max-video-preview:-1"},"canonical":"https:\/\/rallyekrumlov.cz\/en\/rck2025\/legendy2025\/","og_locale":"en_US","og_type":"article","og_title":"17th Rally Legends Show 2025","og_description":"The 17th edition of the show of historic competition cars that drive on the special stages without timing will take place on 23-24 May 2025.","og_url":"https:\/\/rallyekrumlov.cz\/en\/rck2025\/legendy2025\/","og_site_name":"Rallye \u010cesk\u00fd Krumlov","article_modified_time":"2025-04-18T16:46:42+00:00","og_image":[{"width":1920,"height":1280,"url":"https:\/\/rallyekrumlov.cz\/wp-content\/uploads\/2023\/11\/rck2024_rallye-legendy-show.jpg","type":"image\/jpeg"}],"twitter_card":"summary_large_image","twitter_title":"17th Rally Legends Show 2025","twitter_description":"The 17th edition of the show of historic competition cars that drive on the special stages without timing will take place on 23-24 May 2025.","twitter_image":"https:\/\/rallyekrumlov.cz\/wp-content\/uploads\/2023\/11\/rck2024_rallye-legendy-show.jpg","twitter_misc":{"Est. reading time":"2 minutes"},"schema":{"@context":"https:\/\/schema.org","@graph":[{"@type":"WebPage","@id":"https:\/\/rallyekrumlov.cz\/en\/rck2025\/legendy2025\/","url":"https:\/\/rallyekrumlov.cz\/en\/rck2025\/legendy2025\/","name":"17th Rally Legends Show 2025","isPartOf":{"@id":"https:\/\/rallyekrumlov.cz\/#website"},"primaryImageOfPage":{"@id":"https:\/\/rallyekrumlov.cz\/en\/rck2025\/legendy2025\/#primaryimage"},"image":{"@id":"https:\/\/rallyekrumlov.cz\/en\/rck2025\/legendy2025\/#primaryimage"},"thumbnailUrl":"https:\/\/rallyekrumlov.cz\/wp-content\/uploads\/2023\/11\/rck2024_rallye-legendy-show.jpg","datePublished":"2025-03-23T18:48:53+00:00","dateModified":"2025-04-18T16:46:42+00:00","description":"The 17th edition of the show of historic competition cars that drive on the special stages without timing will take place on 23-24 May 2025.","breadcrumb":{"@id":"https:\/\/rallyekrumlov.cz\/en\/rck2025\/legendy2025\/#breadcrumb"},"inLanguage":"en-US","potentialAction":[{"@type":"ReadAction","target":["https:\/\/rallyekrumlov.cz\/en\/rck2025\/legendy2025\/"]}]},{"@type":"ImageObject","inLanguage":"en-US","@id":"https:\/\/rallyekrumlov.cz\/en\/rck2025\/legendy2025\/#primaryimage","url":"https:\/\/rallyekrumlov.cz\/wp-content\/uploads\/2023\/11\/rck2024_rallye-legendy-show.jpg","contentUrl":"https:\/\/rallyekrumlov.cz\/wp-content\/uploads\/2023\/11\/rck2024_rallye-legendy-show.jpg","width":1920,"height":1280},{"@type":"BreadcrumbList","@id":"https:\/\/rallyekrumlov.cz\/en\/rck2025\/legendy2025\/#breadcrumb","itemListElement":[{"@type":"ListItem","position":1,"name":"Home","item":"https:\/\/rallyekrumlov.cz\/en\/"},{"@type":"ListItem","position":2,"name":"52nd Rallye \u010cesk\u00fd Krumlov 2025","item":"https:\/\/rallyekrumlov.cz\/en\/rck2025\/"},{"@type":"ListItem","position":3,"name":"17th Rally Legends Show 2025"}]},{"@type":"WebSite","@id":"https:\/\/rallyekrumlov.cz\/#website","url":"https:\/\/rallyekrumlov.cz\/","name":"Rallye \u010cesk\u00fd Krumlov","description":"","potentialAction":[{"@type":"SearchAction","target":{"@type":"EntryPoint","urlTemplate":"https:\/\/rallyekrumlov.cz\/?s={search_term_string}"},"query-input":{"@type":"PropertyValueSpecification","valueRequired":true,"valueName":"search_term_string"}}],"inLanguage":"en-US"}]}},"_links":{"self":[{"href":"https:\/\/rallyekrumlov.cz\/en\/wp-json\/wp\/v2\/pages\/154025","targetHints":{"allow":["GET"]}}],"collection":[{"href":"https:\/\/rallyekrumlov.cz\/en\/wp-json\/wp\/v2\/pages"}],"about":[{"href":"https:\/\/rallyekrumlov.cz\/en\/wp-json\/wp\/v2\/types\/page"}],"author":[{"embeddable":true,"href":"https:\/\/rallyekrumlov.cz\/en\/wp-json\/wp\/v2\/users\/2"}],"replies":[{"embeddable":true,"href":"https:\/\/rallyekrumlov.cz\/en\/wp-json\/wp\/v2\/comments?post=154025"}],"version-history":[{"count":6,"href":"https:\/\/rallyekrumlov.cz\/en\/wp-json\/wp\/v2\/pages\/154025\/revisions"}],"predecessor-version":[{"id":154362,"href":"https:\/\/rallyekrumlov.cz\/en\/wp-json\/wp\/v2\/pages\/154025\/revisions\/154362"}],"up":[{"embeddable":true,"href":"https:\/\/rallyekrumlov.cz\/en\/wp-json\/wp\/v2\/pages\/153307"}],"wp:featuredmedia":[{"embeddable":true,"href":"https:\/\/rallyekrumlov.cz\/en\/wp-json\/wp\/v2\/media\/151396"}],"wp:attachment":[{"href":"https:\/\/rallyekrumlov.cz\/en\/wp-json\/wp\/v2\/media?parent=154025"}],"curies":[{"name":"wp","href":"https:\/\/api.w.org\/{rel}","templated":true}]}}