{"id":156542,"date":"2026-02-08T23:11:13","date_gmt":"2026-02-08T22:11:13","guid":{"rendered":"https:\/\/rallyekrumlov.cz\/?page_id=156542"},"modified":"2026-03-21T00:10:16","modified_gmt":"2026-03-20T23:10:16","slug":"revival-2026","status":"publish","type":"page","link":"https:\/\/rallyekrumlov.cz\/en\/revival-2026\/","title":{"rendered":"3rd Rallye \u010cesk\u00fd Krumlov Revival 2026"},"content":{"rendered":"\n<div class=\"wp-block-buttons is-horizontal is-content-justification-center is-layout-flex wp-container-core-buttons-is-layout-499968f5 wp-block-buttons-is-layout-flex\">\n<div class=\"wp-block-button is-style-outline is-style-outline--1\"><a class=\"wp-block-button__link has-white-color has-text-color has-background has-link-color wp-element-button\" href=\"https:\/\/rallyekrumlov.cz\/en\/revival-2026\/programme\/\" style=\"background-color:#e31e24\">Programme<\/a><\/div>\n\n\n\n<div class=\"wp-block-button is-style-outline is-style-outline--2\"><a class=\"wp-block-button__link has-white-color has-text-color has-background has-link-color wp-element-button\" href=\"https:\/\/rallyekrumlov.cz\/en\/revival-2026\/entry-form\/\" style=\"background-color:#e31e24\">Entry form<\/a><\/div>\n\n\n\n<div class=\"wp-block-button is-style-outline is-style-outline--3\"><a class=\"wp-block-button__link has-white-color has-text-color has-background has-link-color wp-element-button\" href=\"https:\/\/webapp.sportity.com\/event\/RCKR2026\/229fe9ec-a459-4925-aacc-a8fea6aacd1c\" style=\"background-color:#e31e24\" target=\"_blank\" rel=\"noreferrer noopener\">Notice board<\/a><\/div>\n<\/div>\n\n\n\n<p class=\"has-text-align-center\"><strong><a href=\"https:\/\/app-cdn.sportity.com\/e8e74f93-4e78-48bd-a47c-ed075eb37982\/7dcec2bb-ed74-491e-94e7-0d925b8527d2_05-01_entry-list.pdf\" target=\"_blank\" rel=\"noreferrer noopener\">Entry list<\/a><\/strong><\/p>\n\n\n<div class=\"wp-block-image\">\n<figure class=\"aligncenter size-large is-resized\"><img loading=\"lazy\" decoding=\"async\" width=\"999\" height=\"480\" src=\"https:\/\/rallyekrumlov.cz\/wp-content\/uploads\/2026\/02\/rckr2026_logo-1.svg\" alt=\"\" class=\"wp-image-156531\" style=\"width:520px\"\/><\/figure>\n<\/div>\n\n\n<p>As organizers of one of the oldest rallies in the Czech Republic, we had been thinking about this project for quite some time. It was not until 2021, exactly 50 years after the founding of the Rallye \u010cesk\u00fd Krumlov, that we decided to find out whether there would be interest among domestic competitors in regularity rallies, a sporting and social discipline that enjoys great popularity abroad.<\/p>\n\n\n\n<p>The third edition of the <strong>Rallye \u010cesk\u00fd Krumlov Revival <\/strong>will take place on <strong>March 27 and 28, 2026<\/strong>, at the same timewith the world ecoRally &#8211; <a href=\"https:\/\/www.cner.cz\/en\" target=\"_blank\" rel=\"noreferrer noopener\">14th \u010cEZ Czech New Energies Rallye<\/a>.<\/p>\n\n\n\n<p>The competition is part of the Czech Trophy in regularity rallies for historic cars, held under the auspices of the Autoclub of the Czech Republic (ACCR), and is intended for vehicles manufactured up to and including 2000, which do not have to be racing specials or tested veterans. All you need to participate is a production vehicle with a registration number and a valid MOT. Cars equipped with a rollcage must have sports testing (czech registration number &#8220;R&#8221;).<\/p>\n\n\n\n<figure class=\"wp-block-image size-large\"><img loading=\"lazy\" decoding=\"async\" width=\"1200\" height=\"800\" src=\"https:\/\/rallyekrumlov.cz\/wp-content\/uploads\/2025\/03\/rckr2025_galerie_foto-1200x800.jpg\" alt=\"\" class=\"wp-image-154314\" srcset=\"https:\/\/rallyekrumlov.cz\/wp-content\/uploads\/2025\/03\/rckr2025_galerie_foto-1200x800.jpg 1200w, https:\/\/rallyekrumlov.cz\/wp-content\/uploads\/2025\/03\/rckr2025_galerie_foto-768x512.jpg 768w, https:\/\/rallyekrumlov.cz\/wp-content\/uploads\/2025\/03\/rckr2025_galerie_foto-1536x1024.jpg 1536w, https:\/\/rallyekrumlov.cz\/wp-content\/uploads\/2025\/03\/rckr2025_galerie_foto-120x80.jpg 120w, https:\/\/rallyekrumlov.cz\/wp-content\/uploads\/2025\/03\/rckr2025_galerie_foto.jpg 2000w\" sizes=\"auto, (max-width: 1200px) 100vw, 1200px\" \/><\/figure>\n\n\n\n<p>A two-member crew can participate in the competition, provided that the driver has a driver&#8217;s license and the navigator is at least 16 years old. Both must hold a driver&#8217;s license issued by the relevant ASN, in the case of domestic crews by the ACCR. One event licenses, which can be obtained during administrative checks before the start, are also accepted.<\/p>\n\n\n\n<p>The Revival will take crews to current and former special stages where more than fifty years of history of the Rallye \u010cesk\u00fd Krumlov was written. <strong>The itinerary of the nearly 500-kilometer route includes 18 regularity tests on various sections, measuring approximately 80 percent of the total mileage!<\/strong><\/p>\n\n\n\n<p>As is usual in regularity rallies, the stages are driven in normal traffic on less frequented roads. The average speed prescribed for each measured section complies with traffic regulations and is monitored by a professional GPS system from a Spanish supplier that has been tried and tested over several years.<\/p>\n\n\n\n<figure class=\"wp-block-image size-large\"><img loading=\"lazy\" decoding=\"async\" width=\"1200\" height=\"800\" src=\"https:\/\/rallyekrumlov.cz\/wp-content\/uploads\/2025\/03\/rckr2025_galerie_video-1200x800.jpg\" alt=\"\" class=\"wp-image-154316\" srcset=\"https:\/\/rallyekrumlov.cz\/wp-content\/uploads\/2025\/03\/rckr2025_galerie_video-1200x800.jpg 1200w, https:\/\/rallyekrumlov.cz\/wp-content\/uploads\/2025\/03\/rckr2025_galerie_video-768x512.jpg 768w, https:\/\/rallyekrumlov.cz\/wp-content\/uploads\/2025\/03\/rckr2025_galerie_video-1536x1025.jpg 1536w, https:\/\/rallyekrumlov.cz\/wp-content\/uploads\/2025\/03\/rckr2025_galerie_video-120x80.jpg 120w, https:\/\/rallyekrumlov.cz\/wp-content\/uploads\/2025\/03\/rckr2025_galerie_video.jpg 2000w\" sizes=\"auto, (max-width: 1200px) 100vw, 1200px\" \/><\/figure>\n\n\n\n<blockquote class=\"wp-block-quote is-layout-flow wp-block-quote-is-layout-flow\">\n<p><strong>Entry fee: 420 EUR<\/strong><br>One event licence (valid for the competition) for 1 crew member: 12 EUR<\/p>\n<\/blockquote>\n\n\n\n<p><strong>Entry fee for crew covers:<\/strong><\/p>\n\n\n\n<ul class=\"wp-block-list\">\n<li>participation in rally<\/li>\n\n\n\n<li>third party liability insurance<\/li>\n\n\n\n<li>car identification and crew identification<\/li>\n\n\n\n<li>roadbook<\/li>\n\n\n\n<li>professional timekeeping and processing of results<\/li>\n\n\n\n<li>original rally merchandise<\/li>\n\n\n\n<li>commemorative plaques<\/li>\n\n\n\n<li>cups for winners<\/li>\n\n\n\n<li>snack during administrative checks<\/li>\n\n\n\n<li>dinner during the leg 1<\/li>\n\n\n\n<li>lunch during the leg 2<\/li>\n\n\n\n<li>dinner after the rally finish<\/li>\n<\/ul>\n\n\n\n<p><strong><strong>Contact details for the organizer:<\/strong><\/strong><\/p>\n\n\n\n<p>Pavel Kacerovsk\u00fd<br>+420 728&nbsp;547&nbsp;505<br><a href=\"javascript:;\" target=\"_blank\" rel=\"noreferrer noopener\">kacerovsky@ckmotorsport.cz<\/a><\/p>\n\n\n\n<figure class=\"wp-block-embed is-type-video is-provider-youtube wp-block-embed-youtube wp-embed-aspect-16-9 wp-has-aspect-ratio\"><div class=\"wp-block-embed__wrapper\">\n<iframe loading=\"lazy\" title=\"2. Rallye \u010cesk\u00fd Krumlov Revival 2025\" width=\"500\" height=\"281\" src=\"https:\/\/www.youtube.com\/embed\/MlhIep5qewk?feature=oembed\" frameborder=\"0\" allow=\"accelerometer; autoplay; clipboard-write; encrypted-media; gyroscope; picture-in-picture; web-share\" referrerpolicy=\"strict-origin-when-cross-origin\" allowfullscreen><\/iframe>\n<\/div><\/figure>\n","protected":false},"excerpt":{"rendered":"<p>Entry list As organizers of one of the oldest rallies in the Czech Republic, we had been thinking about this&#8230;<\/p>\n","protected":false},"author":2,"featured_media":0,"parent":0,"menu_order":25,"comment_status":"closed","ping_status":"closed","template":"","meta":{"_acf_changed":false,"footnotes":""},"class_list":["post-156542","page","type-page","status-publish","hentry"],"acf":[],"yoast_head":"<!-- This site is optimized with the Yoast SEO Premium plugin v18.3 (Yoast SEO v27.3) - https:\/\/yoast.com\/product\/yoast-seo-premium-wordpress\/ -->\n<title>3rd Rallye \u010cesk\u00fd Krumlov Revival 2026 - Rallye \u010cesk\u00fd Krumlov<\/title>\n<meta name=\"robots\" content=\"index, follow, max-snippet:-1, max-image-preview:large, max-video-preview:-1\" \/>\n<link rel=\"canonical\" href=\"https:\/\/rallyekrumlov.cz\/en\/revival-2026\/\" \/>\n<meta property=\"og:locale\" content=\"en_US\" \/>\n<meta property=\"og:type\" content=\"article\" \/>\n<meta property=\"og:title\" content=\"3rd Rallye \u010cesk\u00fd Krumlov Revival 2026\" \/>\n<meta property=\"og:description\" content=\"Entry list As organizers of one of the oldest rallies in the Czech Republic, we had been thinking about this...\" \/>\n<meta property=\"og:url\" content=\"https:\/\/rallyekrumlov.cz\/en\/revival-2026\/\" \/>\n<meta property=\"og:site_name\" content=\"Rallye \u010cesk\u00fd Krumlov\" \/>\n<meta property=\"article:modified_time\" content=\"2026-03-20T23:10:16+00:00\" \/>\n<meta name=\"twitter:card\" content=\"summary_large_image\" \/>\n<meta name=\"twitter:label1\" content=\"Est. reading time\" \/>\n\t<meta name=\"twitter:data1\" content=\"3 minutes\" \/>\n<script type=\"application\/ld+json\" class=\"yoast-schema-graph\">{\"@context\":\"https:\\\/\\\/schema.org\",\"@graph\":[{\"@type\":\"WebPage\",\"@id\":\"https:\\\/\\\/rallyekrumlov.cz\\\/en\\\/revival-2026\\\/\",\"url\":\"https:\\\/\\\/rallyekrumlov.cz\\\/en\\\/revival-2026\\\/\",\"name\":\"3rd Rallye \u010cesk\u00fd Krumlov Revival 2026 - Rallye \u010cesk\u00fd Krumlov\",\"isPartOf\":{\"@id\":\"https:\\\/\\\/rallyekrumlov.cz\\\/#website\"},\"primaryImageOfPage\":{\"@id\":\"https:\\\/\\\/rallyekrumlov.cz\\\/en\\\/revival-2026\\\/#primaryimage\"},\"image\":{\"@id\":\"https:\\\/\\\/rallyekrumlov.cz\\\/en\\\/revival-2026\\\/#primaryimage\"},\"thumbnailUrl\":\"https:\\\/\\\/rallyekrumlov.cz\\\/wp-content\\\/uploads\\\/2026\\\/02\\\/rckr2026_logo-1.svg\",\"datePublished\":\"2026-02-08T22:11:13+00:00\",\"dateModified\":\"2026-03-20T23:10:16+00:00\",\"breadcrumb\":{\"@id\":\"https:\\\/\\\/rallyekrumlov.cz\\\/en\\\/revival-2026\\\/#breadcrumb\"},\"inLanguage\":\"en-US\",\"potentialAction\":[{\"@type\":\"ReadAction\",\"target\":[\"https:\\\/\\\/rallyekrumlov.cz\\\/en\\\/revival-2026\\\/\"]}]},{\"@type\":\"ImageObject\",\"inLanguage\":\"en-US\",\"@id\":\"https:\\\/\\\/rallyekrumlov.cz\\\/en\\\/revival-2026\\\/#primaryimage\",\"url\":\"https:\\\/\\\/rallyekrumlov.cz\\\/wp-content\\\/uploads\\\/2026\\\/02\\\/rckr2026_logo-1.svg\",\"contentUrl\":\"https:\\\/\\\/rallyekrumlov.cz\\\/wp-content\\\/uploads\\\/2026\\\/02\\\/rckr2026_logo-1.svg\"},{\"@type\":\"BreadcrumbList\",\"@id\":\"https:\\\/\\\/rallyekrumlov.cz\\\/en\\\/revival-2026\\\/#breadcrumb\",\"itemListElement\":[{\"@type\":\"ListItem\",\"position\":1,\"name\":\"Home\",\"item\":\"https:\\\/\\\/rallyekrumlov.cz\\\/en\\\/\"},{\"@type\":\"ListItem\",\"position\":2,\"name\":\"3rd Rallye \u010cesk\u00fd Krumlov Revival 2026\"}]},{\"@type\":\"WebSite\",\"@id\":\"https:\\\/\\\/rallyekrumlov.cz\\\/#website\",\"url\":\"https:\\\/\\\/rallyekrumlov.cz\\\/\",\"name\":\"Rallye \u010cesk\u00fd Krumlov\",\"description\":\"\",\"potentialAction\":[{\"@type\":\"SearchAction\",\"target\":{\"@type\":\"EntryPoint\",\"urlTemplate\":\"https:\\\/\\\/rallyekrumlov.cz\\\/?s={search_term_string}\"},\"query-input\":{\"@type\":\"PropertyValueSpecification\",\"valueRequired\":true,\"valueName\":\"search_term_string\"}}],\"inLanguage\":\"en-US\"}]}<\/script>\n<!-- \/ Yoast SEO Premium plugin. -->","yoast_head_json":{"title":"3rd Rallye \u010cesk\u00fd Krumlov Revival 2026 - Rallye \u010cesk\u00fd Krumlov","robots":{"index":"index","follow":"follow","max-snippet":"max-snippet:-1","max-image-preview":"max-image-preview:large","max-video-preview":"max-video-preview:-1"},"canonical":"https:\/\/rallyekrumlov.cz\/en\/revival-2026\/","og_locale":"en_US","og_type":"article","og_title":"3rd Rallye \u010cesk\u00fd Krumlov Revival 2026","og_description":"Entry list As organizers of one of the oldest rallies in the Czech Republic, we had been thinking about this...","og_url":"https:\/\/rallyekrumlov.cz\/en\/revival-2026\/","og_site_name":"Rallye \u010cesk\u00fd Krumlov","article_modified_time":"2026-03-20T23:10:16+00:00","twitter_card":"summary_large_image","twitter_misc":{"Est. reading time":"3 minutes"},"schema":{"@context":"https:\/\/schema.org","@graph":[{"@type":"WebPage","@id":"https:\/\/rallyekrumlov.cz\/en\/revival-2026\/","url":"https:\/\/rallyekrumlov.cz\/en\/revival-2026\/","name":"3rd Rallye \u010cesk\u00fd Krumlov Revival 2026 - Rallye \u010cesk\u00fd Krumlov","isPartOf":{"@id":"https:\/\/rallyekrumlov.cz\/#website"},"primaryImageOfPage":{"@id":"https:\/\/rallyekrumlov.cz\/en\/revival-2026\/#primaryimage"},"image":{"@id":"https:\/\/rallyekrumlov.cz\/en\/revival-2026\/#primaryimage"},"thumbnailUrl":"https:\/\/rallyekrumlov.cz\/wp-content\/uploads\/2026\/02\/rckr2026_logo-1.svg","datePublished":"2026-02-08T22:11:13+00:00","dateModified":"2026-03-20T23:10:16+00:00","breadcrumb":{"@id":"https:\/\/rallyekrumlov.cz\/en\/revival-2026\/#breadcrumb"},"inLanguage":"en-US","potentialAction":[{"@type":"ReadAction","target":["https:\/\/rallyekrumlov.cz\/en\/revival-2026\/"]}]},{"@type":"ImageObject","inLanguage":"en-US","@id":"https:\/\/rallyekrumlov.cz\/en\/revival-2026\/#primaryimage","url":"https:\/\/rallyekrumlov.cz\/wp-content\/uploads\/2026\/02\/rckr2026_logo-1.svg","contentUrl":"https:\/\/rallyekrumlov.cz\/wp-content\/uploads\/2026\/02\/rckr2026_logo-1.svg"},{"@type":"BreadcrumbList","@id":"https:\/\/rallyekrumlov.cz\/en\/revival-2026\/#breadcrumb","itemListElement":[{"@type":"ListItem","position":1,"name":"Home","item":"https:\/\/rallyekrumlov.cz\/en\/"},{"@type":"ListItem","position":2,"name":"3rd Rallye \u010cesk\u00fd Krumlov Revival 2026"}]},{"@type":"WebSite","@id":"https:\/\/rallyekrumlov.cz\/#website","url":"https:\/\/rallyekrumlov.cz\/","name":"Rallye \u010cesk\u00fd Krumlov","description":"","potentialAction":[{"@type":"SearchAction","target":{"@type":"EntryPoint","urlTemplate":"https:\/\/rallyekrumlov.cz\/?s={search_term_string}"},"query-input":{"@type":"PropertyValueSpecification","valueRequired":true,"valueName":"search_term_string"}}],"inLanguage":"en-US"}]}},"_links":{"self":[{"href":"https:\/\/rallyekrumlov.cz\/en\/wp-json\/wp\/v2\/pages\/156542","targetHints":{"allow":["GET"]}}],"collection":[{"href":"https:\/\/rallyekrumlov.cz\/en\/wp-json\/wp\/v2\/pages"}],"about":[{"href":"https:\/\/rallyekrumlov.cz\/en\/wp-json\/wp\/v2\/types\/page"}],"author":[{"embeddable":true,"href":"https:\/\/rallyekrumlov.cz\/en\/wp-json\/wp\/v2\/users\/2"}],"replies":[{"embeddable":true,"href":"https:\/\/rallyekrumlov.cz\/en\/wp-json\/wp\/v2\/comments?post=156542"}],"version-history":[{"count":9,"href":"https:\/\/rallyekrumlov.cz\/en\/wp-json\/wp\/v2\/pages\/156542\/revisions"}],"predecessor-version":[{"id":156612,"href":"https:\/\/rallyekrumlov.cz\/en\/wp-json\/wp\/v2\/pages\/156542\/revisions\/156612"}],"wp:attachment":[{"href":"https:\/\/rallyekrumlov.cz\/en\/wp-json\/wp\/v2\/media?parent=156542"}],"curies":[{"name":"wp","href":"https:\/\/api.w.org\/{rel}","templated":true}]}}