{"id":156564,"date":"2026-02-09T13:22:17","date_gmt":"2026-02-09T12:22:17","guid":{"rendered":"https:\/\/rallyekrumlov.cz\/?page_id=156564"},"modified":"2026-03-22T00:37:04","modified_gmt":"2026-03-21T23:37:04","slug":"programme","status":"publish","type":"page","link":"https:\/\/rallyekrumlov.cz\/en\/revival-2026\/programme\/","title":{"rendered":"Programme"},"content":{"rendered":"\n<h2 class=\"wp-block-heading\" id=\"h-2-rallye-cesky-krumlov-revival\"><strong>3rd Rallye \u010cesk\u00fd Krumlov Revival<\/strong><\/h2>\n\n\n\n<div style=\"height:20px\" aria-hidden=\"true\" class=\"wp-block-spacer\"><\/div>\n\n\n\n<h4 class=\"wp-block-heading\" id=\"h-nedele-8-5-2022\"><strong>Monday, March 16, 2026<\/strong><\/h4>\n\n\n\n<p><strong>23:59<\/strong><br>Closing date of entries<\/p>\n\n\n\n<h4 class=\"wp-block-heading\" id=\"h-nedele-8-5-2022\"><strong>Friday, March 20, 2026<\/strong><\/h4>\n\n\n\n<p><strong>23:00<\/strong><br>Publication of participants list<\/p>\n\n\n\n<hr class=\"wp-block-separator has-css-opacity\"\/>\n\n\n\n<h4 class=\"wp-block-heading\"><strong>Friday, March 27, 2026<\/strong><\/h4>\n\n\n\n<p><strong>from 7:00<\/strong><br>Calibration<\/p>\n\n\n\n<p><strong>11:00 &#8211; 12:30<\/strong><br>Administrative checks<br>\u010cesk\u00fd Krumlov, Port 1560<\/p>\n\n\n\n<p><strong>11:30 &#8211; 13:00<\/strong><br>Scrutineering<br>\u010cesk\u00fd Krumlov, Port 1560<\/p>\n\n\n\n<p><strong>14:00<\/strong><br>Driver\u2019s briefing<br>\u010cesk\u00fd Krumlov, Port 1560<\/p>\n\n\n\n<p><strong>16:25<\/strong><br>Start of the rally<br>\u010cesk\u00fd Krumlov, Port 1560<\/p>\n\n\n\n<p><strong>16:30<\/strong><br>Ceremonial start<br>\u010cesk\u00fd Krumlov, n\u00e1m\u011bst\u00ed Svornosti (main square)<\/p>\n\n\n\n<p><strong>20:15 &#8211; 21:25<\/strong><br>Dinner<br>Janova Ves, <a href=\"https:\/\/www.penzionjelenivyhlidka.cz\/de\" target=\"_blank\" rel=\"noreferrer noopener\">Restaurace Jelen\u00ed vyhl\u00eddka<\/a><\/p>\n\n\n\n<p><strong>23:40<\/strong><br>Finish of the leg 1<br>\u010cesk\u00fd Krumlov, Port 1560<\/p>\n\n\n\n<hr class=\"wp-block-separator has-css-opacity\"\/>\n\n\n\n<h4 class=\"wp-block-heading\" id=\"h-sobota-21-5-2022\"><strong>Saturday, March 28, 2026<\/strong><\/h4>\n\n\n\n<p><strong>10:30<\/strong><br>Start of the leg 2<br>\u010cesk\u00fd Krumlov, Port 1560<\/p>\n\n\n\n<p><strong>12:15 &#8211; 13:15<\/strong><br>Passage control<br>\u010cesk\u00e9 Bud\u011bjovice, n\u00e1m\u011bst\u00ed P\u0159emysla Otakara II. (main square)<\/p>\n\n\n\n<p><strong>12:30 &#8211; 14:20<\/strong><br>Lunch<br>Nov\u00e9 Dvory,\u00a0<a href=\"https:\/\/www.knezinek.at\/restaurant\/\" target=\"_blank\" rel=\"noreferrer noopener\">Minipivovar Kn\u011b\u017e\u00ednek<\/a><\/p>\n\n\n\n<p><strong>16:10<\/strong><br>Time control<br>Prachatice, Velk\u00e9 n\u00e1m\u011bst\u00ed (main square)<\/p>\n\n\n\n<p><strong>18:30<\/strong><br>Finish of the rally &amp; Prize-giving ceremony<br>\u010cesk\u00fd Krumlov, n\u00e1m\u011bst\u00ed Svornosti (main square)<\/p>\n\n\n\n<p><strong>19:30 &#8211; 21:00<\/strong><br>Dinner<br>\u010cesk\u00fd Krumlov, n\u00e1m\u011bst\u00ed Svornosti (main square),&nbsp;<a href=\"https:\/\/hotelzlatyandel.cz\/en\/seminare\/\" target=\"_blank\" rel=\"noreferrer noopener\">D\u016fm U Hroznu<\/a><\/p>\n\n\n\n<hr class=\"wp-block-separator has-css-opacity\"\/>\n\n\n\n<p><em><em>Programme can be changed.<\/em><\/em><\/p>\n","protected":false},"excerpt":{"rendered":"<p>3rd Rallye \u010cesk\u00fd Krumlov Revival Monday, March 16, 2026 23:59Closing date of entries Friday, March 20, 2026 23:00Publication of participants&#8230;<\/p>\n","protected":false},"author":2,"featured_media":0,"parent":156542,"menu_order":23,"comment_status":"closed","ping_status":"closed","template":"","meta":{"_acf_changed":false,"footnotes":""},"class_list":["post-156564","page","type-page","status-publish","hentry"],"acf":[],"yoast_head":"<!-- This site is optimized with the Yoast SEO Premium plugin v18.3 (Yoast SEO v27.3) - https:\/\/yoast.com\/product\/yoast-seo-premium-wordpress\/ -->\n<title>Programme - Rallye \u010cesk\u00fd Krumlov<\/title>\n<meta name=\"robots\" content=\"index, follow, max-snippet:-1, max-image-preview:large, max-video-preview:-1\" \/>\n<link rel=\"canonical\" href=\"https:\/\/rallyekrumlov.cz\/en\/revival-2026\/programme\/\" \/>\n<meta property=\"og:locale\" content=\"en_US\" \/>\n<meta property=\"og:type\" content=\"article\" \/>\n<meta property=\"og:title\" content=\"Programme\" \/>\n<meta property=\"og:description\" content=\"3rd Rallye \u010cesk\u00fd Krumlov Revival Monday, March 16, 2026 23:59Closing date of entries Friday, March 20, 2026 23:00Publication of participants...\" \/>\n<meta property=\"og:url\" content=\"https:\/\/rallyekrumlov.cz\/en\/revival-2026\/programme\/\" \/>\n<meta property=\"og:site_name\" content=\"Rallye \u010cesk\u00fd Krumlov\" \/>\n<meta property=\"article:modified_time\" content=\"2026-03-21T23:37:04+00:00\" \/>\n<meta name=\"twitter:card\" content=\"summary_large_image\" \/>\n<meta name=\"twitter:label1\" content=\"Est. reading time\" \/>\n\t<meta name=\"twitter:data1\" content=\"1 minute\" \/>\n<script type=\"application\/ld+json\" class=\"yoast-schema-graph\">{\"@context\":\"https:\\\/\\\/schema.org\",\"@graph\":[{\"@type\":\"WebPage\",\"@id\":\"https:\\\/\\\/rallyekrumlov.cz\\\/en\\\/revival-2026\\\/programme\\\/\",\"url\":\"https:\\\/\\\/rallyekrumlov.cz\\\/en\\\/revival-2026\\\/programme\\\/\",\"name\":\"Programme - Rallye \u010cesk\u00fd Krumlov\",\"isPartOf\":{\"@id\":\"https:\\\/\\\/rallyekrumlov.cz\\\/#website\"},\"datePublished\":\"2026-02-09T12:22:17+00:00\",\"dateModified\":\"2026-03-21T23:37:04+00:00\",\"breadcrumb\":{\"@id\":\"https:\\\/\\\/rallyekrumlov.cz\\\/en\\\/revival-2026\\\/programme\\\/#breadcrumb\"},\"inLanguage\":\"en-US\",\"potentialAction\":[{\"@type\":\"ReadAction\",\"target\":[\"https:\\\/\\\/rallyekrumlov.cz\\\/en\\\/revival-2026\\\/programme\\\/\"]}]},{\"@type\":\"BreadcrumbList\",\"@id\":\"https:\\\/\\\/rallyekrumlov.cz\\\/en\\\/revival-2026\\\/programme\\\/#breadcrumb\",\"itemListElement\":[{\"@type\":\"ListItem\",\"position\":1,\"name\":\"Home\",\"item\":\"https:\\\/\\\/rallyekrumlov.cz\\\/en\\\/\"},{\"@type\":\"ListItem\",\"position\":2,\"name\":\"3rd Rallye \u010cesk\u00fd Krumlov Revival 2026\",\"item\":\"https:\\\/\\\/rallyekrumlov.cz\\\/en\\\/revival-2026\\\/\"},{\"@type\":\"ListItem\",\"position\":3,\"name\":\"Programme\"}]},{\"@type\":\"WebSite\",\"@id\":\"https:\\\/\\\/rallyekrumlov.cz\\\/#website\",\"url\":\"https:\\\/\\\/rallyekrumlov.cz\\\/\",\"name\":\"Rallye \u010cesk\u00fd Krumlov\",\"description\":\"\",\"potentialAction\":[{\"@type\":\"SearchAction\",\"target\":{\"@type\":\"EntryPoint\",\"urlTemplate\":\"https:\\\/\\\/rallyekrumlov.cz\\\/?s={search_term_string}\"},\"query-input\":{\"@type\":\"PropertyValueSpecification\",\"valueRequired\":true,\"valueName\":\"search_term_string\"}}],\"inLanguage\":\"en-US\"}]}<\/script>\n<!-- \/ Yoast SEO Premium plugin. -->","yoast_head_json":{"title":"Programme - Rallye \u010cesk\u00fd Krumlov","robots":{"index":"index","follow":"follow","max-snippet":"max-snippet:-1","max-image-preview":"max-image-preview:large","max-video-preview":"max-video-preview:-1"},"canonical":"https:\/\/rallyekrumlov.cz\/en\/revival-2026\/programme\/","og_locale":"en_US","og_type":"article","og_title":"Programme","og_description":"3rd Rallye \u010cesk\u00fd Krumlov Revival Monday, March 16, 2026 23:59Closing date of entries Friday, March 20, 2026 23:00Publication of participants...","og_url":"https:\/\/rallyekrumlov.cz\/en\/revival-2026\/programme\/","og_site_name":"Rallye \u010cesk\u00fd Krumlov","article_modified_time":"2026-03-21T23:37:04+00:00","twitter_card":"summary_large_image","twitter_misc":{"Est. reading time":"1 minute"},"schema":{"@context":"https:\/\/schema.org","@graph":[{"@type":"WebPage","@id":"https:\/\/rallyekrumlov.cz\/en\/revival-2026\/programme\/","url":"https:\/\/rallyekrumlov.cz\/en\/revival-2026\/programme\/","name":"Programme - Rallye \u010cesk\u00fd Krumlov","isPartOf":{"@id":"https:\/\/rallyekrumlov.cz\/#website"},"datePublished":"2026-02-09T12:22:17+00:00","dateModified":"2026-03-21T23:37:04+00:00","breadcrumb":{"@id":"https:\/\/rallyekrumlov.cz\/en\/revival-2026\/programme\/#breadcrumb"},"inLanguage":"en-US","potentialAction":[{"@type":"ReadAction","target":["https:\/\/rallyekrumlov.cz\/en\/revival-2026\/programme\/"]}]},{"@type":"BreadcrumbList","@id":"https:\/\/rallyekrumlov.cz\/en\/revival-2026\/programme\/#breadcrumb","itemListElement":[{"@type":"ListItem","position":1,"name":"Home","item":"https:\/\/rallyekrumlov.cz\/en\/"},{"@type":"ListItem","position":2,"name":"3rd Rallye \u010cesk\u00fd Krumlov Revival 2026","item":"https:\/\/rallyekrumlov.cz\/en\/revival-2026\/"},{"@type":"ListItem","position":3,"name":"Programme"}]},{"@type":"WebSite","@id":"https:\/\/rallyekrumlov.cz\/#website","url":"https:\/\/rallyekrumlov.cz\/","name":"Rallye \u010cesk\u00fd Krumlov","description":"","potentialAction":[{"@type":"SearchAction","target":{"@type":"EntryPoint","urlTemplate":"https:\/\/rallyekrumlov.cz\/?s={search_term_string}"},"query-input":{"@type":"PropertyValueSpecification","valueRequired":true,"valueName":"search_term_string"}}],"inLanguage":"en-US"}]}},"_links":{"self":[{"href":"https:\/\/rallyekrumlov.cz\/en\/wp-json\/wp\/v2\/pages\/156564","targetHints":{"allow":["GET"]}}],"collection":[{"href":"https:\/\/rallyekrumlov.cz\/en\/wp-json\/wp\/v2\/pages"}],"about":[{"href":"https:\/\/rallyekrumlov.cz\/en\/wp-json\/wp\/v2\/types\/page"}],"author":[{"embeddable":true,"href":"https:\/\/rallyekrumlov.cz\/en\/wp-json\/wp\/v2\/users\/2"}],"replies":[{"embeddable":true,"href":"https:\/\/rallyekrumlov.cz\/en\/wp-json\/wp\/v2\/comments?post=156564"}],"version-history":[{"count":2,"href":"https:\/\/rallyekrumlov.cz\/en\/wp-json\/wp\/v2\/pages\/156564\/revisions"}],"predecessor-version":[{"id":156616,"href":"https:\/\/rallyekrumlov.cz\/en\/wp-json\/wp\/v2\/pages\/156564\/revisions\/156616"}],"up":[{"embeddable":true,"href":"https:\/\/rallyekrumlov.cz\/en\/wp-json\/wp\/v2\/pages\/156542"}],"wp:attachment":[{"href":"https:\/\/rallyekrumlov.cz\/en\/wp-json\/wp\/v2\/media?parent=156564"}],"curies":[{"name":"wp","href":"https:\/\/api.w.org\/{rel}","templated":true}]}}