{"id":156861,"date":"2026-04-06T20:53:47","date_gmt":"2026-04-06T18:53:47","guid":{"rendered":"https:\/\/rallyekrumlov.cz\/?page_id=156861"},"modified":"2026-04-06T20:53:49","modified_gmt":"2026-04-06T18:53:49","slug":"environment","status":"publish","type":"page","link":"https:\/\/rallyekrumlov.cz\/en\/rck2026\/environment\/","title":{"rendered":"Environment"},"content":{"rendered":"\n<h4 class=\"wp-block-heading\"><strong>Environmental programme of Rallye \u010cesk\u00fd Krumlov<\/strong><\/h4>\n\n\n\n<div style=\"height:10px\" aria-hidden=\"true\" class=\"wp-block-spacer\"><\/div>\n\n\n\n<p><strong>The organizers of the Rallye \u010cesk\u00fd Krumlov from the \u00daAMK Automotoklub Rallye \u010cesk\u00fd Krumlov and \u010cK motorsport have been working from the beginning of the preparation with the knowledge that it is necessary to ensure this event in such a way that it causes minimal damage to society and the environment.<\/strong><\/p>\n\n\n\n<p>Therefore, the organizing team has placed the concern for the environment and optimization of general safety at the top of the priorities of the Rallye \u010cesk\u00fd Krumlov.<\/p>\n\n\n\n<p>The organisers emphasise an all-round ecological approach, with the need to awaken awareness of ecological aspects in both the participants and especially in the rally fans.<\/p>\n\n\n\n<p>At first glance, motorsport does not seem to be environmentally friendly. But this may not always be the case. Both the international automobile federation, the FIA, and car manufacturers are devoting considerable resources to the development and design of environmentally friendly cars, new fuels and technologies that reduce carbon dioxide emissions from mass-produced cars, as well as reducing fuel consumption. Motorsport is also looking at replacing fossil fuels with alternative energy sources such as biogas, electricity and others.<\/p>\n\n\n\n<p>The organisers of the \u010cesk\u00fd Krumlov Rally are also committed to promoting environmentally friendly motorsports. At the Czech New Energies Rallye in \u010cesk\u00fd Krumlov, visitors will have the opportunity to see new cars that are powered entirely by electricity. Motorsport is making advances in technology in particular. We believe that rally sport can also be enriched by &#8220;greener&#8221; traffic in other ways. It is possible to influence the attitudes of consumer-fans so that if environmentally friendly technologies are used in the production of rally cars, these can then quickly become commonplace in everyday traffic for ordinary consumers.<\/p>\n\n\n\n<div style=\"height:10px\" aria-hidden=\"true\" class=\"wp-block-spacer\"><\/div>\n\n\n\n<p><strong>The organisers of the \u010cesk\u00fd Krumlov Rally are committed to:<\/strong><\/p>\n\n\n\n<ul class=\"wp-block-list\">\n<li>educate the organisation&#8217;s members, teams, suppliers and volunteers involved in organising the rally on environmental issues. Information aimed at raising environmental awareness is disseminated through the media, digital platforms and informational materials for spectators.<\/li>\n\n\n\n<li>to focus on minimizing the amount of waste from the event and to take care of recycling, both from the stages and from the service areas;<\/li>\n\n\n\n<li>favour environmentally friendly and reusable materials in the construction and design of the security of the stages;<\/li>\n\n\n\n<li>minimise the use of private cars by encouraging carpooling and car sharing. In cities, utilise public transport to transport fans and participants.<\/li>\n\n\n\n<li>the use of environmentally friendly fuels and cars;<\/li>\n\n\n\n<li>demanding environmentally friendly solutions from service providers;<\/li>\n\n\n\n<li>limiting the number of photocopies at the organisation and press centres.<\/li>\n<\/ul>\n\n\n\n<p>The use of power generators is prohibited in the service park.<\/p>\n\n\n\n<p>All competitors must lay a plastic mat of the correct size on the ground where service work is being carried out, ensuring that the entire area is covered. The mat must be impermeable to all liquids. The mats must be cleaned in such a way that no material comes into contact with the ground.<\/p>\n\n\n\n<p>All waste must be disposed of in the designated service park facilities.<\/p>\n\n\n\n<p>At the stages, the organisers will encourage spectators to be environmentally friendly. Collection of litter from spectators as well as teams, competitors (oil, fuel, water). Garbage bags are provided for spectators to encourage responsible waste management. After the event, clean-up operations are carried out along the special stages and in the spectator areas. Special attention will also be paid to waste sorting for recycling of used materials during the construction of stages and other sites of the Rallye \u010cesk\u00fd Krumlov.<\/p>\n\n\n\n<figure class=\"wp-block-image size-large\"><img loading=\"lazy\" decoding=\"async\" width=\"1200\" height=\"688\" src=\"https:\/\/rallyekrumlov.cz\/wp-content\/uploads\/2026\/04\/Environmentalni_program_RCK-pic1EN-1200x688.jpg\" alt=\"\" class=\"wp-image-156860\" srcset=\"https:\/\/rallyekrumlov.cz\/wp-content\/uploads\/2026\/04\/Environmentalni_program_RCK-pic1EN-1200x688.jpg 1200w, https:\/\/rallyekrumlov.cz\/wp-content\/uploads\/2026\/04\/Environmentalni_program_RCK-pic1EN-768x440.jpg 768w, https:\/\/rallyekrumlov.cz\/wp-content\/uploads\/2026\/04\/Environmentalni_program_RCK-pic1EN-140x80.jpg 140w, https:\/\/rallyekrumlov.cz\/wp-content\/uploads\/2026\/04\/Environmentalni_program_RCK-pic1EN-280x160.jpg 280w, https:\/\/rallyekrumlov.cz\/wp-content\/uploads\/2026\/04\/Environmentalni_program_RCK-pic1EN.jpg 1326w\" sizes=\"auto, (max-width: 1200px) 100vw, 1200px\" \/><\/figure>\n\n\n\n<figure class=\"wp-block-image size-large\"><img loading=\"lazy\" decoding=\"async\" width=\"1200\" height=\"691\" src=\"https:\/\/rallyekrumlov.cz\/wp-content\/uploads\/2026\/04\/Environmentalni_program_RCK-pic2EN-1200x691.jpg\" alt=\"\" class=\"wp-image-156858\" srcset=\"https:\/\/rallyekrumlov.cz\/wp-content\/uploads\/2026\/04\/Environmentalni_program_RCK-pic2EN-1200x691.jpg 1200w, https:\/\/rallyekrumlov.cz\/wp-content\/uploads\/2026\/04\/Environmentalni_program_RCK-pic2EN-768x442.jpg 768w, https:\/\/rallyekrumlov.cz\/wp-content\/uploads\/2026\/04\/Environmentalni_program_RCK-pic2EN-139x80.jpg 139w, https:\/\/rallyekrumlov.cz\/wp-content\/uploads\/2026\/04\/Environmentalni_program_RCK-pic2EN-280x160.jpg 280w, https:\/\/rallyekrumlov.cz\/wp-content\/uploads\/2026\/04\/Environmentalni_program_RCK-pic2EN.jpg 1246w\" sizes=\"auto, (max-width: 1200px) 100vw, 1200px\" \/><\/figure>\n\n\n\n<h4 class=\"wp-block-heading has-text-align-center\"><strong><strong>The Rallye \u010cesk\u00fd Krumlov also takes place on land managed by the state-owned enterprise Lesy \u010cesk\u00e9 republiky &#8211; these are your forests too, so let\u2019s be considerate here.<\/strong><\/strong><\/h4>\n","protected":false},"excerpt":{"rendered":"<p>Environmental programme of Rallye \u010cesk\u00fd Krumlov The organizers of the Rallye \u010cesk\u00fd Krumlov from the \u00daAMK Automotoklub Rallye \u010cesk\u00fd Krumlov&#8230;<\/p>\n","protected":false},"author":3,"featured_media":0,"parent":156493,"menu_order":18,"comment_status":"closed","ping_status":"closed","template":"","meta":{"_acf_changed":false,"footnotes":""},"class_list":["post-156861","page","type-page","status-publish","hentry"],"acf":[],"yoast_head":"<!-- This site is optimized with the Yoast SEO Premium plugin v18.3 (Yoast SEO v27.3) - https:\/\/yoast.com\/product\/yoast-seo-premium-wordpress\/ -->\n<title>Environment - Rallye \u010cesk\u00fd Krumlov<\/title>\n<meta name=\"robots\" content=\"index, follow, max-snippet:-1, max-image-preview:large, max-video-preview:-1\" \/>\n<link rel=\"canonical\" href=\"https:\/\/rallyekrumlov.cz\/en\/rck2026\/environment\/\" \/>\n<meta property=\"og:locale\" content=\"en_US\" \/>\n<meta property=\"og:type\" content=\"article\" \/>\n<meta property=\"og:title\" content=\"Environment\" \/>\n<meta property=\"og:description\" content=\"Environmental programme of Rallye \u010cesk\u00fd Krumlov The organizers of the Rallye \u010cesk\u00fd Krumlov from the \u00daAMK Automotoklub Rallye \u010cesk\u00fd Krumlov...\" \/>\n<meta property=\"og:url\" content=\"https:\/\/rallyekrumlov.cz\/en\/rck2026\/environment\/\" \/>\n<meta property=\"og:site_name\" content=\"Rallye \u010cesk\u00fd Krumlov\" \/>\n<meta property=\"article:modified_time\" content=\"2026-04-06T18:53:49+00:00\" \/>\n<meta property=\"og:image\" content=\"https:\/\/rallyekrumlov.cz\/wp-content\/uploads\/2026\/04\/Environmentalni_program_RCK-pic1EN.jpg\" \/>\n\t<meta property=\"og:image:width\" content=\"1326\" \/>\n\t<meta property=\"og:image:height\" content=\"760\" \/>\n\t<meta property=\"og:image:type\" content=\"image\/jpeg\" \/>\n<meta name=\"twitter:card\" content=\"summary_large_image\" \/>\n<meta name=\"twitter:label1\" content=\"Est. reading time\" \/>\n\t<meta name=\"twitter:data1\" content=\"4 minutes\" \/>\n<script type=\"application\/ld+json\" class=\"yoast-schema-graph\">{\"@context\":\"https:\\\/\\\/schema.org\",\"@graph\":[{\"@type\":\"WebPage\",\"@id\":\"https:\\\/\\\/rallyekrumlov.cz\\\/en\\\/rck2026\\\/environment\\\/\",\"url\":\"https:\\\/\\\/rallyekrumlov.cz\\\/en\\\/rck2026\\\/environment\\\/\",\"name\":\"Environment - Rallye \u010cesk\u00fd Krumlov\",\"isPartOf\":{\"@id\":\"https:\\\/\\\/rallyekrumlov.cz\\\/#website\"},\"primaryImageOfPage\":{\"@id\":\"https:\\\/\\\/rallyekrumlov.cz\\\/en\\\/rck2026\\\/environment\\\/#primaryimage\"},\"image\":{\"@id\":\"https:\\\/\\\/rallyekrumlov.cz\\\/en\\\/rck2026\\\/environment\\\/#primaryimage\"},\"thumbnailUrl\":\"https:\\\/\\\/rallyekrumlov.cz\\\/wp-content\\\/uploads\\\/2026\\\/04\\\/Environmentalni_program_RCK-pic1EN-1200x688.jpg\",\"datePublished\":\"2026-04-06T18:53:47+00:00\",\"dateModified\":\"2026-04-06T18:53:49+00:00\",\"breadcrumb\":{\"@id\":\"https:\\\/\\\/rallyekrumlov.cz\\\/en\\\/rck2026\\\/environment\\\/#breadcrumb\"},\"inLanguage\":\"en-US\",\"potentialAction\":[{\"@type\":\"ReadAction\",\"target\":[\"https:\\\/\\\/rallyekrumlov.cz\\\/en\\\/rck2026\\\/environment\\\/\"]}]},{\"@type\":\"ImageObject\",\"inLanguage\":\"en-US\",\"@id\":\"https:\\\/\\\/rallyekrumlov.cz\\\/en\\\/rck2026\\\/environment\\\/#primaryimage\",\"url\":\"https:\\\/\\\/rallyekrumlov.cz\\\/wp-content\\\/uploads\\\/2026\\\/04\\\/Environmentalni_program_RCK-pic1EN-1200x688.jpg\",\"contentUrl\":\"https:\\\/\\\/rallyekrumlov.cz\\\/wp-content\\\/uploads\\\/2026\\\/04\\\/Environmentalni_program_RCK-pic1EN-1200x688.jpg\"},{\"@type\":\"BreadcrumbList\",\"@id\":\"https:\\\/\\\/rallyekrumlov.cz\\\/en\\\/rck2026\\\/environment\\\/#breadcrumb\",\"itemListElement\":[{\"@type\":\"ListItem\",\"position\":1,\"name\":\"Home\",\"item\":\"https:\\\/\\\/rallyekrumlov.cz\\\/en\\\/\"},{\"@type\":\"ListItem\",\"position\":2,\"name\":\"53rd Rallye \u010cesk\u00fd Krumlov 2026\",\"item\":\"https:\\\/\\\/rallyekrumlov.cz\\\/en\\\/rck2026\\\/\"},{\"@type\":\"ListItem\",\"position\":3,\"name\":\"Environment\"}]},{\"@type\":\"WebSite\",\"@id\":\"https:\\\/\\\/rallyekrumlov.cz\\\/#website\",\"url\":\"https:\\\/\\\/rallyekrumlov.cz\\\/\",\"name\":\"Rallye \u010cesk\u00fd Krumlov\",\"description\":\"\",\"potentialAction\":[{\"@type\":\"SearchAction\",\"target\":{\"@type\":\"EntryPoint\",\"urlTemplate\":\"https:\\\/\\\/rallyekrumlov.cz\\\/?s={search_term_string}\"},\"query-input\":{\"@type\":\"PropertyValueSpecification\",\"valueRequired\":true,\"valueName\":\"search_term_string\"}}],\"inLanguage\":\"en-US\"}]}<\/script>\n<!-- \/ Yoast SEO Premium plugin. -->","yoast_head_json":{"title":"Environment - Rallye \u010cesk\u00fd Krumlov","robots":{"index":"index","follow":"follow","max-snippet":"max-snippet:-1","max-image-preview":"max-image-preview:large","max-video-preview":"max-video-preview:-1"},"canonical":"https:\/\/rallyekrumlov.cz\/en\/rck2026\/environment\/","og_locale":"en_US","og_type":"article","og_title":"Environment","og_description":"Environmental programme of Rallye \u010cesk\u00fd Krumlov The organizers of the Rallye \u010cesk\u00fd Krumlov from the \u00daAMK Automotoklub Rallye \u010cesk\u00fd Krumlov...","og_url":"https:\/\/rallyekrumlov.cz\/en\/rck2026\/environment\/","og_site_name":"Rallye \u010cesk\u00fd Krumlov","article_modified_time":"2026-04-06T18:53:49+00:00","og_image":[{"width":1326,"height":760,"url":"https:\/\/rallyekrumlov.cz\/wp-content\/uploads\/2026\/04\/Environmentalni_program_RCK-pic1EN.jpg","type":"image\/jpeg"}],"twitter_card":"summary_large_image","twitter_misc":{"Est. reading time":"4 minutes"},"schema":{"@context":"https:\/\/schema.org","@graph":[{"@type":"WebPage","@id":"https:\/\/rallyekrumlov.cz\/en\/rck2026\/environment\/","url":"https:\/\/rallyekrumlov.cz\/en\/rck2026\/environment\/","name":"Environment - Rallye \u010cesk\u00fd Krumlov","isPartOf":{"@id":"https:\/\/rallyekrumlov.cz\/#website"},"primaryImageOfPage":{"@id":"https:\/\/rallyekrumlov.cz\/en\/rck2026\/environment\/#primaryimage"},"image":{"@id":"https:\/\/rallyekrumlov.cz\/en\/rck2026\/environment\/#primaryimage"},"thumbnailUrl":"https:\/\/rallyekrumlov.cz\/wp-content\/uploads\/2026\/04\/Environmentalni_program_RCK-pic1EN-1200x688.jpg","datePublished":"2026-04-06T18:53:47+00:00","dateModified":"2026-04-06T18:53:49+00:00","breadcrumb":{"@id":"https:\/\/rallyekrumlov.cz\/en\/rck2026\/environment\/#breadcrumb"},"inLanguage":"en-US","potentialAction":[{"@type":"ReadAction","target":["https:\/\/rallyekrumlov.cz\/en\/rck2026\/environment\/"]}]},{"@type":"ImageObject","inLanguage":"en-US","@id":"https:\/\/rallyekrumlov.cz\/en\/rck2026\/environment\/#primaryimage","url":"https:\/\/rallyekrumlov.cz\/wp-content\/uploads\/2026\/04\/Environmentalni_program_RCK-pic1EN-1200x688.jpg","contentUrl":"https:\/\/rallyekrumlov.cz\/wp-content\/uploads\/2026\/04\/Environmentalni_program_RCK-pic1EN-1200x688.jpg"},{"@type":"BreadcrumbList","@id":"https:\/\/rallyekrumlov.cz\/en\/rck2026\/environment\/#breadcrumb","itemListElement":[{"@type":"ListItem","position":1,"name":"Home","item":"https:\/\/rallyekrumlov.cz\/en\/"},{"@type":"ListItem","position":2,"name":"53rd Rallye \u010cesk\u00fd Krumlov 2026","item":"https:\/\/rallyekrumlov.cz\/en\/rck2026\/"},{"@type":"ListItem","position":3,"name":"Environment"}]},{"@type":"WebSite","@id":"https:\/\/rallyekrumlov.cz\/#website","url":"https:\/\/rallyekrumlov.cz\/","name":"Rallye \u010cesk\u00fd Krumlov","description":"","potentialAction":[{"@type":"SearchAction","target":{"@type":"EntryPoint","urlTemplate":"https:\/\/rallyekrumlov.cz\/?s={search_term_string}"},"query-input":{"@type":"PropertyValueSpecification","valueRequired":true,"valueName":"search_term_string"}}],"inLanguage":"en-US"}]}},"_links":{"self":[{"href":"https:\/\/rallyekrumlov.cz\/en\/wp-json\/wp\/v2\/pages\/156861","targetHints":{"allow":["GET"]}}],"collection":[{"href":"https:\/\/rallyekrumlov.cz\/en\/wp-json\/wp\/v2\/pages"}],"about":[{"href":"https:\/\/rallyekrumlov.cz\/en\/wp-json\/wp\/v2\/types\/page"}],"author":[{"embeddable":true,"href":"https:\/\/rallyekrumlov.cz\/en\/wp-json\/wp\/v2\/users\/3"}],"replies":[{"embeddable":true,"href":"https:\/\/rallyekrumlov.cz\/en\/wp-json\/wp\/v2\/comments?post=156861"}],"version-history":[{"count":1,"href":"https:\/\/rallyekrumlov.cz\/en\/wp-json\/wp\/v2\/pages\/156861\/revisions"}],"predecessor-version":[{"id":156862,"href":"https:\/\/rallyekrumlov.cz\/en\/wp-json\/wp\/v2\/pages\/156861\/revisions\/156862"}],"up":[{"embeddable":true,"href":"https:\/\/rallyekrumlov.cz\/en\/wp-json\/wp\/v2\/pages\/156493"}],"wp:attachment":[{"href":"https:\/\/rallyekrumlov.cz\/en\/wp-json\/wp\/v2\/media?parent=156861"}],"curies":[{"name":"wp","href":"https:\/\/api.w.org\/{rel}","templated":true}]}}