{"id":156874,"date":"2026-04-08T19:01:30","date_gmt":"2026-04-08T17:01:30","guid":{"rendered":"https:\/\/rallyekrumlov.cz\/?page_id=156874"},"modified":"2026-04-08T19:01:31","modified_gmt":"2026-04-08T17:01:31","slug":"photo-contest","status":"publish","type":"page","link":"https:\/\/rallyekrumlov.cz\/en\/rck2026\/photo-contest\/","title":{"rendered":"Photo contest"},"content":{"rendered":"\n<p>Rallye \u010cesk\u00fd Krumlov Directorate announces a traditional photo contest on the theme<\/p>\n\n\n\n<h3 class=\"wp-block-heading\" id=\"h-preparation-and-course-of-the-51st-rallye-cesky-krumlov-2024\"><strong>Preparation and course of the 53rd Rallye \u010cesk\u00fd Krumlov 2026<\/strong><\/h3>\n\n\n\n<p>There are PROFI categories for holders of press tabard and AMATEUR for photographers from the audience.<\/p>\n\n\n\n<p>Digital photographs (resolution at least 2000 x 1333 pixels, JPEG format, maximum 5 images per author) should be sent to\u00a0<a href=\"mailto:fotosoutez@rallyekrumlov.cz\" target=\"_blank\" rel=\"noreferrer noopener\"><strong>fotosoutez@rallyekrumlov.cz<\/strong><\/a>. The deadline for submissions is 31 July 2026.<\/p>\n\n\n\n<p>You can also use social networks to register your snapshot for the photo contest. Just upload your chosen shot publicly to your Facebook or Instagram profile during the rally and tag it with the hashtag <strong>#fotosoutezRCK<\/strong>.<\/p>\n\n\n\n<p>The results of the photo competition will be published on this website.<\/p>\n\n\n\n<p>Wishing everyone good light and a quick finger on the trigger!<\/p>\n\n\n\n<p><strong>Conditions of the photo contest<\/strong><\/p>\n\n\n\n<p>Submitted photographs become the property of the organizer. They may be freely used in the evaluation of the 2026 edition or in the preparation and promotion of subsequent editions.<\/p>\n\n\n\n<p><strong>Prices<\/strong><\/p>\n\n\n\n<ul class=\"wp-block-list\">\n<li>Winner of the category PROFI: 500 K\u010d<\/li>\n\n\n\n<li>Winner of the category AMATEUR: 500 K\u010d<\/li>\n<\/ul>\n\n\n\n\n","protected":false},"excerpt":{"rendered":"<p>Rallye \u010cesk\u00fd Krumlov Directorate announces a traditional photo contest on the theme Preparation and course of the 53rd Rallye \u010cesk\u00fd&#8230;<\/p>\n","protected":false},"author":3,"featured_media":0,"parent":156493,"menu_order":17,"comment_status":"closed","ping_status":"closed","template":"","meta":{"_acf_changed":false,"footnotes":""},"class_list":["post-156874","page","type-page","status-publish","hentry"],"acf":[],"yoast_head":"<!-- This site is optimized with the Yoast SEO Premium plugin v18.3 (Yoast SEO v27.4) - https:\/\/yoast.com\/product\/yoast-seo-premium-wordpress\/ -->\n<title>Photo contest - Rallye \u010cesk\u00fd Krumlov<\/title>\n<meta name=\"robots\" content=\"index, follow, max-snippet:-1, max-image-preview:large, max-video-preview:-1\" \/>\n<link rel=\"canonical\" href=\"https:\/\/rallyekrumlov.cz\/en\/rck2026\/photo-contest\/\" \/>\n<meta property=\"og:locale\" content=\"en_US\" \/>\n<meta property=\"og:type\" content=\"article\" \/>\n<meta property=\"og:title\" content=\"Photo contest\" \/>\n<meta property=\"og:description\" content=\"Rallye \u010cesk\u00fd Krumlov Directorate announces a traditional photo contest on the theme Preparation and course of the 53rd Rallye \u010cesk\u00fd...\" \/>\n<meta property=\"og:url\" content=\"https:\/\/rallyekrumlov.cz\/en\/rck2026\/photo-contest\/\" \/>\n<meta property=\"og:site_name\" content=\"Rallye \u010cesk\u00fd Krumlov\" \/>\n<meta property=\"article:modified_time\" content=\"2026-04-08T17:01:31+00:00\" \/>\n<meta name=\"twitter:card\" content=\"summary_large_image\" \/>\n<meta name=\"twitter:label1\" content=\"Est. reading time\" \/>\n\t<meta name=\"twitter:data1\" content=\"1 minute\" \/>\n<script type=\"application\/ld+json\" class=\"yoast-schema-graph\">{\"@context\":\"https:\\\/\\\/schema.org\",\"@graph\":[{\"@type\":\"WebPage\",\"@id\":\"https:\\\/\\\/rallyekrumlov.cz\\\/en\\\/rck2026\\\/photo-contest\\\/\",\"url\":\"https:\\\/\\\/rallyekrumlov.cz\\\/en\\\/rck2026\\\/photo-contest\\\/\",\"name\":\"Photo contest - Rallye \u010cesk\u00fd Krumlov\",\"isPartOf\":{\"@id\":\"https:\\\/\\\/rallyekrumlov.cz\\\/#website\"},\"datePublished\":\"2026-04-08T17:01:30+00:00\",\"dateModified\":\"2026-04-08T17:01:31+00:00\",\"breadcrumb\":{\"@id\":\"https:\\\/\\\/rallyekrumlov.cz\\\/en\\\/rck2026\\\/photo-contest\\\/#breadcrumb\"},\"inLanguage\":\"en-US\",\"potentialAction\":[{\"@type\":\"ReadAction\",\"target\":[\"https:\\\/\\\/rallyekrumlov.cz\\\/en\\\/rck2026\\\/photo-contest\\\/\"]}]},{\"@type\":\"BreadcrumbList\",\"@id\":\"https:\\\/\\\/rallyekrumlov.cz\\\/en\\\/rck2026\\\/photo-contest\\\/#breadcrumb\",\"itemListElement\":[{\"@type\":\"ListItem\",\"position\":1,\"name\":\"Home\",\"item\":\"https:\\\/\\\/rallyekrumlov.cz\\\/en\\\/\"},{\"@type\":\"ListItem\",\"position\":2,\"name\":\"53rd Rallye \u010cesk\u00fd Krumlov 2026\",\"item\":\"https:\\\/\\\/rallyekrumlov.cz\\\/en\\\/rck2026\\\/\"},{\"@type\":\"ListItem\",\"position\":3,\"name\":\"Photo contest\"}]},{\"@type\":\"WebSite\",\"@id\":\"https:\\\/\\\/rallyekrumlov.cz\\\/#website\",\"url\":\"https:\\\/\\\/rallyekrumlov.cz\\\/\",\"name\":\"Rallye \u010cesk\u00fd Krumlov\",\"description\":\"\",\"potentialAction\":[{\"@type\":\"SearchAction\",\"target\":{\"@type\":\"EntryPoint\",\"urlTemplate\":\"https:\\\/\\\/rallyekrumlov.cz\\\/?s={search_term_string}\"},\"query-input\":{\"@type\":\"PropertyValueSpecification\",\"valueRequired\":true,\"valueName\":\"search_term_string\"}}],\"inLanguage\":\"en-US\"}]}<\/script>\n<!-- \/ Yoast SEO Premium plugin. -->","yoast_head_json":{"title":"Photo contest - Rallye \u010cesk\u00fd Krumlov","robots":{"index":"index","follow":"follow","max-snippet":"max-snippet:-1","max-image-preview":"max-image-preview:large","max-video-preview":"max-video-preview:-1"},"canonical":"https:\/\/rallyekrumlov.cz\/en\/rck2026\/photo-contest\/","og_locale":"en_US","og_type":"article","og_title":"Photo contest","og_description":"Rallye \u010cesk\u00fd Krumlov Directorate announces a traditional photo contest on the theme Preparation and course of the 53rd Rallye \u010cesk\u00fd...","og_url":"https:\/\/rallyekrumlov.cz\/en\/rck2026\/photo-contest\/","og_site_name":"Rallye \u010cesk\u00fd Krumlov","article_modified_time":"2026-04-08T17:01:31+00:00","twitter_card":"summary_large_image","twitter_misc":{"Est. reading time":"1 minute"},"schema":{"@context":"https:\/\/schema.org","@graph":[{"@type":"WebPage","@id":"https:\/\/rallyekrumlov.cz\/en\/rck2026\/photo-contest\/","url":"https:\/\/rallyekrumlov.cz\/en\/rck2026\/photo-contest\/","name":"Photo contest - Rallye \u010cesk\u00fd Krumlov","isPartOf":{"@id":"https:\/\/rallyekrumlov.cz\/#website"},"datePublished":"2026-04-08T17:01:30+00:00","dateModified":"2026-04-08T17:01:31+00:00","breadcrumb":{"@id":"https:\/\/rallyekrumlov.cz\/en\/rck2026\/photo-contest\/#breadcrumb"},"inLanguage":"en-US","potentialAction":[{"@type":"ReadAction","target":["https:\/\/rallyekrumlov.cz\/en\/rck2026\/photo-contest\/"]}]},{"@type":"BreadcrumbList","@id":"https:\/\/rallyekrumlov.cz\/en\/rck2026\/photo-contest\/#breadcrumb","itemListElement":[{"@type":"ListItem","position":1,"name":"Home","item":"https:\/\/rallyekrumlov.cz\/en\/"},{"@type":"ListItem","position":2,"name":"53rd Rallye \u010cesk\u00fd Krumlov 2026","item":"https:\/\/rallyekrumlov.cz\/en\/rck2026\/"},{"@type":"ListItem","position":3,"name":"Photo contest"}]},{"@type":"WebSite","@id":"https:\/\/rallyekrumlov.cz\/#website","url":"https:\/\/rallyekrumlov.cz\/","name":"Rallye \u010cesk\u00fd Krumlov","description":"","potentialAction":[{"@type":"SearchAction","target":{"@type":"EntryPoint","urlTemplate":"https:\/\/rallyekrumlov.cz\/?s={search_term_string}"},"query-input":{"@type":"PropertyValueSpecification","valueRequired":true,"valueName":"search_term_string"}}],"inLanguage":"en-US"}]}},"_links":{"self":[{"href":"https:\/\/rallyekrumlov.cz\/en\/wp-json\/wp\/v2\/pages\/156874","targetHints":{"allow":["GET"]}}],"collection":[{"href":"https:\/\/rallyekrumlov.cz\/en\/wp-json\/wp\/v2\/pages"}],"about":[{"href":"https:\/\/rallyekrumlov.cz\/en\/wp-json\/wp\/v2\/types\/page"}],"author":[{"embeddable":true,"href":"https:\/\/rallyekrumlov.cz\/en\/wp-json\/wp\/v2\/users\/3"}],"replies":[{"embeddable":true,"href":"https:\/\/rallyekrumlov.cz\/en\/wp-json\/wp\/v2\/comments?post=156874"}],"version-history":[{"count":1,"href":"https:\/\/rallyekrumlov.cz\/en\/wp-json\/wp\/v2\/pages\/156874\/revisions"}],"predecessor-version":[{"id":156875,"href":"https:\/\/rallyekrumlov.cz\/en\/wp-json\/wp\/v2\/pages\/156874\/revisions\/156875"}],"up":[{"embeddable":true,"href":"https:\/\/rallyekrumlov.cz\/en\/wp-json\/wp\/v2\/pages\/156493"}],"wp:attachment":[{"href":"https:\/\/rallyekrumlov.cz\/en\/wp-json\/wp\/v2\/media?parent=156874"}],"curies":[{"name":"wp","href":"https:\/\/api.w.org\/{rel}","templated":true}]}}