{"id":156884,"date":"2026-04-23T20:02:11","date_gmt":"2026-04-23T18:02:11","guid":{"rendered":"https:\/\/rallyekrumlov.cz\/?page_id=156884"},"modified":"2026-04-23T20:02:13","modified_gmt":"2026-04-23T18:02:13","slug":"media","status":"publish","type":"page","link":"https:\/\/rallyekrumlov.cz\/en\/rck2026\/media\/","title":{"rendered":"Media"},"content":{"rendered":"\n<h4 class=\"wp-block-heading\" id=\"h-media-accreditation\">Media accreditation<\/h4>\n\n\n\n<p>Applications for accreditation must be submitted exclusively through the web portal <strong><a href=\"https:\/\/www.akreditace.autoklub.cz\/\" type=\"link\" id=\"https:\/\/www.akreditace.autoklub.cz\/\" target=\"_blank\" rel=\"noreferrer noopener\">www.akreditace.autoklub.cz<\/a><\/strong><\/p>\n\n\n\n<p><strong><a href=\"https:\/\/www.autoklub.cz\/wp-content\/uploads\/2026\/03\/x10-media-26-bul-1.pdf\" target=\"_blank\" rel=\"noreferrer noopener\">Uniform Principles for the Accreditation of Journalists<\/a><\/strong><\/p>\n\n\n\n<p><strong><a href=\"https:\/\/www.akreditace.autoklub.cz\/index.php\/podminky-akreditace\" type=\"link\" id=\"https:\/\/www.akreditace.autoklub.cz\/index.php\/podminky-akreditace\" target=\"_blank\" rel=\"noreferrer noopener\">Rights and Responsibilities of an Accredited Journalist<\/a><\/strong><\/p>\n\n\n\n<p><strong>The deadline for applications for accreditation for the 53rd Rallye \u010cesk\u00fd Krumlov is 18 May 2026 (9:59 p.m.).<\/strong><\/p>\n\n\n\n<div style=\"height:5px\" aria-hidden=\"true\" class=\"wp-block-spacer\"><\/div>\n\n\n\n<h4 class=\"wp-block-heading\" id=\"h-contact\">Contact<\/h4>\n\n\n\n<p><strong>Autoklub \u010cesk\u00e9 republiky<\/strong><br>Radovan Eli\u00e1\u0161<br>Opletalova 1337\/29<br>110 00 Praha 1<br>Email:&nbsp;<a href=\"mailto:akreditace@autoklub.cz\" type=\"mailto\" id=\"mailto:akreditace@autoklub.cz\" target=\"_blank\" rel=\"noreferrer noopener\">akreditace@autoklub.cz<\/a><br>Phone: +420 723 350 143<\/p>\n\n\n\n<p><strong>\u00daAMK Automotoklub Rallye \u010cesk\u00fd Krumlov<\/strong><br>Franti\u0161ek Fo\u0161um<br>Press Relations Officer<br>P. O. Box 26<br>381 01 \u010cesk\u00fd Krumlov<br>Email:&nbsp;<a rel=\"noreferrer noopener\" href=\"mailto:frantisek.fosum@rallyekrumlov.cz\" target=\"_blank\">frantisek.fosum@rallyekrumlov.cz<\/a><br>Phone: +420 724 027 671<\/p>\n\n\n\n<h4 class=\"wp-block-heading\" id=\"h-press-centre\"><strong>Press centre<\/strong><\/h4>\n\n\n\n<p><strong>Location: \u010cesk\u00e9 Bud\u011bjovice, Exhibition area &#8211; hall Z<\/strong><br>GPS: N 48\u00b059.11447&#8242;, E 14\u00b027.61623&#8242;<\/p>\n\n\n\n<ul class=\"wp-block-list\">\n<li>Friday 22. 5. 2026 | 07:00 &#8211; 23:00<\/li>\n\n\n\n<li>Saturday 23. 5. 2026 | 07:00 &#8211; 15:00<\/li>\n<\/ul>\n\n\n\n<p><strong>Location: \u010cesk\u00fd Krumlov, Deer garden parking (tent)<\/strong><br>GPS: N 48\u00b081.384458&#8242;, E 14\u00b031.33939&#8242;<\/p>\n\n\n\n<ul class=\"wp-block-list\">\n<li>Saturday 23. 5. 2026 | 16:30 &#8211; 17:30<\/li>\n<\/ul>\n\n\n\n<hr class=\"wp-block-separator has-css-opacity\"\/>\n\n\n\n<p><strong><a href=\"https:\/\/rallyekrumlov.cz\/wp-content\/uploads\/2026\/04\/RallyGuide_1_ENG_2026_v1.pdf\" type=\"link\" id=\"https:\/\/rallyekrumlov.cz\/wp-content\/uploads\/2026\/04\/RallyGuide_1_ENG_2026_v1.pdf\" target=\"_blank\" rel=\"noreferrer noopener\">Rally Guide<\/a><\/strong><\/p>\n\n\n\n<ul class=\"wp-block-list\">\n<li><strong><a href=\"https:\/\/rallyekrumlov.cz\/en\/rck2026\/photo-contest\/\" type=\"link\" id=\"https:\/\/rallyekrumlov.cz\/en\/rck2026\/photo-contest\/\">Photo contest<\/a><\/strong><\/li>\n<\/ul>\n","protected":false},"excerpt":{"rendered":"<p>Media accreditation Applications for accreditation must be submitted exclusively through the web portal www.akreditace.autoklub.cz Uniform Principles for the Accreditation of&#8230;<\/p>\n","protected":false},"author":3,"featured_media":0,"parent":156493,"menu_order":15,"comment_status":"closed","ping_status":"closed","template":"","meta":{"_acf_changed":false,"footnotes":""},"class_list":["post-156884","page","type-page","status-publish","hentry"],"acf":[],"yoast_head":"<!-- This site is optimized with the Yoast SEO Premium plugin v18.3 (Yoast SEO v27.4) - https:\/\/yoast.com\/product\/yoast-seo-premium-wordpress\/ -->\n<title>Media - Rallye \u010cesk\u00fd Krumlov<\/title>\n<meta name=\"robots\" content=\"index, follow, max-snippet:-1, max-image-preview:large, max-video-preview:-1\" \/>\n<link rel=\"canonical\" href=\"https:\/\/rallyekrumlov.cz\/en\/rck2026\/media\/\" \/>\n<meta property=\"og:locale\" content=\"en_US\" \/>\n<meta property=\"og:type\" content=\"article\" \/>\n<meta property=\"og:title\" content=\"Media\" \/>\n<meta property=\"og:description\" content=\"Media accreditation Applications for accreditation must be submitted exclusively through the web portal www.akreditace.autoklub.cz Uniform Principles for the Accreditation of...\" \/>\n<meta property=\"og:url\" content=\"https:\/\/rallyekrumlov.cz\/en\/rck2026\/media\/\" \/>\n<meta property=\"og:site_name\" content=\"Rallye \u010cesk\u00fd Krumlov\" \/>\n<meta property=\"article:modified_time\" content=\"2026-04-23T18:02:13+00:00\" \/>\n<meta name=\"twitter:card\" content=\"summary_large_image\" \/>\n<meta name=\"twitter:label1\" content=\"Est. reading time\" \/>\n\t<meta name=\"twitter:data1\" content=\"1 minute\" \/>\n<script type=\"application\/ld+json\" class=\"yoast-schema-graph\">{\"@context\":\"https:\\\/\\\/schema.org\",\"@graph\":[{\"@type\":\"WebPage\",\"@id\":\"https:\\\/\\\/rallyekrumlov.cz\\\/en\\\/rck2026\\\/media\\\/\",\"url\":\"https:\\\/\\\/rallyekrumlov.cz\\\/en\\\/rck2026\\\/media\\\/\",\"name\":\"Media - Rallye \u010cesk\u00fd Krumlov\",\"isPartOf\":{\"@id\":\"https:\\\/\\\/rallyekrumlov.cz\\\/#website\"},\"datePublished\":\"2026-04-23T18:02:11+00:00\",\"dateModified\":\"2026-04-23T18:02:13+00:00\",\"breadcrumb\":{\"@id\":\"https:\\\/\\\/rallyekrumlov.cz\\\/en\\\/rck2026\\\/media\\\/#breadcrumb\"},\"inLanguage\":\"en-US\",\"potentialAction\":[{\"@type\":\"ReadAction\",\"target\":[\"https:\\\/\\\/rallyekrumlov.cz\\\/en\\\/rck2026\\\/media\\\/\"]}]},{\"@type\":\"BreadcrumbList\",\"@id\":\"https:\\\/\\\/rallyekrumlov.cz\\\/en\\\/rck2026\\\/media\\\/#breadcrumb\",\"itemListElement\":[{\"@type\":\"ListItem\",\"position\":1,\"name\":\"Home\",\"item\":\"https:\\\/\\\/rallyekrumlov.cz\\\/en\\\/\"},{\"@type\":\"ListItem\",\"position\":2,\"name\":\"53rd Rallye \u010cesk\u00fd Krumlov 2026\",\"item\":\"https:\\\/\\\/rallyekrumlov.cz\\\/en\\\/rck2026\\\/\"},{\"@type\":\"ListItem\",\"position\":3,\"name\":\"Media\"}]},{\"@type\":\"WebSite\",\"@id\":\"https:\\\/\\\/rallyekrumlov.cz\\\/#website\",\"url\":\"https:\\\/\\\/rallyekrumlov.cz\\\/\",\"name\":\"Rallye \u010cesk\u00fd Krumlov\",\"description\":\"\",\"potentialAction\":[{\"@type\":\"SearchAction\",\"target\":{\"@type\":\"EntryPoint\",\"urlTemplate\":\"https:\\\/\\\/rallyekrumlov.cz\\\/?s={search_term_string}\"},\"query-input\":{\"@type\":\"PropertyValueSpecification\",\"valueRequired\":true,\"valueName\":\"search_term_string\"}}],\"inLanguage\":\"en-US\"}]}<\/script>\n<!-- \/ Yoast SEO Premium plugin. -->","yoast_head_json":{"title":"Media - Rallye \u010cesk\u00fd Krumlov","robots":{"index":"index","follow":"follow","max-snippet":"max-snippet:-1","max-image-preview":"max-image-preview:large","max-video-preview":"max-video-preview:-1"},"canonical":"https:\/\/rallyekrumlov.cz\/en\/rck2026\/media\/","og_locale":"en_US","og_type":"article","og_title":"Media","og_description":"Media accreditation Applications for accreditation must be submitted exclusively through the web portal www.akreditace.autoklub.cz Uniform Principles for the Accreditation of...","og_url":"https:\/\/rallyekrumlov.cz\/en\/rck2026\/media\/","og_site_name":"Rallye \u010cesk\u00fd Krumlov","article_modified_time":"2026-04-23T18:02:13+00:00","twitter_card":"summary_large_image","twitter_misc":{"Est. reading time":"1 minute"},"schema":{"@context":"https:\/\/schema.org","@graph":[{"@type":"WebPage","@id":"https:\/\/rallyekrumlov.cz\/en\/rck2026\/media\/","url":"https:\/\/rallyekrumlov.cz\/en\/rck2026\/media\/","name":"Media - Rallye \u010cesk\u00fd Krumlov","isPartOf":{"@id":"https:\/\/rallyekrumlov.cz\/#website"},"datePublished":"2026-04-23T18:02:11+00:00","dateModified":"2026-04-23T18:02:13+00:00","breadcrumb":{"@id":"https:\/\/rallyekrumlov.cz\/en\/rck2026\/media\/#breadcrumb"},"inLanguage":"en-US","potentialAction":[{"@type":"ReadAction","target":["https:\/\/rallyekrumlov.cz\/en\/rck2026\/media\/"]}]},{"@type":"BreadcrumbList","@id":"https:\/\/rallyekrumlov.cz\/en\/rck2026\/media\/#breadcrumb","itemListElement":[{"@type":"ListItem","position":1,"name":"Home","item":"https:\/\/rallyekrumlov.cz\/en\/"},{"@type":"ListItem","position":2,"name":"53rd Rallye \u010cesk\u00fd Krumlov 2026","item":"https:\/\/rallyekrumlov.cz\/en\/rck2026\/"},{"@type":"ListItem","position":3,"name":"Media"}]},{"@type":"WebSite","@id":"https:\/\/rallyekrumlov.cz\/#website","url":"https:\/\/rallyekrumlov.cz\/","name":"Rallye \u010cesk\u00fd Krumlov","description":"","potentialAction":[{"@type":"SearchAction","target":{"@type":"EntryPoint","urlTemplate":"https:\/\/rallyekrumlov.cz\/?s={search_term_string}"},"query-input":{"@type":"PropertyValueSpecification","valueRequired":true,"valueName":"search_term_string"}}],"inLanguage":"en-US"}]}},"_links":{"self":[{"href":"https:\/\/rallyekrumlov.cz\/en\/wp-json\/wp\/v2\/pages\/156884","targetHints":{"allow":["GET"]}}],"collection":[{"href":"https:\/\/rallyekrumlov.cz\/en\/wp-json\/wp\/v2\/pages"}],"about":[{"href":"https:\/\/rallyekrumlov.cz\/en\/wp-json\/wp\/v2\/types\/page"}],"author":[{"embeddable":true,"href":"https:\/\/rallyekrumlov.cz\/en\/wp-json\/wp\/v2\/users\/3"}],"replies":[{"embeddable":true,"href":"https:\/\/rallyekrumlov.cz\/en\/wp-json\/wp\/v2\/comments?post=156884"}],"version-history":[{"count":3,"href":"https:\/\/rallyekrumlov.cz\/en\/wp-json\/wp\/v2\/pages\/156884\/revisions"}],"predecessor-version":[{"id":156889,"href":"https:\/\/rallyekrumlov.cz\/en\/wp-json\/wp\/v2\/pages\/156884\/revisions\/156889"}],"up":[{"embeddable":true,"href":"https:\/\/rallyekrumlov.cz\/en\/wp-json\/wp\/v2\/pages\/156493"}],"wp:attachment":[{"href":"https:\/\/rallyekrumlov.cz\/en\/wp-json\/wp\/v2\/media?parent=156884"}],"curies":[{"name":"wp","href":"https:\/\/api.w.org\/{rel}","templated":true}]}}