{"id":156976,"date":"2026-04-28T11:10:48","date_gmt":"2026-04-28T09:10:48","guid":{"rendered":"https:\/\/rallyekrumlov.cz\/?page_id=156976"},"modified":"2026-04-28T11:22:36","modified_gmt":"2026-04-28T09:22:36","slug":"programme","status":"publish","type":"page","link":"https:\/\/rallyekrumlov.cz\/en\/rck2026\/programme\/","title":{"rendered":"Programme 53rd Rallye \u010cesk\u00fd Krumlov 2026"},"content":{"rendered":"\n<h4 class=\"wp-block-heading\" id=\"h-streda-15-5-2024\">Wednesday, May 20, 2026<\/h4>\n\n\n\n<p>13:00 &#8211; 17:00<br>Roadbook distribution<br>\u010cesk\u00e9 Bud\u011bjovice, Exhibition area \u2013 hall Z<\/p>\n\n\n\n<p>13:00 &#8211; 17:00<br>Administrative checks<br>\u010cesk\u00e9 Bud\u011bjovice, Exhibition area \u2013 hall Z<\/p>\n\n\n\n<p>15:00 &#8211; 20:00<br>Reconnaissance<\/p>\n\n\n\n<hr class=\"wp-block-separator has-alpha-channel-opacity\"\/>\n\n\n\n<h4 class=\"wp-block-heading\" id=\"h-ctvrtek-16-5-2024\">Thursday, May 21, 2026<\/h4>\n\n\n\n<p>7:00 &#8211; 10:00<br>Roadbook distribution<br>\u010cesk\u00e9 Bud\u011bjovice, Exhibition area \u2013 hall Z<\/p>\n\n\n\n<p>7:00 &#8211; 10:00<br>Administrative checks<br>\u010cesk\u00e9 Bud\u011bjovice, Exhibition area \u2013 hall Z<\/p>\n\n\n\n<p>8:00 &#8211; 19:00<br>Reconnaissance<\/p>\n\n\n\n<p>19:00<br>Rallye \u010cesk\u00fd Krumlov drivers and fans party (free entry)<br>\u010cesk\u00e9 Bud\u011bjovice, Exhibition area \u2013 hall Z<\/p>\n\n\n\n<hr class=\"wp-block-separator has-alpha-channel-opacity\"\/>\n\n\n\n<h4 class=\"wp-block-heading\" id=\"h-patek-17-5-2024\">Friday, May 22, 2026<\/h4>\n\n\n\n<p>7:00 &#8211; 12:00<br>Administrative checks and scrutineering<br>\u010cesk\u00e9 Bud\u011bjovice, Exhibition area \u2013 Hall Z<\/p>\n\n\n\n<p>11:30 &#8211; 14:00<br>Shakedown<br>\u010cesk\u00e9 Bud\u011bjovice, Exhibition area<\/p>\n\n\n\n<p>14:30<br>Rally exhibition<br>\u010cesk\u00e9 Bud\u011bjovice, Exhibition area<\/p>\n\n\n\n<p>15:20<br>18th Rally Legends Show<br>\u010cesk\u00e9 Bud\u011bjovice, Exhibition area<\/p>\n\n\n\n<p><strong>16:00<br>SSS 1 <strong>CB Auto Rallye Ar\u00e9na | <strong>spectator special stage \u2013 passage no. 1<\/strong><\/strong><br>\u010cesk\u00e9 Bud\u011bjovice, Exhibition area<\/strong><\/p>\n\n\n\n<p>17:15<br>Ceremonial start of the rally<br>\u010cesk\u00fd Krumlov, Deer garden<\/p>\n\n\n\n<p><strong><strong>17:34<br>SS 2 DA\u0147HEL P\u0159\u00eddol\u00ed 1<br>P\u0159\u00eddol\u00ed \u2013 Ro\u017emit\u00e1l na \u0160umav\u011b<\/strong><\/strong><\/p>\n\n\n\n<p>18:10<br>18th Rally Legends Show<br>\u010cesk\u00e9 Bud\u011bjovice, Exhibition area<\/p>\n\n\n\n<p>18:17<br>Media zone<br>Kaplice, square<\/p>\n\n\n\n<p><strong><strong>18:38<br>SS 3 MOL J\u00e1n 1<br>Blansko \u2013 Svat\u00fd Jan nad Mal\u0161\u00ed<\/strong><\/strong><\/p>\n\n\n\n<p><strong>19:31<br>SSS 4 <strong>CB Auto Rallye Ar\u00e9na | <strong><strong><strong>spectator special stage \u2013 passage no. 2<\/strong><\/strong><\/strong><\/strong><br><strong>\u010cesk\u00e9 Bud\u011bjovice, Exhibition area<\/strong><\/strong><\/p>\n\n\n\n<p>19:38<br>Regrouping<br>\u010cesk\u00e9 Bud\u011bjovice, Exhibition area<\/p>\n\n\n\n<p>20:13<br>Service (30 minutes)<br>\u010cesk\u00e9 Bud\u011bjovice, Exhibition area<\/p>\n\n\n\n<p><strong><strong>21:31<br>SS 5 DA\u0147HEL P\u0159\u00eddol\u00ed 2<br>P\u0159\u00eddol\u00ed \u2013 Ro\u017emit\u00e1l na \u0160umav\u011b<\/strong><\/strong><\/p>\n\n\n\n<p><strong><strong>22:16<br>SS 6 MOL J\u00e1n 2<br>Blansko \u2013 Svat\u00fd Jan nad Mal\u0161\u00ed<\/strong><\/strong><\/p>\n\n\n\n<p>23:03<br>Finish of leg 1<br>\u010cesk\u00e9 Bud\u011bjovice, Exhibition area<\/p>\n\n\n\n<hr class=\"wp-block-separator has-alpha-channel-opacity\"\/>\n\n\n\n<h4 class=\"wp-block-heading\" id=\"h-sobota-18-5-2024\">Saturday, May 23, 2026<\/h4>\n\n\n\n<p>7:30<br>Start of leg 2, service (45 minutes)<br>\u010cesk\u00e9 Bud\u011bjovice, Exhibition area<\/p>\n\n\n\n<p><strong>9:08<br>SS 7 \u0160KODA Kohout 1<br>Sob\u011bnov <strong>\u2013<\/strong> P\u0159edles\u00ed<\/strong><\/p>\n\n\n\n<p><strong>9:47<br>SS 8 SM produkt Malonty 1<br>Pohorsk\u00e1 Ves <strong>\u2013<\/strong><\/strong> <strong>Rychnov nad Mal\u0161\u00ed<\/strong><\/p>\n\n\n\n<p>10:00<br>Rally exhibition<br>\u010cesk\u00e9 Bud\u011bjovice, Exhibition area<\/p>\n\n\n\n<p><strong>10:55<br>SS 9 INOTECH electronic Mal\u0161\u00edn 1<br>Kyselov<\/strong> <strong>\u2013<\/strong> <strong>Naho\u0159any<\/strong><\/p>\n\n\n\n<p><strong>12:05<br><strong>SSS 10 <strong>CB Auto Rallye Ar\u00e9na | <strong><strong><strong>spectator special stage \u2013 passage no. 3<\/strong><\/strong><\/strong><\/strong><br><strong>\u010cesk\u00e9 Bud\u011bjovice, Exhibition area<\/strong><\/strong><\/strong><\/p>\n\n\n\n<p>12:12<br>Regrouping<br>\u010cesk\u00e9 Bud\u011bjovice, Exhibition area<\/p>\n\n\n\n<p>12:47<br>Service (30 minutes)<br>\u010cesk\u00e9 Bud\u011bjovice, Exhibition area<\/p>\n\n\n\n<p>14:05<br>18th Rally Legends Show<br>\u010cesk\u00e9 Bud\u011bjovice, Exhibition area<\/p>\n\n\n\n<p><strong>14:10<br>SS 11 \u0160KODA Kohout 2<br>Sob\u011bnov <strong>\u2013<\/strong> P\u0159edles\u00ed<\/strong><\/p>\n\n\n\n<p><strong>14:49<br>SS 12 SM produkt Malonty 2<br>Pohorsk\u00e1 Ves <strong>\u2013<\/strong><\/strong> <strong>Rychnov nad Mal\u0161\u00ed<\/strong><\/p>\n\n\n\n<p>15:30<br>18th Rally Legends Show &#8211; podium<br>\u010cesk\u00e9 Bud\u011bjovice, Exhibition area<\/p>\n\n\n\n<p><strong>15:57<br>SS 13 INOTECH electronic Mal\u0161\u00edn 2<br>Kyselov<\/strong> <strong>\u2013<\/strong> <strong>Naho\u0159any<\/strong><\/p>\n\n\n\n<p>16:33<br>Finish of the rally<br>\u010cesk\u00fd Krumlov, Deer garden<\/p>\n\n\n\n<p>19:30<br>Prize-giving ceremony<br>\u010cesk\u00fd Krumlov, Deer garden<\/p>\n\n\n\n<p>22:00<br>Rallye afterparty<br>\u010cesk\u00fd Krumlov, <a href=\"https:\/\/www.citylounge.cz\/\" target=\"_blank\" rel=\"noreferrer noopener\">City Lounge<\/a><\/p>\n\n\n\n<hr class=\"wp-block-separator has-alpha-channel-opacity\"\/>\n\n\n\n<p><em><em>Change of programme reserved.<\/em><\/em><\/p>\n","protected":false},"excerpt":{"rendered":"<p>Wednesday, May 20, 2026 13:00 &#8211; 17:00Roadbook distribution\u010cesk\u00e9 Bud\u011bjovice, Exhibition area \u2013 hall Z 13:00 &#8211; 17:00Administrative checks\u010cesk\u00e9 Bud\u011bjovice, Exhibition&#8230;<\/p>\n","protected":false},"author":2,"featured_media":0,"parent":156493,"menu_order":2,"comment_status":"closed","ping_status":"closed","template":"","meta":{"_acf_changed":false,"footnotes":""},"class_list":["post-156976","page","type-page","status-publish","hentry"],"acf":[],"yoast_head":"<!-- This site is optimized with the Yoast SEO Premium plugin v18.3 (Yoast SEO v27.5) - https:\/\/yoast.com\/product\/yoast-seo-premium-wordpress\/ -->\n<title>Programme for the 53rd Rallye \u010cesk\u00fd Krumlov 2026<\/title>\n<meta name=\"description\" content=\"Detailed program for the 53rd Rallye \u010cesk\u00fd Krumlov, which will take place on May 22 and 23, 2026.\" \/>\n<meta name=\"robots\" content=\"index, follow, max-snippet:-1, max-image-preview:large, max-video-preview:-1\" \/>\n<link rel=\"canonical\" href=\"https:\/\/rallyekrumlov.cz\/en\/rck2026\/programme\/\" \/>\n<meta property=\"og:locale\" content=\"en_US\" \/>\n<meta property=\"og:type\" content=\"article\" \/>\n<meta property=\"og:title\" content=\"Programme for the 52rd Rallye \u010cesk\u00fd Krumlov 2026\" \/>\n<meta property=\"og:description\" content=\"Detailed program for the 53rd Rallye \u010cesk\u00fd Krumlov, which will take place on May 22 and 23, 2026.\" \/>\n<meta property=\"og:url\" content=\"https:\/\/rallyekrumlov.cz\/en\/rck2026\/programme\/\" \/>\n<meta property=\"og:site_name\" content=\"Rallye \u010cesk\u00fd Krumlov\" \/>\n<meta property=\"article:modified_time\" content=\"2026-04-28T09:22:36+00:00\" \/>\n<meta property=\"og:image\" content=\"https:\/\/rallyekrumlov.cz\/wp-content\/uploads\/2026\/02\/rck2026_uvod.jpg\" \/>\n\t<meta property=\"og:image:width\" content=\"2500\" \/>\n\t<meta property=\"og:image:height\" content=\"1667\" \/>\n\t<meta property=\"og:image:type\" content=\"image\/jpeg\" \/>\n<meta name=\"twitter:card\" content=\"summary_large_image\" \/>\n<meta name=\"twitter:title\" content=\"Programme for the 52rd Rallye \u010cesk\u00fd Krumlov 2026\" \/>\n<meta name=\"twitter:description\" content=\"Detailed program for the 53rd Rallye \u010cesk\u00fd Krumlov, which will take place on May 22 and 23, 2026.\" \/>\n<meta name=\"twitter:label1\" content=\"Est. reading time\" \/>\n\t<meta name=\"twitter:data1\" content=\"3 minutes\" \/>\n<script type=\"application\/ld+json\" class=\"yoast-schema-graph\">{\"@context\":\"https:\\\/\\\/schema.org\",\"@graph\":[{\"@type\":\"WebPage\",\"@id\":\"https:\\\/\\\/rallyekrumlov.cz\\\/en\\\/rck2026\\\/programme\\\/\",\"url\":\"https:\\\/\\\/rallyekrumlov.cz\\\/en\\\/rck2026\\\/programme\\\/\",\"name\":\"Programme for the 53rd Rallye \u010cesk\u00fd Krumlov 2026\",\"isPartOf\":{\"@id\":\"https:\\\/\\\/rallyekrumlov.cz\\\/#website\"},\"datePublished\":\"2026-04-28T09:10:48+00:00\",\"dateModified\":\"2026-04-28T09:22:36+00:00\",\"description\":\"Detailed program for the 53rd Rallye \u010cesk\u00fd Krumlov, which will take place on May 22 and 23, 2026.\",\"breadcrumb\":{\"@id\":\"https:\\\/\\\/rallyekrumlov.cz\\\/en\\\/rck2026\\\/programme\\\/#breadcrumb\"},\"inLanguage\":\"en-US\",\"potentialAction\":[{\"@type\":\"ReadAction\",\"target\":[\"https:\\\/\\\/rallyekrumlov.cz\\\/en\\\/rck2026\\\/programme\\\/\"]}]},{\"@type\":\"BreadcrumbList\",\"@id\":\"https:\\\/\\\/rallyekrumlov.cz\\\/en\\\/rck2026\\\/programme\\\/#breadcrumb\",\"itemListElement\":[{\"@type\":\"ListItem\",\"position\":1,\"name\":\"Home\",\"item\":\"https:\\\/\\\/rallyekrumlov.cz\\\/en\\\/\"},{\"@type\":\"ListItem\",\"position\":2,\"name\":\"53rd Rallye \u010cesk\u00fd Krumlov 2026\",\"item\":\"https:\\\/\\\/rallyekrumlov.cz\\\/en\\\/rck2026\\\/\"},{\"@type\":\"ListItem\",\"position\":3,\"name\":\"Programme 53rd Rallye \u010cesk\u00fd Krumlov 2026\"}]},{\"@type\":\"WebSite\",\"@id\":\"https:\\\/\\\/rallyekrumlov.cz\\\/#website\",\"url\":\"https:\\\/\\\/rallyekrumlov.cz\\\/\",\"name\":\"Rallye \u010cesk\u00fd Krumlov\",\"description\":\"\",\"potentialAction\":[{\"@type\":\"SearchAction\",\"target\":{\"@type\":\"EntryPoint\",\"urlTemplate\":\"https:\\\/\\\/rallyekrumlov.cz\\\/?s={search_term_string}\"},\"query-input\":{\"@type\":\"PropertyValueSpecification\",\"valueRequired\":true,\"valueName\":\"search_term_string\"}}],\"inLanguage\":\"en-US\"}]}<\/script>\n<!-- \/ Yoast SEO Premium plugin. -->","yoast_head_json":{"title":"Programme for the 53rd Rallye \u010cesk\u00fd Krumlov 2026","description":"Detailed program for the 53rd Rallye \u010cesk\u00fd Krumlov, which will take place on May 22 and 23, 2026.","robots":{"index":"index","follow":"follow","max-snippet":"max-snippet:-1","max-image-preview":"max-image-preview:large","max-video-preview":"max-video-preview:-1"},"canonical":"https:\/\/rallyekrumlov.cz\/en\/rck2026\/programme\/","og_locale":"en_US","og_type":"article","og_title":"Programme for the 52rd Rallye \u010cesk\u00fd Krumlov 2026","og_description":"Detailed program for the 53rd Rallye \u010cesk\u00fd Krumlov, which will take place on May 22 and 23, 2026.","og_url":"https:\/\/rallyekrumlov.cz\/en\/rck2026\/programme\/","og_site_name":"Rallye \u010cesk\u00fd Krumlov","article_modified_time":"2026-04-28T09:22:36+00:00","og_image":[{"width":2500,"height":1667,"url":"https:\/\/rallyekrumlov.cz\/wp-content\/uploads\/2026\/02\/rck2026_uvod.jpg","type":"image\/jpeg"}],"twitter_card":"summary_large_image","twitter_title":"Programme for the 52rd Rallye \u010cesk\u00fd Krumlov 2026","twitter_description":"Detailed program for the 53rd Rallye \u010cesk\u00fd Krumlov, which will take place on May 22 and 23, 2026.","twitter_misc":{"Est. reading time":"3 minutes"},"schema":{"@context":"https:\/\/schema.org","@graph":[{"@type":"WebPage","@id":"https:\/\/rallyekrumlov.cz\/en\/rck2026\/programme\/","url":"https:\/\/rallyekrumlov.cz\/en\/rck2026\/programme\/","name":"Programme for the 53rd Rallye \u010cesk\u00fd Krumlov 2026","isPartOf":{"@id":"https:\/\/rallyekrumlov.cz\/#website"},"datePublished":"2026-04-28T09:10:48+00:00","dateModified":"2026-04-28T09:22:36+00:00","description":"Detailed program for the 53rd Rallye \u010cesk\u00fd Krumlov, which will take place on May 22 and 23, 2026.","breadcrumb":{"@id":"https:\/\/rallyekrumlov.cz\/en\/rck2026\/programme\/#breadcrumb"},"inLanguage":"en-US","potentialAction":[{"@type":"ReadAction","target":["https:\/\/rallyekrumlov.cz\/en\/rck2026\/programme\/"]}]},{"@type":"BreadcrumbList","@id":"https:\/\/rallyekrumlov.cz\/en\/rck2026\/programme\/#breadcrumb","itemListElement":[{"@type":"ListItem","position":1,"name":"Home","item":"https:\/\/rallyekrumlov.cz\/en\/"},{"@type":"ListItem","position":2,"name":"53rd Rallye \u010cesk\u00fd Krumlov 2026","item":"https:\/\/rallyekrumlov.cz\/en\/rck2026\/"},{"@type":"ListItem","position":3,"name":"Programme 53rd Rallye \u010cesk\u00fd Krumlov 2026"}]},{"@type":"WebSite","@id":"https:\/\/rallyekrumlov.cz\/#website","url":"https:\/\/rallyekrumlov.cz\/","name":"Rallye \u010cesk\u00fd Krumlov","description":"","potentialAction":[{"@type":"SearchAction","target":{"@type":"EntryPoint","urlTemplate":"https:\/\/rallyekrumlov.cz\/?s={search_term_string}"},"query-input":{"@type":"PropertyValueSpecification","valueRequired":true,"valueName":"search_term_string"}}],"inLanguage":"en-US"}]}},"_links":{"self":[{"href":"https:\/\/rallyekrumlov.cz\/en\/wp-json\/wp\/v2\/pages\/156976","targetHints":{"allow":["GET"]}}],"collection":[{"href":"https:\/\/rallyekrumlov.cz\/en\/wp-json\/wp\/v2\/pages"}],"about":[{"href":"https:\/\/rallyekrumlov.cz\/en\/wp-json\/wp\/v2\/types\/page"}],"author":[{"embeddable":true,"href":"https:\/\/rallyekrumlov.cz\/en\/wp-json\/wp\/v2\/users\/2"}],"replies":[{"embeddable":true,"href":"https:\/\/rallyekrumlov.cz\/en\/wp-json\/wp\/v2\/comments?post=156976"}],"version-history":[{"count":1,"href":"https:\/\/rallyekrumlov.cz\/en\/wp-json\/wp\/v2\/pages\/156976\/revisions"}],"predecessor-version":[{"id":156977,"href":"https:\/\/rallyekrumlov.cz\/en\/wp-json\/wp\/v2\/pages\/156976\/revisions\/156977"}],"up":[{"embeddable":true,"href":"https:\/\/rallyekrumlov.cz\/en\/wp-json\/wp\/v2\/pages\/156493"}],"wp:attachment":[{"href":"https:\/\/rallyekrumlov.cz\/en\/wp-json\/wp\/v2\/media?parent=156976"}],"curies":[{"name":"wp","href":"https:\/\/api.w.org\/{rel}","templated":true}]}}