{"id":157000,"date":"2026-04-28T13:47:47","date_gmt":"2026-04-28T11:47:47","guid":{"rendered":"https:\/\/rallyekrumlov.cz\/?page_id=157000"},"modified":"2026-04-28T21:06:53","modified_gmt":"2026-04-28T19:06:53","slug":"spectators","status":"publish","type":"page","link":"https:\/\/rallyekrumlov.cz\/en\/rck2026\/spectators\/","title":{"rendered":"Spectators"},"content":{"rendered":"\n<p class=\"has-text-align-center\"><strong>CB Auto Rallye Arena<\/strong><br><strong><strong>Exhibition centre<\/strong> \u010cesk\u00e9 Bud\u011bjovice<\/strong><br>Friday 11:30 \u2013 22:00 | Saturday 10:00 \u2013 15:00<\/p>\n\n\n\n<p class=\"has-text-align-center\"><strong><strong>Tickets<\/strong><\/strong><br>adults: Friday 250 CZK | Saturday 200 CZK | Two-day 400 CZK<br>children under 12 years accompanied by an adult \u2013 free entry<\/p>\n\n\n\n<figure class=\"wp-block-image size-large\"><img loading=\"lazy\" decoding=\"async\" width=\"1200\" height=\"583\" src=\"https:\/\/rallyekrumlov.cz\/wp-content\/uploads\/2026\/04\/RCK26_DM_Vystaviste_plan-1200x583.jpg\" alt=\"\" class=\"wp-image-157007\" srcset=\"https:\/\/rallyekrumlov.cz\/wp-content\/uploads\/2026\/04\/RCK26_DM_Vystaviste_plan-1200x583.jpg 1200w, https:\/\/rallyekrumlov.cz\/wp-content\/uploads\/2026\/04\/RCK26_DM_Vystaviste_plan-768x373.jpg 768w, https:\/\/rallyekrumlov.cz\/wp-content\/uploads\/2026\/04\/RCK26_DM_Vystaviste_plan-1536x746.jpg 1536w, https:\/\/rallyekrumlov.cz\/wp-content\/uploads\/2026\/04\/RCK26_DM_Vystaviste_plan-165x80.jpg 165w, https:\/\/rallyekrumlov.cz\/wp-content\/uploads\/2026\/04\/RCK26_DM_Vystaviste_plan.jpg 2000w\" sizes=\"auto, (max-width: 1200px) 100vw, 1200px\" \/><\/figure>\n\n\n\n<ul class=\"wp-block-list\">\n<li><strong><a href=\"https:\/\/rallyekrumlov.cz\/en\/rally-safety\/\">Rally Safety<\/a><\/strong><\/li>\n\n\n\n<li><strong><a href=\"https:\/\/rallyekrumlov.cz\/en\/rck2026\/programme\/\">Rally programme<\/a><\/strong><\/li>\n\n\n\n<li><strong><a href=\"https:\/\/is.autoklub.cz\/racing\/entries\/list\/3cc89fbe-294e-478f-8bae-039d53a93469\" target=\"_blank\" rel=\"noreferrer noopener\">Competitors list<\/a><\/strong><\/li>\n\n\n\n<li><strong><a href=\"https:\/\/is.autoklub.cz\/racing\/entries\/list\/4afe6007-a30d-420b-abd6-d057ba71b892\" target=\"_blank\" rel=\"noreferrer noopener\">Rallye Legendy Show<\/a><\/strong><\/li>\n\n\n\n<li><strong><a href=\"https:\/\/rallyekrumlov.cz\/en\/rck2026\/photo-contest\/\">Photo contest<\/a><\/strong><\/li>\n\n\n\n<li><strong><a href=\"https:\/\/rallyekrumlov.cz\/en\/rck2026\/environment\/\">Environmental program<\/a><\/strong><\/li>\n<\/ul>\n\n\n\n<p><strong><a href=\"https:\/\/rallyekrumlov.cz\/wp-content\/uploads\/2026\/04\/RallyGuide_1_ENG_2026_v1.pdf\" target=\"_blank\" rel=\"noreferrer noopener\">Rally Guide<\/a><\/strong><\/p>\n\n\n\n\n","protected":false},"excerpt":{"rendered":"<p>CB Auto Rallye ArenaExhibition centre \u010cesk\u00e9 Bud\u011bjoviceFriday 11:30 \u2013 22:00 | Saturday 10:00 \u2013 15:00 Ticketsadults: Friday 250 CZK |&#8230;<\/p>\n","protected":false},"author":3,"featured_media":0,"parent":156493,"menu_order":18,"comment_status":"closed","ping_status":"closed","template":"","meta":{"_acf_changed":false,"footnotes":""},"class_list":["post-157000","page","type-page","status-publish","hentry"],"acf":[],"yoast_head":"<!-- This site is optimized with the Yoast SEO Premium plugin v18.3 (Yoast SEO v27.5) - https:\/\/yoast.com\/product\/yoast-seo-premium-wordpress\/ -->\n<title>Spectators - Rallye \u010cesk\u00fd Krumlov<\/title>\n<meta name=\"robots\" content=\"index, follow, max-snippet:-1, max-image-preview:large, max-video-preview:-1\" \/>\n<link rel=\"canonical\" href=\"https:\/\/rallyekrumlov.cz\/en\/rck2026\/spectators\/\" \/>\n<meta property=\"og:locale\" content=\"en_US\" \/>\n<meta property=\"og:type\" content=\"article\" \/>\n<meta property=\"og:title\" content=\"Spectators\" \/>\n<meta property=\"og:description\" content=\"CB Auto Rallye ArenaExhibition centre \u010cesk\u00e9 Bud\u011bjoviceFriday 11:30 \u2013 22:00 | Saturday 10:00 \u2013 15:00 Ticketsadults: Friday 250 CZK |...\" \/>\n<meta property=\"og:url\" content=\"https:\/\/rallyekrumlov.cz\/en\/rck2026\/spectators\/\" \/>\n<meta property=\"og:site_name\" content=\"Rallye \u010cesk\u00fd Krumlov\" \/>\n<meta property=\"article:modified_time\" content=\"2026-04-28T19:06:53+00:00\" \/>\n<meta property=\"og:image\" content=\"https:\/\/rallyekrumlov.cz\/wp-content\/uploads\/2026\/04\/RCK26_DM_Vystaviste_plan.jpg\" \/>\n\t<meta property=\"og:image:width\" content=\"2000\" \/>\n\t<meta property=\"og:image:height\" content=\"972\" \/>\n\t<meta property=\"og:image:type\" content=\"image\/jpeg\" \/>\n<meta name=\"twitter:card\" content=\"summary_large_image\" \/>\n<meta name=\"twitter:label1\" content=\"Est. reading time\" \/>\n\t<meta name=\"twitter:data1\" content=\"1 minute\" \/>\n<script type=\"application\/ld+json\" class=\"yoast-schema-graph\">{\"@context\":\"https:\\\/\\\/schema.org\",\"@graph\":[{\"@type\":\"WebPage\",\"@id\":\"https:\\\/\\\/rallyekrumlov.cz\\\/en\\\/rck2026\\\/spectators\\\/\",\"url\":\"https:\\\/\\\/rallyekrumlov.cz\\\/en\\\/rck2026\\\/spectators\\\/\",\"name\":\"Spectators - Rallye \u010cesk\u00fd Krumlov\",\"isPartOf\":{\"@id\":\"https:\\\/\\\/rallyekrumlov.cz\\\/#website\"},\"primaryImageOfPage\":{\"@id\":\"https:\\\/\\\/rallyekrumlov.cz\\\/en\\\/rck2026\\\/spectators\\\/#primaryimage\"},\"image\":{\"@id\":\"https:\\\/\\\/rallyekrumlov.cz\\\/en\\\/rck2026\\\/spectators\\\/#primaryimage\"},\"thumbnailUrl\":\"https:\\\/\\\/rallyekrumlov.cz\\\/wp-content\\\/uploads\\\/2026\\\/04\\\/RCK26_DM_Vystaviste_plan-1200x583.jpg\",\"datePublished\":\"2026-04-28T11:47:47+00:00\",\"dateModified\":\"2026-04-28T19:06:53+00:00\",\"breadcrumb\":{\"@id\":\"https:\\\/\\\/rallyekrumlov.cz\\\/en\\\/rck2026\\\/spectators\\\/#breadcrumb\"},\"inLanguage\":\"en-US\",\"potentialAction\":[{\"@type\":\"ReadAction\",\"target\":[\"https:\\\/\\\/rallyekrumlov.cz\\\/en\\\/rck2026\\\/spectators\\\/\"]}]},{\"@type\":\"ImageObject\",\"inLanguage\":\"en-US\",\"@id\":\"https:\\\/\\\/rallyekrumlov.cz\\\/en\\\/rck2026\\\/spectators\\\/#primaryimage\",\"url\":\"https:\\\/\\\/rallyekrumlov.cz\\\/wp-content\\\/uploads\\\/2026\\\/04\\\/RCK26_DM_Vystaviste_plan-1200x583.jpg\",\"contentUrl\":\"https:\\\/\\\/rallyekrumlov.cz\\\/wp-content\\\/uploads\\\/2026\\\/04\\\/RCK26_DM_Vystaviste_plan-1200x583.jpg\"},{\"@type\":\"BreadcrumbList\",\"@id\":\"https:\\\/\\\/rallyekrumlov.cz\\\/en\\\/rck2026\\\/spectators\\\/#breadcrumb\",\"itemListElement\":[{\"@type\":\"ListItem\",\"position\":1,\"name\":\"Home\",\"item\":\"https:\\\/\\\/rallyekrumlov.cz\\\/en\\\/\"},{\"@type\":\"ListItem\",\"position\":2,\"name\":\"53rd Rallye \u010cesk\u00fd Krumlov 2026\",\"item\":\"https:\\\/\\\/rallyekrumlov.cz\\\/en\\\/rck2026\\\/\"},{\"@type\":\"ListItem\",\"position\":3,\"name\":\"Spectators\"}]},{\"@type\":\"WebSite\",\"@id\":\"https:\\\/\\\/rallyekrumlov.cz\\\/#website\",\"url\":\"https:\\\/\\\/rallyekrumlov.cz\\\/\",\"name\":\"Rallye \u010cesk\u00fd Krumlov\",\"description\":\"\",\"potentialAction\":[{\"@type\":\"SearchAction\",\"target\":{\"@type\":\"EntryPoint\",\"urlTemplate\":\"https:\\\/\\\/rallyekrumlov.cz\\\/?s={search_term_string}\"},\"query-input\":{\"@type\":\"PropertyValueSpecification\",\"valueRequired\":true,\"valueName\":\"search_term_string\"}}],\"inLanguage\":\"en-US\"}]}<\/script>\n<!-- \/ Yoast SEO Premium plugin. -->","yoast_head_json":{"title":"Spectators - Rallye \u010cesk\u00fd Krumlov","robots":{"index":"index","follow":"follow","max-snippet":"max-snippet:-1","max-image-preview":"max-image-preview:large","max-video-preview":"max-video-preview:-1"},"canonical":"https:\/\/rallyekrumlov.cz\/en\/rck2026\/spectators\/","og_locale":"en_US","og_type":"article","og_title":"Spectators","og_description":"CB Auto Rallye ArenaExhibition centre \u010cesk\u00e9 Bud\u011bjoviceFriday 11:30 \u2013 22:00 | Saturday 10:00 \u2013 15:00 Ticketsadults: Friday 250 CZK |...","og_url":"https:\/\/rallyekrumlov.cz\/en\/rck2026\/spectators\/","og_site_name":"Rallye \u010cesk\u00fd Krumlov","article_modified_time":"2026-04-28T19:06:53+00:00","og_image":[{"width":2000,"height":972,"url":"https:\/\/rallyekrumlov.cz\/wp-content\/uploads\/2026\/04\/RCK26_DM_Vystaviste_plan.jpg","type":"image\/jpeg"}],"twitter_card":"summary_large_image","twitter_misc":{"Est. reading time":"1 minute"},"schema":{"@context":"https:\/\/schema.org","@graph":[{"@type":"WebPage","@id":"https:\/\/rallyekrumlov.cz\/en\/rck2026\/spectators\/","url":"https:\/\/rallyekrumlov.cz\/en\/rck2026\/spectators\/","name":"Spectators - Rallye \u010cesk\u00fd Krumlov","isPartOf":{"@id":"https:\/\/rallyekrumlov.cz\/#website"},"primaryImageOfPage":{"@id":"https:\/\/rallyekrumlov.cz\/en\/rck2026\/spectators\/#primaryimage"},"image":{"@id":"https:\/\/rallyekrumlov.cz\/en\/rck2026\/spectators\/#primaryimage"},"thumbnailUrl":"https:\/\/rallyekrumlov.cz\/wp-content\/uploads\/2026\/04\/RCK26_DM_Vystaviste_plan-1200x583.jpg","datePublished":"2026-04-28T11:47:47+00:00","dateModified":"2026-04-28T19:06:53+00:00","breadcrumb":{"@id":"https:\/\/rallyekrumlov.cz\/en\/rck2026\/spectators\/#breadcrumb"},"inLanguage":"en-US","potentialAction":[{"@type":"ReadAction","target":["https:\/\/rallyekrumlov.cz\/en\/rck2026\/spectators\/"]}]},{"@type":"ImageObject","inLanguage":"en-US","@id":"https:\/\/rallyekrumlov.cz\/en\/rck2026\/spectators\/#primaryimage","url":"https:\/\/rallyekrumlov.cz\/wp-content\/uploads\/2026\/04\/RCK26_DM_Vystaviste_plan-1200x583.jpg","contentUrl":"https:\/\/rallyekrumlov.cz\/wp-content\/uploads\/2026\/04\/RCK26_DM_Vystaviste_plan-1200x583.jpg"},{"@type":"BreadcrumbList","@id":"https:\/\/rallyekrumlov.cz\/en\/rck2026\/spectators\/#breadcrumb","itemListElement":[{"@type":"ListItem","position":1,"name":"Home","item":"https:\/\/rallyekrumlov.cz\/en\/"},{"@type":"ListItem","position":2,"name":"53rd Rallye \u010cesk\u00fd Krumlov 2026","item":"https:\/\/rallyekrumlov.cz\/en\/rck2026\/"},{"@type":"ListItem","position":3,"name":"Spectators"}]},{"@type":"WebSite","@id":"https:\/\/rallyekrumlov.cz\/#website","url":"https:\/\/rallyekrumlov.cz\/","name":"Rallye \u010cesk\u00fd Krumlov","description":"","potentialAction":[{"@type":"SearchAction","target":{"@type":"EntryPoint","urlTemplate":"https:\/\/rallyekrumlov.cz\/?s={search_term_string}"},"query-input":{"@type":"PropertyValueSpecification","valueRequired":true,"valueName":"search_term_string"}}],"inLanguage":"en-US"}]}},"_links":{"self":[{"href":"https:\/\/rallyekrumlov.cz\/en\/wp-json\/wp\/v2\/pages\/157000","targetHints":{"allow":["GET"]}}],"collection":[{"href":"https:\/\/rallyekrumlov.cz\/en\/wp-json\/wp\/v2\/pages"}],"about":[{"href":"https:\/\/rallyekrumlov.cz\/en\/wp-json\/wp\/v2\/types\/page"}],"author":[{"embeddable":true,"href":"https:\/\/rallyekrumlov.cz\/en\/wp-json\/wp\/v2\/users\/3"}],"replies":[{"embeddable":true,"href":"https:\/\/rallyekrumlov.cz\/en\/wp-json\/wp\/v2\/comments?post=157000"}],"version-history":[{"count":6,"href":"https:\/\/rallyekrumlov.cz\/en\/wp-json\/wp\/v2\/pages\/157000\/revisions"}],"predecessor-version":[{"id":157009,"href":"https:\/\/rallyekrumlov.cz\/en\/wp-json\/wp\/v2\/pages\/157000\/revisions\/157009"}],"up":[{"embeddable":true,"href":"https:\/\/rallyekrumlov.cz\/en\/wp-json\/wp\/v2\/pages\/156493"}],"wp:attachment":[{"href":"https:\/\/rallyekrumlov.cz\/en\/wp-json\/wp\/v2\/media?parent=157000"}],"curies":[{"name":"wp","href":"https:\/\/api.w.org\/{rel}","templated":true}]}}