{"id":1753,"date":"2020-04-22T17:52:55","date_gmt":"2020-04-22T15:52:55","guid":{"rendered":"https:\/\/rallyekrumlov.cz\/?page_id=1753"},"modified":"2025-05-09T10:21:25","modified_gmt":"2025-05-09T08:21:25","slug":"officials","status":"publish","type":"page","link":"https:\/\/rallyekrumlov.cz\/en\/officials\/","title":{"rendered":"Officials"},"content":{"rendered":"<div class=\"wp-block-image\">\n<figure class=\"aligncenter size-large is-resized\"><img decoding=\"async\" src=\"https:\/\/rallyekrumlov.cz\/wp-content\/uploads\/2020\/03\/rck-since-1971_logo.svg\" alt=\"\" class=\"wp-image-715\" style=\"width:400px;height:154px\"\/><\/figure>\n<\/div>\n\n\n<figure class=\"wp-block-table\"><table class=\"has-fixed-layout\"><tbody><tr><td><strong><strong>Organising Committee<\/strong><\/strong><\/td><td><\/td><\/tr><tr><td>Chairman<\/td><td><a href=\"mailto:lubos.salat@rallyekrumlov.cz\">Lubo\u0161 \u0160al\u00e1t<\/a><\/td><\/tr><tr><td>Members<\/td><td><a href=\"mailto:jiri.venus@rallyekrumlov.cz\">Ji\u0159\u00ed Venu\u0161<\/a><\/td><\/tr><tr><td>&nbsp;<\/td><td><a href=\"mailto:karel.mach@rallyekrumlov.cz\">Karel Mach<\/a><\/td><\/tr><tr><td>&nbsp;<\/td><td><a href=\"mailto:michal.mikes@rallyekrumlov.cz\">Michal Mike\u0161<\/a><\/td><\/tr><tr><td>&nbsp;<\/td><td><a href=\"mailto:pavel.kacerovsky@rallyekrumlov.cz\">Pavel Kacerovsk\u00fd<\/a><\/td><\/tr><tr><td>&nbsp;<\/td><td>Tom\u00e1\u0161 Musil<\/td><\/tr><tr><td>&nbsp;<\/td><td><a href=\"mailto:jindrich.kunc@rallyekrumlov.cz\">Jind\u0159ich Kunc<\/a><\/td><\/tr><tr><td>&nbsp;<\/td><td>MUDr. Lum\u00edr Mra\u010dek<\/td><\/tr><\/tbody><\/table><\/figure>\n\n\n\n<figure class=\"wp-block-table\"><table class=\"has-fixed-layout\"><tbody><tr><td><strong>Senior officials<\/strong><\/td><td><\/td><\/tr><tr><td>Clerk of the Course<\/td><td><a href=\"mailto:lubos.salat@rallyekrumlov.cz\">Lubo\u0161 \u0160al\u00e1t<\/a><\/td><\/tr><tr><td>Secretary<\/td><td><a href=\"mailto:jiri.venus@rallyekrumlov.cz\">Ji\u0159\u00ed Venu\u0161<\/a><\/td><\/tr><tr><td>Chief Organisation Manager<\/td><td><a href=\"mailto:pavel.kacerovsky@rallyekrumlov.cz\">Pavel Kacerovsk\u00fd<\/a><\/td><\/tr><tr><td>Chief Safety Officer<\/td><td>Tom\u00e1\u0161 Musil<\/td><\/tr><tr><td>Track Chief<\/td><td><a href=\"mailto:michal.mikes@rallyekrumlov.cz\">Michal Mike\u0161<\/a><\/td><\/tr><tr><td>Deputy Clerk of the Course<\/td><td><a href=\"mailto:karel.mach@rallyekrumlov.cz\">Karel Mach<\/a><\/td><\/tr><tr><td><\/td><td><a href=\"mailto:jindrich.kunc@rallyekrumlov.cz\">Jind\u0159ich Kunc<\/a><\/td><\/tr><tr><td>Deputy Chief Organisation Manager<\/td><td><a href=\"mailto:jan.blaha@rallyekrumlov.cz\">Jan Bl\u00e1ha<\/a><\/td><\/tr><tr><td>Economist<\/td><td>V\u011bra Nedv\u011bdick\u00e1<\/td><\/tr><tr><td>Steward\u2019s secretary<\/td><td>Krist\u00fdna Panu\u0161kov\u00e1<\/td><\/tr><tr><td>Chief Scrutineer<\/td><td>Luk\u00e1\u0161 Kus\u00fd<\/td><\/tr><tr><td>Chief Timekeeper<\/td><td>Stanislav Jel\u00ednek<\/td><\/tr><tr><td>Chief of service area<\/td><td>Michal Weber<\/td><\/tr><tr><td>Chief of Rally Control<\/td><td>Pavel \u0160t\u00edpek<\/td><\/tr><tr><td>Competitors\u2019 Relation Officer<\/td><td>Petr Star\u00fd<\/td><\/tr><tr><td>Press Relation Officer<\/td><td><a href=\"mailto:frantisek.fosum@rallyekrumlov.cz\">Franti\u0161ek Fo\u0161um<\/a><\/td><\/tr><tr><td>Webmaster<\/td><td><a href=\"mailto:webmaster@rallyekrumlov.cz\">Dalibor Benych<\/a><\/td><\/tr><tr><td>VIP service<\/td><td><a href=\"mailto:vip@rallyekrumlov.cz\">Jana Trojanov\u00e1<\/a><\/td><\/tr><tr><td>Chief Medical Officer<\/td><td>MUDr. Lum\u00edr Mra\u010dek<\/td><\/tr><tr><td>Monitoring system ONI<\/td><td>SAS Zl\u00edn<\/td><\/tr><tr><td>&nbsp;<\/td><td>NAM system, a.s.<\/td><\/tr><tr><td>Results processing<\/td><td>SK PORS plus v A\u010cR, Oto Berka<\/td><\/tr><\/tbody><\/table><\/figure>\n","protected":false},"excerpt":{"rendered":"<p>Organising Committee Chairman Lubo\u0161 \u0160al\u00e1t Members Ji\u0159\u00ed Venu\u0161 &nbsp; Karel Mach &nbsp; Michal Mike\u0161 &nbsp; Pavel Kacerovsk\u00fd &nbsp; Tom\u00e1\u0161 Musil&#8230;<\/p>\n","protected":false},"author":2,"featured_media":0,"parent":0,"menu_order":290,"comment_status":"closed","ping_status":"closed","template":"","meta":{"_acf_changed":false,"footnotes":""},"class_list":["post-1753","page","type-page","status-publish","hentry"],"acf":[],"yoast_head":"<!-- This site is optimized with the Yoast SEO Premium plugin v18.3 (Yoast SEO v27.3) - https:\/\/yoast.com\/product\/yoast-seo-premium-wordpress\/ -->\n<title>Officials - Rallye \u010cesk\u00fd Krumlov<\/title>\n<meta name=\"robots\" content=\"index, follow, max-snippet:-1, max-image-preview:large, max-video-preview:-1\" \/>\n<link rel=\"canonical\" href=\"https:\/\/rallyekrumlov.cz\/en\/officials\/\" \/>\n<meta property=\"og:locale\" content=\"en_US\" \/>\n<meta property=\"og:type\" content=\"article\" \/>\n<meta property=\"og:title\" content=\"Officials\" \/>\n<meta property=\"og:description\" content=\"Organising Committee Chairman Lubo\u0161 \u0160al\u00e1t Members Ji\u0159\u00ed Venu\u0161 &nbsp; Karel Mach &nbsp; Michal Mike\u0161 &nbsp; Pavel Kacerovsk\u00fd &nbsp; Tom\u00e1\u0161 Musil...\" \/>\n<meta property=\"og:url\" content=\"https:\/\/rallyekrumlov.cz\/en\/officials\/\" \/>\n<meta property=\"og:site_name\" content=\"Rallye \u010cesk\u00fd Krumlov\" \/>\n<meta property=\"article:modified_time\" content=\"2025-05-09T08:21:25+00:00\" \/>\n<meta name=\"twitter:card\" content=\"summary_large_image\" \/>\n<meta name=\"twitter:label1\" content=\"Est. reading time\" \/>\n\t<meta name=\"twitter:data1\" content=\"1 minute\" \/>\n<script type=\"application\/ld+json\" class=\"yoast-schema-graph\">{\"@context\":\"https:\\\/\\\/schema.org\",\"@graph\":[{\"@type\":\"WebPage\",\"@id\":\"https:\\\/\\\/rallyekrumlov.cz\\\/en\\\/officials\\\/\",\"url\":\"https:\\\/\\\/rallyekrumlov.cz\\\/en\\\/officials\\\/\",\"name\":\"Officials - Rallye \u010cesk\u00fd Krumlov\",\"isPartOf\":{\"@id\":\"https:\\\/\\\/rallyekrumlov.cz\\\/#website\"},\"primaryImageOfPage\":{\"@id\":\"https:\\\/\\\/rallyekrumlov.cz\\\/en\\\/officials\\\/#primaryimage\"},\"image\":{\"@id\":\"https:\\\/\\\/rallyekrumlov.cz\\\/en\\\/officials\\\/#primaryimage\"},\"thumbnailUrl\":\"https:\\\/\\\/rallyekrumlov.cz\\\/wp-content\\\/uploads\\\/2020\\\/03\\\/rck-since-1971_logo.svg\",\"datePublished\":\"2020-04-22T15:52:55+00:00\",\"dateModified\":\"2025-05-09T08:21:25+00:00\",\"breadcrumb\":{\"@id\":\"https:\\\/\\\/rallyekrumlov.cz\\\/en\\\/officials\\\/#breadcrumb\"},\"inLanguage\":\"en-US\",\"potentialAction\":[{\"@type\":\"ReadAction\",\"target\":[\"https:\\\/\\\/rallyekrumlov.cz\\\/en\\\/officials\\\/\"]}]},{\"@type\":\"ImageObject\",\"inLanguage\":\"en-US\",\"@id\":\"https:\\\/\\\/rallyekrumlov.cz\\\/en\\\/officials\\\/#primaryimage\",\"url\":\"https:\\\/\\\/rallyekrumlov.cz\\\/wp-content\\\/uploads\\\/2020\\\/03\\\/rck-since-1971_logo.svg\",\"contentUrl\":\"https:\\\/\\\/rallyekrumlov.cz\\\/wp-content\\\/uploads\\\/2020\\\/03\\\/rck-since-1971_logo.svg\"},{\"@type\":\"BreadcrumbList\",\"@id\":\"https:\\\/\\\/rallyekrumlov.cz\\\/en\\\/officials\\\/#breadcrumb\",\"itemListElement\":[{\"@type\":\"ListItem\",\"position\":1,\"name\":\"Home\",\"item\":\"https:\\\/\\\/rallyekrumlov.cz\\\/en\\\/\"},{\"@type\":\"ListItem\",\"position\":2,\"name\":\"Officials\"}]},{\"@type\":\"WebSite\",\"@id\":\"https:\\\/\\\/rallyekrumlov.cz\\\/#website\",\"url\":\"https:\\\/\\\/rallyekrumlov.cz\\\/\",\"name\":\"Rallye \u010cesk\u00fd Krumlov\",\"description\":\"\",\"potentialAction\":[{\"@type\":\"SearchAction\",\"target\":{\"@type\":\"EntryPoint\",\"urlTemplate\":\"https:\\\/\\\/rallyekrumlov.cz\\\/?s={search_term_string}\"},\"query-input\":{\"@type\":\"PropertyValueSpecification\",\"valueRequired\":true,\"valueName\":\"search_term_string\"}}],\"inLanguage\":\"en-US\"}]}<\/script>\n<!-- \/ Yoast SEO Premium plugin. -->","yoast_head_json":{"title":"Officials - Rallye \u010cesk\u00fd Krumlov","robots":{"index":"index","follow":"follow","max-snippet":"max-snippet:-1","max-image-preview":"max-image-preview:large","max-video-preview":"max-video-preview:-1"},"canonical":"https:\/\/rallyekrumlov.cz\/en\/officials\/","og_locale":"en_US","og_type":"article","og_title":"Officials","og_description":"Organising Committee Chairman Lubo\u0161 \u0160al\u00e1t Members Ji\u0159\u00ed Venu\u0161 &nbsp; Karel Mach &nbsp; Michal Mike\u0161 &nbsp; Pavel Kacerovsk\u00fd &nbsp; Tom\u00e1\u0161 Musil...","og_url":"https:\/\/rallyekrumlov.cz\/en\/officials\/","og_site_name":"Rallye \u010cesk\u00fd Krumlov","article_modified_time":"2025-05-09T08:21:25+00:00","twitter_card":"summary_large_image","twitter_misc":{"Est. reading time":"1 minute"},"schema":{"@context":"https:\/\/schema.org","@graph":[{"@type":"WebPage","@id":"https:\/\/rallyekrumlov.cz\/en\/officials\/","url":"https:\/\/rallyekrumlov.cz\/en\/officials\/","name":"Officials - Rallye \u010cesk\u00fd Krumlov","isPartOf":{"@id":"https:\/\/rallyekrumlov.cz\/#website"},"primaryImageOfPage":{"@id":"https:\/\/rallyekrumlov.cz\/en\/officials\/#primaryimage"},"image":{"@id":"https:\/\/rallyekrumlov.cz\/en\/officials\/#primaryimage"},"thumbnailUrl":"https:\/\/rallyekrumlov.cz\/wp-content\/uploads\/2020\/03\/rck-since-1971_logo.svg","datePublished":"2020-04-22T15:52:55+00:00","dateModified":"2025-05-09T08:21:25+00:00","breadcrumb":{"@id":"https:\/\/rallyekrumlov.cz\/en\/officials\/#breadcrumb"},"inLanguage":"en-US","potentialAction":[{"@type":"ReadAction","target":["https:\/\/rallyekrumlov.cz\/en\/officials\/"]}]},{"@type":"ImageObject","inLanguage":"en-US","@id":"https:\/\/rallyekrumlov.cz\/en\/officials\/#primaryimage","url":"https:\/\/rallyekrumlov.cz\/wp-content\/uploads\/2020\/03\/rck-since-1971_logo.svg","contentUrl":"https:\/\/rallyekrumlov.cz\/wp-content\/uploads\/2020\/03\/rck-since-1971_logo.svg"},{"@type":"BreadcrumbList","@id":"https:\/\/rallyekrumlov.cz\/en\/officials\/#breadcrumb","itemListElement":[{"@type":"ListItem","position":1,"name":"Home","item":"https:\/\/rallyekrumlov.cz\/en\/"},{"@type":"ListItem","position":2,"name":"Officials"}]},{"@type":"WebSite","@id":"https:\/\/rallyekrumlov.cz\/#website","url":"https:\/\/rallyekrumlov.cz\/","name":"Rallye \u010cesk\u00fd Krumlov","description":"","potentialAction":[{"@type":"SearchAction","target":{"@type":"EntryPoint","urlTemplate":"https:\/\/rallyekrumlov.cz\/?s={search_term_string}"},"query-input":{"@type":"PropertyValueSpecification","valueRequired":true,"valueName":"search_term_string"}}],"inLanguage":"en-US"}]}},"_links":{"self":[{"href":"https:\/\/rallyekrumlov.cz\/en\/wp-json\/wp\/v2\/pages\/1753","targetHints":{"allow":["GET"]}}],"collection":[{"href":"https:\/\/rallyekrumlov.cz\/en\/wp-json\/wp\/v2\/pages"}],"about":[{"href":"https:\/\/rallyekrumlov.cz\/en\/wp-json\/wp\/v2\/types\/page"}],"author":[{"embeddable":true,"href":"https:\/\/rallyekrumlov.cz\/en\/wp-json\/wp\/v2\/users\/2"}],"replies":[{"embeddable":true,"href":"https:\/\/rallyekrumlov.cz\/en\/wp-json\/wp\/v2\/comments?post=1753"}],"version-history":[{"count":5,"href":"https:\/\/rallyekrumlov.cz\/en\/wp-json\/wp\/v2\/pages\/1753\/revisions"}],"predecessor-version":[{"id":154594,"href":"https:\/\/rallyekrumlov.cz\/en\/wp-json\/wp\/v2\/pages\/1753\/revisions\/154594"}],"wp:attachment":[{"href":"https:\/\/rallyekrumlov.cz\/en\/wp-json\/wp\/v2\/media?parent=1753"}],"curies":[{"name":"wp","href":"https:\/\/api.w.org\/{rel}","templated":true}]}}