{"id":76646,"date":"2021-10-29T20:37:53","date_gmt":"2021-10-29T18:37:53","guid":{"rendered":"https:\/\/rallyekrumlov.cz\/?page_id=76646"},"modified":"2021-12-21T08:12:05","modified_gmt":"2021-12-21T07:12:05","slug":"rrc-2020","status":"publish","type":"page","link":"https:\/\/rallyekrumlov.cz\/en\/competitors\/rrc-2020\/","title":{"rendered":"INOTECH electronic Regional Rallye Cup 2020"},"content":{"rendered":"\n<p><strong><a rel=\"noreferrer noopener\" href=\"https:\/\/rallyekrumlov.cz\/wp-content\/uploads\/2021\/11\/rrc2020_poradi_DE.pdf\" target=\"_blank\">Final standings<\/a><\/strong> after 48th Rallye \u010cesk\u00fd Krumlov <\/p>\n\n\n\n<p><strong><a rel=\"noreferrer noopener\" href=\"https:\/\/rallyekrumlov.cz\/wp-content\/uploads\/2021\/10\/rrc2020_regulations_EN.pdf\" target=\"_blank\">Regulations<\/a><\/strong><\/p>\n\n\n\n<div style=\"height:10px\" aria-hidden=\"true\" class=\"wp-block-spacer\"><\/div>\n\n\n\n<p> <strong><a rel=\"noreferrer noopener\" href=\"https:\/\/rallyekrumlov.cz\/wp-content\/uploads\/2021\/11\/rrc2020_poradi_DE.pdf\" target=\"_blank\">Gesamtwertung<\/a><\/strong> nach der 48. Rallye \u010cesk\u00fd Krumlov<\/p>\n\n\n\n<p><strong><a href=\"https:\/\/rallyekrumlov.cz\/wp-content\/uploads\/2021\/10\/rrc2020_ausschreibung_DE.pdf\" target=\"_blank\" rel=\"noreferrer noopener\">Ausschreibung<\/a><\/strong> (Deutsch)<\/p>\n","protected":false},"excerpt":{"rendered":"<p>Final standings after 48th Rallye \u010cesk\u00fd Krumlov Regulations Gesamtwertung nach der 48. Rallye \u010cesk\u00fd Krumlov Ausschreibung (Deutsch)<\/p>\n","protected":false},"author":2,"featured_media":0,"parent":56991,"menu_order":313,"comment_status":"closed","ping_status":"closed","template":"","meta":{"_acf_changed":false,"footnotes":""},"class_list":["post-76646","page","type-page","status-publish","hentry"],"acf":[],"yoast_head":"<!-- This site is optimized with the Yoast SEO Premium plugin v18.3 (Yoast SEO v27.3) - https:\/\/yoast.com\/product\/yoast-seo-premium-wordpress\/ -->\n<title>INOTECH electronic Regional Rallye Cup 2020 - Rallye \u010cesk\u00fd Krumlov<\/title>\n<meta name=\"robots\" content=\"index, follow, max-snippet:-1, max-image-preview:large, max-video-preview:-1\" \/>\n<link rel=\"canonical\" href=\"https:\/\/rallyekrumlov.cz\/en\/competitors\/rrc-2020\/\" \/>\n<meta property=\"og:locale\" content=\"en_US\" \/>\n<meta property=\"og:type\" content=\"article\" \/>\n<meta property=\"og:title\" content=\"INOTECH electronic Regional Rallye Cup 2020\" \/>\n<meta property=\"og:description\" content=\"Final standings after 48th Rallye \u010cesk\u00fd Krumlov Regulations Gesamtwertung nach der 48. Rallye \u010cesk\u00fd Krumlov Ausschreibung (Deutsch)\" \/>\n<meta property=\"og:url\" content=\"https:\/\/rallyekrumlov.cz\/en\/competitors\/rrc-2020\/\" \/>\n<meta property=\"og:site_name\" content=\"Rallye \u010cesk\u00fd Krumlov\" \/>\n<meta property=\"article:modified_time\" content=\"2021-12-21T07:12:05+00:00\" \/>\n<meta name=\"twitter:card\" content=\"summary_large_image\" \/>\n<script type=\"application\/ld+json\" class=\"yoast-schema-graph\">{\"@context\":\"https:\\\/\\\/schema.org\",\"@graph\":[{\"@type\":\"WebPage\",\"@id\":\"https:\\\/\\\/rallyekrumlov.cz\\\/en\\\/competitors\\\/rrc-2020\\\/\",\"url\":\"https:\\\/\\\/rallyekrumlov.cz\\\/en\\\/competitors\\\/rrc-2020\\\/\",\"name\":\"INOTECH electronic Regional Rallye Cup 2020 - Rallye \u010cesk\u00fd Krumlov\",\"isPartOf\":{\"@id\":\"https:\\\/\\\/rallyekrumlov.cz\\\/#website\"},\"datePublished\":\"2021-10-29T18:37:53+00:00\",\"dateModified\":\"2021-12-21T07:12:05+00:00\",\"breadcrumb\":{\"@id\":\"https:\\\/\\\/rallyekrumlov.cz\\\/en\\\/competitors\\\/rrc-2020\\\/#breadcrumb\"},\"inLanguage\":\"en-US\",\"potentialAction\":[{\"@type\":\"ReadAction\",\"target\":[\"https:\\\/\\\/rallyekrumlov.cz\\\/en\\\/competitors\\\/rrc-2020\\\/\"]}]},{\"@type\":\"BreadcrumbList\",\"@id\":\"https:\\\/\\\/rallyekrumlov.cz\\\/en\\\/competitors\\\/rrc-2020\\\/#breadcrumb\",\"itemListElement\":[{\"@type\":\"ListItem\",\"position\":1,\"name\":\"Home\",\"item\":\"https:\\\/\\\/rallyekrumlov.cz\\\/en\\\/\"},{\"@type\":\"ListItem\",\"position\":2,\"name\":\"Competitors\",\"item\":\"https:\\\/\\\/rallyekrumlov.cz\\\/en\\\/competitors\\\/\"},{\"@type\":\"ListItem\",\"position\":3,\"name\":\"INOTECH electronic Regional Rallye Cup 2020\"}]},{\"@type\":\"WebSite\",\"@id\":\"https:\\\/\\\/rallyekrumlov.cz\\\/#website\",\"url\":\"https:\\\/\\\/rallyekrumlov.cz\\\/\",\"name\":\"Rallye \u010cesk\u00fd Krumlov\",\"description\":\"\",\"potentialAction\":[{\"@type\":\"SearchAction\",\"target\":{\"@type\":\"EntryPoint\",\"urlTemplate\":\"https:\\\/\\\/rallyekrumlov.cz\\\/?s={search_term_string}\"},\"query-input\":{\"@type\":\"PropertyValueSpecification\",\"valueRequired\":true,\"valueName\":\"search_term_string\"}}],\"inLanguage\":\"en-US\"}]}<\/script>\n<!-- \/ Yoast SEO Premium plugin. -->","yoast_head_json":{"title":"INOTECH electronic Regional Rallye Cup 2020 - Rallye \u010cesk\u00fd Krumlov","robots":{"index":"index","follow":"follow","max-snippet":"max-snippet:-1","max-image-preview":"max-image-preview:large","max-video-preview":"max-video-preview:-1"},"canonical":"https:\/\/rallyekrumlov.cz\/en\/competitors\/rrc-2020\/","og_locale":"en_US","og_type":"article","og_title":"INOTECH electronic Regional Rallye Cup 2020","og_description":"Final standings after 48th Rallye \u010cesk\u00fd Krumlov Regulations Gesamtwertung nach der 48. Rallye \u010cesk\u00fd Krumlov Ausschreibung (Deutsch)","og_url":"https:\/\/rallyekrumlov.cz\/en\/competitors\/rrc-2020\/","og_site_name":"Rallye \u010cesk\u00fd Krumlov","article_modified_time":"2021-12-21T07:12:05+00:00","twitter_card":"summary_large_image","schema":{"@context":"https:\/\/schema.org","@graph":[{"@type":"WebPage","@id":"https:\/\/rallyekrumlov.cz\/en\/competitors\/rrc-2020\/","url":"https:\/\/rallyekrumlov.cz\/en\/competitors\/rrc-2020\/","name":"INOTECH electronic Regional Rallye Cup 2020 - Rallye \u010cesk\u00fd Krumlov","isPartOf":{"@id":"https:\/\/rallyekrumlov.cz\/#website"},"datePublished":"2021-10-29T18:37:53+00:00","dateModified":"2021-12-21T07:12:05+00:00","breadcrumb":{"@id":"https:\/\/rallyekrumlov.cz\/en\/competitors\/rrc-2020\/#breadcrumb"},"inLanguage":"en-US","potentialAction":[{"@type":"ReadAction","target":["https:\/\/rallyekrumlov.cz\/en\/competitors\/rrc-2020\/"]}]},{"@type":"BreadcrumbList","@id":"https:\/\/rallyekrumlov.cz\/en\/competitors\/rrc-2020\/#breadcrumb","itemListElement":[{"@type":"ListItem","position":1,"name":"Home","item":"https:\/\/rallyekrumlov.cz\/en\/"},{"@type":"ListItem","position":2,"name":"Competitors","item":"https:\/\/rallyekrumlov.cz\/en\/competitors\/"},{"@type":"ListItem","position":3,"name":"INOTECH electronic Regional Rallye Cup 2020"}]},{"@type":"WebSite","@id":"https:\/\/rallyekrumlov.cz\/#website","url":"https:\/\/rallyekrumlov.cz\/","name":"Rallye \u010cesk\u00fd Krumlov","description":"","potentialAction":[{"@type":"SearchAction","target":{"@type":"EntryPoint","urlTemplate":"https:\/\/rallyekrumlov.cz\/?s={search_term_string}"},"query-input":{"@type":"PropertyValueSpecification","valueRequired":true,"valueName":"search_term_string"}}],"inLanguage":"en-US"}]}},"_links":{"self":[{"href":"https:\/\/rallyekrumlov.cz\/en\/wp-json\/wp\/v2\/pages\/76646","targetHints":{"allow":["GET"]}}],"collection":[{"href":"https:\/\/rallyekrumlov.cz\/en\/wp-json\/wp\/v2\/pages"}],"about":[{"href":"https:\/\/rallyekrumlov.cz\/en\/wp-json\/wp\/v2\/types\/page"}],"author":[{"embeddable":true,"href":"https:\/\/rallyekrumlov.cz\/en\/wp-json\/wp\/v2\/users\/2"}],"replies":[{"embeddable":true,"href":"https:\/\/rallyekrumlov.cz\/en\/wp-json\/wp\/v2\/comments?post=76646"}],"version-history":[{"count":0,"href":"https:\/\/rallyekrumlov.cz\/en\/wp-json\/wp\/v2\/pages\/76646\/revisions"}],"up":[{"embeddable":true,"href":"https:\/\/rallyekrumlov.cz\/en\/wp-json\/wp\/v2\/pages\/56991"}],"wp:attachment":[{"href":"https:\/\/rallyekrumlov.cz\/en\/wp-json\/wp\/v2\/media?parent=76646"}],"curies":[{"name":"wp","href":"https:\/\/api.w.org\/{rel}","templated":true}]}}