{"id":77573,"date":"2021-11-06T22:18:10","date_gmt":"2021-11-06T21:18:10","guid":{"rendered":"https:\/\/rallyekrumlov.cz\/?page_id=77573"},"modified":"2021-11-07T00:14:00","modified_gmt":"2021-11-06T23:14:00","slug":"program-2021","status":"publish","type":"page","link":"https:\/\/rallyekrumlov.cz\/en\/spectators\/program-2021\/","title":{"rendered":"Programme of the 48th Rallye \u010cesk\u00fd Krumlov 2021"},"content":{"rendered":"\n<h4 class=\"wp-block-heading\">Thursday, November 11, 2021<\/h4>\n\n\n\n<p>19:00<br>Anniversary 50 years of the Rallye \u010cesk\u00fd Krumlov<br>\u010cesk\u00e9 Bud\u011bjovice, Exhibition area \u2013 hall Z<\/p>\n\n\n\n<h4 class=\"wp-block-heading\">Friday, November 12, 2021<\/h4>\n\n\n\n<p>11:30 \u2013 15:00<br>Administrative checks and scrutineering<br>\u010cesk\u00e9 Bud\u011bjovice,  Exhibition area<\/p>\n\n\n\n<p>14:00 \u2013 16:00<br>Shakedown<br>\u010cesk\u00e9 Bud\u011bjovice,  Exhibition area <\/p>\n\n\n\n<p><strong>18:00<\/strong><br><strong>SS 1 MOL Rallye Ar\u00e9na 1<\/strong><br>\u010cesk\u00e9 Bud\u011bjovice,  Exhibition area<\/p>\n\n\n\n<h4 class=\"wp-block-heading\">Saturday, November 13, 2021<\/h4>\n\n\n\n<p>10:30<br>Service area (15 minutes)<br>\u010cesk\u00e9 Bud\u011bjovice, Exhibition area<\/p>\n\n\n\n<p>11:35<br>Ceremonial start<br>\u010cesk\u00fd Krumlov, Deer garden<\/p>\n\n\n\n<p><strong>11:52<\/strong><br><strong>SS 2 \u00daAMK Ro\u017emit\u00e1l 1<\/strong><br>Spol\u00ed \u2013 Ro\u017emit\u00e1l na \u0160umav\u011b<\/p>\n\n\n\n<p><strong>12:18<\/strong><br><strong>SS 3 DA\u0147HEL Ro\u017emberk 1<\/strong><br>Ro\u017emit\u00e1l na \u0160umav\u011b \u2013 Ro\u017emberk nad Vltavou<\/p>\n\n\n\n<p><strong>13:05<\/strong><br><strong>SS 4 PLATINUM OIL J\u00e1n 1<\/strong><br>Blansko \u2013 Svat\u00fd Jan nad Mal\u0161\u00ed<\/p>\n\n\n\n<p>13:29<br>Regrouping<br>Vele\u0161\u00edn, Jihostroj parking<\/p>\n\n\n\n<p><strong>14:34<\/strong><br><strong>SS 5 MOL Rallye Ar\u00e9na 2<\/strong><br>\u010cesk\u00e9 Bud\u011bjovice, Exhibition area<\/p>\n\n\n\n<p>14:42<br>Service area (30 minutes)<br>\u010cesk\u00e9 Bud\u011bjovice, Exhibition area<\/p>\n\n\n\n<p><strong>15:57<\/strong><br><strong>SS 6 \u00daAMK Ro\u017emit\u00e1l 2<\/strong><br>Spol\u00ed \u2013 Ro\u017emit\u00e1l na \u0160umav\u011b<\/p>\n\n\n\n<p><strong>16:23<\/strong><br><strong>SS 7 DA\u0147HEL Ro\u017emberk 2<\/strong><br>Ro\u017emit\u00e1l na \u0160umav\u011b \u2013 Ro\u017emberk nad Vltavou<\/p>\n\n\n\n<p><strong>17:10<\/strong><br><strong>SS 8 PLATINUM OIL J\u00e1n 2<\/strong><br>Blansko \u2013 Svat\u00fd Jan nad Mal\u0161\u00ed<\/p>\n\n\n\n<p>17:58<br>Service area (45 minutes)<br>\u010cesk\u00e9 Bud\u011bjovice, Exhibition area<\/p>\n\n\n\n<h4 class=\"wp-block-heading\"><strong>Sunday, November 14, 2021<\/strong><\/h4>\n\n\n\n<p>7:15<br>Service area (15 minutes)<br>\u010cesk\u00e9 Bud\u011bjovice, Exhibition area<\/p>\n\n\n\n<p><strong>8:20<\/strong><br><strong>SS 9 INOTECH electronic Kohout 1<\/strong><br>Sob\u011bnov \u2013 P\u0159edles\u00ed<\/p>\n\n\n\n<p><strong>8:58<\/strong><br><strong>SS 10 SM produkt Malonty 1<\/strong><br>Rapotice \u2013 Rychnov nad Mal\u0161\u00ed<\/p>\n\n\n\n<p>9:44<br>Regrouping<br>Kaplice, u \u0160ev\u010d\u00edk\u016f parking<\/p>\n\n\n\n<p>10:54<br>Service area (30 minutes)<br>\u010cesk\u00e9 Bud\u011bjovice, Exhibition area<\/p>\n\n\n\n<p><strong>12:14<\/strong><br><strong>SS 11 INOTECH electronic Kohout 2<\/strong><br>Sob\u011bnov \u2013 P\u0159edles\u00ed<\/p>\n\n\n\n<p><strong>12:52<\/strong><br><strong>SS 12 SM produkt Malonty 2<\/strong><br>Rapotice \u2013 Rychnov nad Mal\u0161\u00ed<\/p>\n\n\n\n<p>14:00<br>Finish of the rally &amp; prize-giving ceremony<br>\u010cesk\u00fd Krumlov, Deer garden<\/p>\n\n\n\n<p>18:00<br>Rallye afterparty<br>\u010cesk\u00fd Krumlov, City Lounge Music Club &amp; Bar<\/p>\n","protected":false},"excerpt":{"rendered":"<p>Thursday, November 11, 2021 19:00Anniversary 50 years of the Rallye \u010cesk\u00fd Krumlov\u010cesk\u00e9 Bud\u011bjovice, Exhibition area \u2013 hall Z Friday, November&#8230;<\/p>\n","protected":false},"author":2,"featured_media":0,"parent":77579,"menu_order":248,"comment_status":"closed","ping_status":"closed","template":"","meta":{"_acf_changed":false,"footnotes":""},"class_list":["post-77573","page","type-page","status-publish","hentry"],"acf":[],"yoast_head":"<!-- This site is optimized with the Yoast SEO Premium plugin v18.3 (Yoast SEO v27.3) - https:\/\/yoast.com\/product\/yoast-seo-premium-wordpress\/ -->\n<title>Programme of the 48th Rallye \u010cesk\u00fd Krumlov 2021 - Rallye \u010cesk\u00fd Krumlov<\/title>\n<meta name=\"robots\" content=\"index, follow, max-snippet:-1, max-image-preview:large, max-video-preview:-1\" \/>\n<link rel=\"canonical\" href=\"https:\/\/rallyekrumlov.cz\/en\/spectators\/program-2021\/\" \/>\n<meta property=\"og:locale\" content=\"en_US\" \/>\n<meta property=\"og:type\" content=\"article\" \/>\n<meta property=\"og:title\" content=\"Programme of the 48th Rallye \u010cesk\u00fd Krumlov 2021\" \/>\n<meta property=\"og:description\" content=\"Thursday, November 11, 2021 19:00Anniversary 50 years of the Rallye \u010cesk\u00fd Krumlov\u010cesk\u00e9 Bud\u011bjovice, Exhibition area \u2013 hall Z Friday, November...\" \/>\n<meta property=\"og:url\" content=\"https:\/\/rallyekrumlov.cz\/en\/spectators\/program-2021\/\" \/>\n<meta property=\"og:site_name\" content=\"Rallye \u010cesk\u00fd Krumlov\" \/>\n<meta property=\"article:modified_time\" content=\"2021-11-06T23:14:00+00:00\" \/>\n<meta name=\"twitter:card\" content=\"summary_large_image\" \/>\n<meta name=\"twitter:label1\" content=\"Est. reading time\" \/>\n\t<meta name=\"twitter:data1\" content=\"1 minute\" \/>\n<script type=\"application\/ld+json\" class=\"yoast-schema-graph\">{\"@context\":\"https:\\\/\\\/schema.org\",\"@graph\":[{\"@type\":\"WebPage\",\"@id\":\"https:\\\/\\\/rallyekrumlov.cz\\\/en\\\/spectators\\\/program-2021\\\/\",\"url\":\"https:\\\/\\\/rallyekrumlov.cz\\\/en\\\/spectators\\\/program-2021\\\/\",\"name\":\"Programme of the 48th Rallye \u010cesk\u00fd Krumlov 2021 - Rallye \u010cesk\u00fd Krumlov\",\"isPartOf\":{\"@id\":\"https:\\\/\\\/rallyekrumlov.cz\\\/#website\"},\"datePublished\":\"2021-11-06T21:18:10+00:00\",\"dateModified\":\"2021-11-06T23:14:00+00:00\",\"breadcrumb\":{\"@id\":\"https:\\\/\\\/rallyekrumlov.cz\\\/en\\\/spectators\\\/program-2021\\\/#breadcrumb\"},\"inLanguage\":\"en-US\",\"potentialAction\":[{\"@type\":\"ReadAction\",\"target\":[\"https:\\\/\\\/rallyekrumlov.cz\\\/en\\\/spectators\\\/program-2021\\\/\"]}]},{\"@type\":\"BreadcrumbList\",\"@id\":\"https:\\\/\\\/rallyekrumlov.cz\\\/en\\\/spectators\\\/program-2021\\\/#breadcrumb\",\"itemListElement\":[{\"@type\":\"ListItem\",\"position\":1,\"name\":\"Home\",\"item\":\"https:\\\/\\\/rallyekrumlov.cz\\\/en\\\/\"},{\"@type\":\"ListItem\",\"position\":2,\"name\":\"Spectators\",\"item\":\"https:\\\/\\\/rallyekrumlov.cz\\\/en\\\/spectators\\\/\"},{\"@type\":\"ListItem\",\"position\":3,\"name\":\"Programme of the 48th Rallye \u010cesk\u00fd Krumlov 2021\"}]},{\"@type\":\"WebSite\",\"@id\":\"https:\\\/\\\/rallyekrumlov.cz\\\/#website\",\"url\":\"https:\\\/\\\/rallyekrumlov.cz\\\/\",\"name\":\"Rallye \u010cesk\u00fd Krumlov\",\"description\":\"\",\"potentialAction\":[{\"@type\":\"SearchAction\",\"target\":{\"@type\":\"EntryPoint\",\"urlTemplate\":\"https:\\\/\\\/rallyekrumlov.cz\\\/?s={search_term_string}\"},\"query-input\":{\"@type\":\"PropertyValueSpecification\",\"valueRequired\":true,\"valueName\":\"search_term_string\"}}],\"inLanguage\":\"en-US\"}]}<\/script>\n<!-- \/ Yoast SEO Premium plugin. -->","yoast_head_json":{"title":"Programme of the 48th Rallye \u010cesk\u00fd Krumlov 2021 - Rallye \u010cesk\u00fd Krumlov","robots":{"index":"index","follow":"follow","max-snippet":"max-snippet:-1","max-image-preview":"max-image-preview:large","max-video-preview":"max-video-preview:-1"},"canonical":"https:\/\/rallyekrumlov.cz\/en\/spectators\/program-2021\/","og_locale":"en_US","og_type":"article","og_title":"Programme of the 48th Rallye \u010cesk\u00fd Krumlov 2021","og_description":"Thursday, November 11, 2021 19:00Anniversary 50 years of the Rallye \u010cesk\u00fd Krumlov\u010cesk\u00e9 Bud\u011bjovice, Exhibition area \u2013 hall Z Friday, November...","og_url":"https:\/\/rallyekrumlov.cz\/en\/spectators\/program-2021\/","og_site_name":"Rallye \u010cesk\u00fd Krumlov","article_modified_time":"2021-11-06T23:14:00+00:00","twitter_card":"summary_large_image","twitter_misc":{"Est. reading time":"1 minute"},"schema":{"@context":"https:\/\/schema.org","@graph":[{"@type":"WebPage","@id":"https:\/\/rallyekrumlov.cz\/en\/spectators\/program-2021\/","url":"https:\/\/rallyekrumlov.cz\/en\/spectators\/program-2021\/","name":"Programme of the 48th Rallye \u010cesk\u00fd Krumlov 2021 - Rallye \u010cesk\u00fd Krumlov","isPartOf":{"@id":"https:\/\/rallyekrumlov.cz\/#website"},"datePublished":"2021-11-06T21:18:10+00:00","dateModified":"2021-11-06T23:14:00+00:00","breadcrumb":{"@id":"https:\/\/rallyekrumlov.cz\/en\/spectators\/program-2021\/#breadcrumb"},"inLanguage":"en-US","potentialAction":[{"@type":"ReadAction","target":["https:\/\/rallyekrumlov.cz\/en\/spectators\/program-2021\/"]}]},{"@type":"BreadcrumbList","@id":"https:\/\/rallyekrumlov.cz\/en\/spectators\/program-2021\/#breadcrumb","itemListElement":[{"@type":"ListItem","position":1,"name":"Home","item":"https:\/\/rallyekrumlov.cz\/en\/"},{"@type":"ListItem","position":2,"name":"Spectators","item":"https:\/\/rallyekrumlov.cz\/en\/spectators\/"},{"@type":"ListItem","position":3,"name":"Programme of the 48th Rallye \u010cesk\u00fd Krumlov 2021"}]},{"@type":"WebSite","@id":"https:\/\/rallyekrumlov.cz\/#website","url":"https:\/\/rallyekrumlov.cz\/","name":"Rallye \u010cesk\u00fd Krumlov","description":"","potentialAction":[{"@type":"SearchAction","target":{"@type":"EntryPoint","urlTemplate":"https:\/\/rallyekrumlov.cz\/?s={search_term_string}"},"query-input":{"@type":"PropertyValueSpecification","valueRequired":true,"valueName":"search_term_string"}}],"inLanguage":"en-US"}]}},"_links":{"self":[{"href":"https:\/\/rallyekrumlov.cz\/en\/wp-json\/wp\/v2\/pages\/77573","targetHints":{"allow":["GET"]}}],"collection":[{"href":"https:\/\/rallyekrumlov.cz\/en\/wp-json\/wp\/v2\/pages"}],"about":[{"href":"https:\/\/rallyekrumlov.cz\/en\/wp-json\/wp\/v2\/types\/page"}],"author":[{"embeddable":true,"href":"https:\/\/rallyekrumlov.cz\/en\/wp-json\/wp\/v2\/users\/2"}],"replies":[{"embeddable":true,"href":"https:\/\/rallyekrumlov.cz\/en\/wp-json\/wp\/v2\/comments?post=77573"}],"version-history":[{"count":0,"href":"https:\/\/rallyekrumlov.cz\/en\/wp-json\/wp\/v2\/pages\/77573\/revisions"}],"up":[{"embeddable":true,"href":"https:\/\/rallyekrumlov.cz\/en\/wp-json\/wp\/v2\/pages\/77579"}],"wp:attachment":[{"href":"https:\/\/rallyekrumlov.cz\/en\/wp-json\/wp\/v2\/media?parent=77573"}],"curies":[{"name":"wp","href":"https:\/\/api.w.org\/{rel}","templated":true}]}}