{"id":77592,"date":"2021-11-06T22:40:27","date_gmt":"2021-11-06T21:40:27","guid":{"rendered":"https:\/\/rallyekrumlov.cz\/?page_id=77592"},"modified":"2021-11-07T21:19:14","modified_gmt":"2021-11-07T20:19:14","slug":"mapa-dm","status":"publish","type":"page","link":"https:\/\/rallyekrumlov.cz\/en\/spectators\/mapa-dm\/","title":{"rendered":"Map and spectator zones"},"content":{"rendered":"\n<p>We have prepared an interactive map of the 48th Rally \u010cesk\u00fd Krumlov 2021 with the route of the stages and other important points of the competition. Detailed information about individual spectator locations can be found below.<\/p>\n\n\n\n<iframe loading=\"lazy\" width=\"100%\" height=\"550\" frameborder=\"0\" scrolling=\"no\" marginheight=\"0\" marginwidth=\"0\" src=\"https:\/\/www.google.com\/maps\/d\/embed?mid=1kYvhZBFZZjy6_M-UQQAurJ-01HpaGS5H\"><\/iframe>\n\n\n\n<p><a rel=\"noreferrer noopener\" href=\"https:\/\/rallyekrumlov.cz\/wp-content\/uploads\/2021\/11\/Mapa_2021_web_download.pdf\" target=\"_blank\">Map of the 48th Rallye \u010cesk\u00fd Krumlov<\/a><\/p>\n\n\n\n<h4 class=\"wp-block-heading\">Spectator zones<\/h4>\n\n\n\n<ul class=\"wp-block-list\"><li><a href=\"https:\/\/rallyekrumlov.cz\/en\/spectators\/mapa-dm\/mol-rallye-arena\/\" data-type=\"URL\"><strong>Super RZ MOL Rallye Ar\u00e9na<\/strong><\/a><\/li><li><strong><a href=\"https:\/\/rallyekrumlov.cz\/en\/spectators\/mapa-dm\/pracov\/\">A \u2013 Pr\u00e1\u010dov<\/a><\/strong><\/li><li><strong><a href=\"https:\/\/rallyekrumlov.cz\/en\/spectators\/mapa-dm\/spectators-place-b\/\">B \u2013\u00a0PLATINUM OIL Rallye Ar\u00e9na \/ Blansko<\/a><\/strong><\/li><li><strong><a href=\"https:\/\/rallyekrumlov.cz\/en\/spectators\/mapa-dm\/spectators-place-c\/\">C \u2013 Mal\u010de<\/a><\/strong><\/li><li><strong><a href=\"https:\/\/rallyekrumlov.cz\/en\/spectators\/mapa-dm\/spectators-place-d\/\">D \u2013 Col de J\u00e1n \/ Svat\u00fd Jan nad Mal\u0161\u00ed<\/a><\/strong><\/li><li><strong><a href=\"https:\/\/rallyekrumlov.cz\/en\/spectators\/mapa-dm\/spectators-place-e\/\">E \u2013 Sob\u011bnov<\/a><\/strong><\/li><li><strong><a href=\"https:\/\/rallyekrumlov.cz\/en\/spectators\/mapa-dm\/spectators-place-f\/\">F \u2013 Li\u010dov<\/a><\/strong><\/li><li><strong><a href=\"https:\/\/rallyekrumlov.cz\/en\/spectators\/mapa-dm\/spectators-place-g\/\">G \u2013 Malonty<\/a><\/strong><\/li><li><strong><a href=\"https:\/\/rallyekrumlov.cz\/en\/spectators\/mapa-dm\/spectators-place-h\/\">H \u2013 Rychnov nad Mal\u0161\u00ed<\/a><\/strong><\/li><\/ul>\n","protected":false},"excerpt":{"rendered":"<p>We have prepared an interactive map of the 48th Rally \u010cesk\u00fd Krumlov 2021 with the route of the stages and&#8230;<\/p>\n","protected":false},"author":2,"featured_media":1693,"parent":77579,"menu_order":293,"comment_status":"closed","ping_status":"closed","template":"","meta":{"_acf_changed":false,"footnotes":""},"class_list":["post-77592","page","type-page","status-publish","has-post-thumbnail","hentry"],"acf":[],"yoast_head":"<!-- This site is optimized with the Yoast SEO Premium plugin v18.3 (Yoast SEO v27.3) - https:\/\/yoast.com\/product\/yoast-seo-premium-wordpress\/ -->\n<title>Map and spectator zones - Rallye \u010cesk\u00fd Krumlov<\/title>\n<meta name=\"robots\" content=\"index, follow, max-snippet:-1, max-image-preview:large, max-video-preview:-1\" \/>\n<link rel=\"canonical\" href=\"https:\/\/rallyekrumlov.cz\/en\/spectators\/mapa-dm\/\" \/>\n<meta property=\"og:locale\" content=\"en_US\" \/>\n<meta property=\"og:type\" content=\"article\" \/>\n<meta property=\"og:title\" content=\"Map and spectator zones\" \/>\n<meta property=\"og:description\" content=\"We have prepared an interactive map of the 48th Rally \u010cesk\u00fd Krumlov 2021 with the route of the stages and...\" \/>\n<meta property=\"og:url\" content=\"https:\/\/rallyekrumlov.cz\/en\/spectators\/mapa-dm\/\" \/>\n<meta property=\"og:site_name\" content=\"Rallye \u010cesk\u00fd Krumlov\" \/>\n<meta property=\"article:modified_time\" content=\"2021-11-07T20:19:14+00:00\" \/>\n<meta property=\"og:image\" content=\"https:\/\/rallyekrumlov.cz\/wp-content\/uploads\/2019\/03\/rck_galerie-vyber30.jpg\" \/>\n\t<meta property=\"og:image:width\" content=\"2000\" \/>\n\t<meta property=\"og:image:height\" content=\"1333\" \/>\n\t<meta property=\"og:image:type\" content=\"image\/jpeg\" \/>\n<meta name=\"twitter:card\" content=\"summary_large_image\" \/>\n<script type=\"application\/ld+json\" class=\"yoast-schema-graph\">{\"@context\":\"https:\\\/\\\/schema.org\",\"@graph\":[{\"@type\":\"WebPage\",\"@id\":\"https:\\\/\\\/rallyekrumlov.cz\\\/en\\\/spectators\\\/mapa-dm\\\/\",\"url\":\"https:\\\/\\\/rallyekrumlov.cz\\\/en\\\/spectators\\\/mapa-dm\\\/\",\"name\":\"Map and spectator zones - Rallye \u010cesk\u00fd Krumlov\",\"isPartOf\":{\"@id\":\"https:\\\/\\\/rallyekrumlov.cz\\\/#website\"},\"primaryImageOfPage\":{\"@id\":\"https:\\\/\\\/rallyekrumlov.cz\\\/en\\\/spectators\\\/mapa-dm\\\/#primaryimage\"},\"image\":{\"@id\":\"https:\\\/\\\/rallyekrumlov.cz\\\/en\\\/spectators\\\/mapa-dm\\\/#primaryimage\"},\"thumbnailUrl\":\"https:\\\/\\\/rallyekrumlov.cz\\\/wp-content\\\/uploads\\\/2019\\\/03\\\/rck_galerie-vyber30.jpg\",\"datePublished\":\"2021-11-06T21:40:27+00:00\",\"dateModified\":\"2021-11-07T20:19:14+00:00\",\"breadcrumb\":{\"@id\":\"https:\\\/\\\/rallyekrumlov.cz\\\/en\\\/spectators\\\/mapa-dm\\\/#breadcrumb\"},\"inLanguage\":\"en-US\",\"potentialAction\":[{\"@type\":\"ReadAction\",\"target\":[\"https:\\\/\\\/rallyekrumlov.cz\\\/en\\\/spectators\\\/mapa-dm\\\/\"]}]},{\"@type\":\"ImageObject\",\"inLanguage\":\"en-US\",\"@id\":\"https:\\\/\\\/rallyekrumlov.cz\\\/en\\\/spectators\\\/mapa-dm\\\/#primaryimage\",\"url\":\"https:\\\/\\\/rallyekrumlov.cz\\\/wp-content\\\/uploads\\\/2019\\\/03\\\/rck_galerie-vyber30.jpg\",\"contentUrl\":\"https:\\\/\\\/rallyekrumlov.cz\\\/wp-content\\\/uploads\\\/2019\\\/03\\\/rck_galerie-vyber30.jpg\",\"width\":2000,\"height\":1333},{\"@type\":\"BreadcrumbList\",\"@id\":\"https:\\\/\\\/rallyekrumlov.cz\\\/en\\\/spectators\\\/mapa-dm\\\/#breadcrumb\",\"itemListElement\":[{\"@type\":\"ListItem\",\"position\":1,\"name\":\"Home\",\"item\":\"https:\\\/\\\/rallyekrumlov.cz\\\/en\\\/\"},{\"@type\":\"ListItem\",\"position\":2,\"name\":\"Spectators\",\"item\":\"https:\\\/\\\/rallyekrumlov.cz\\\/en\\\/spectators\\\/\"},{\"@type\":\"ListItem\",\"position\":3,\"name\":\"Map and spectator zones\"}]},{\"@type\":\"WebSite\",\"@id\":\"https:\\\/\\\/rallyekrumlov.cz\\\/#website\",\"url\":\"https:\\\/\\\/rallyekrumlov.cz\\\/\",\"name\":\"Rallye \u010cesk\u00fd Krumlov\",\"description\":\"\",\"potentialAction\":[{\"@type\":\"SearchAction\",\"target\":{\"@type\":\"EntryPoint\",\"urlTemplate\":\"https:\\\/\\\/rallyekrumlov.cz\\\/?s={search_term_string}\"},\"query-input\":{\"@type\":\"PropertyValueSpecification\",\"valueRequired\":true,\"valueName\":\"search_term_string\"}}],\"inLanguage\":\"en-US\"}]}<\/script>\n<!-- \/ Yoast SEO Premium plugin. -->","yoast_head_json":{"title":"Map and spectator zones - Rallye \u010cesk\u00fd Krumlov","robots":{"index":"index","follow":"follow","max-snippet":"max-snippet:-1","max-image-preview":"max-image-preview:large","max-video-preview":"max-video-preview:-1"},"canonical":"https:\/\/rallyekrumlov.cz\/en\/spectators\/mapa-dm\/","og_locale":"en_US","og_type":"article","og_title":"Map and spectator zones","og_description":"We have prepared an interactive map of the 48th Rally \u010cesk\u00fd Krumlov 2021 with the route of the stages and...","og_url":"https:\/\/rallyekrumlov.cz\/en\/spectators\/mapa-dm\/","og_site_name":"Rallye \u010cesk\u00fd Krumlov","article_modified_time":"2021-11-07T20:19:14+00:00","og_image":[{"width":2000,"height":1333,"url":"https:\/\/rallyekrumlov.cz\/wp-content\/uploads\/2019\/03\/rck_galerie-vyber30.jpg","type":"image\/jpeg"}],"twitter_card":"summary_large_image","schema":{"@context":"https:\/\/schema.org","@graph":[{"@type":"WebPage","@id":"https:\/\/rallyekrumlov.cz\/en\/spectators\/mapa-dm\/","url":"https:\/\/rallyekrumlov.cz\/en\/spectators\/mapa-dm\/","name":"Map and spectator zones - Rallye \u010cesk\u00fd Krumlov","isPartOf":{"@id":"https:\/\/rallyekrumlov.cz\/#website"},"primaryImageOfPage":{"@id":"https:\/\/rallyekrumlov.cz\/en\/spectators\/mapa-dm\/#primaryimage"},"image":{"@id":"https:\/\/rallyekrumlov.cz\/en\/spectators\/mapa-dm\/#primaryimage"},"thumbnailUrl":"https:\/\/rallyekrumlov.cz\/wp-content\/uploads\/2019\/03\/rck_galerie-vyber30.jpg","datePublished":"2021-11-06T21:40:27+00:00","dateModified":"2021-11-07T20:19:14+00:00","breadcrumb":{"@id":"https:\/\/rallyekrumlov.cz\/en\/spectators\/mapa-dm\/#breadcrumb"},"inLanguage":"en-US","potentialAction":[{"@type":"ReadAction","target":["https:\/\/rallyekrumlov.cz\/en\/spectators\/mapa-dm\/"]}]},{"@type":"ImageObject","inLanguage":"en-US","@id":"https:\/\/rallyekrumlov.cz\/en\/spectators\/mapa-dm\/#primaryimage","url":"https:\/\/rallyekrumlov.cz\/wp-content\/uploads\/2019\/03\/rck_galerie-vyber30.jpg","contentUrl":"https:\/\/rallyekrumlov.cz\/wp-content\/uploads\/2019\/03\/rck_galerie-vyber30.jpg","width":2000,"height":1333},{"@type":"BreadcrumbList","@id":"https:\/\/rallyekrumlov.cz\/en\/spectators\/mapa-dm\/#breadcrumb","itemListElement":[{"@type":"ListItem","position":1,"name":"Home","item":"https:\/\/rallyekrumlov.cz\/en\/"},{"@type":"ListItem","position":2,"name":"Spectators","item":"https:\/\/rallyekrumlov.cz\/en\/spectators\/"},{"@type":"ListItem","position":3,"name":"Map and spectator zones"}]},{"@type":"WebSite","@id":"https:\/\/rallyekrumlov.cz\/#website","url":"https:\/\/rallyekrumlov.cz\/","name":"Rallye \u010cesk\u00fd Krumlov","description":"","potentialAction":[{"@type":"SearchAction","target":{"@type":"EntryPoint","urlTemplate":"https:\/\/rallyekrumlov.cz\/?s={search_term_string}"},"query-input":{"@type":"PropertyValueSpecification","valueRequired":true,"valueName":"search_term_string"}}],"inLanguage":"en-US"}]}},"_links":{"self":[{"href":"https:\/\/rallyekrumlov.cz\/en\/wp-json\/wp\/v2\/pages\/77592","targetHints":{"allow":["GET"]}}],"collection":[{"href":"https:\/\/rallyekrumlov.cz\/en\/wp-json\/wp\/v2\/pages"}],"about":[{"href":"https:\/\/rallyekrumlov.cz\/en\/wp-json\/wp\/v2\/types\/page"}],"author":[{"embeddable":true,"href":"https:\/\/rallyekrumlov.cz\/en\/wp-json\/wp\/v2\/users\/2"}],"replies":[{"embeddable":true,"href":"https:\/\/rallyekrumlov.cz\/en\/wp-json\/wp\/v2\/comments?post=77592"}],"version-history":[{"count":1,"href":"https:\/\/rallyekrumlov.cz\/en\/wp-json\/wp\/v2\/pages\/77592\/revisions"}],"predecessor-version":[{"id":114074,"href":"https:\/\/rallyekrumlov.cz\/en\/wp-json\/wp\/v2\/pages\/77592\/revisions\/114074"}],"up":[{"embeddable":true,"href":"https:\/\/rallyekrumlov.cz\/en\/wp-json\/wp\/v2\/pages\/77579"}],"wp:featuredmedia":[{"embeddable":true,"href":"https:\/\/rallyekrumlov.cz\/en\/wp-json\/wp\/v2\/media\/1693"}],"wp:attachment":[{"href":"https:\/\/rallyekrumlov.cz\/en\/wp-json\/wp\/v2\/media?parent=77592"}],"curies":[{"name":"wp","href":"https:\/\/api.w.org\/{rel}","templated":true}]}}