{"id":77736,"date":"2021-11-09T16:46:37","date_gmt":"2021-11-09T15:46:37","guid":{"rendered":"https:\/\/rallyekrumlov.cz\/?page_id=77736"},"modified":"2021-11-09T16:55:07","modified_gmt":"2021-11-09T15:55:07","slug":"covid","status":"publish","type":"page","link":"https:\/\/rallyekrumlov.cz\/en\/covid\/","title":{"rendered":"COVID FREE 48th Rallye \u010cesk\u00fd Krumlov 2021: Information for spectators"},"content":{"rendered":"\n<p>Based on the order of the Regional Sanitary Station of the South Bohemia Region, the spectators of the 48th Rally \u010cesk\u00fd Krumlov, held from 12 to 14 November 2021, have the following obligations to meet the sanitary requirements during the competition.<\/p>\n\n\n\n<h4 class=\"wp-block-heading\">Spectator participation at stages<\/h4>\n\n\n\n<ul class=\"wp-block-list\"><li>It is necessary to observe the spacing and in large groups of people to wear a respirator according to the current rules of the Ministry of Health.<\/li><li>In indoor areas, respirators are required to be worn according to the current Department of Health rules.<\/li><\/ul>\n\n\n\n<h4 class=\"wp-block-heading\">Exhibition area \u010cesk\u00e9 Bud\u011bjovice<\/h4>\n\n\n\n<ul class=\"wp-block-list\"><li>When entering the <a href=\"https:\/\/rallyekrumlov.cz\/en\/spectators\/mapa-dm\/mol-rallye-arena\/\">MOL Rallye Arena<\/a> (V\u00fdstavi\u0161t\u011b \u010cesk\u00e9 Bud\u011bjovice), the movement of people in the outdoor area is assumed, therefore the O-N-T system (vaccination-disease-testing) control will not be immediately required.<\/li><li>It is necessary to observe the spacing and to wear a respirator in large groups of people according to the currently valid rules of the Ministry of Health.<\/li><\/ul>\n\n\n\n<h4 class=\"wp-block-heading\">Pavilion Z<\/h4>\n\n\n\n<ul class=\"wp-block-list\"><li>All persons will be checked at the entrance by the O-N-T system (vaccination-disease-testing) at all times when the competition is open to the public.<\/li><li>Respirators are required to be worn indoors in accordance with current Department of Health regulations.<\/li><\/ul>\n\n\n\n<blockquote class=\"wp-block-quote is-layout-flow wp-block-quote-is-layout-flow\"><p><strong><a href=\"https:\/\/rallyekrumlov.cz\/en\/competitors\/hygienic-conditions-for-crews\/\">Hygiene conditions for competing crews<\/a><\/strong><\/p><\/blockquote>\n\n\n\n<h4 class=\"wp-block-heading\">Testing at the venue<\/h4>\n\n\n\n<p>The public will be allowed to take the covid-19 test without prior registration at the NEXTCLINICS sampling station at the entrance gate to the Exhibition area \u010cesk\u00e9 Bud\u011bjovice from Husova street:<\/p>\n\n\n\n<ol class=\"wp-block-list\"><li>PCR test &#8211; Thursday 11 November 2021 from 8 a.m. to 1 p.m.<\/li><li>antigen test &#8211; on 11 and 12 November 2021 from 8 a.m. to 4 p.m.<\/li><\/ol>\n","protected":false},"excerpt":{"rendered":"<p>Based on the order of the Regional Sanitary Station of the South Bohemia Region, the spectators of the 48th Rally&#8230;<\/p>\n","protected":false},"author":2,"featured_media":0,"parent":0,"menu_order":239,"comment_status":"closed","ping_status":"closed","template":"","meta":{"_acf_changed":false,"footnotes":""},"class_list":["post-77736","page","type-page","status-publish","hentry"],"acf":[],"yoast_head":"<!-- This site is optimized with the Yoast SEO Premium plugin v18.3 (Yoast SEO v27.3) - https:\/\/yoast.com\/product\/yoast-seo-premium-wordpress\/ -->\n<title>COVID FREE 48th Rallye \u010cesk\u00fd Krumlov 2021: Information for spectators - Rallye \u010cesk\u00fd Krumlov<\/title>\n<meta name=\"robots\" content=\"index, follow, max-snippet:-1, max-image-preview:large, max-video-preview:-1\" \/>\n<link rel=\"canonical\" href=\"https:\/\/rallyekrumlov.cz\/en\/covid\/\" \/>\n<meta property=\"og:locale\" content=\"en_US\" \/>\n<meta property=\"og:type\" content=\"article\" \/>\n<meta property=\"og:title\" content=\"COVID FREE 48th Rallye \u010cesk\u00fd Krumlov 2021: Information for spectators\" \/>\n<meta property=\"og:description\" content=\"Based on the order of the Regional Sanitary Station of the South Bohemia Region, the spectators of the 48th Rally...\" \/>\n<meta property=\"og:url\" content=\"https:\/\/rallyekrumlov.cz\/en\/covid\/\" \/>\n<meta property=\"og:site_name\" content=\"Rallye \u010cesk\u00fd Krumlov\" \/>\n<meta property=\"article:modified_time\" content=\"2021-11-09T15:55:07+00:00\" \/>\n<meta name=\"twitter:card\" content=\"summary_large_image\" \/>\n<meta name=\"twitter:label1\" content=\"Est. reading time\" \/>\n\t<meta name=\"twitter:data1\" content=\"1 minute\" \/>\n<script type=\"application\/ld+json\" class=\"yoast-schema-graph\">{\"@context\":\"https:\\\/\\\/schema.org\",\"@graph\":[{\"@type\":\"WebPage\",\"@id\":\"https:\\\/\\\/rallyekrumlov.cz\\\/en\\\/covid\\\/\",\"url\":\"https:\\\/\\\/rallyekrumlov.cz\\\/en\\\/covid\\\/\",\"name\":\"COVID FREE 48th Rallye \u010cesk\u00fd Krumlov 2021: Information for spectators - Rallye \u010cesk\u00fd Krumlov\",\"isPartOf\":{\"@id\":\"https:\\\/\\\/rallyekrumlov.cz\\\/#website\"},\"datePublished\":\"2021-11-09T15:46:37+00:00\",\"dateModified\":\"2021-11-09T15:55:07+00:00\",\"breadcrumb\":{\"@id\":\"https:\\\/\\\/rallyekrumlov.cz\\\/en\\\/covid\\\/#breadcrumb\"},\"inLanguage\":\"en-US\",\"potentialAction\":[{\"@type\":\"ReadAction\",\"target\":[\"https:\\\/\\\/rallyekrumlov.cz\\\/en\\\/covid\\\/\"]}]},{\"@type\":\"BreadcrumbList\",\"@id\":\"https:\\\/\\\/rallyekrumlov.cz\\\/en\\\/covid\\\/#breadcrumb\",\"itemListElement\":[{\"@type\":\"ListItem\",\"position\":1,\"name\":\"Home\",\"item\":\"https:\\\/\\\/rallyekrumlov.cz\\\/en\\\/\"},{\"@type\":\"ListItem\",\"position\":2,\"name\":\"COVID FREE 48th Rallye \u010cesk\u00fd Krumlov 2021: Information for spectators\"}]},{\"@type\":\"WebSite\",\"@id\":\"https:\\\/\\\/rallyekrumlov.cz\\\/#website\",\"url\":\"https:\\\/\\\/rallyekrumlov.cz\\\/\",\"name\":\"Rallye \u010cesk\u00fd Krumlov\",\"description\":\"\",\"potentialAction\":[{\"@type\":\"SearchAction\",\"target\":{\"@type\":\"EntryPoint\",\"urlTemplate\":\"https:\\\/\\\/rallyekrumlov.cz\\\/?s={search_term_string}\"},\"query-input\":{\"@type\":\"PropertyValueSpecification\",\"valueRequired\":true,\"valueName\":\"search_term_string\"}}],\"inLanguage\":\"en-US\"}]}<\/script>\n<!-- \/ Yoast SEO Premium plugin. -->","yoast_head_json":{"title":"COVID FREE 48th Rallye \u010cesk\u00fd Krumlov 2021: Information for spectators - Rallye \u010cesk\u00fd Krumlov","robots":{"index":"index","follow":"follow","max-snippet":"max-snippet:-1","max-image-preview":"max-image-preview:large","max-video-preview":"max-video-preview:-1"},"canonical":"https:\/\/rallyekrumlov.cz\/en\/covid\/","og_locale":"en_US","og_type":"article","og_title":"COVID FREE 48th Rallye \u010cesk\u00fd Krumlov 2021: Information for spectators","og_description":"Based on the order of the Regional Sanitary Station of the South Bohemia Region, the spectators of the 48th Rally...","og_url":"https:\/\/rallyekrumlov.cz\/en\/covid\/","og_site_name":"Rallye \u010cesk\u00fd Krumlov","article_modified_time":"2021-11-09T15:55:07+00:00","twitter_card":"summary_large_image","twitter_misc":{"Est. reading time":"1 minute"},"schema":{"@context":"https:\/\/schema.org","@graph":[{"@type":"WebPage","@id":"https:\/\/rallyekrumlov.cz\/en\/covid\/","url":"https:\/\/rallyekrumlov.cz\/en\/covid\/","name":"COVID FREE 48th Rallye \u010cesk\u00fd Krumlov 2021: Information for spectators - Rallye \u010cesk\u00fd Krumlov","isPartOf":{"@id":"https:\/\/rallyekrumlov.cz\/#website"},"datePublished":"2021-11-09T15:46:37+00:00","dateModified":"2021-11-09T15:55:07+00:00","breadcrumb":{"@id":"https:\/\/rallyekrumlov.cz\/en\/covid\/#breadcrumb"},"inLanguage":"en-US","potentialAction":[{"@type":"ReadAction","target":["https:\/\/rallyekrumlov.cz\/en\/covid\/"]}]},{"@type":"BreadcrumbList","@id":"https:\/\/rallyekrumlov.cz\/en\/covid\/#breadcrumb","itemListElement":[{"@type":"ListItem","position":1,"name":"Home","item":"https:\/\/rallyekrumlov.cz\/en\/"},{"@type":"ListItem","position":2,"name":"COVID FREE 48th Rallye \u010cesk\u00fd Krumlov 2021: Information for spectators"}]},{"@type":"WebSite","@id":"https:\/\/rallyekrumlov.cz\/#website","url":"https:\/\/rallyekrumlov.cz\/","name":"Rallye \u010cesk\u00fd Krumlov","description":"","potentialAction":[{"@type":"SearchAction","target":{"@type":"EntryPoint","urlTemplate":"https:\/\/rallyekrumlov.cz\/?s={search_term_string}"},"query-input":{"@type":"PropertyValueSpecification","valueRequired":true,"valueName":"search_term_string"}}],"inLanguage":"en-US"}]}},"_links":{"self":[{"href":"https:\/\/rallyekrumlov.cz\/en\/wp-json\/wp\/v2\/pages\/77736","targetHints":{"allow":["GET"]}}],"collection":[{"href":"https:\/\/rallyekrumlov.cz\/en\/wp-json\/wp\/v2\/pages"}],"about":[{"href":"https:\/\/rallyekrumlov.cz\/en\/wp-json\/wp\/v2\/types\/page"}],"author":[{"embeddable":true,"href":"https:\/\/rallyekrumlov.cz\/en\/wp-json\/wp\/v2\/users\/2"}],"replies":[{"embeddable":true,"href":"https:\/\/rallyekrumlov.cz\/en\/wp-json\/wp\/v2\/comments?post=77736"}],"version-history":[{"count":0,"href":"https:\/\/rallyekrumlov.cz\/en\/wp-json\/wp\/v2\/pages\/77736\/revisions"}],"wp:attachment":[{"href":"https:\/\/rallyekrumlov.cz\/en\/wp-json\/wp\/v2\/media?parent=77736"}],"curies":[{"name":"wp","href":"https:\/\/api.w.org\/{rel}","templated":true}]}}