{"id":93090,"date":"2022-04-04T20:54:00","date_gmt":"2022-04-04T18:54:00","guid":{"rendered":"https:\/\/rallyekrumlov.cz\/?page_id=93090"},"modified":"2022-05-16T09:08:53","modified_gmt":"2022-05-16T07:08:53","slug":"media","status":"publish","type":"page","link":"https:\/\/rallyekrumlov.cz\/en\/rck2022\/media\/","title":{"rendered":"Media"},"content":{"rendered":"\n<h4 class=\"wp-block-heading\">Media accreditation<\/h4>\n\n\n\n<p>Applications for accreditation must only be submitted via email to <a href=\"mailto:akreditace@mediadelegat.cz\" target=\"_blank\" rel=\"noreferrer noopener\">akreditace@mediadelegat.cz<\/a>.<\/p>\n\n\n\n<p><a href=\"https:\/\/rallyekrumlov.cz\/wp-content\/uploads\/2021\/10\/media-2021.pdf\" target=\"_blank\" rel=\"noreferrer noopener\">Uniform principles for the accreditation of journalists<\/a><\/p>\n\n\n\n<p>The deadline for applications for accreditation for the 49th Rally \u010cesk\u00fd Krumlov is 6 May 2022.<\/p>\n\n\n\n<div style=\"height:5px\" aria-hidden=\"true\" class=\"wp-block-spacer\"><\/div>\n\n\n\n<h4 class=\"wp-block-heading\" id=\"h-contact\">Contact<\/h4>\n\n\n\n<p><strong>Autoklub \u010cesk\u00e9 republiky<\/strong><br>Opletalova 1337\/29<br>110 00 Praha 1<br>Email:&nbsp;<a rel=\"noreferrer noopener\" href=\"mailto:akreditace@mediadelegat.cz\" target=\"_blank\">akreditace@mediadelegat.cz<\/a> <br>Information system:&nbsp;<a rel=\"noreferrer noopener\" href=\"http:\/\/akreditace.mediasport.cz\/\" target=\"_blank\">akreditace.mediasport.cz<\/a><\/p>\n\n\n\n<p><strong>\u00daAMK Automotoklub Rallye \u010cesk\u00fd Krumlov<\/strong><br>Franti\u0161ek Fo\u0161um<br>Press Relations Officer<br>P. O. Box 26<br>381 01 \u010cesk\u00fd Krumlov<br>Email:&nbsp;<a rel=\"noreferrer noopener\" href=\"mailto:frantisek.fosum@rallyekrumlov.cz\" target=\"_blank\">frantisek.fosum@rallyekrumlov.cz<\/a><br>Phone: +420 724 027 671<\/p>\n\n\n\n<h4 class=\"wp-block-heading\" id=\"h-press-centre\"><strong>Press centre<\/strong><\/h4>\n\n\n\n<p><strong>Location: \u010cesk\u00e9 Bud\u011bjovice, Exhibition area &#8211; hall Z<\/strong><br>GPS: N 48\u00b059.11447&#8242;, E 14\u00b027.61623&#8242;<br>Friday 20. 5. 2022 | 07:30 &#8211; 23:00<br>Saturday 21. 5. 2022 | 08:00 &#8211; 14:00<\/p>\n\n\n\n<p><strong>Location: \u010cesk\u00fd Krumlov, Deer garden parking (tent)<\/strong><br>GPS: N 48\u00b081.384458&#8242;, E 14\u00b031.33939&#8242;<br>Sunday 21. 5. 2022 | 15:30 &#8211; 16:30<\/p>\n\n\n\n<hr class=\"wp-block-separator\"\/>\n\n\n\n<p><strong><a href=\"https:\/\/rallyekrumlov.cz\/en\/rck2022\/media\/media-prohibited-areas\/\">Media &#8211; Prohibited ares<\/a><\/strong><\/p>\n\n\n\n<p><strong><a href=\"https:\/\/rallyekrumlov.cz\/wp-content\/uploads\/2022\/04\/RallyGuide_1_GB_2022.pdf\" target=\"_blank\" rel=\"noreferrer noopener\">Rally Guide<\/a><\/strong><\/p>\n","protected":false},"excerpt":{"rendered":"<p>Media accreditation Applications for accreditation must only be submitted via email to akreditace@mediadelegat.cz. Uniform principles for the accreditation of journalists&#8230;<\/p>\n","protected":false},"author":3,"featured_media":0,"parent":93182,"menu_order":235,"comment_status":"closed","ping_status":"closed","template":"","meta":{"_acf_changed":false,"footnotes":""},"class_list":["post-93090","page","type-page","status-publish","hentry"],"acf":[],"yoast_head":"<!-- This site is optimized with the Yoast SEO Premium plugin v18.3 (Yoast SEO v27.3) - https:\/\/yoast.com\/product\/yoast-seo-premium-wordpress\/ -->\n<title>Media - Rallye \u010cesk\u00fd Krumlov<\/title>\n<meta name=\"robots\" content=\"index, follow, max-snippet:-1, max-image-preview:large, max-video-preview:-1\" \/>\n<link rel=\"canonical\" href=\"https:\/\/rallyekrumlov.cz\/en\/rck2022\/media\/\" \/>\n<meta property=\"og:locale\" content=\"en_US\" \/>\n<meta property=\"og:type\" content=\"article\" \/>\n<meta property=\"og:title\" content=\"Media\" \/>\n<meta property=\"og:description\" content=\"Media accreditation Applications for accreditation must only be submitted via email to akreditace@mediadelegat.cz. Uniform principles for the accreditation of journalists...\" \/>\n<meta property=\"og:url\" content=\"https:\/\/rallyekrumlov.cz\/en\/rck2022\/media\/\" \/>\n<meta property=\"og:site_name\" content=\"Rallye \u010cesk\u00fd Krumlov\" \/>\n<meta property=\"article:modified_time\" content=\"2022-05-16T07:08:53+00:00\" \/>\n<meta name=\"twitter:card\" content=\"summary_large_image\" \/>\n<meta name=\"twitter:label1\" content=\"Est. reading time\" \/>\n\t<meta name=\"twitter:data1\" content=\"1 minute\" \/>\n<script type=\"application\/ld+json\" class=\"yoast-schema-graph\">{\"@context\":\"https:\\\/\\\/schema.org\",\"@graph\":[{\"@type\":\"WebPage\",\"@id\":\"https:\\\/\\\/rallyekrumlov.cz\\\/en\\\/rck2022\\\/media\\\/\",\"url\":\"https:\\\/\\\/rallyekrumlov.cz\\\/en\\\/rck2022\\\/media\\\/\",\"name\":\"Media - Rallye \u010cesk\u00fd Krumlov\",\"isPartOf\":{\"@id\":\"https:\\\/\\\/rallyekrumlov.cz\\\/#website\"},\"datePublished\":\"2022-04-04T18:54:00+00:00\",\"dateModified\":\"2022-05-16T07:08:53+00:00\",\"breadcrumb\":{\"@id\":\"https:\\\/\\\/rallyekrumlov.cz\\\/en\\\/rck2022\\\/media\\\/#breadcrumb\"},\"inLanguage\":\"en-US\",\"potentialAction\":[{\"@type\":\"ReadAction\",\"target\":[\"https:\\\/\\\/rallyekrumlov.cz\\\/en\\\/rck2022\\\/media\\\/\"]}]},{\"@type\":\"BreadcrumbList\",\"@id\":\"https:\\\/\\\/rallyekrumlov.cz\\\/en\\\/rck2022\\\/media\\\/#breadcrumb\",\"itemListElement\":[{\"@type\":\"ListItem\",\"position\":1,\"name\":\"Home\",\"item\":\"https:\\\/\\\/rallyekrumlov.cz\\\/en\\\/\"},{\"@type\":\"ListItem\",\"position\":2,\"name\":\"49th Rallye \u010cesk\u00fd Krumlov 2022\",\"item\":\"https:\\\/\\\/rallyekrumlov.cz\\\/en\\\/rck2022\\\/\"},{\"@type\":\"ListItem\",\"position\":3,\"name\":\"Media\"}]},{\"@type\":\"WebSite\",\"@id\":\"https:\\\/\\\/rallyekrumlov.cz\\\/#website\",\"url\":\"https:\\\/\\\/rallyekrumlov.cz\\\/\",\"name\":\"Rallye \u010cesk\u00fd Krumlov\",\"description\":\"\",\"potentialAction\":[{\"@type\":\"SearchAction\",\"target\":{\"@type\":\"EntryPoint\",\"urlTemplate\":\"https:\\\/\\\/rallyekrumlov.cz\\\/?s={search_term_string}\"},\"query-input\":{\"@type\":\"PropertyValueSpecification\",\"valueRequired\":true,\"valueName\":\"search_term_string\"}}],\"inLanguage\":\"en-US\"}]}<\/script>\n<!-- \/ Yoast SEO Premium plugin. -->","yoast_head_json":{"title":"Media - Rallye \u010cesk\u00fd Krumlov","robots":{"index":"index","follow":"follow","max-snippet":"max-snippet:-1","max-image-preview":"max-image-preview:large","max-video-preview":"max-video-preview:-1"},"canonical":"https:\/\/rallyekrumlov.cz\/en\/rck2022\/media\/","og_locale":"en_US","og_type":"article","og_title":"Media","og_description":"Media accreditation Applications for accreditation must only be submitted via email to akreditace@mediadelegat.cz. Uniform principles for the accreditation of journalists...","og_url":"https:\/\/rallyekrumlov.cz\/en\/rck2022\/media\/","og_site_name":"Rallye \u010cesk\u00fd Krumlov","article_modified_time":"2022-05-16T07:08:53+00:00","twitter_card":"summary_large_image","twitter_misc":{"Est. reading time":"1 minute"},"schema":{"@context":"https:\/\/schema.org","@graph":[{"@type":"WebPage","@id":"https:\/\/rallyekrumlov.cz\/en\/rck2022\/media\/","url":"https:\/\/rallyekrumlov.cz\/en\/rck2022\/media\/","name":"Media - Rallye \u010cesk\u00fd Krumlov","isPartOf":{"@id":"https:\/\/rallyekrumlov.cz\/#website"},"datePublished":"2022-04-04T18:54:00+00:00","dateModified":"2022-05-16T07:08:53+00:00","breadcrumb":{"@id":"https:\/\/rallyekrumlov.cz\/en\/rck2022\/media\/#breadcrumb"},"inLanguage":"en-US","potentialAction":[{"@type":"ReadAction","target":["https:\/\/rallyekrumlov.cz\/en\/rck2022\/media\/"]}]},{"@type":"BreadcrumbList","@id":"https:\/\/rallyekrumlov.cz\/en\/rck2022\/media\/#breadcrumb","itemListElement":[{"@type":"ListItem","position":1,"name":"Home","item":"https:\/\/rallyekrumlov.cz\/en\/"},{"@type":"ListItem","position":2,"name":"49th Rallye \u010cesk\u00fd Krumlov 2022","item":"https:\/\/rallyekrumlov.cz\/en\/rck2022\/"},{"@type":"ListItem","position":3,"name":"Media"}]},{"@type":"WebSite","@id":"https:\/\/rallyekrumlov.cz\/#website","url":"https:\/\/rallyekrumlov.cz\/","name":"Rallye \u010cesk\u00fd Krumlov","description":"","potentialAction":[{"@type":"SearchAction","target":{"@type":"EntryPoint","urlTemplate":"https:\/\/rallyekrumlov.cz\/?s={search_term_string}"},"query-input":{"@type":"PropertyValueSpecification","valueRequired":true,"valueName":"search_term_string"}}],"inLanguage":"en-US"}]}},"_links":{"self":[{"href":"https:\/\/rallyekrumlov.cz\/en\/wp-json\/wp\/v2\/pages\/93090","targetHints":{"allow":["GET"]}}],"collection":[{"href":"https:\/\/rallyekrumlov.cz\/en\/wp-json\/wp\/v2\/pages"}],"about":[{"href":"https:\/\/rallyekrumlov.cz\/en\/wp-json\/wp\/v2\/types\/page"}],"author":[{"embeddable":true,"href":"https:\/\/rallyekrumlov.cz\/en\/wp-json\/wp\/v2\/users\/3"}],"replies":[{"embeddable":true,"href":"https:\/\/rallyekrumlov.cz\/en\/wp-json\/wp\/v2\/comments?post=93090"}],"version-history":[{"count":6,"href":"https:\/\/rallyekrumlov.cz\/en\/wp-json\/wp\/v2\/pages\/93090\/revisions"}],"predecessor-version":[{"id":114107,"href":"https:\/\/rallyekrumlov.cz\/en\/wp-json\/wp\/v2\/pages\/93090\/revisions\/114107"}],"up":[{"embeddable":true,"href":"https:\/\/rallyekrumlov.cz\/en\/wp-json\/wp\/v2\/pages\/93182"}],"wp:attachment":[{"href":"https:\/\/rallyekrumlov.cz\/en\/wp-json\/wp\/v2\/media?parent=93090"}],"curies":[{"name":"wp","href":"https:\/\/api.w.org\/{rel}","templated":true}]}}