{"id":93301,"date":"2022-04-15T12:08:43","date_gmt":"2022-04-15T10:08:43","guid":{"rendered":"https:\/\/rallyekrumlov.cz\/?page_id=93301"},"modified":"2026-02-09T13:12:16","modified_gmt":"2026-02-09T12:12:16","slug":"entry-form","status":"publish","type":"page","link":"https:\/\/rallyekrumlov.cz\/en\/revival-2026\/entry-form\/","title":{"rendered":"Entry form"},"content":{"rendered":"\n<h2 class=\"wp-block-heading\"><strong>3rd Rallye \u010cesk\u00fd Krumlov Revival | 27. &#8211; 28. 3. 2026<\/strong><\/h2>\n\n\n\n<div style=\"height:20px\" aria-hidden=\"true\" class=\"wp-block-spacer\"><\/div>\n\n\n\n<h4 class=\"wp-block-heading\"><strong>Entry fee for a crew include:<\/strong><\/h4>\n\n\n\n<ul class=\"wp-block-list\">\n<li>participation in rally<\/li>\n\n\n\n<li>third party liability insurance<\/li>\n\n\n\n<li>car and crew identification<\/li>\n\n\n\n<li>roadbook<\/li>\n\n\n\n<li>professional timekeeping and processing of results<\/li>\n\n\n\n<li>original rally merchandise<\/li>\n\n\n\n<li>commemorative plaques<\/li>\n\n\n\n<li>cups for winners<\/li>\n\n\n\n<li>snack during the administrative checks<\/li>\n\n\n\n<li>dinner during the leg 1<\/li>\n\n\n\n<li>lunch during the leg 2<\/li>\n\n\n\n<li>dinner after the rally finish<\/li>\n<\/ul>\n\n\n\n<h4 class=\"wp-block-heading\"><strong>Entry fee and licences<\/strong><\/h4>\n\n\n\n<p class=\"has-text-align-left\"><strong>Entry fee for a crew:<\/strong> 420 EUR<br><strong>Daily licence for 1 crew member:<\/strong> 12 EUR<\/p>\n\n\n\n<p class=\"has-text-align-left\">Entry fee payment is a condition for inclusion of crew to list of entries.<\/p>\n\n\n\n<p class=\"has-text-align-left\">Prices are not subject to VAT.<\/p>\n\n\n\n<div class=\"wp-block-contact-form-7-contact-form-selector\">\n<div class=\"wpcf7 no-js\" id=\"wpcf7-f34555-o1\" lang=\"cs-CZ\" dir=\"ltr\" data-wpcf7-id=\"34555\">\n<div class=\"screen-reader-response\"><p role=\"status\" aria-live=\"polite\" aria-atomic=\"true\"> <ul><\/ul><\/div>\n<form action=\"\/en\/wp-json\/wp\/v2\/pages\/93301#wpcf7-f34555-o1\" method=\"post\" class=\"wpcf7-form init\" aria-label=\"Kontaktn\u00ed formul\u00e1\u0159\" novalidate=\"novalidate\" data-status=\"init\">\n<fieldset class=\"hidden-fields-container\"><input type=\"hidden\" name=\"_wpcf7\" value=\"34555\" \/><input type=\"hidden\" name=\"_wpcf7_version\" value=\"6.1.5\" \/><input type=\"hidden\" name=\"_wpcf7_locale\" value=\"cs_CZ\" \/><input type=\"hidden\" name=\"_wpcf7_unit_tag\" value=\"wpcf7-f34555-o1\" \/><input type=\"hidden\" name=\"_wpcf7_container_post\" value=\"0\" \/><input type=\"hidden\" name=\"_wpcf7_posted_data_hash\" value=\"\" \/>\n<\/fieldset>\n<div class=\"form-part\">\n\t<h3>Competitor\n\t<\/h3>\n\t<div class=\"row\">\n\t\t<div class=\"col-sm-4\">\n\t\t\t<p>Name of the team\n\t\t\t<\/p>\n\t\t<\/div>\n\t\t<div class=\"col-sm-8\">\n\t\t\t<p><span class=\"wpcf7-form-control-wrap\" data-name=\"tym\"><input size=\"40\" maxlength=\"400\" class=\"wpcf7-form-control wpcf7-text\" aria-invalid=\"false\" value=\"\" type=\"text\" name=\"tym\" \/><\/span>\n\t\t\t<\/p>\n\t\t<\/div>\n\t<\/div>\n<\/div>\n<div class=\"form-part\">\n\t<h3>Vehicle\n\t<\/h3>\n\t<div class=\"row\">\n\t\t<div class=\"col-sm-4\">\n\t\t\t<p>Manufacturer\n\t\t\t<\/p>\n\t\t<\/div>\n\t\t<div class=\"col-sm-8\">\n\t\t\t<p><span class=\"wpcf7-form-control-wrap\" data-name=\"vozidlo-znacka\"><input size=\"40\" maxlength=\"400\" class=\"wpcf7-form-control wpcf7-text\" aria-invalid=\"false\" value=\"\" type=\"text\" name=\"vozidlo-znacka\" \/><\/span>\n\t\t\t<\/p>\n\t\t<\/div>\n\t<\/div>\n\t<div class=\"row\">\n\t\t<div class=\"col-sm-4\">\n\t\t\t<p>Model\n\t\t\t<\/p>\n\t\t<\/div>\n\t\t<div class=\"col-sm-8\">\n\t\t\t<p><span class=\"wpcf7-form-control-wrap\" data-name=\"vozidlo-typ\"><input size=\"40\" maxlength=\"400\" class=\"wpcf7-form-control wpcf7-text\" aria-invalid=\"false\" value=\"\" type=\"text\" name=\"vozidlo-typ\" \/><\/span>\n\t\t\t<\/p>\n\t\t<\/div>\n\t<\/div>\n\t<div class=\"row\">\n\t\t<div class=\"col-sm-4\">\n\t\t\t<p>Year of manufacture\n\t\t\t<\/p>\n\t\t<\/div>\n\t\t<div class=\"col-sm-8\">\n\t\t\t<p><span class=\"wpcf7-form-control-wrap\" data-name=\"vozidlo-vyrobeno\"><input size=\"40\" maxlength=\"400\" class=\"wpcf7-form-control wpcf7-text\" aria-invalid=\"false\" value=\"\" type=\"text\" name=\"vozidlo-vyrobeno\" \/><\/span>\n\t\t\t<\/p>\n\t\t<\/div>\n\t<\/div>\n\t<div class=\"row\">\n\t\t<div class=\"col-sm-4\">\n\t\t\t<p>Registration plate\n\t\t\t<\/p>\n\t\t<\/div>\n\t\t<div class=\"col-sm-8\">\n\t\t\t<p><span class=\"wpcf7-form-control-wrap\" data-name=\"vozidlo-rz\"><input size=\"40\" maxlength=\"400\" class=\"wpcf7-form-control wpcf7-text\" aria-invalid=\"false\" value=\"\" type=\"text\" name=\"vozidlo-rz\" \/><\/span>\n\t\t\t<\/p>\n\t\t<\/div>\n\t<\/div>\n\t<div class=\"row\">\n\t\t<div class=\"col-sm-4\">\n\t\t\t<p>Country of registration\n\t\t\t<\/p>\n\t\t<\/div>\n\t\t<div class=\"col-sm-8\">\n\t\t\t<p><span class=\"wpcf7-form-control-wrap\" data-name=\"vozidlo-registrace\"><input size=\"40\" maxlength=\"400\" class=\"wpcf7-form-control wpcf7-text\" aria-invalid=\"false\" value=\"\" type=\"text\" name=\"vozidlo-registrace\" \/><\/span>\n\t\t\t<\/p>\n\t\t<\/div>\n\t<\/div>\n\t<div class=\"row\">\n\t\t<div class=\"col-sm-4\">\n\t\t\t<p>Chassis number (VIN)\n\t\t\t<\/p>\n\t\t<\/div>\n\t\t<div class=\"col-sm-8\">\n\t\t\t<p><span class=\"wpcf7-form-control-wrap\" data-name=\"vozidlo-vin\"><input size=\"40\" maxlength=\"400\" class=\"wpcf7-form-control wpcf7-text\" aria-invalid=\"false\" value=\"\" type=\"text\" name=\"vozidlo-vin\" \/><\/span>\n\t\t\t<\/p>\n\t\t<\/div>\n\t<\/div>\n\t<div class=\"row\">\n\t\t<div class=\"col-sm-4\">\n\t\t\t<p>Certificate of origin\n\t\t\t<\/p>\n\t\t<\/div>\n\t\t<div class=\"col-sm-8\">\n\t\t\t<p><span class=\"wpcf7-form-control-wrap\" data-name=\"vozidlo-doklad\"><select class=\"wpcf7-form-control wpcf7-select\" aria-invalid=\"false\" name=\"vozidlo-doklad\"><option value=\"--\">--<\/option><option value=\"FIA Historic Technical Passport\">FIA Historic Technical Passport<\/option><option value=\"FIA Historic Regularity Car Pass\">FIA Historic Regularity Car Pass<\/option><option value=\"FIVA ID Card\">FIVA ID Card<\/option><option value=\"ASN Identity card\">ASN Identity card<\/option><option value=\"Vehicle registration certificate\">Vehicle registration certificate<\/option><\/select><\/span>\n\t\t\t<\/p>\n\t\t<\/div>\n\t<\/div>\n<\/div>\n<div class=\"form-part\">\n\t<h3>Driver\n\t<\/h3>\n\t<div class=\"row\">\n\t\t<div class=\"col-sm-4\">\n\t\t\t<p>Family name\n\t\t\t<\/p>\n\t\t<\/div>\n\t\t<div class=\"col-sm-8\">\n\t\t\t<p><span class=\"wpcf7-form-control-wrap\" data-name=\"jezdec-prijmeni\"><input size=\"40\" maxlength=\"400\" class=\"wpcf7-form-control wpcf7-text\" aria-invalid=\"false\" value=\"\" type=\"text\" name=\"jezdec-prijmeni\" \/><\/span>\n\t\t\t<\/p>\n\t\t<\/div>\n\t<\/div>\n\t<div class=\"row\">\n\t\t<div class=\"col-sm-4\">\n\t\t\t<p>Given name\n\t\t\t<\/p>\n\t\t<\/div>\n\t\t<div class=\"col-sm-8\">\n\t\t\t<p><span class=\"wpcf7-form-control-wrap\" data-name=\"jezdec-jmeno\"><input size=\"40\" maxlength=\"400\" class=\"wpcf7-form-control wpcf7-text\" aria-invalid=\"false\" value=\"\" type=\"text\" name=\"jezdec-jmeno\" \/><\/span>\n\t\t\t<\/p>\n\t\t<\/div>\n\t<\/div>\n\t<div class=\"row\">\n\t\t<div class=\"col-sm-4\">\n\t\t\t<p>Nationality\n\t\t\t<\/p>\n\t\t<\/div>\n\t\t<div class=\"col-sm-8\">\n\t\t\t<p><span class=\"wpcf7-form-control-wrap\" data-name=\"jezdec-narodnost\"><input size=\"40\" maxlength=\"400\" class=\"wpcf7-form-control wpcf7-text\" aria-invalid=\"false\" value=\"\" type=\"text\" name=\"jezdec-narodnost\" \/><\/span>\n\t\t\t<\/p>\n\t\t<\/div>\n\t<\/div>\n\t<div class=\"row\">\n\t\t<div class=\"col-sm-4\">\n\t\t\t<p>Date of birth\n\t\t\t<\/p>\n\t\t<\/div>\n\t\t<div class=\"col-sm-8\">\n\t\t\t<p><span class=\"wpcf7-form-control-wrap\" data-name=\"jezdec-datum-narozeni\"><input size=\"40\" maxlength=\"400\" class=\"wpcf7-form-control wpcf7-text\" aria-invalid=\"false\" value=\"\" type=\"text\" name=\"jezdec-datum-narozeni\" \/><\/span>\n\t\t\t<\/p>\n\t\t<\/div>\n\t<\/div>\n\t<div class=\"row\">\n\t\t<div class=\"col-sm-4\">\n\t\t\t<p>Shirt size\n\t\t\t<\/p>\n\t\t<\/div>\n\t\t<div class=\"col-sm-8\">\n\t\t\t<p><span class=\"wpcf7-form-control-wrap\" data-name=\"jezdec-tricko\"><select class=\"wpcf7-form-control wpcf7-select\" aria-invalid=\"false\" name=\"jezdec-tricko\"><option value=\"--\">--<\/option><option value=\"XS\">XS<\/option><option value=\"S\">S<\/option><option value=\"M\">M<\/option><option value=\"L\">L<\/option><option value=\"XL\">XL<\/option><option value=\"2XL\">2XL<\/option><option value=\"3XL\">3XL<\/option><\/select><\/span>\n\t\t\t<\/p>\n\t\t<\/div>\n\t<\/div>\n\t<div class=\"row\">\n\t\t<div class=\"col-sm-4\">\n\t\t\t<p>Mobile phone number\n\t\t\t<\/p>\n\t\t<\/div>\n\t\t<div class=\"col-sm-8\">\n\t\t\t<p><span class=\"wpcf7-form-control-wrap\" data-name=\"jezdec-telefon\"><input size=\"40\" maxlength=\"400\" class=\"wpcf7-form-control wpcf7-text\" aria-invalid=\"false\" value=\"\" type=\"text\" name=\"jezdec-telefon\" \/><\/span>\n\t\t\t<\/p>\n\t\t<\/div>\n\t<\/div>\n\t<div class=\"row\">\n\t\t<div class=\"col-sm-4\">\n\t\t\t<p>Email\n\t\t\t<\/p>\n\t\t<\/div>\n\t\t<div class=\"col-sm-8\">\n\t\t\t<p><span class=\"wpcf7-form-control-wrap\" data-name=\"jezdec-email\"><input size=\"40\" maxlength=\"400\" class=\"wpcf7-form-control wpcf7-text\" aria-invalid=\"false\" value=\"\" type=\"text\" name=\"jezdec-email\" \/><\/span>\n\t\t\t<\/p>\n\t\t<\/div>\n\t<\/div>\n\t<div class=\"row\">\n\t\t<div class=\"col-sm-4\">\n\t\t\t<p>Competition licence owner\n\t\t\t<\/p>\n\t\t<\/div>\n\t\t<div class=\"col-sm-8\">\n\t\t\t<p><span class=\"wpcf7-form-control-wrap\" data-name=\"jezdec-licence\"><select class=\"wpcf7-form-control wpcf7-select\" aria-invalid=\"false\" name=\"jezdec-licence\"><option value=\"--\">--<\/option><option value=\"YES\">YES<\/option><option value=\"NO\">NO<\/option><\/select><\/span>\n\t\t\t<\/p>\n\t\t<\/div>\n\t<\/div>\n\t<div class=\"row\">\n\t\t<div class=\"col-sm-4\">\n\t\t\t<p>Competition licence number\n\t\t\t<\/p>\n\t\t<\/div>\n\t\t<div class=\"col-sm-8\">\n\t\t\t<p><span class=\"wpcf7-form-control-wrap\" data-name=\"jezdec-licence-cislo\"><input size=\"40\" maxlength=\"400\" class=\"wpcf7-form-control wpcf7-text\" aria-invalid=\"false\" value=\"\" type=\"text\" name=\"jezdec-licence-cislo\" \/><\/span>\n\t\t\t<\/p>\n\t\t<\/div>\n\t<\/div>\n<\/div>\n<div class=\"form-part\">\n\t<h3>Co-driver\n\t<\/h3>\n\t<div class=\"row\">\n\t\t<div class=\"col-sm-4\">\n\t\t\t<p>Family name\n\t\t\t<\/p>\n\t\t<\/div>\n\t\t<div class=\"col-sm-8\">\n\t\t\t<p><span class=\"wpcf7-form-control-wrap\" data-name=\"spolujezdec-prijmeni\"><input size=\"40\" maxlength=\"400\" class=\"wpcf7-form-control wpcf7-text\" aria-invalid=\"false\" value=\"\" type=\"text\" name=\"spolujezdec-prijmeni\" \/><\/span>\n\t\t\t<\/p>\n\t\t<\/div>\n\t<\/div>\n\t<div class=\"row\">\n\t\t<div class=\"col-sm-4\">\n\t\t\t<p>Given name\n\t\t\t<\/p>\n\t\t<\/div>\n\t\t<div class=\"col-sm-8\">\n\t\t\t<p><span class=\"wpcf7-form-control-wrap\" data-name=\"spolujezdec-jmeno\"><input size=\"40\" maxlength=\"400\" class=\"wpcf7-form-control wpcf7-text\" aria-invalid=\"false\" value=\"\" type=\"text\" name=\"spolujezdec-jmeno\" \/><\/span>\n\t\t\t<\/p>\n\t\t<\/div>\n\t<\/div>\n\t<div class=\"row\">\n\t\t<div class=\"col-sm-4\">\n\t\t\t<p>Nationality\n\t\t\t<\/p>\n\t\t<\/div>\n\t\t<div class=\"col-sm-8\">\n\t\t\t<p><span class=\"wpcf7-form-control-wrap\" data-name=\"spolujezdec-narodnost\"><input size=\"40\" maxlength=\"400\" class=\"wpcf7-form-control wpcf7-text\" aria-invalid=\"false\" value=\"\" type=\"text\" name=\"spolujezdec-narodnost\" \/><\/span>\n\t\t\t<\/p>\n\t\t<\/div>\n\t<\/div>\n\t<div class=\"row\">\n\t\t<div class=\"col-sm-4\">\n\t\t\t<p>Date of birth\n\t\t\t<\/p>\n\t\t<\/div>\n\t\t<div class=\"col-sm-8\">\n\t\t\t<p><span class=\"wpcf7-form-control-wrap\" data-name=\"spolujezdec-datum-narozeni\"><input size=\"40\" maxlength=\"400\" class=\"wpcf7-form-control wpcf7-text\" aria-invalid=\"false\" value=\"\" type=\"text\" name=\"spolujezdec-datum-narozeni\" \/><\/span>\n\t\t\t<\/p>\n\t\t<\/div>\n\t<\/div>\n\t<div class=\"row\">\n\t\t<div class=\"col-sm-4\">\n\t\t\t<p>Shirt size\n\t\t\t<\/p>\n\t\t<\/div>\n\t\t<div class=\"col-sm-8\">\n\t\t\t<p><span class=\"wpcf7-form-control-wrap\" data-name=\"spolujezdec-tricko\"><select class=\"wpcf7-form-control wpcf7-select\" aria-invalid=\"false\" name=\"spolujezdec-tricko\"><option value=\"--\">--<\/option><option value=\"XS\">XS<\/option><option value=\"S\">S<\/option><option value=\"M\">M<\/option><option value=\"L\">L<\/option><option value=\"XL\">XL<\/option><option value=\"2XL\">2XL<\/option><option value=\"3XL\">3XL<\/option><\/select><\/span>\n\t\t\t<\/p>\n\t\t<\/div>\n\t<\/div>\n\t<div class=\"row\">\n\t\t<div class=\"col-sm-4\">\n\t\t\t<p>Mobile phone number\n\t\t\t<\/p>\n\t\t<\/div>\n\t\t<div class=\"col-sm-8\">\n\t\t\t<p><span class=\"wpcf7-form-control-wrap\" data-name=\"spolujezdec-telefon\"><input size=\"40\" maxlength=\"400\" class=\"wpcf7-form-control wpcf7-text\" aria-invalid=\"false\" value=\"\" type=\"text\" name=\"spolujezdec-telefon\" \/><\/span>\n\t\t\t<\/p>\n\t\t<\/div>\n\t<\/div>\n\t<div class=\"row\">\n\t\t<div class=\"col-sm-4\">\n\t\t\t<p>Email\n\t\t\t<\/p>\n\t\t<\/div>\n\t\t<div class=\"col-sm-8\">\n\t\t\t<p><span class=\"wpcf7-form-control-wrap\" data-name=\"spolujezdec-email\"><input size=\"40\" maxlength=\"400\" class=\"wpcf7-form-control wpcf7-text\" aria-invalid=\"false\" value=\"\" type=\"text\" name=\"spolujezdec-email\" \/><\/span>\n\t\t\t<\/p>\n\t\t<\/div>\n\t<\/div>\n\t<div class=\"row\">\n\t\t<div class=\"col-sm-4\">\n\t\t\t<p>Competition licence owner\n\t\t\t<\/p>\n\t\t<\/div>\n\t\t<div class=\"col-sm-8\">\n\t\t\t<p><span class=\"wpcf7-form-control-wrap\" data-name=\"spolujezdec-licence\"><select class=\"wpcf7-form-control wpcf7-select\" aria-invalid=\"false\" name=\"spolujezdec-licence\"><option value=\"--\">--<\/option><option value=\"YES\">YES<\/option><option value=\"NO\">NO<\/option><\/select><\/span>\n\t\t\t<\/p>\n\t\t<\/div>\n\t<\/div>\n\t<div class=\"row\">\n\t\t<div class=\"col-sm-4\">\n\t\t\t<p>Competition licence number\n\t\t\t<\/p>\n\t\t<\/div>\n\t\t<div class=\"col-sm-8\">\n\t\t\t<p><span class=\"wpcf7-form-control-wrap\" data-name=\"spolujezdec-licence-cislo\"><input size=\"40\" maxlength=\"400\" class=\"wpcf7-form-control wpcf7-text\" aria-invalid=\"false\" value=\"\" type=\"text\" name=\"spolujezdec-licence-cislo\" \/><\/span>\n\t\t\t<\/p>\n\t\t<\/div>\n\t<\/div>\n<\/div>\n<div class=\"form-part\">\n\t<h3>Accommodation order\n\t<\/h3>\n\t<div style=\"margin-top: 10px; margin-bottom: 10px;\">\n\t\t<p><b>Partner accommodation:<\/b>\n\t\t<\/p>\n\t<\/div>\n\t<div style=\"margin-top: 10px; margin-bottom: 10px;\">\n\t\t<p><a href=\"https:\/\/hotelzlatyandel.cz\/en\/\" target=\"_blank\" rel=\"noopener\">Hotel Zlat\u00fd and\u011bl<\/a> - 125 EUR \/ double room with breakfast \/ 1 night\n\t\t<\/p>\n\t<\/div>\n\t<div style=\"margin-top: 10px; margin-bottom: 10px;\">\n\t\t<p><a href=\"https:\/\/www.vitekhotel.cz\/en\/\" target=\"_blank\" rel=\"noopener\">Hotel U Mal\u00e9ho V\u00edtka<\/a> - 100 EUR \/ double room with breakfast \/ 1 night\n\t\t<\/p>\n\t<\/div>\n\t<div style=\"margin-top: 10px; margin-bottom: 10px;\">\n\t\t<p><a href=\"https:\/\/www.krumlovhotels.cz\/u-hada_e.php\" target=\"_blank\" rel=\"noopener\">Penzion U Hada<\/a> - 80 EUR \/ according to room type with breakfast \/ 1 night\n\t\t<\/p>\n\t<\/div>\n\t<div style=\"margin-top: 10px; margin-bottom: 10px;\">\n\t\t<p><a href=\"https:\/\/www.apartmany-babylon.cz\/\" target=\"_blank\" rel=\"noopener\">Apartm\u00e1ny Babylon<\/a> - from 125 EUR \/ according to room type with breakfast \/ 1 night\n\t\t<\/p>\n\t<\/div>\n\t<div class=\"row\">\n\t\t<div class=\"col-sm-4\">\n\t\t\t<p>Accomodation\n\t\t\t<\/p>\n\t\t<\/div>\n\t\t<div class=\"col-sm-8\">\n\t\t\t<p><span class=\"wpcf7-form-control-wrap\" data-name=\"ubytovani-typ\"><select class=\"wpcf7-form-control wpcf7-select\" aria-invalid=\"false\" name=\"ubytovani-typ\"><option value=\"--\">--<\/option><option value=\"Hotel Zlat\u00fd and\u011bl\">Hotel Zlat\u00fd and\u011bl<\/option><option value=\"Hotel U Mal\u00e9ho V\u00edtka\">Hotel U Mal\u00e9ho V\u00edtka<\/option><option value=\"Penzion U Hada\">Penzion U Hada<\/option><option value=\"Apartm\u00e1ny Babylon\">Apartm\u00e1ny Babylon<\/option><\/select><\/span>\n\t\t\t<\/p>\n\t\t<\/div>\n\t<\/div>\n\t<div class=\"row\">\n\t\t<div class=\"col-sm-4\">\n\t\t\t<p>Date (from-to)\n\t\t\t<\/p>\n\t\t<\/div>\n\t\t<div class=\"col-sm-8\">\n\t\t\t<p><span class=\"wpcf7-form-control-wrap\" data-name=\"ubytovani-termin\"><input size=\"40\" maxlength=\"400\" class=\"wpcf7-form-control wpcf7-text\" aria-invalid=\"false\" value=\"\" type=\"text\" name=\"ubytovani-termin\" \/><\/span>\n\t\t\t<\/p>\n\t\t<\/div>\n\t<\/div>\n\t<div class=\"row\">\n\t\t<div class=\"col-sm-4\">\n\t\t\t<p>Note\n\t\t\t<\/p>\n\t\t<\/div>\n\t\t<div class=\"col-sm-8\">\n\t\t\t<p><span class=\"wpcf7-form-control-wrap\" data-name=\"ubytovani-poznamka\"><input size=\"40\" maxlength=\"400\" class=\"wpcf7-form-control wpcf7-text\" aria-invalid=\"false\" value=\"\" type=\"text\" name=\"ubytovani-poznamka\" \/><\/span>\n\t\t\t<\/p>\n\t\t<\/div>\n\t<\/div>\n\t<div style=\"margin-top: 20px; margin-bottom: 10px;\">\n\t\t<p>In case of accommodation order following personal details will be forwarded: name and surname of both crew members, driver's email address and driver's mobile phone number.\n\t\t<\/p>\n\t<\/div>\n<\/div>\n<p><input class=\"wpcf7-form-control wpcf7-submit has-spinner\" type=\"submit\" value=\"Submit\" \/>\n<\/p><div class=\"wpcf7-response-output\" aria-hidden=\"true\"><\/div>\n<\/form>\n<\/div>\n<\/div>\n\n\n\n<p><strong>Closing date for entries:<\/strong> March 16, 2026, 23:59<\/p>\n\n\n\n<p>By submitting your entry form you agree that photos and videos of your crew and vehicle taken during the event may be published.<\/p>\n\n\n\n<h4 class=\"wp-block-heading\" id=\"h-payment\"><strong>Payment<\/strong><\/h4>\n\n\n\n<p>IBAN: <strong>CZ72 2700 0000 0013 8771 0860<\/strong> (only EUR payments)<br>SWIFT: <strong>BACXCZPP<\/strong><br>Note: Driver&#8217;s name<br>Name of bank: UniCredit Bank \u010cesk\u00e9 Bud\u011bjovice<br>Account holder: \u010cK motorsport s. r. o.<\/p>\n\n\n\n<p>Charges must be sent to promoters account at the latest March 17, 2026.<\/p>\n","protected":false},"excerpt":{"rendered":"<p>3rd Rallye \u010cesk\u00fd Krumlov Revival | 27. &#8211; 28. 3. 2026 Entry fee for a crew include: Entry fee and&#8230;<\/p>\n","protected":false},"author":2,"featured_media":0,"parent":156542,"menu_order":199,"comment_status":"closed","ping_status":"closed","template":"","meta":{"_acf_changed":false,"footnotes":""},"class_list":["post-93301","page","type-page","status-publish","hentry"],"acf":[],"yoast_head":"<!-- This site is optimized with the Yoast SEO Premium plugin v18.3 (Yoast SEO v27.3) - https:\/\/yoast.com\/product\/yoast-seo-premium-wordpress\/ -->\n<title>Entry form - Rallye \u010cesk\u00fd Krumlov<\/title>\n<meta name=\"robots\" content=\"index, follow, max-snippet:-1, max-image-preview:large, max-video-preview:-1\" \/>\n<link rel=\"canonical\" href=\"https:\/\/rallyekrumlov.cz\/en\/revival-2026\/entry-form\/\" \/>\n<meta property=\"og:locale\" content=\"en_US\" \/>\n<meta property=\"og:type\" content=\"article\" \/>\n<meta property=\"og:title\" content=\"Entry form\" \/>\n<meta property=\"og:description\" content=\"3rd Rallye \u010cesk\u00fd Krumlov Revival | 27. &#8211; 28. 3. 2026 Entry fee for a crew include: Entry fee and...\" \/>\n<meta property=\"og:url\" content=\"https:\/\/rallyekrumlov.cz\/en\/revival-2026\/entry-form\/\" \/>\n<meta property=\"og:site_name\" content=\"Rallye \u010cesk\u00fd Krumlov\" \/>\n<meta property=\"article:modified_time\" content=\"2026-02-09T12:12:16+00:00\" \/>\n<meta name=\"twitter:card\" content=\"summary_large_image\" \/>\n<meta name=\"twitter:label1\" content=\"Est. reading time\" \/>\n\t<meta name=\"twitter:data1\" content=\"1 minute\" \/>\n<script type=\"application\/ld+json\" class=\"yoast-schema-graph\">{\"@context\":\"https:\\\/\\\/schema.org\",\"@graph\":[{\"@type\":\"WebPage\",\"@id\":\"https:\\\/\\\/rallyekrumlov.cz\\\/en\\\/revival-2026\\\/entry-form\\\/\",\"url\":\"https:\\\/\\\/rallyekrumlov.cz\\\/en\\\/revival-2026\\\/entry-form\\\/\",\"name\":\"Entry form - Rallye \u010cesk\u00fd Krumlov\",\"isPartOf\":{\"@id\":\"https:\\\/\\\/rallyekrumlov.cz\\\/#website\"},\"datePublished\":\"2022-04-15T10:08:43+00:00\",\"dateModified\":\"2026-02-09T12:12:16+00:00\",\"breadcrumb\":{\"@id\":\"https:\\\/\\\/rallyekrumlov.cz\\\/en\\\/revival-2026\\\/entry-form\\\/#breadcrumb\"},\"inLanguage\":\"en-US\",\"potentialAction\":[{\"@type\":\"ReadAction\",\"target\":[\"https:\\\/\\\/rallyekrumlov.cz\\\/en\\\/revival-2026\\\/entry-form\\\/\"]}]},{\"@type\":\"BreadcrumbList\",\"@id\":\"https:\\\/\\\/rallyekrumlov.cz\\\/en\\\/revival-2026\\\/entry-form\\\/#breadcrumb\",\"itemListElement\":[{\"@type\":\"ListItem\",\"position\":1,\"name\":\"Home\",\"item\":\"https:\\\/\\\/rallyekrumlov.cz\\\/en\\\/\"},{\"@type\":\"ListItem\",\"position\":2,\"name\":\"3rd Rallye \u010cesk\u00fd Krumlov Revival 2026\",\"item\":\"https:\\\/\\\/rallyekrumlov.cz\\\/en\\\/revival-2026\\\/\"},{\"@type\":\"ListItem\",\"position\":3,\"name\":\"Entry form\"}]},{\"@type\":\"WebSite\",\"@id\":\"https:\\\/\\\/rallyekrumlov.cz\\\/#website\",\"url\":\"https:\\\/\\\/rallyekrumlov.cz\\\/\",\"name\":\"Rallye \u010cesk\u00fd Krumlov\",\"description\":\"\",\"potentialAction\":[{\"@type\":\"SearchAction\",\"target\":{\"@type\":\"EntryPoint\",\"urlTemplate\":\"https:\\\/\\\/rallyekrumlov.cz\\\/?s={search_term_string}\"},\"query-input\":{\"@type\":\"PropertyValueSpecification\",\"valueRequired\":true,\"valueName\":\"search_term_string\"}}],\"inLanguage\":\"en-US\"}]}<\/script>\n<!-- \/ Yoast SEO Premium plugin. -->","yoast_head_json":{"title":"Entry form - Rallye \u010cesk\u00fd Krumlov","robots":{"index":"index","follow":"follow","max-snippet":"max-snippet:-1","max-image-preview":"max-image-preview:large","max-video-preview":"max-video-preview:-1"},"canonical":"https:\/\/rallyekrumlov.cz\/en\/revival-2026\/entry-form\/","og_locale":"en_US","og_type":"article","og_title":"Entry form","og_description":"3rd Rallye \u010cesk\u00fd Krumlov Revival | 27. &#8211; 28. 3. 2026 Entry fee for a crew include: Entry fee and...","og_url":"https:\/\/rallyekrumlov.cz\/en\/revival-2026\/entry-form\/","og_site_name":"Rallye \u010cesk\u00fd Krumlov","article_modified_time":"2026-02-09T12:12:16+00:00","twitter_card":"summary_large_image","twitter_misc":{"Est. reading time":"1 minute"},"schema":{"@context":"https:\/\/schema.org","@graph":[{"@type":"WebPage","@id":"https:\/\/rallyekrumlov.cz\/en\/revival-2026\/entry-form\/","url":"https:\/\/rallyekrumlov.cz\/en\/revival-2026\/entry-form\/","name":"Entry form - Rallye \u010cesk\u00fd Krumlov","isPartOf":{"@id":"https:\/\/rallyekrumlov.cz\/#website"},"datePublished":"2022-04-15T10:08:43+00:00","dateModified":"2026-02-09T12:12:16+00:00","breadcrumb":{"@id":"https:\/\/rallyekrumlov.cz\/en\/revival-2026\/entry-form\/#breadcrumb"},"inLanguage":"en-US","potentialAction":[{"@type":"ReadAction","target":["https:\/\/rallyekrumlov.cz\/en\/revival-2026\/entry-form\/"]}]},{"@type":"BreadcrumbList","@id":"https:\/\/rallyekrumlov.cz\/en\/revival-2026\/entry-form\/#breadcrumb","itemListElement":[{"@type":"ListItem","position":1,"name":"Home","item":"https:\/\/rallyekrumlov.cz\/en\/"},{"@type":"ListItem","position":2,"name":"3rd Rallye \u010cesk\u00fd Krumlov Revival 2026","item":"https:\/\/rallyekrumlov.cz\/en\/revival-2026\/"},{"@type":"ListItem","position":3,"name":"Entry form"}]},{"@type":"WebSite","@id":"https:\/\/rallyekrumlov.cz\/#website","url":"https:\/\/rallyekrumlov.cz\/","name":"Rallye \u010cesk\u00fd Krumlov","description":"","potentialAction":[{"@type":"SearchAction","target":{"@type":"EntryPoint","urlTemplate":"https:\/\/rallyekrumlov.cz\/?s={search_term_string}"},"query-input":{"@type":"PropertyValueSpecification","valueRequired":true,"valueName":"search_term_string"}}],"inLanguage":"en-US"}]}},"_links":{"self":[{"href":"https:\/\/rallyekrumlov.cz\/en\/wp-json\/wp\/v2\/pages\/93301","targetHints":{"allow":["GET"]}}],"collection":[{"href":"https:\/\/rallyekrumlov.cz\/en\/wp-json\/wp\/v2\/pages"}],"about":[{"href":"https:\/\/rallyekrumlov.cz\/en\/wp-json\/wp\/v2\/types\/page"}],"author":[{"embeddable":true,"href":"https:\/\/rallyekrumlov.cz\/en\/wp-json\/wp\/v2\/users\/2"}],"replies":[{"embeddable":true,"href":"https:\/\/rallyekrumlov.cz\/en\/wp-json\/wp\/v2\/comments?post=93301"}],"version-history":[{"count":8,"href":"https:\/\/rallyekrumlov.cz\/en\/wp-json\/wp\/v2\/pages\/93301\/revisions"}],"predecessor-version":[{"id":156561,"href":"https:\/\/rallyekrumlov.cz\/en\/wp-json\/wp\/v2\/pages\/93301\/revisions\/156561"}],"up":[{"embeddable":true,"href":"https:\/\/rallyekrumlov.cz\/en\/wp-json\/wp\/v2\/pages\/156542"}],"wp:attachment":[{"href":"https:\/\/rallyekrumlov.cz\/en\/wp-json\/wp\/v2\/media?parent=93301"}],"curies":[{"name":"wp","href":"https:\/\/api.w.org\/{rel}","templated":true}]}}